{"id":91,"date":"2022-11-30T06:01:24","date_gmt":"2022-11-30T05:01:24","guid":{"rendered":"http:\/\/lesmrdtrucs.mataf35400.fr\/?page_id=91"},"modified":"2026-01-09T18:38:06","modified_gmt":"2026-01-09T17:38:06","slug":"mes-bandes-dessinees","status":"publish","type":"page","link":"https:\/\/lesmrdtrucs.mataf35400.fr\/index.php\/mes-bandes-dessinees\/","title":{"rendered":"Mes bandes dessin\u00e9es"},"content":{"rendered":"\t\t<div data-elementor-type=\"wp-page\" data-elementor-id=\"91\" class=\"elementor elementor-91\">\n\t\t\t\t\t\t<section class=\"elementor-section elementor-top-section elementor-element elementor-element-52a9cd1f elementor-section-boxed elementor-section-height-default elementor-section-height-default\" data-id=\"52a9cd1f\" data-element_type=\"section\">\n\t\t\t\t\t\t<div class=\"elementor-container elementor-column-gap-default\">\n\t\t\t\t\t<div class=\"elementor-column elementor-col-100 elementor-top-column elementor-element elementor-element-72d58b92\" data-id=\"72d58b92\" data-element_type=\"column\">\n\t\t\t<div class=\"elementor-widget-wrap elementor-element-populated\">\n\t\t\t\t\t\t<div class=\"elementor-element elementor-element-152ec8f6 elementor-widget elementor-widget-heading\" data-id=\"152ec8f6\" data-element_type=\"widget\" data-widget_type=\"heading.default\">\n\t\t\t\t<div class=\"elementor-widget-container\">\n\t\t\t<h3 class=\"elementor-heading-title elementor-size-default\">Voici l'\u00e9tat de ma biblioth\u00e8que...<\/h3>\t\t<\/div>\n\t\t\t\t<\/div>\n\t\t\t\t<div class=\"elementor-element elementor-element-5f8d95b elementor-widget elementor-widget-text-editor\" data-id=\"5f8d95b\" data-element_type=\"widget\" data-widget_type=\"text-editor.default\">\n\t\t\t\t<div class=\"elementor-widget-container\">\n\t\t\t\t\t\t\t<p>Chaque s\u00e9rie arbore l&rsquo;une des trois couleurs suivantes:<br \/>\u00a0\u00a0\u00a0 Noir: J&rsquo;ai d\u00e9j\u00e0 ces albums<br \/>\u00a0\u00a0\u00a0<span style=\"color: #999999;\"> Gris: Je n&rsquo;ai pas ces albums, mais cela n&rsquo;a aucune importance<\/span><br \/>\u00a0\u00a0\u00a0 <span style=\"color: #ff0000;\">Rouge: Ces albums me manquent (parfois cruellement)<\/span><\/p>\t\t\t\t\t\t<\/div>\n\t\t\t\t<\/div>\n\t\t\t\t\t<\/div>\n\t\t<\/div>\n\t\t\t\t\t<\/div>\n\t\t<\/section>\n\t\t\t\t<section class=\"elementor-section elementor-top-section elementor-element elementor-element-e9eb045 elementor-section-boxed elementor-section-height-default elementor-section-height-default\" data-id=\"e9eb045\" data-element_type=\"section\">\n\t\t\t\t\t\t<div class=\"elementor-container elementor-column-gap-default\">\n\t\t\t\t\t<div class=\"elementor-column elementor-col-100 elementor-top-column elementor-element elementor-element-3a09a95\" data-id=\"3a09a95\" data-element_type=\"column\">\n\t\t\t<div class=\"elementor-widget-wrap elementor-element-populated\">\n\t\t\t\t\t\t<div class=\"elementor-element elementor-element-9b205a4 elementor-widget elementor-widget-heading\" data-id=\"9b205a4\" data-element_type=\"widget\" data-widget_type=\"heading.default\">\n\t\t\t\t<div class=\"elementor-widget-container\">\n\t\t\t<h3 class=\"elementor-heading-title elementor-size-default\">Les principaux<\/h3>\t\t<\/div>\n\t\t\t\t<\/div>\n\t\t\t\t<div class=\"elementor-element elementor-element-6d5acb8 elementor-widget elementor-widget-text-editor\" data-id=\"6d5acb8\" data-element_type=\"widget\" data-widget_type=\"text-editor.default\">\n\t\t\t\t<div class=\"elementor-widget-container\">\n\t\t\t\t\t\t\t<p><a href=\"https:\/\/lesmrdtrucs.mataf35400.fr\/index.php\/asterix-et-obelix\/\">Ast\u00e9rix et Ob\u00e9lix<\/a> (<span style=\"color: #999999;\">Incomplet<\/span>) [inventaire fait en 11\/2017]<br \/><a href=\"https:\/\/lesmrdtrucs.mataf35400.fr\/index.php\/bernard-prince\/\">Bernard Prince<\/a> (<span style=\"color: #ff0000;\">Incomplet<\/span>)<br \/><a href=\"https:\/\/lesmrdtrucs.mataf35400.fr\/index.php\/blake-et-mortimer\/\">Blake et Mortimer<\/a> (Complet) [inventaire fait en 01\/2026]<br \/><a href=\"https:\/\/lesmrdtrucs.mataf35400.fr\/index.php\/blueberry\/\">Blueberry<\/a> (<span style=\"color: #ff0000;\">Incomplet<\/span>)<br \/><a href=\"https:\/\/lesmrdtrucs.mataf35400.fr\/index.php\/buck-danny\/\">Buck Danny<\/a> (<span style=\"color: #ff0000;\">Incomplet<\/span>)<br \/><a href=\"https:\/\/lesmrdtrucs.mataf35400.fr\/index.php\/comanche\/\">Comanche<\/a> (Complet)<br \/><a href=\"https:\/\/lesmrdtrucs.mataf35400.fr\/index.php\/corto-maltese\/\">Corto Maltese<\/a> (<span style=\"color: #ff0000;\">Incomplet<\/span>)<br \/><a href=\"https:\/\/lesmrdtrucs.mataf35400.fr\/index.php\/fanfoue\/\">Fanfou\u00e9<\/a> (<span style=\"color: #ff0000;\">Incomplet<\/span>)\u00a0\u00a0 \u00a0\u00a0\u00a0 \u00a0\u00a0\u00a0 \u00a0\u00a0\u00a0 \u00a0\u00a0\u00a0 \u00a0\u00a0\u00a0 \u00a0\u00a0\u00a0 \u00a0\u00a0\u00a0 \u00a0\u00a0\u00a0 \u00a0\u00a0\u00a0 \u00a0\u00a0\u00a0 \u00a0\u00a0\u00a0 \u00a0\u00a0\u00a0 \u00a0\u00a0\u00a0 \u00a0\u00a0\u00a0 \u00a0\u00a0\u00a0 \u00a0\u00a0\u00a0 \u00a0\u00a0\u00a0 \u00a0\u00a0 \u00a0 \u00a0 \u00a0\u00a0\u00a0\u00a0 (Actuellement \u00e0 Ch\u00e2tel)<br \/><a href=\"https:\/\/lesmrdtrucs.mataf35400.fr\/index.php\/gaston-lagaffe\/\">Gaston Lagaffe<\/a> (Complet)<br \/><a href=\"https:\/\/lesmrdtrucs.mataf35400.fr\/index.php\/guy-lefranc\/\">Guy Lefranc<\/a> (<span style=\"color: #ff0000;\">Incomplet<\/span>) [inventaire fait en 11\/2017]<br \/><a href=\"https:\/\/lesmrdtrucs.mataf35400.fr\/index.php\/lautre-monde\/\">L&rsquo;autre monde<\/a> (Complet)\u00a0\u00a0 \u00a0\u00a0\u00a0 \u00a0\u00a0\u00a0 \u00a0\u00a0\u00a0 \u00a0\u00a0\u00a0 \u00a0\u00a0\u00a0 \u00a0\u00a0\u00a0 \u00a0\u00a0\u00a0 \u00a0\u00a0\u00a0 \u00a0\u00a0\u00a0 \u00a0\u00a0\u00a0 \u00a0\u00a0\u00a0 \u00a0\u00a0\u00a0 \u00a0\u00a0\u00a0 \u00a0\u00a0\u00a0 \u00a0\u00a0\u00a0 \u00a0\u00a0\u00a0 \u00a0 \u00a0 \u00a0\u00a0 \u00a0 (Actuellement \u00e0 Ch\u00e2tel)<br \/><a href=\"https:\/\/lesmrdtrucs.mataf35400.fr\/index.php\/le-chat-du-rabbin\/\">Le chat du rabbin<\/a> (Complet)\u00a0\u00a0 \u00a0\u00a0\u00a0 \u00a0\u00a0\u00a0 \u00a0\u00a0\u00a0 \u00a0\u00a0\u00a0 \u00a0\u00a0\u00a0 \u00a0\u00a0\u00a0 \u00a0\u00a0\u00a0 \u00a0\u00a0\u00a0 \u00a0\u00a0\u00a0 \u00a0\u00a0\u00a0 \u00a0\u00a0\u00a0 \u00a0\u00a0\u00a0 \u00a0\u00a0\u00a0 \u00a0\u00a0\u00a0 \u00a0 \u00a0 \u00a0 \u00a0\u00a0 \u00a0 (Actuellement \u00e0 Ch\u00e2tel)<br \/><a href=\"https:\/\/lesmrdtrucs.mataf35400.fr\/index.php\/le-marsupilami\/\">Le Marsupilami<\/a> (<span style=\"color: #999999;\">Incomplet<\/span>)\u00a0\u00a0 \u00a0\u00a0\u00a0 \u00a0\u00a0\u00a0 \u00a0\u00a0\u00a0 \u00a0\u00a0\u00a0 \u00a0\u00a0\u00a0 \u00a0\u00a0\u00a0 \u00a0\u00a0\u00a0 \u00a0\u00a0\u00a0 \u00a0\u00a0\u00a0 \u00a0\u00a0\u00a0 \u00a0\u00a0\u00a0 \u00a0\u00a0\u00a0 \u00a0\u00a0\u00a0 \u00a0\u00a0\u00a0 \u00a0\u00a0 \u00a0 \u00a0 \u00a0 \u00a0 (Actuellement \u00e0 Ch\u00e2tel)<br \/><a href=\"https:\/\/lesmrdtrucs.mataf35400.fr\/index.php\/les-aventures-de-jo-zette-et-jocko\/\">Les aventures de Jo, Zette et Jocko<\/a> (<span style=\"color: #999999;\">Incomplet<\/span>)\u00a0\u00a0 \u00a0\u00a0\u00a0 \u00a0\u00a0\u00a0 \u00a0\u00a0\u00a0 \u00a0\u00a0\u00a0 \u00a0\u00a0\u00a0 \u00a0\u00a0 \u00a0 \u00a0 \u00a0 \u00a0\u00a0 (Actuellement \u00e0 Ch\u00e2tel)<br \/><a href=\"https:\/\/lesmrdtrucs.mataf35400.fr\/index.php\/les-petits-hommes\/\">Les petits hommes<\/a> (<span style=\"color: #ff0000;\">Incomplet<\/span>)<br \/><a href=\"https:\/\/lesmrdtrucs.mataf35400.fr\/index.php\/luc-orient\/\">Luc Orient<\/a> (<span style=\"color: #ff0000;\">Incomplet<\/span>)<br \/><a href=\"https:\/\/lesmrdtrucs.mataf35400.fr\/index.php\/michel-vaillant\/\">Michel Vaillant<\/a> (<span style=\"color: #999999;\">Incomplet<\/span>) \u00a0 \u00a0\u00a0\u00a0 \u00a0\u00a0\u00a0 \u00a0\u00a0\u00a0 \u00a0\u00a0\u00a0 \u00a0\u00a0\u00a0 \u00a0\u00a0\u00a0 \u00a0\u00a0\u00a0 \u00a0\u00a0\u00a0 \u00a0\u00a0\u00a0 \u00a0\u00a0\u00a0 \u00a0\u00a0\u00a0 \u00a0\u00a0\u00a0 \u00a0\u00a0\u00a0 \u00a0\u00a0\u00a0 \u00a0 \u00a0 \u00a0\u00a0\u00a0\u00a0\u00a0\u00a0\u00a0\u00a0 (Actuellement \u00e0 Ch\u00e2tel)<br \/><a href=\"https:\/\/lesmrdtrucs.mataf35400.fr\/index.php\/spirou\/\">Spirou<\/a> (<span style=\"color: #ff0000;\">Incomplet<\/span>)<br \/><a href=\"https:\/\/lesmrdtrucs.mataf35400.fr\/index.php\/theodore-poussin\/\">Th\u00e9odore Poussin<\/a> (<span style=\"color: #ff0000;\">Incomplet<\/span>)<br \/><a href=\"https:\/\/lesmrdtrucs.mataf35400.fr\/index.php\/thorgal\/\">Thorgal<\/a> (<span style=\"color: #ff0000;\">Incomplet<\/span>)<br \/><a href=\"https:\/\/lesmrdtrucs.mataf35400.fr\/index.php\/tintin\/\">Tintin<\/a> (<span style=\"color: #999999;\">Incomplet<\/span>)<br \/><a href=\"https:\/\/lesmrdtrucs.mataf35400.fr\/index.php\/valerian-et-laureline\/\">Val\u00e9rian et Laureline<\/a> (<span style=\"color: #ff0000;\">Incomplet<\/span>)<br \/><a href=\"https:\/\/lesmrdtrucs.mataf35400.fr\/index.php\/yohan-et-pirlouit\/\">Yohan et Pirlouit<\/a> (<span style=\"color: #ff0000;\">Incomplet<\/span>)<\/p>\t\t\t\t\t\t<\/div>\n\t\t\t\t<\/div>\n\t\t\t\t<div class=\"elementor-element elementor-element-f2fca72 elementor-widget elementor-widget-heading\" data-id=\"f2fca72\" data-element_type=\"widget\" data-widget_type=\"heading.default\">\n\t\t\t\t<div class=\"elementor-widget-container\">\n\t\t\t<h3 class=\"elementor-heading-title elementor-size-default\">Divers<\/h3>\t\t<\/div>\n\t\t\t\t<\/div>\n\t\t\t\t<div class=\"elementor-element elementor-element-65685b2 elementor-widget elementor-widget-text-editor\" data-id=\"65685b2\" data-element_type=\"widget\" data-widget_type=\"text-editor.default\">\n\t\t\t\t<div class=\"elementor-widget-container\">\n\t\t\t\t\t\t\t<p>Achille Talon &#8211; Il n&rsquo;y a qu&rsquo;un seul Achille Talon\u00a0\u00a0\u00a0 \u00a0\u00a0\u00a0 \u00a0\u00a0\u00a0 \u00a0\u00a0\u00a0 \u00a0\u00a0\u00a0 \u00a0\u00a0\u00a0 \u00a0\u00a0\u00a0 \u00a0\u00a0\u00a0 \u00a0 \u00a0 \u00a0\u00a0 (Actuellement \u00e0 Ch\u00e2tel)<br \/>Boule et Bill &#8211; N\u00b0 9, 18, 19 \u00a0 \u00a0 \u00a0\u00a0\u00a0 \u00a0 \u00a0 \u00a0 \u00a0 \u00a0 \u00a0\u00a0 \u00a0 \u00a0\u00a0\u00a0 \u00a0\u00a0\u00a0 \u00a0\u00a0\u00a0 \u00a0\u00a0\u00a0 \u00a0\u00a0\u00a0 \u00a0\u00a0\u00a0 \u00a0\u00a0\u00a0 \u00a0\u00a0\u00a0 \u00a0\u00a0\u00a0 \u00a0\u00a0\u00a0 \u00a0\u00a0\u00a0 \u00a0 \u00a0 \u00a0\u00a0 (Actuellement \u00e0 Ch\u00e2tel)<br \/>L&rsquo;aventure du journal de Tintin\u00a0\u00a0 \u00a0\u00a0\u00a0 \u00a0\u00a0\u00a0 \u00a0\u00a0\u00a0 \u00a0\u00a0\u00a0 \u00a0\u00a0\u00a0 \u00a0\u00a0\u00a0 \u00a0\u00a0\u00a0 \u00a0\u00a0\u00a0 \u00a0\u00a0\u00a0 \u00a0\u00a0\u00a0 \u00a0\u00a0\u00a0 \u00a0\u00a0\u00a0 \u00a0\u00a0\u00a0 \u00a0\u00a0 \u00a0 \u00a0 \u00a0 \u00a0\u00a0 (Actuellement \u00e0 Ch\u00e2tel)<br \/>Les damn\u00e9s de la route &#8211; Les 2 cheveaux se cachent pour mourir\u00a0\u00a0\u00a0 (Actuellement \u00e0 Ch\u00e2tel)<br \/>Lucky Luke &#8211; L&rsquo;homme de Washington\u00a0\u00a0 \u00a0\u00a0\u00a0 \u00a0\u00a0\u00a0 \u00a0\u00a0\u00a0 \u00a0\u00a0\u00a0 \u00a0\u00a0\u00a0 \u00a0\u00a0\u00a0 \u00a0\u00a0\u00a0 \u00a0\u00a0\u00a0 \u00a0\u00a0\u00a0 \u00a0\u00a0\u00a0 \u00a0\u00a0\u00a0 \u00a0\u00a0 \u00a0\u00a0 (Actuellement \u00e0 Ch\u00e2tel)<br \/>Moi Sven, compagnon d&rsquo;Hasting &#8211; 1. L&rsquo;initiation\u00a0\u00a0 \u00a0\u00a0\u00a0 \u00a0\u00a0\u00a0 \u00a0\u00a0\u00a0 \u00a0\u00a0\u00a0 \u00a0\u00a0\u00a0 \u00a0\u00a0\u00a0 \u00a0\u00a0\u00a0 \u00a0\u00a0\u00a0 \u00a0(Actuellement \u00e0 Ch\u00e2tel)<br \/>Pinocchio\u00a0\u00a0\u00a0\u00a0\u00a0\u00a0\u00a0\u00a0\u00a0\u00a0\u00a0\u00a0\u00a0\u00a0\u00a0\u00a0\u00a0\u00a0\u00a0 \u00a0 \u00a0 \u00a0 \u00a0 \u00a0 \u00a0 \u00a0 \u00a0 \u00a0 \u00a0 \u00a0 \u00a0 \u00a0 \u00a0 \u00a0 \u00a0 \u00a0 \u00a0 \u00a0 \u00a0 \u00a0 \u00a0 \u00a0 \u00a0 \u00a0 \u00a0 \u00a0 \u00a0 \u00a0 \u00a0 \u00a0 \u00a0 \u00a0 \u00a0 \u00a0 \u00a0 \u00a0\u00a0\u00a0 \u00a0\u00a0 \u00a0\u00a0 (Actuellement \u00e0 Ch\u00e2tel)<\/p>\t\t\t\t\t\t<\/div>\n\t\t\t\t<\/div>\n\t\t\t\t\t<\/div>\n\t\t<\/div>\n\t\t\t\t\t<\/div>\n\t\t<\/section>\n\t\t\t\t<\/div>\n\t\t","protected":false},"excerpt":{"rendered":"<p>Voici l&rsquo;\u00e9tat de ma biblioth\u00e8que&#8230; Chaque s\u00e9rie arbore l&rsquo;une des trois couleurs suivantes:\u00a0\u00a0\u00a0 Noir: J&rsquo;ai d\u00e9j\u00e0 ces albums\u00a0\u00a0\u00a0 Gris: Je n&rsquo;ai pas ces albums, mais cela n&rsquo;a aucune importance\u00a0\u00a0\u00a0 Rouge: Ces albums me manquent (parfois cruellement) Les principaux Ast\u00e9rix et Ob\u00e9lix (Incomplet) [inventaire fait en 11\/2017]Bernard Prince (Incomplet)Blake et Mortimer (Complet) [inventaire fait en 01\/2026]Blueberry [&hellip;]<\/p>\n","protected":false},"author":1,"featured_media":0,"parent":0,"menu_order":0,"comment_status":"closed","ping_status":"closed","template":"","meta":{"ocean_post_layout":"","ocean_both_sidebars_style":"","ocean_both_sidebars_content_width":0,"ocean_both_sidebars_sidebars_width":0,"ocean_sidebar":"","ocean_second_sidebar":"","ocean_disable_margins":"enable","ocean_add_body_class":"","ocean_shortcode_before_top_bar":"","ocean_shortcode_after_top_bar":"","ocean_shortcode_before_header":"","ocean_shortcode_after_header":"","ocean_has_shortcode":"","ocean_shortcode_after_title":"","ocean_shortcode_before_footer_widgets":"","ocean_shortcode_after_footer_widgets":"","ocean_shortcode_before_footer_bottom":"","ocean_shortcode_after_footer_bottom":"","ocean_display_top_bar":"default","ocean_display_header":"default","ocean_header_style":"","ocean_center_header_left_menu":"","ocean_custom_header_template":"","ocean_custom_logo":0,"ocean_custom_retina_logo":0,"ocean_custom_logo_max_width":0,"ocean_custom_logo_tablet_max_width":0,"ocean_custom_logo_mobile_max_width":0,"ocean_custom_logo_max_height":0,"ocean_custom_logo_tablet_max_height":0,"ocean_custom_logo_mobile_max_height":0,"ocean_header_custom_menu":"","ocean_menu_typo_font_family":"","ocean_menu_typo_font_subset":"","ocean_menu_typo_font_size":0,"ocean_menu_typo_font_size_tablet":0,"ocean_menu_typo_font_size_mobile":0,"ocean_menu_typo_font_size_unit":"px","ocean_menu_typo_font_weight":"","ocean_menu_typo_font_weight_tablet":"","ocean_menu_typo_font_weight_mobile":"","ocean_menu_typo_transform":"","ocean_menu_typo_transform_tablet":"","ocean_menu_typo_transform_mobile":"","ocean_menu_typo_line_height":0,"ocean_menu_typo_line_height_tablet":0,"ocean_menu_typo_line_height_mobile":0,"ocean_menu_typo_line_height_unit":"","ocean_menu_typo_spacing":0,"ocean_menu_typo_spacing_tablet":0,"ocean_menu_typo_spacing_mobile":0,"ocean_menu_typo_spacing_unit":"","ocean_menu_link_color":"","ocean_menu_link_color_hover":"","ocean_menu_link_color_active":"","ocean_menu_link_background":"","ocean_menu_link_hover_background":"","ocean_menu_link_active_background":"","ocean_menu_social_links_bg":"","ocean_menu_social_hover_links_bg":"","ocean_menu_social_links_color":"","ocean_menu_social_hover_links_color":"","ocean_disable_title":"default","ocean_disable_heading":"default","ocean_post_title":"","ocean_post_subheading":"","ocean_post_title_style":"","ocean_post_title_background_color":"","ocean_post_title_background":0,"ocean_post_title_bg_image_position":"","ocean_post_title_bg_image_attachment":"","ocean_post_title_bg_image_repeat":"","ocean_post_title_bg_image_size":"","ocean_post_title_height":0,"ocean_post_title_bg_overlay":0.5,"ocean_post_title_bg_overlay_color":"","ocean_disable_breadcrumbs":"default","ocean_breadcrumbs_color":"","ocean_breadcrumbs_separator_color":"","ocean_breadcrumbs_links_color":"","ocean_breadcrumbs_links_hover_color":"","ocean_display_footer_widgets":"default","ocean_display_footer_bottom":"default","ocean_custom_footer_template":"","footnotes":""},"class_list":["post-91","page","type-page","status-publish","hentry","entry"],"_links":{"self":[{"href":"https:\/\/lesmrdtrucs.mataf35400.fr\/index.php\/wp-json\/wp\/v2\/pages\/91","targetHints":{"allow":["GET"]}}],"collection":[{"href":"https:\/\/lesmrdtrucs.mataf35400.fr\/index.php\/wp-json\/wp\/v2\/pages"}],"about":[{"href":"https:\/\/lesmrdtrucs.mataf35400.fr\/index.php\/wp-json\/wp\/v2\/types\/page"}],"author":[{"embeddable":true,"href":"https:\/\/lesmrdtrucs.mataf35400.fr\/index.php\/wp-json\/wp\/v2\/users\/1"}],"replies":[{"embeddable":true,"href":"https:\/\/lesmrdtrucs.mataf35400.fr\/index.php\/wp-json\/wp\/v2\/comments?post=91"}],"version-history":[{"count":85,"href":"https:\/\/lesmrdtrucs.mataf35400.fr\/index.php\/wp-json\/wp\/v2\/pages\/91\/revisions"}],"predecessor-version":[{"id":2641,"href":"https:\/\/lesmrdtrucs.mataf35400.fr\/index.php\/wp-json\/wp\/v2\/pages\/91\/revisions\/2641"}],"wp:attachment":[{"href":"https:\/\/lesmrdtrucs.mataf35400.fr\/index.php\/wp-json\/wp\/v2\/media?parent=91"}],"curies":[{"name":"wp","href":"https:\/\/api.w.org\/{rel}","templated":true}]}}