{"id":846,"date":"2022-12-08T06:59:07","date_gmt":"2022-12-08T05:59:07","guid":{"rendered":"http:\/\/lesmrdtrucs.mataf35400.fr\/?page_id=846"},"modified":"2022-12-08T07:01:52","modified_gmt":"2022-12-08T06:01:52","slug":"codes-derreur-recuperables","status":"publish","type":"page","link":"https:\/\/lesmrdtrucs.mataf35400.fr\/index.php\/codes-derreur-recuperables\/","title":{"rendered":"Codes d&rsquo;erreur r\u00e9cup\u00e9rables\u200b"},"content":{"rendered":"\t\t<div data-elementor-type=\"wp-page\" data-elementor-id=\"846\" class=\"elementor elementor-846\">\n\t\t\t\t\t\t<section class=\"elementor-section elementor-top-section elementor-element elementor-element-63499b6e elementor-section-boxed elementor-section-height-default elementor-section-height-default\" data-id=\"63499b6e\" data-element_type=\"section\">\n\t\t\t\t\t\t<div class=\"elementor-container elementor-column-gap-default\">\n\t\t\t\t\t<div class=\"elementor-column elementor-col-100 elementor-top-column elementor-element elementor-element-4d5ac61b\" data-id=\"4d5ac61b\" data-element_type=\"column\">\n\t\t\t<div class=\"elementor-widget-wrap elementor-element-populated\">\n\t\t\t\t\t\t<div class=\"elementor-element elementor-element-42d2f4e8 elementor-widget elementor-widget-text-editor\" data-id=\"42d2f4e8\" data-element_type=\"widget\" data-widget_type=\"text-editor.default\">\n\t\t\t\t<div class=\"elementor-widget-container\">\n\t\t\t\t\t\t\t<p>Des erreurs r\u00e9cup\u00e9rables peuvent survenir lors de l&rsquo;ex\u00e9cution d&rsquo;une application. Certaines d&rsquo;entre elles peuvent \u00e9galement se produire lors du d\u00e9veloppement ou de la compilation. Vous pouvez tester et r\u00e9pondre \u00e0 des erreurs r\u00e9cup\u00e9rables \u00e0 l&rsquo;aide de l&rsquo;instruction On Error et de l&rsquo;objet Err. Les num\u00e9ros d&rsquo;erreur non d\u00e9finis qui sont compris entre 1 et 1000 sont r\u00e9serv\u00e9s pour une utilisation ult\u00e9rieure dans Visual Basic.<\/p>\t\t\t\t\t\t<\/div>\n\t\t\t\t<\/div>\n\t\t\t\t\t<\/div>\n\t\t<\/div>\n\t\t\t\t\t<\/div>\n\t\t<\/section>\n\t\t\t\t<section class=\"elementor-section elementor-top-section elementor-element elementor-element-6b3c494e elementor-section-boxed elementor-section-height-default elementor-section-height-default\" data-id=\"6b3c494e\" data-element_type=\"section\">\n\t\t\t\t\t\t<div class=\"elementor-container elementor-column-gap-default\">\n\t\t\t\t\t<div class=\"elementor-column elementor-col-100 elementor-top-column elementor-element elementor-element-3dc8229c\" data-id=\"3dc8229c\" data-element_type=\"column\">\n\t\t\t<div class=\"elementor-widget-wrap elementor-element-populated\">\n\t\t\t\t\t\t<div class=\"elementor-element elementor-element-27e60712 elementor-widget elementor-widget-heading\" data-id=\"27e60712\" data-element_type=\"widget\" data-widget_type=\"heading.default\">\n\t\t\t\t<div class=\"elementor-widget-container\">\n\t\t\t<h3 class=\"elementor-heading-title elementor-size-default\">Code Message:<\/h3>\t\t<\/div>\n\t\t\t\t<\/div>\n\t\t\t\t<div class=\"elementor-element elementor-element-187bbda2 elementor-widget elementor-widget-text-editor\" data-id=\"187bbda2\" data-element_type=\"widget\" data-widget_type=\"text-editor.default\">\n\t\t\t\t<div class=\"elementor-widget-container\">\n\t\t\t\t\t\t\t<p>3 Return sans GoSub<br \/>5 Appel de proc\u00e9dure incorrect<br \/>6 D\u00e9passement de capacit\u00e9<br \/>7 M\u00e9moire insuffisante<br \/>9 Indice en dehors de la plage<br \/>10 Ce tableau est fixe ou temporairement verrouill\u00e9<br \/>11 Division par z\u00e9ro<br \/>13 Type incompatible<br \/>14 Espace de cha\u00eene insuffisant<br \/>16 Expression trop complexe<br \/>17 Impossible d&rsquo;ex\u00e9cuter l&rsquo;op\u00e9ration requise<br \/>18 Interruption par l&rsquo;utilisateur<br \/>20 Reprise sans erreur<br \/>28 Espace pile insuffisant<br \/>35 Sub, Function ou Property non d\u00e9finie<br \/>47 Trop de clients d&rsquo;application pour la DLL<br \/>48 Erreur de chargement de la DLL<br \/>49 Convention d&rsquo;appel de DLL incorrecte<br \/>51 Erreur interne<br \/>52 Nom ou num\u00e9ro de fichier incorrect<br \/>53 Fichier introuvable<br \/>54 Mode d&rsquo;acc\u00e8s au fichier incorrect<br \/>55 Fichier d\u00e9j\u00e0 ouvert<br \/>57 Erreur d&rsquo;entr\u00e9e\/sortie de p\u00e9riph\u00e9rique<br \/>58 Ce fichier existe d\u00e9j\u00e0<br \/>59 Longueur d&rsquo;enregistrement incorrecte<br \/>61 Disque plein<br \/>62 L&rsquo;entr\u00e9e d\u00e9passe la fin de fichier<br \/>63 Num\u00e9ro d&rsquo;enregistrement incorrect<br \/>67 Trop de fichiers<br \/>68 P\u00e9riph\u00e9rique non disponible<br \/>70 Permission refus\u00e9e<br \/>71 Disque non pr\u00eat<br \/>74 Impossible de renommer avec un lecteur diff\u00e9rent<br \/>75 Erreur dans le chemin d&rsquo;acc\u00e8s<br \/>76 Chemin d&rsquo;acc\u00e8s introuvable<br \/>91 Variable objet ou variable bloc With non d\u00e9finie<br \/>92 Boucle For non initialis\u00e9e<br \/>93 Format de cha\u00eene incorrect<br \/>94 Utilisation incorrecte de Null<br \/>97 Impossible d&rsquo;appeler une proc\u00e9dure Friend sur un objet qui n&rsquo;est pas une instance de classe de d\u00e9finition<br \/>98 Un appel de propri\u00e9t\u00e9 ou de m\u00e9thode ne peut pas faire r\u00e9f\u00e9rence \u00e0 un objet priv\u00e9 ni en tant qu&rsquo;argument ni en tant que valeur renvoy\u00e9e<br \/>298 Impossible de charger la DLL syst\u00e8me<br \/>320 Impossible d&rsquo;utiliser des noms de p\u00e9riph\u00e9riques de caract\u00e8res dans les noms de fichiers sp\u00e9cifi\u00e9s<br \/>321 Format de fichier incorrect<br \/>322 Impossible de cr\u00e9er le fichier temporaire n\u00e9cessaire<br \/>325 Format incorrect dans le fichier ressource<br \/>327 La valeur de l&rsquo;objet de donn\u00e9es nomm\u00e9 est introuvable<br \/>328 Param\u00e8tre incorrect. Impossible d&rsquo;\u00e9crire des tableaux<br \/>335 Impossible d&rsquo;acc\u00e9der au registre syst\u00e8me<br \/>336 Le composant n&rsquo;est pas correctement enregistr\u00e9<br \/>337 Composant introuvable<br \/>338 Ex\u00e9cution incorrecte du composant <br \/>360 Objet d\u00e9j\u00e0 charg\u00e9<br \/>361 Impossible de charger ou de d\u00e9charger cet objet<br \/>363 Le contr\u00f4le sp\u00e9cifi\u00e9 est introuvable<br \/>364 L&rsquo;objet \u00e9tait d\u00e9charg\u00e9<br \/>365 Impossible de d\u00e9charger dans ce contexte<br \/>368 Le fichier sp\u00e9cifi\u00e9 est p\u00e9rim\u00e9. Ce programme requiert une version plus r\u00e9cente<br \/>371 L&rsquo;objet sp\u00e9cifi\u00e9 ne peut \u00eatre utilis\u00e9 comme propri\u00e9taire de la feuille pour la m\u00e9thode Show<br \/>380 Valeur de propri\u00e9t\u00e9 incorrecte<br \/>381 Index du tableau de propri\u00e9t\u00e9s incorrect<br \/>382 Property Set ne peut pas \u00eatre ex\u00e9cut\u00e9e en mode ex\u00e9cution<br \/>383 Property Set ne peut \u00eatre utilis\u00e9e avec une propri\u00e9t\u00e9 en lecture seule<br \/>385 Index de table de propri\u00e9t\u00e9 requis<br \/>387 Property Set non autoris\u00e9e<br \/>393 Property Get ne peut pas \u00eatre ex\u00e9cut\u00e9e en mode ex\u00e9cution<br \/>394 Property Get ne peut pas \u00eatre ex\u00e9cut\u00e9e sur une propri\u00e9t\u00e9 en \u00e9criture seule<br \/>400 Feuille d\u00e9j\u00e0 affich\u00e9e; affichage modal impossible<br \/>402 Le code doit d&rsquo;abord fermer la feuille modale de premier plan<br \/>419 Autorisation d&rsquo;utiliser l&rsquo;objet refus\u00e9e<br \/>422 Propri\u00e9t\u00e9 introuvable<br \/>423 Propri\u00e9t\u00e9 ou m\u00e9thode introuvable<br \/>424 Objet requis<br \/>425 Utilisation d&rsquo;objet incorrecte<br \/>429 Un composant ne peut pas cr\u00e9er l&rsquo;objet ou fournir une r\u00e9f\u00e9rence \u00e0 cet objet<br \/>430 Cette classe ne g\u00e8re pas Automation<br \/>432 Nom de fichier ou de classe non trouv\u00e9 pendant une op\u00e9ration Automation<br \/>438 Cet objet ne g\u00e8re pas cette propri\u00e9t\u00e9 ou m\u00e9thode<br \/>440 Erreur Automation<br \/>442 La connexion \u00e0 la biblioth\u00e8que de types ou d&rsquo;objets pour un processus distant a \u00e9t\u00e9 perdue<br \/>443 L&rsquo;objet Automation n&rsquo;a pas de valeur par d\u00e9faut<br \/>445 L&rsquo;objet ne g\u00e8re pas cette action<br \/>446 L&rsquo;objet ne g\u00e8re pas les arguments nomm\u00e9s<br \/>447 L&rsquo;objet ne g\u00e8re pas les param\u00e8tres r\u00e9gionaux en cours<br \/>448 Argument nomm\u00e9 introuvable<br \/>449 Argument non facultatif ou affectation de propri\u00e9t\u00e9 incorrecte<br \/>450 Nombre d&rsquo;arguments incorrect ou affectation de propri\u00e9t\u00e9 non valide<br \/>451 Cet objet n&rsquo;est pas une collection<br \/>452 Num\u00e9ro incorrect<br \/>453 sp\u00e9cifi\u00e9e introuvable<br \/>454 Ressource de code introuvable<br \/>455 Erreur de verrouillage de ressource de code<br \/>457 Cette cl\u00e9 est d\u00e9j\u00e0 associ\u00e9e \u00e0 un \u00e9l\u00e9ment de cette collection<br \/>458 Cette variable utilise un type non g\u00e9r\u00e9 par Visual Basic<br \/>459 Ce composant ne g\u00e8re pas le jeu d&rsquo;\u00e9v\u00e9nements<br \/>460 Format de Presse-papiers incorrect<br \/>461 M\u00e9thode ou membre de donn\u00e9es introuvable<br \/>462 Le serveur distant n&rsquo;existe pas ou n&rsquo;est pas disponible<br \/>463 La classe n&rsquo;est pas enregistr\u00e9e sur la machine locale<br \/>480 Impossible de cr\u00e9er une image en mode AutoRedraw<br \/>481 Image incorrecte<br \/>482 Erreur d&rsquo;imprimante<br \/>483 Le gestionnaire d&rsquo;imprimante ne g\u00e8re pas la propri\u00e9t\u00e9 sp\u00e9cifi\u00e9e<br \/>484 Probl\u00e8me pour obtenir des informations du gestionnaire d&rsquo;imprimante du syst\u00e8me. Assurez-vous que le gestionnaire d&rsquo;imprimante est install\u00e9 correctement<br \/>485 Type d&rsquo;image incorrect<br \/>486 Impossible d&rsquo;imprimer l&rsquo;image de feuille sur ce type d&rsquo;imprimante<br \/>520 Impossible de vider le Presse-papiers<br \/>521 Impossible d&rsquo;ouvrir le Presse-papiers<br \/>735 Impossible d&rsquo;enregistrer le fichier dans un r\u00e9pertoire TEMP<br \/>744 Le texte recherch\u00e9 est introuvable<br \/>746 Remplacements trop longs<br \/>31001 M\u00e9moire insuffisante<br \/>31004 Pas d&rsquo;objet<br \/>31018 Classe non d\u00e9finie<br \/>31027 Impossible d&rsquo;activer l&rsquo;objet<br \/>31032 Impossible de cr\u00e9er un objet incorpor\u00e9<br \/>31036 Erreur \u00e0 l&rsquo;enregistrement dans le fichier<br \/>31037 Erreur de chargement \u00e0 partir du fichier<\/p>\t\t\t\t\t\t<\/div>\n\t\t\t\t<\/div>\n\t\t\t\t\t<\/div>\n\t\t<\/div>\n\t\t\t\t\t<\/div>\n\t\t<\/section>\n\t\t\t\t<\/div>\n\t\t","protected":false},"excerpt":{"rendered":"<p>Des erreurs r\u00e9cup\u00e9rables peuvent survenir lors de l&rsquo;ex\u00e9cution d&rsquo;une application. Certaines d&rsquo;entre elles peuvent \u00e9galement se produire lors du d\u00e9veloppement ou de la compilation. Vous pouvez tester et r\u00e9pondre \u00e0 des erreurs r\u00e9cup\u00e9rables \u00e0 l&rsquo;aide de l&rsquo;instruction On Error et de l&rsquo;objet Err. Les num\u00e9ros d&rsquo;erreur non d\u00e9finis qui sont compris entre 1 et 1000 [&hellip;]<\/p>\n","protected":false},"author":1,"featured_media":0,"parent":0,"menu_order":0,"comment_status":"closed","ping_status":"closed","template":"","meta":{"ocean_post_layout":"","ocean_both_sidebars_style":"","ocean_both_sidebars_content_width":0,"ocean_both_sidebars_sidebars_width":0,"ocean_sidebar":"0","ocean_second_sidebar":"0","ocean_disable_margins":"enable","ocean_add_body_class":"","ocean_shortcode_before_top_bar":"","ocean_shortcode_after_top_bar":"","ocean_shortcode_before_header":"","ocean_shortcode_after_header":"","ocean_has_shortcode":"","ocean_shortcode_after_title":"","ocean_shortcode_before_footer_widgets":"","ocean_shortcode_after_footer_widgets":"","ocean_shortcode_before_footer_bottom":"","ocean_shortcode_after_footer_bottom":"","ocean_display_top_bar":"default","ocean_display_header":"default","ocean_header_style":"","ocean_center_header_left_menu":"0","ocean_custom_header_template":"0","ocean_custom_logo":0,"ocean_custom_retina_logo":0,"ocean_custom_logo_max_width":0,"ocean_custom_logo_tablet_max_width":0,"ocean_custom_logo_mobile_max_width":0,"ocean_custom_logo_max_height":0,"ocean_custom_logo_tablet_max_height":0,"ocean_custom_logo_mobile_max_height":0,"ocean_header_custom_menu":"0","ocean_menu_typo_font_family":"0","ocean_menu_typo_font_subset":"","ocean_menu_typo_font_size":0,"ocean_menu_typo_font_size_tablet":0,"ocean_menu_typo_font_size_mobile":0,"ocean_menu_typo_font_size_unit":"px","ocean_menu_typo_font_weight":"","ocean_menu_typo_font_weight_tablet":"","ocean_menu_typo_font_weight_mobile":"","ocean_menu_typo_transform":"","ocean_menu_typo_transform_tablet":"","ocean_menu_typo_transform_mobile":"","ocean_menu_typo_line_height":0,"ocean_menu_typo_line_height_tablet":0,"ocean_menu_typo_line_height_mobile":0,"ocean_menu_typo_line_height_unit":"","ocean_menu_typo_spacing":0,"ocean_menu_typo_spacing_tablet":0,"ocean_menu_typo_spacing_mobile":0,"ocean_menu_typo_spacing_unit":"","ocean_menu_link_color":"","ocean_menu_link_color_hover":"","ocean_menu_link_color_active":"","ocean_menu_link_background":"","ocean_menu_link_hover_background":"","ocean_menu_link_active_background":"","ocean_menu_social_links_bg":"","ocean_menu_social_hover_links_bg":"","ocean_menu_social_links_color":"","ocean_menu_social_hover_links_color":"","ocean_disable_title":"default","ocean_disable_heading":"default","ocean_post_title":"","ocean_post_subheading":"","ocean_post_title_style":"","ocean_post_title_background_color":"","ocean_post_title_background":0,"ocean_post_title_bg_image_position":"","ocean_post_title_bg_image_attachment":"","ocean_post_title_bg_image_repeat":"","ocean_post_title_bg_image_size":"","ocean_post_title_height":0,"ocean_post_title_bg_overlay":0.5,"ocean_post_title_bg_overlay_color":"","ocean_disable_breadcrumbs":"default","ocean_breadcrumbs_color":"","ocean_breadcrumbs_separator_color":"","ocean_breadcrumbs_links_color":"","ocean_breadcrumbs_links_hover_color":"","ocean_display_footer_widgets":"default","ocean_display_footer_bottom":"default","ocean_custom_footer_template":"0","footnotes":""},"class_list":["post-846","page","type-page","status-publish","hentry","entry"],"_links":{"self":[{"href":"https:\/\/lesmrdtrucs.mataf35400.fr\/index.php\/wp-json\/wp\/v2\/pages\/846","targetHints":{"allow":["GET"]}}],"collection":[{"href":"https:\/\/lesmrdtrucs.mataf35400.fr\/index.php\/wp-json\/wp\/v2\/pages"}],"about":[{"href":"https:\/\/lesmrdtrucs.mataf35400.fr\/index.php\/wp-json\/wp\/v2\/types\/page"}],"author":[{"embeddable":true,"href":"https:\/\/lesmrdtrucs.mataf35400.fr\/index.php\/wp-json\/wp\/v2\/users\/1"}],"replies":[{"embeddable":true,"href":"https:\/\/lesmrdtrucs.mataf35400.fr\/index.php\/wp-json\/wp\/v2\/comments?post=846"}],"version-history":[{"count":4,"href":"https:\/\/lesmrdtrucs.mataf35400.fr\/index.php\/wp-json\/wp\/v2\/pages\/846\/revisions"}],"predecessor-version":[{"id":854,"href":"https:\/\/lesmrdtrucs.mataf35400.fr\/index.php\/wp-json\/wp\/v2\/pages\/846\/revisions\/854"}],"wp:attachment":[{"href":"https:\/\/lesmrdtrucs.mataf35400.fr\/index.php\/wp-json\/wp\/v2\/media?parent=846"}],"curies":[{"name":"wp","href":"https:\/\/api.w.org\/{rel}","templated":true}]}}