{"id":785,"date":"2022-12-08T06:03:57","date_gmt":"2022-12-08T05:03:57","guid":{"rendered":"http:\/\/lesmrdtrucs.mataf35400.fr\/?page_id=785"},"modified":"2022-12-08T06:17:52","modified_gmt":"2022-12-08T05:17:52","slug":"les-materiaux","status":"publish","type":"page","link":"https:\/\/lesmrdtrucs.mataf35400.fr\/index.php\/les-materiaux\/","title":{"rendered":"Les mat\u00e9riaux"},"content":{"rendered":"\t\t<div data-elementor-type=\"wp-page\" data-elementor-id=\"785\" class=\"elementor elementor-785\">\n\t\t\t\t\t\t<section class=\"elementor-section elementor-top-section elementor-element elementor-element-1d744c86 elementor-section-boxed elementor-section-height-default elementor-section-height-default\" data-id=\"1d744c86\" data-element_type=\"section\">\n\t\t\t\t\t\t<div class=\"elementor-container elementor-column-gap-default\">\n\t\t\t\t\t<div class=\"elementor-column elementor-col-100 elementor-top-column elementor-element elementor-element-5ca8f1fd\" data-id=\"5ca8f1fd\" data-element_type=\"column\">\n\t\t\t<div class=\"elementor-widget-wrap elementor-element-populated\">\n\t\t\t\t\t\t<div class=\"elementor-element elementor-element-5eb844d4 elementor-widget elementor-widget-heading\" data-id=\"5eb844d4\" data-element_type=\"widget\" data-settings=\"{&quot;_animation&quot;:&quot;none&quot;}\" data-widget_type=\"heading.default\">\n\t\t\t\t<div class=\"elementor-widget-container\">\n\t\t\t<h2 class=\"elementor-heading-title elementor-size-default\">ABS<\/h2>\t\t<\/div>\n\t\t\t\t<\/div>\n\t\t\t\t<div class=\"elementor-element elementor-element-15b0eec6 elementor-widget elementor-widget-text-editor\" data-id=\"15b0eec6\" data-element_type=\"widget\" data-widget_type=\"text-editor.default\">\n\t\t\t\t<div class=\"elementor-widget-container\">\n\t\t\t\t\t\t\t<p>L\u2019ABS est un polym\u00e8re thermoplastique. Il est souvent utilis\u00e9 dans les appareils \u00e9lectro-m\u00e9nagers (les cafeti\u00e8res par exemple). C\u2019est \u00e9galement le m\u00eame genre de plastique que les L\u00e9go. Il ramollit \u00e0 90\u00b0, commence \u00e0 fondre \u00e0 180\u00b0 et est r\u00e9ellement travaill\u00e9 vers 230\u00b0. Il est donc plus r\u00e9sistant \u00e0 la chaleur que le PLA. Contrairement \u00e0 son concurrent, il se plie facilement et ne rompt pas. Il vous permettra de facilement nettoyer votre machine \u00e0 l\u2019ac\u00e9tone. Attention, les risques d\u2019\u00e9chec (cassure par exemple) sont plus grands lors de l\u2019impression, notamment pour des raisons de moins grande r\u00e9sistance aux chocs de temp\u00e9rature.(<a href=\"http:\/\/www.monunivers3d.com\/guide\/abs-pla\/\" target=\"_blank\" rel=\"noopener\">http:\/\/www.monunivers3d.com\/guide\/abs-pla\/<\/a>)<\/p><p>Il s&rsquo;imprime entre 220 et 260\u00b0C selon les marques. Afin de lutter contre la d\u00e9formation (warping), il est conseill\u00e9 d&rsquo;utiliser du spray adh\u00e9sif ou de la colle. Outre la r\u00e9sistance m\u00e9canique, le thermoplastique fil ABS pour imprimante 3D accepte les grandes variations de temp\u00e9rature et peut \u00eatre liss\u00e9 et poli une fois l&rsquo;objet imprim\u00e9.<\/p><p>Un achat utile pour tous les prototypes n\u00e9cessitant une grande r\u00e9sistance m\u00e9canique, les bobines de filament ABS conviennent pour l&rsquo;ing\u00e9nierie, la R&amp;D (recherche et d\u00e9veloppement), et plus globalement dans le prototypage industriel. Avant d&rsquo;acheter du filament ABS, la propri\u00e9t\u00e9 recherch\u00e9e en est la r\u00e9sistance m\u00e9canique du prototype imprim\u00e9 en 3D. L&rsquo;ABS s&rsquo;il est soumis \u00e0 une certaine contrainte va commencer par plier et se d\u00e9former avant de casser. Il est donc conseill\u00e9 tout particuli\u00e8rement pour les visseries, engrenages, syst\u00e8mes m\u00e9caniques soumis \u00e0 des forces ext\u00e9rieures.<\/p><p>L&rsquo;ABS, polym\u00e8re thermoplastique, via sa r\u00e9sistance aux chocs et sa rigidit\u00e9, est utilis\u00e9 dans l&rsquo;industrie (particuli\u00e8rement dans l&rsquo;injection). On retrouve ce plastique dans les coques externes des appareils \u00e9lectrom\u00e9nagers ou encore les jouets (dont les c\u00e9l\u00e8bres briques de LEGO), et dans des applications o\u00f9 sa r\u00e9sistance aux chocs est mise \u00e0 l&rsquo;\u00e9preuve : les r\u00e9pliques d&rsquo;armes dans le airsoft ou les casques de motos et carrosseries.<\/p><p>Le fil ABS est parmi les moins chers du march\u00e9. Il permet d&rsquo;utiliser son imprimante 3D \u00e0 moindre co\u00fbt pour l&rsquo;impression de nombreuses pi\u00e8ces : une vingtaine de pi\u00e8ces de taille moyenne sont imprimables avec une bobine de 1 kilo de mati\u00e8re. Acheter du filament ABS, c&rsquo;est miser sur un mat\u00e9riau facilement adaptable, il est possible de le peindre ou encore de le polir ais\u00e9ment.<br \/>ABS renforc\u00e9<\/p><p>Les filaments ABS renforc\u00e9 pour imprimante 3D sont des ABS dont la composition est am\u00e9lior\u00e9e pour une meilleure tenue apr\u00e8s impression. Ces bobines d&rsquo;ABS se d\u00e9forment donc moins apr\u00e8s impression 3D, et sont solides et r\u00e9sistantes. L&rsquo;ABS renforc\u00e9 convient aux utilisations dans l&rsquo;industrie et l&rsquo;ing\u00e9nierie.<\/p><p>De par leur formulation sp\u00e9cifique ces mat\u00e9riaux ABS solides et r\u00e9sistants tiennent parfaitement en post impression en acceptant davantage les contraintes par rapport \u00e0 l&rsquo;ABS classique. D&rsquo;un autre cot\u00e9, le warping (ou retrait \/ d\u00e9collement) est quasi inexistant lors de l&rsquo;impression ou lors du refroidissement de la pi\u00e8ce imprim\u00e9e. Les filaments ABS renforc\u00e9s garantissent \u00e0 la fois une haute solidit\u00e9 et une faible d\u00e9formation pour des impressions ABS simplifi\u00e9es.<\/p>\t\t\t\t\t\t<\/div>\n\t\t\t\t<\/div>\n\t\t\t\t\t<\/div>\n\t\t<\/div>\n\t\t\t\t\t<\/div>\n\t\t<\/section>\n\t\t\t\t<section class=\"elementor-section elementor-top-section elementor-element elementor-element-43d07aa elementor-section-boxed elementor-section-height-default elementor-section-height-default\" data-id=\"43d07aa\" data-element_type=\"section\">\n\t\t\t\t\t\t<div class=\"elementor-container elementor-column-gap-default\">\n\t\t\t\t\t<div class=\"elementor-column elementor-col-100 elementor-top-column elementor-element elementor-element-0d27c21\" data-id=\"0d27c21\" data-element_type=\"column\">\n\t\t\t<div class=\"elementor-widget-wrap elementor-element-populated\">\n\t\t\t\t\t\t<div class=\"elementor-element elementor-element-6cfebaa elementor-widget elementor-widget-heading\" data-id=\"6cfebaa\" data-element_type=\"widget\" data-settings=\"{&quot;_animation&quot;:&quot;none&quot;}\" data-widget_type=\"heading.default\">\n\t\t\t\t<div class=\"elementor-widget-container\">\n\t\t\t<h2 class=\"elementor-heading-title elementor-size-default\">PLA<\/h2>\t\t<\/div>\n\t\t\t\t<\/div>\n\t\t\t\t<div class=\"elementor-element elementor-element-6fec69e elementor-widget elementor-widget-text-editor\" data-id=\"6fec69e\" data-element_type=\"widget\" data-widget_type=\"text-editor.default\">\n\t\t\t\t<div class=\"elementor-widget-container\">\n\t\t\t\t\t\t\t<p>Le PLA est biod\u00e9gradable et issu de mat\u00e9riaux recycl\u00e9s. Il est plus environnement-friendly, donc. Il est souvent utilis\u00e9 dans l\u2019emballage alimentaire.<\/p><p>Notons qu\u2019il peut \u00eatre obtenu \u00e0 parti d\u2019amidon de ma\u00efs. Il ramollit autour de 50\u00b0, commence \u00e0 fondre \u00e0 160\u00b0 et est r\u00e9ellement travaill\u00e9 \u00e0 180\u00b0. Attention donc, il n\u2019est pas tr\u00e8s r\u00e9sistant \u00e0 la chaleur. Il est sensible \u00e0 l\u2019humidit\u00e9, il faut donc la maintenir au sec, ce qui peut aussi \u00eatre un probl\u00e8me. Son utilisation n\u00e9cessitera un peu plus d\u2019entretien sur la machine. La PLA ne plie pas vraiment, il aura tendance \u00e0 casser facilement si vous le maltraitez. Il sent bon quand il fond et conna\u00eetra un taux d\u2019\u00e9chec moins grand lors des impressions 3D.<br \/>(<a href=\"http:\/\/www.monunivers3d.com\/guide\/abs-pla\/\" target=\"_blank\" rel=\"noopener\">http:\/\/www.monunivers3d.com\/guide\/abs-pla\/<\/a>)<\/p><p>Le filament PLA\u00a0 pour imprimante 3D est un mat\u00e9riau naturel et biod\u00e9gradable, compos\u00e9 d&rsquo;amidon. Il s&rsquo;imprime sans plateau chauffant et son utilisation garantit des pi\u00e8ces imprim\u00e9es de qualit\u00e9 sans contrainte. Naturellement translucide, le fil PLA ou acide polylactique est l&rsquo;un des plastiques pour imprimante 3D les plus utilis\u00e9s pour les pi\u00e8ces de d\u00e9monstration ne n\u00e9cessitant pas de contraintes m\u00e9caniques.<\/p><p>Du petit prix vers la qualit\u00e9 pour votre achat de PLA, Makershop s\u00e9lectionne pour vous les meilleurs fabricants de PLA en bobine dans le monde. Retrouvez tous les conseils d&rsquo;impression des filaments PLA directement sur les fiches produits : temp\u00e9rature d&rsquo;extrusion, temp\u00e9rature d&rsquo;impression, nos conseils pour l&rsquo;impression et toutes les informations utiles pour l&rsquo;utilisation optimale du mat\u00e9riau.<\/p><p>G\u00e9n\u00e9ralement livr\u00e9es en bobine et dans un carton souple, les bobines de filament PLA sont disponibles dans de nombreuses couleurs. La qualit\u00e9 du fil reste pr\u00e9serv\u00e9e gr\u00e2ce une protection sous vide d&rsquo;air garantissant une conservation optimale du plastique ainsi que sa dur\u00e9e de vie et d&rsquo;utilisation.<\/p><p>Pas cher, abordable et simple, le PLA en bobine s&rsquo;imprime avec la technologie FDM qui d\u00e9pose le filament fondu directement sur le plateau de l&rsquo;imprimante 3D jusqu&rsquo;\u00e0 former l&rsquo;objet complet d\u00e9sir\u00e9. L&rsquo;achat est s\u00e9curis\u00e9 et garantit et les frais de ports sont offerts \u00e0 partir de 100 euros pour toute commande en ligne. Naviguez parmi les marques des fabricants et choisissez votre bobine parmi des dizaines de couleurs et diam\u00e8tres diff\u00e9rents.<\/p>\t\t\t\t\t\t<\/div>\n\t\t\t\t<\/div>\n\t\t\t\t\t<\/div>\n\t\t<\/div>\n\t\t\t\t\t<\/div>\n\t\t<\/section>\n\t\t\t\t<section class=\"elementor-section elementor-top-section elementor-element elementor-element-caf6c75 elementor-section-boxed elementor-section-height-default elementor-section-height-default\" data-id=\"caf6c75\" data-element_type=\"section\">\n\t\t\t\t\t\t<div class=\"elementor-container elementor-column-gap-default\">\n\t\t\t\t\t<div class=\"elementor-column elementor-col-100 elementor-top-column elementor-element elementor-element-99875e6\" data-id=\"99875e6\" data-element_type=\"column\">\n\t\t\t<div class=\"elementor-widget-wrap elementor-element-populated\">\n\t\t\t\t\t\t<div class=\"elementor-element elementor-element-30f615c elementor-widget elementor-widget-heading\" data-id=\"30f615c\" data-element_type=\"widget\" data-settings=\"{&quot;_animation&quot;:&quot;none&quot;}\" data-widget_type=\"heading.default\">\n\t\t\t\t<div class=\"elementor-widget-container\">\n\t\t\t<h2 class=\"elementor-heading-title elementor-size-default\">PLA renforc\u00e9<\/h2>\t\t<\/div>\n\t\t\t\t<\/div>\n\t\t\t\t<div class=\"elementor-element elementor-element-603164f elementor-widget elementor-widget-text-editor\" data-id=\"603164f\" data-element_type=\"widget\" data-widget_type=\"text-editor.default\">\n\t\t\t\t<div class=\"elementor-widget-container\">\n\t\t\t\t\t\t\t<p>Ce PLA est renforc\u00e9 mais reste simple \u00e0 imprimer sans n\u00e9cessiter de plateau chauffant et avec une r\u00e9sistance sup\u00e9rieure \u00e0 l&rsquo;ABS mais sans d\u00e9formations. Un PLA plus durable dans le temps et plus solide dans les chocs potentiels sur les pi\u00e8ces complexes.<\/p><p>Les bobines de PLA renforc\u00e9 sont imprimables et utilisables dans diff\u00e9rentes conditions : milieu industriel et professionnel mais aussi pour des objets d\u00e9coratifs dont on souhaite un renforcement et une solidit\u00e9 \u00e0 toute \u00e9preuve.<\/p><p>Le PLA renforc\u00e9 permet d&rsquo;aller au-del\u00e0 d&rsquo;un PLA classique tout en conservant une tr\u00e8s grande simplicit\u00e9 d&rsquo;utilisation sans plateau chauffant et sans warping. Il convient parfaitement pour r\u00e9aliser du prototypage rapide ou des pi\u00e8ces fonctionnelles.<\/p>\t\t\t\t\t\t<\/div>\n\t\t\t\t<\/div>\n\t\t\t\t\t<\/div>\n\t\t<\/div>\n\t\t\t\t\t<\/div>\n\t\t<\/section>\n\t\t\t\t<section class=\"elementor-section elementor-top-section elementor-element elementor-element-31d67f1 elementor-section-boxed elementor-section-height-default elementor-section-height-default\" data-id=\"31d67f1\" data-element_type=\"section\">\n\t\t\t\t\t\t<div class=\"elementor-container elementor-column-gap-default\">\n\t\t\t\t\t<div class=\"elementor-column elementor-col-100 elementor-top-column elementor-element elementor-element-87d5b8b\" data-id=\"87d5b8b\" data-element_type=\"column\">\n\t\t\t<div class=\"elementor-widget-wrap elementor-element-populated\">\n\t\t\t\t\t\t<div class=\"elementor-element elementor-element-e56a64e elementor-widget elementor-widget-heading\" data-id=\"e56a64e\" data-element_type=\"widget\" data-settings=\"{&quot;_animation&quot;:&quot;none&quot;}\" data-widget_type=\"heading.default\">\n\t\t\t\t<div class=\"elementor-widget-container\">\n\t\t\t<h2 class=\"elementor-heading-title elementor-size-default\">Bois<\/h2>\t\t<\/div>\n\t\t\t\t<\/div>\n\t\t\t\t<div class=\"elementor-element elementor-element-ff0f1e0 elementor-widget elementor-widget-text-editor\" data-id=\"ff0f1e0\" data-element_type=\"widget\" data-widget_type=\"text-editor.default\">\n\t\t\t\t<div class=\"elementor-widget-container\">\n\t\t\t\t\t\t\t<p>Le filament bois est un filament original d\u00e9di\u00e9 \u00e0 l&rsquo;impression 3D. Invent\u00e9 pour la premi\u00e8re fois par CC Products, le filament bois est aujourd\u2019hui produit par de nombreux fabricants qui produisent d\u00e9sormais ce fil pour imprimante 3D, dont ColorFabb qui est un fabricant Hollandais. Les bobines de filaments bois sont compos\u00e9es \u00e0 40% de fibres de bois broy\u00e9es. Elles sont disponibles en diam\u00e8tre 1.75mm ou bien 2.85mm selon votre imprimante 3D.<br \/><br \/>Le PLA sert de colle pour l&rsquo;impression 3D, le fil de bois d\u00e9gage une odeur caract\u00e9ristique \u00e0 l&rsquo;impression. Une fois imprim\u00e9, le prototype garde cette odeur bois\u00e9e pendant encore quelques jours. C\u00f4t\u00e9 toucher, les pi\u00e8ces imprim\u00e9es ont la particularit\u00e9 d&rsquo;avoir le toucher du bois taill\u00e9 sans sensation de plastique.<br \/><br \/>Le filament \u00e0 base de fibre de bois s&rsquo;imprime normalement mais a besoin d&rsquo;une vitesse lente pour bien s&rsquo;extruder \u00e0 travers la buse de l&rsquo;imprimante 3D. Pour les conseils d&rsquo;impression, et afin d&rsquo;\u00e9viter les probl\u00e8mes pour l&rsquo;imprimer, retrouvez les conseils avant l&rsquo;achat directement sur les fiches des produits concern\u00e9s. Nos experts vous indiquent comment bien imprimer chaque type de filament : du plus complexe au plus simple.<br \/><br \/>Retrouvez les bobines de bois plus ou moins fonc\u00e9es selon le fabricant dans les diam\u00e8tres 1.75mm ou 2.85mm. Il est possible de faire varier la teinte de l&rsquo;objet imprim\u00e9 en augmentant la temp\u00e9rature (bois fonc\u00e9) ou en la diminuant (bois clair). De quoi imprimer diff\u00e9rents objets sans changer de filament bois.<\/p>\t\t\t\t\t\t<\/div>\n\t\t\t\t<\/div>\n\t\t\t\t\t<\/div>\n\t\t<\/div>\n\t\t\t\t\t<\/div>\n\t\t<\/section>\n\t\t\t\t<section class=\"elementor-section elementor-top-section elementor-element elementor-element-59c5bbe elementor-section-boxed elementor-section-height-default elementor-section-height-default\" data-id=\"59c5bbe\" data-element_type=\"section\">\n\t\t\t\t\t\t<div class=\"elementor-container elementor-column-gap-default\">\n\t\t\t\t\t<div class=\"elementor-column elementor-col-100 elementor-top-column elementor-element elementor-element-c73a5b6\" data-id=\"c73a5b6\" data-element_type=\"column\">\n\t\t\t<div class=\"elementor-widget-wrap elementor-element-populated\">\n\t\t\t\t\t\t<div class=\"elementor-element elementor-element-64f4d7d elementor-widget elementor-widget-heading\" data-id=\"64f4d7d\" data-element_type=\"widget\" data-settings=\"{&quot;_animation&quot;:&quot;none&quot;}\" data-widget_type=\"heading.default\">\n\t\t\t\t<div class=\"elementor-widget-container\">\n\t\t\t<h2 class=\"elementor-heading-title elementor-size-default\">PMMA Plexiglas<\/h2>\t\t<\/div>\n\t\t\t\t<\/div>\n\t\t\t\t<div class=\"elementor-element elementor-element-a14c557 elementor-widget elementor-widget-text-editor\" data-id=\"a14c557\" data-element_type=\"widget\" data-widget_type=\"text-editor.default\">\n\t\t\t\t<div class=\"elementor-widget-container\">\n\t\t\t\t\t\t\t<p>Le filament PMMA est un filament pour impressions 3D de pi\u00e8ces et objets transparents. PMMA est l\u2019abr\u00e9viation de polym\u00e9thacrylate de m\u00e9thyle, une mati\u00e8re mieux connue sous le nom de Plexiglas. Il s\u2019utilise sur des imprimantes 3D \u00e0 d\u00e9p\u00f4t de filament (FDM) et est disponible en diam\u00e8tre 1.75mm et 2.85mm. Retrouvez ici les diff\u00e9rentes marques de bobine de filament PMMA disponibles \u00e0 l\u2019achat.<\/p><p>Le filament PMMA poss\u00e8de des caract\u00e9ristiques similaires \u00e0 celles du Plexiglas. L\u2019impression 3D avec du PMMA vous permet d\u2019obtenir des pi\u00e8ces translucides, voire transparentes. Ce filament est \u00e9galement semi-rigide, il peut supporter des flexions, ce qui rend vos impressions 3D r\u00e9sistantes aux chocs et aux impacts. Le filament PMMA peut \u00eatre utilis\u00e9 dans l\u2019impression d\u2019objets et de pi\u00e8ces pour un usage ext\u00e9rieur. En effet, le PMMA poss\u00e8de une bonne r\u00e9sistance \u00e0 la lumi\u00e8re et aux rayons ultra-violets.<\/p><p>Les impressions 3D avec le filament PMMA sont relativement complexes et n\u00e9cessitent de prendre quelques pr\u00e9cautions si vous souhaitez obtenir des impressions de qualit\u00e9 professionnelle. Le PMMA, ou Plexiglas, est une mati\u00e8re qui s\u2019imprime \u00e0 une temp\u00e9rature comprise entre 230 et 250\u00b0C. Afin d\u2019\u00e9viter \u00e0 vos pi\u00e8ces de se d\u00e9coller au cours de l\u2019impression, assurez-vous avant votre achat de filament PMMA que votre imprimante est \u00e9quip\u00e9e d\u2019un plateau chauffant. Nous vous conseillons de faire chauffer votre plateau \u00e0 une temp\u00e9rature minimum de 60\u00b0C.<\/p><p>Pour un meilleur rendu de vos impression 3D avec le filament PMMA, il est recommand\u00e9 de param\u00e9trer une faible vitesse d\u2019impression (de 20 \u00e0 40mm\/s). En effet, plus la vitesse d\u2019impression sera basse, plus vos impressions en PMMA auront un rendu transparent. Enfin, un post-traitement peut \u00eatre effectu\u00e9 apr\u00e8s l\u2019impression de vos pi\u00e8ces. Pour donner \u00e0 vos impressions 3D en PMMA, ou Plexiglas, un aspect plus brillant et plus lisse, il vous suffit de polir et poncer vos pi\u00e8ces avec du papier de verre.<\/p>\t\t\t\t\t\t<\/div>\n\t\t\t\t<\/div>\n\t\t\t\t\t<\/div>\n\t\t<\/div>\n\t\t\t\t\t<\/div>\n\t\t<\/section>\n\t\t\t\t<section class=\"elementor-section elementor-top-section elementor-element elementor-element-1e2eed3 elementor-section-boxed elementor-section-height-default elementor-section-height-default\" data-id=\"1e2eed3\" data-element_type=\"section\">\n\t\t\t\t\t\t<div class=\"elementor-container elementor-column-gap-default\">\n\t\t\t\t\t<div class=\"elementor-column elementor-col-100 elementor-top-column elementor-element elementor-element-a828cbf\" data-id=\"a828cbf\" data-element_type=\"column\">\n\t\t\t<div class=\"elementor-widget-wrap elementor-element-populated\">\n\t\t\t\t\t\t<div class=\"elementor-element elementor-element-2257f7c elementor-widget elementor-widget-heading\" data-id=\"2257f7c\" data-element_type=\"widget\" data-settings=\"{&quot;_animation&quot;:&quot;none&quot;}\" data-widget_type=\"heading.default\">\n\t\t\t\t<div class=\"elementor-widget-container\">\n\t\t\t<h2 class=\"elementor-heading-title elementor-size-default\">Nylon<\/h2>\t\t<\/div>\n\t\t\t\t<\/div>\n\t\t\t\t<div class=\"elementor-element elementor-element-81836f8 elementor-widget elementor-widget-text-editor\" data-id=\"81836f8\" data-element_type=\"widget\" data-widget_type=\"text-editor.default\">\n\t\t\t\t<div class=\"elementor-widget-container\">\n\t\t\t\t\t\t\t<p>Le nylon est une excellente mati\u00e8re plastique polyamide pour le prototypage rapide. Il s&rsquo;imprime \u00e0 de hautes temp\u00e9ratures (240\u00b0C +) et est sujet aux d\u00e9collements.<\/p><p>Largement utilis\u00e9 dans le domaine textile ou l&rsquo;industrie automobile pour la r\u00e9alisation de pi\u00e8ces m\u00e9caniques, le nylon est tr\u00e8s r\u00e9sistant aux chocs et frottements. Il est aussi flottant et permet donc des utilisations tr\u00e8s diverses pour le prototypage rapide et l&rsquo;impression 3D.<\/p><p>Le fabricant am\u00e9ricain Taulman met au point diff\u00e9rents types de nylons principalement pour le domaine m\u00e9dical ou la chirurgie. Toutes les informations sur les propri\u00e9t\u00e9s sont pr\u00e9sentes sur la fiche produit. Ces filaments nylon destin\u00e9s au domaine m\u00e9dical ou \u00e0 la chirurgie permettent de cr\u00e9er des proth\u00e8ses, des os, particuli\u00e8rement recherch\u00e9s dans les cliniques ou h\u00f4pitaux.<\/p><p>Cette mati\u00e8re est contrainte aux d\u00e9collements des angles et n\u00e9cessite un plateau chauffant afin de conserver l&rsquo;aspect dimensionnel de l&rsquo;objet. Avant d&rsquo;acheter du fil Nylon et afin de lutter contre cet effet de warping, il est conseill\u00e9 d&rsquo;utiliser de la colle ou du spray adh\u00e9sif sur le plateau d&rsquo;impression de l&rsquo;imprimante 3D.<\/p>\t\t\t\t\t\t<\/div>\n\t\t\t\t<\/div>\n\t\t\t\t\t<\/div>\n\t\t<\/div>\n\t\t\t\t\t<\/div>\n\t\t<\/section>\n\t\t\t\t<\/div>\n\t\t","protected":false},"excerpt":{"rendered":"<p>ABS L\u2019ABS est un polym\u00e8re thermoplastique. Il est souvent utilis\u00e9 dans les appareils \u00e9lectro-m\u00e9nagers (les cafeti\u00e8res par exemple). C\u2019est \u00e9galement le m\u00eame genre de plastique que les L\u00e9go. Il ramollit \u00e0 90\u00b0, commence \u00e0 fondre \u00e0 180\u00b0 et est r\u00e9ellement travaill\u00e9 vers 230\u00b0. Il est donc plus r\u00e9sistant \u00e0 la chaleur que le PLA. Contrairement [&hellip;]<\/p>\n","protected":false},"author":1,"featured_media":0,"parent":0,"menu_order":0,"comment_status":"closed","ping_status":"closed","template":"","meta":{"ocean_post_layout":"","ocean_both_sidebars_style":"","ocean_both_sidebars_content_width":0,"ocean_both_sidebars_sidebars_width":0,"ocean_sidebar":"0","ocean_second_sidebar":"0","ocean_disable_margins":"enable","ocean_add_body_class":"","ocean_shortcode_before_top_bar":"","ocean_shortcode_after_top_bar":"","ocean_shortcode_before_header":"","ocean_shortcode_after_header":"","ocean_has_shortcode":"","ocean_shortcode_after_title":"","ocean_shortcode_before_footer_widgets":"","ocean_shortcode_after_footer_widgets":"","ocean_shortcode_before_footer_bottom":"","ocean_shortcode_after_footer_bottom":"","ocean_display_top_bar":"default","ocean_display_header":"default","ocean_header_style":"","ocean_center_header_left_menu":"0","ocean_custom_header_template":"0","ocean_custom_logo":0,"ocean_custom_retina_logo":0,"ocean_custom_logo_max_width":0,"ocean_custom_logo_tablet_max_width":0,"ocean_custom_logo_mobile_max_width":0,"ocean_custom_logo_max_height":0,"ocean_custom_logo_tablet_max_height":0,"ocean_custom_logo_mobile_max_height":0,"ocean_header_custom_menu":"0","ocean_menu_typo_font_family":"0","ocean_menu_typo_font_subset":"","ocean_menu_typo_font_size":0,"ocean_menu_typo_font_size_tablet":0,"ocean_menu_typo_font_size_mobile":0,"ocean_menu_typo_font_size_unit":"px","ocean_menu_typo_font_weight":"","ocean_menu_typo_font_weight_tablet":"","ocean_menu_typo_font_weight_mobile":"","ocean_menu_typo_transform":"","ocean_menu_typo_transform_tablet":"","ocean_menu_typo_transform_mobile":"","ocean_menu_typo_line_height":0,"ocean_menu_typo_line_height_tablet":0,"ocean_menu_typo_line_height_mobile":0,"ocean_menu_typo_line_height_unit":"","ocean_menu_typo_spacing":0,"ocean_menu_typo_spacing_tablet":0,"ocean_menu_typo_spacing_mobile":0,"ocean_menu_typo_spacing_unit":"","ocean_menu_link_color":"","ocean_menu_link_color_hover":"","ocean_menu_link_color_active":"","ocean_menu_link_background":"","ocean_menu_link_hover_background":"","ocean_menu_link_active_background":"","ocean_menu_social_links_bg":"","ocean_menu_social_hover_links_bg":"","ocean_menu_social_links_color":"","ocean_menu_social_hover_links_color":"","ocean_disable_title":"default","ocean_disable_heading":"default","ocean_post_title":"","ocean_post_subheading":"","ocean_post_title_style":"","ocean_post_title_background_color":"","ocean_post_title_background":0,"ocean_post_title_bg_image_position":"","ocean_post_title_bg_image_attachment":"","ocean_post_title_bg_image_repeat":"","ocean_post_title_bg_image_size":"","ocean_post_title_height":0,"ocean_post_title_bg_overlay":0.5,"ocean_post_title_bg_overlay_color":"","ocean_disable_breadcrumbs":"default","ocean_breadcrumbs_color":"","ocean_breadcrumbs_separator_color":"","ocean_breadcrumbs_links_color":"","ocean_breadcrumbs_links_hover_color":"","ocean_display_footer_widgets":"default","ocean_display_footer_bottom":"default","ocean_custom_footer_template":"0","footnotes":""},"class_list":["post-785","page","type-page","status-publish","hentry","entry"],"_links":{"self":[{"href":"https:\/\/lesmrdtrucs.mataf35400.fr\/index.php\/wp-json\/wp\/v2\/pages\/785","targetHints":{"allow":["GET"]}}],"collection":[{"href":"https:\/\/lesmrdtrucs.mataf35400.fr\/index.php\/wp-json\/wp\/v2\/pages"}],"about":[{"href":"https:\/\/lesmrdtrucs.mataf35400.fr\/index.php\/wp-json\/wp\/v2\/types\/page"}],"author":[{"embeddable":true,"href":"https:\/\/lesmrdtrucs.mataf35400.fr\/index.php\/wp-json\/wp\/v2\/users\/1"}],"replies":[{"embeddable":true,"href":"https:\/\/lesmrdtrucs.mataf35400.fr\/index.php\/wp-json\/wp\/v2\/comments?post=785"}],"version-history":[{"count":7,"href":"https:\/\/lesmrdtrucs.mataf35400.fr\/index.php\/wp-json\/wp\/v2\/pages\/785\/revisions"}],"predecessor-version":[{"id":797,"href":"https:\/\/lesmrdtrucs.mataf35400.fr\/index.php\/wp-json\/wp\/v2\/pages\/785\/revisions\/797"}],"wp:attachment":[{"href":"https:\/\/lesmrdtrucs.mataf35400.fr\/index.php\/wp-json\/wp\/v2\/media?parent=785"}],"curies":[{"name":"wp","href":"https:\/\/api.w.org\/{rel}","templated":true}]}}