{"id":742,"date":"2022-12-07T17:29:46","date_gmt":"2022-12-07T16:29:46","guid":{"rendered":"http:\/\/lesmrdtrucs.mataf35400.fr\/?page_id=742"},"modified":"2022-12-07T17:33:27","modified_gmt":"2022-12-07T16:33:27","slug":"tintin","status":"publish","type":"page","link":"https:\/\/lesmrdtrucs.mataf35400.fr\/index.php\/tintin\/","title":{"rendered":"Tintin"},"content":{"rendered":"\t\t<div data-elementor-type=\"wp-page\" data-elementor-id=\"742\" class=\"elementor elementor-742\">\n\t\t\t\t\t\t<section class=\"elementor-section elementor-top-section elementor-element elementor-element-39c4fcca elementor-section-boxed elementor-section-height-default elementor-section-height-default\" data-id=\"39c4fcca\" data-element_type=\"section\">\n\t\t\t\t\t\t<div class=\"elementor-container elementor-column-gap-default\">\n\t\t\t\t\t<div class=\"elementor-column elementor-col-100 elementor-top-column elementor-element elementor-element-2421ee80\" data-id=\"2421ee80\" data-element_type=\"column\">\n\t\t\t<div class=\"elementor-widget-wrap elementor-element-populated\">\n\t\t\t\t\t\t<div class=\"elementor-element elementor-element-2404366e elementor-widget elementor-widget-text-editor\" data-id=\"2404366e\" data-element_type=\"widget\" data-widget_type=\"text-editor.default\">\n\t\t\t\t<div class=\"elementor-widget-container\">\n\t\t\t\t\t\t\t<p>01 &#8211; Tintin au pays des Soviets, septembre 1930<br \/>02 &#8211; Tintin au Congo, juillet 1931<br \/>03 &#8211; Tintin en Am\u00e9rique, novembre 1932<br \/>04 &#8211; Les Cigares du pharaon, octobre 1934<br \/>05 &#8211; Le Lotus bleu, septembre 1936<br \/>06 &#8211; L&rsquo;oreille cass\u00e9e, novembre 1937<br \/>07 &#8211; L&rsquo;\u00eele Noire, novembre 1938<br \/>08 &#8211; Le Sceptre d&rsquo;Ottokar, janvier 1940<br \/>09 &#8211; Le Crabe aux pinces d&rsquo;or, novembre 1941<br \/>10 &#8211; L&rsquo;\u00e9toile myst\u00e9rieuse, d\u00e9cembre 1942<br \/>11 &#8211; Le Secret de La Licorne, octobre 1943<br \/>12 &#8211; Le Tr\u00e9sor de Rackham le Rouge, novembre 1944<br \/>13 &#8211; Les Sept Boules de cristal, septembre 1948<br \/>14 &#8211; Le Temple du Soleil, septembre 1949<br \/>15 &#8211; Tintin au pays de l&rsquo;or noir, d\u00e9cembre 1950<br \/>16 &#8211; Objectif Lune, septembre 1953<br \/>17 &#8211; On a march\u00e9 sur la Lune, ao\u00fbt 1954<br \/>18 &#8211; L&rsquo;affaire Tournesol, octobre 1956<br \/>19 &#8211; Coke en stock, juillet 1958<br \/>20 &#8211; Tintin au Tibet, janvier 1960<br \/>21 &#8211; Les Bijoux de la Castafiore, janvier 1963<br \/>22 &#8211; Vol 714 pour Sydney, janvier 1968<br \/>23 &#8211; Tintin et les Picaros, janvier 1976<br \/>24 &#8211; <span style=\"color: #999999;\">Tintin et l&rsquo;Alph-Art, octobre 1986<\/span><\/p>\t\t\t\t\t\t<\/div>\n\t\t\t\t<\/div>\n\t\t\t\t\t<\/div>\n\t\t<\/div>\n\t\t\t\t\t<\/div>\n\t\t<\/section>\n\t\t\t\t<section class=\"elementor-section elementor-top-section elementor-element elementor-element-7524ae66 elementor-section-boxed elementor-section-height-default elementor-section-height-default\" data-id=\"7524ae66\" data-element_type=\"section\">\n\t\t\t\t\t\t<div class=\"elementor-container elementor-column-gap-default\">\n\t\t\t\t\t<div class=\"elementor-column elementor-col-100 elementor-top-column elementor-element elementor-element-6b0f2eb7\" data-id=\"6b0f2eb7\" data-element_type=\"column\">\n\t\t\t<div class=\"elementor-widget-wrap elementor-element-populated\">\n\t\t\t\t\t\t<div class=\"elementor-element elementor-element-bc050b8 elementor-widget elementor-widget-heading\" data-id=\"bc050b8\" data-element_type=\"widget\" data-widget_type=\"heading.default\">\n\t\t\t\t<div class=\"elementor-widget-container\">\n\t\t\t<h3 class=\"elementor-heading-title elementor-size-default\">Les aventures de Tintin au cin\u00e9ma<\/h3>\t\t<\/div>\n\t\t\t\t<\/div>\n\t\t\t\t<div class=\"elementor-element elementor-element-7159a138 elementor-widget elementor-widget-text-editor\" data-id=\"7159a138\" data-element_type=\"widget\" data-widget_type=\"text-editor.default\">\n\t\t\t\t<div class=\"elementor-widget-container\">\n\t\t\t\t\t\t\t<p>01 &#8211; Tintin et le myst\u00e8re de la toison d&rsquo;or<br \/>02 &#8211; Tintin et les oranges bleues<\/p>\t\t\t\t\t\t<\/div>\n\t\t\t\t<\/div>\n\t\t\t\t\t<\/div>\n\t\t<\/div>\n\t\t\t\t\t<\/div>\n\t\t<\/section>\n\t\t\t\t<\/div>\n\t\t","protected":false},"excerpt":{"rendered":"<p>01 &#8211; Tintin au pays des Soviets, septembre 193002 &#8211; Tintin au Congo, juillet 193103 &#8211; Tintin en Am\u00e9rique, novembre 193204 &#8211; Les Cigares du pharaon, octobre 193405 &#8211; Le Lotus bleu, septembre 193606 &#8211; L&rsquo;oreille cass\u00e9e, novembre 193707 &#8211; L&rsquo;\u00eele Noire, novembre 193808 &#8211; Le Sceptre d&rsquo;Ottokar, janvier 194009 &#8211; Le Crabe aux pinces [&hellip;]<\/p>\n","protected":false},"author":1,"featured_media":0,"parent":0,"menu_order":0,"comment_status":"closed","ping_status":"closed","template":"","meta":{"ocean_post_layout":"","ocean_both_sidebars_style":"","ocean_both_sidebars_content_width":0,"ocean_both_sidebars_sidebars_width":0,"ocean_sidebar":"0","ocean_second_sidebar":"0","ocean_disable_margins":"enable","ocean_add_body_class":"","ocean_shortcode_before_top_bar":"","ocean_shortcode_after_top_bar":"","ocean_shortcode_before_header":"","ocean_shortcode_after_header":"","ocean_has_shortcode":"","ocean_shortcode_after_title":"","ocean_shortcode_before_footer_widgets":"","ocean_shortcode_after_footer_widgets":"","ocean_shortcode_before_footer_bottom":"","ocean_shortcode_after_footer_bottom":"","ocean_display_top_bar":"default","ocean_display_header":"default","ocean_header_style":"","ocean_center_header_left_menu":"0","ocean_custom_header_template":"0","ocean_custom_logo":0,"ocean_custom_retina_logo":0,"ocean_custom_logo_max_width":0,"ocean_custom_logo_tablet_max_width":0,"ocean_custom_logo_mobile_max_width":0,"ocean_custom_logo_max_height":0,"ocean_custom_logo_tablet_max_height":0,"ocean_custom_logo_mobile_max_height":0,"ocean_header_custom_menu":"0","ocean_menu_typo_font_family":"0","ocean_menu_typo_font_subset":"","ocean_menu_typo_font_size":0,"ocean_menu_typo_font_size_tablet":0,"ocean_menu_typo_font_size_mobile":0,"ocean_menu_typo_font_size_unit":"px","ocean_menu_typo_font_weight":"","ocean_menu_typo_font_weight_tablet":"","ocean_menu_typo_font_weight_mobile":"","ocean_menu_typo_transform":"","ocean_menu_typo_transform_tablet":"","ocean_menu_typo_transform_mobile":"","ocean_menu_typo_line_height":0,"ocean_menu_typo_line_height_tablet":0,"ocean_menu_typo_line_height_mobile":0,"ocean_menu_typo_line_height_unit":"","ocean_menu_typo_spacing":0,"ocean_menu_typo_spacing_tablet":0,"ocean_menu_typo_spacing_mobile":0,"ocean_menu_typo_spacing_unit":"","ocean_menu_link_color":"","ocean_menu_link_color_hover":"","ocean_menu_link_color_active":"","ocean_menu_link_background":"","ocean_menu_link_hover_background":"","ocean_menu_link_active_background":"","ocean_menu_social_links_bg":"","ocean_menu_social_hover_links_bg":"","ocean_menu_social_links_color":"","ocean_menu_social_hover_links_color":"","ocean_disable_title":"default","ocean_disable_heading":"default","ocean_post_title":"","ocean_post_subheading":"","ocean_post_title_style":"","ocean_post_title_background_color":"","ocean_post_title_background":0,"ocean_post_title_bg_image_position":"","ocean_post_title_bg_image_attachment":"","ocean_post_title_bg_image_repeat":"","ocean_post_title_bg_image_size":"","ocean_post_title_height":0,"ocean_post_title_bg_overlay":0.5,"ocean_post_title_bg_overlay_color":"","ocean_disable_breadcrumbs":"default","ocean_breadcrumbs_color":"","ocean_breadcrumbs_separator_color":"","ocean_breadcrumbs_links_color":"","ocean_breadcrumbs_links_hover_color":"","ocean_display_footer_widgets":"default","ocean_display_footer_bottom":"default","ocean_custom_footer_template":"0","footnotes":""},"class_list":["post-742","page","type-page","status-publish","hentry","entry"],"_links":{"self":[{"href":"https:\/\/lesmrdtrucs.mataf35400.fr\/index.php\/wp-json\/wp\/v2\/pages\/742","targetHints":{"allow":["GET"]}}],"collection":[{"href":"https:\/\/lesmrdtrucs.mataf35400.fr\/index.php\/wp-json\/wp\/v2\/pages"}],"about":[{"href":"https:\/\/lesmrdtrucs.mataf35400.fr\/index.php\/wp-json\/wp\/v2\/types\/page"}],"author":[{"embeddable":true,"href":"https:\/\/lesmrdtrucs.mataf35400.fr\/index.php\/wp-json\/wp\/v2\/users\/1"}],"replies":[{"embeddable":true,"href":"https:\/\/lesmrdtrucs.mataf35400.fr\/index.php\/wp-json\/wp\/v2\/comments?post=742"}],"version-history":[{"count":4,"href":"https:\/\/lesmrdtrucs.mataf35400.fr\/index.php\/wp-json\/wp\/v2\/pages\/742\/revisions"}],"predecessor-version":[{"id":750,"href":"https:\/\/lesmrdtrucs.mataf35400.fr\/index.php\/wp-json\/wp\/v2\/pages\/742\/revisions\/750"}],"wp:attachment":[{"href":"https:\/\/lesmrdtrucs.mataf35400.fr\/index.php\/wp-json\/wp\/v2\/media?parent=742"}],"curies":[{"name":"wp","href":"https:\/\/api.w.org\/{rel}","templated":true}]}}