{"id":733,"date":"2022-12-07T17:22:03","date_gmt":"2022-12-07T16:22:03","guid":{"rendered":"http:\/\/lesmrdtrucs.mataf35400.fr\/?page_id=733"},"modified":"2022-12-07T17:29:09","modified_gmt":"2022-12-07T16:29:09","slug":"thorgal","status":"publish","type":"page","link":"https:\/\/lesmrdtrucs.mataf35400.fr\/index.php\/thorgal\/","title":{"rendered":"Thorgal"},"content":{"rendered":"\t\t<div data-elementor-type=\"wp-page\" data-elementor-id=\"733\" class=\"elementor elementor-733\">\n\t\t\t\t\t\t<section class=\"elementor-section elementor-top-section elementor-element elementor-element-75baa819 elementor-section-boxed elementor-section-height-default elementor-section-height-default\" data-id=\"75baa819\" data-element_type=\"section\">\n\t\t\t\t\t\t<div class=\"elementor-container elementor-column-gap-default\">\n\t\t\t\t\t<div class=\"elementor-column elementor-col-100 elementor-top-column elementor-element elementor-element-4e55f8b\" data-id=\"4e55f8b\" data-element_type=\"column\">\n\t\t\t<div class=\"elementor-widget-wrap elementor-element-populated\">\n\t\t\t\t\t\t<div class=\"elementor-element elementor-element-750a8593 elementor-widget elementor-widget-text-editor\" data-id=\"750a8593\" data-element_type=\"widget\" data-widget_type=\"text-editor.default\">\n\t\t\t\t<div class=\"elementor-widget-container\">\n\t\t\t\t\t\t\t<p>01 &#8211; La Magicienne trahie, janvier 1980<br \/>02 &#8211; L&rsquo;\u00cele des mers gel\u00e9es, octobre 1980<br \/>03 &#8211; Les Trois Vieillards du pays d&rsquo;Aran, octobre 1981<br \/>04 &#8211; La Gal\u00e8re noire, mai 1982<br \/>05 &#8211; Au-del\u00e0 des ombres, ao\u00fbt 1983<br \/>06 &#8211; La Chute de Brek Zarith, juin 1984<br \/>07 &#8211; L&rsquo;Enfant des \u00e9toiles, septembre 1984<br \/>08 &#8211; Alino\u00eb, f\u00e9vrier 1985<br \/>09 &#8211; Les Archers, septembre 1985<br \/>10 &#8211; Le Pays Q\u00e2, avril 1986<br \/>11 &#8211; Les Yeux de Tanatloc, avril 1987<br \/>12 &#8211; La Cit\u00e9 du dieu perdu, octobre 1987<br \/>13 &#8211; Entre terre et lumi\u00e8re, novembre 1988<br \/>14 &#8211; Aaricia, mai 1989<br \/>15 &#8211; Le Ma\u00eetre des montagnes, octobre 1989<br \/>16 &#8211; Louve, novembre 1990<br \/>17 &#8211; La Gardienne des cl\u00e9s, juin 1991<br \/>18 &#8211; L&rsquo;\u00c9p\u00e9e-soleil, avril 1992<br \/>19 &#8211; La Forteresse invisible, novembre 1993<br \/>20 &#8211; La Marque des bannis, janvier 1995<br \/>21 &#8211; La Couronne d&rsquo;Ogota\u00ef, novembre 1995<br \/>22 &#8211; G\u00e9ants, novembre 1996<br \/>23 &#8211; La Cage, novembre 1997<br \/>24 &#8211; Arachn\u00e9a, avril 1999<br \/>25 &#8211; Le Mal bleu, novembre 1999<br \/>26 &#8211; Le Royaume sous le sable, novembre 2001<br \/>27 &#8211; Le Barbare, novembre 2002<br \/>28 &#8211; Kriss de Valnor, octobre 2004<br \/>29 &#8211; Le Sacrifice, novembre 2006<br \/>30 &#8211; Moi, Jolan, octobre 2007<br \/>31 &#8211; Le Bouclier de Thor, novembre 2008<br \/>32 &#8211; La Bataille d&rsquo;Asgard, novembre 2010<br \/>33 &#8211; Le Bateau-sabre, novembre 2011<br \/>34 &#8211; <span style=\"color: #ff0000;\"><strong>Kah-Aniel, novembre 2013<\/strong><\/span><\/p>\t\t\t\t\t\t<\/div>\n\t\t\t\t<\/div>\n\t\t\t\t\t<\/div>\n\t\t<\/div>\n\t\t\t\t\t<\/div>\n\t\t<\/section>\n\t\t\t\t<section class=\"elementor-section elementor-top-section elementor-element elementor-element-1f8db447 elementor-section-boxed elementor-section-height-default elementor-section-height-default\" data-id=\"1f8db447\" data-element_type=\"section\">\n\t\t\t\t\t\t<div class=\"elementor-container elementor-column-gap-default\">\n\t\t\t\t\t<div class=\"elementor-column elementor-col-100 elementor-top-column elementor-element elementor-element-dc7d208\" data-id=\"dc7d208\" data-element_type=\"column\">\n\t\t\t<div class=\"elementor-widget-wrap elementor-element-populated\">\n\t\t\t\t\t\t<div class=\"elementor-element elementor-element-3eed7aa5 elementor-widget elementor-widget-heading\" data-id=\"3eed7aa5\" data-element_type=\"widget\" data-settings=\"{&quot;_animation&quot;:&quot;none&quot;}\" data-widget_type=\"heading.default\">\n\t\t\t\t<div class=\"elementor-widget-container\">\n\t\t\t<h2 class=\"elementor-heading-title elementor-size-default\">Les Mondes de Thorgal<\/h2>\t\t<\/div>\n\t\t\t\t<\/div>\n\t\t\t\t<div class=\"elementor-element elementor-element-3f6d8a3d elementor-widget elementor-widget-heading\" data-id=\"3f6d8a3d\" data-element_type=\"widget\" data-widget_type=\"heading.default\">\n\t\t\t\t<div class=\"elementor-widget-container\">\n\t\t\t<h3 class=\"elementor-heading-title elementor-size-default\">Kriss de Valnor<\/h3>\t\t<\/div>\n\t\t\t\t<\/div>\n\t\t\t\t<div class=\"elementor-element elementor-element-566da592 elementor-widget elementor-widget-text-editor\" data-id=\"566da592\" data-element_type=\"widget\" data-widget_type=\"text-editor.default\">\n\t\t\t\t<div class=\"elementor-widget-container\">\n\t\t\t\t\t\t\t<p>01 &#8211; Je n&rsquo;oublie rien !, novembre 2010<br \/>02 &#8211; La sentence des Walkyries, mars 2012<br \/>03 &#8211; <span style=\"color: #ff0000;\"><strong>Digne d&rsquo;une reine, novembre 2012<\/strong><\/span><br \/>04 &#8211; <span style=\"color: #ff0000;\"><strong>Alliances, octobre 2013<\/strong><\/span><br \/>05 &#8211; <span style=\"color: #ff0000;\"><strong>Rouge comme le Raheborg, novembre 2014<\/strong><\/span><\/p>\t\t\t\t\t\t<\/div>\n\t\t\t\t<\/div>\n\t\t\t\t<div class=\"elementor-element elementor-element-7f841b3 elementor-widget elementor-widget-heading\" data-id=\"7f841b3\" data-element_type=\"widget\" data-widget_type=\"heading.default\">\n\t\t\t\t<div class=\"elementor-widget-container\">\n\t\t\t<h3 class=\"elementor-heading-title elementor-size-default\">Louve<\/h3>\t\t<\/div>\n\t\t\t\t<\/div>\n\t\t\t\t<div class=\"elementor-element elementor-element-2a8ad3a elementor-widget elementor-widget-text-editor\" data-id=\"2a8ad3a\" data-element_type=\"widget\" data-widget_type=\"text-editor.default\">\n\t\t\t\t<div class=\"elementor-widget-container\">\n\t\t\t\t\t\t\t<p>01 &#8211; <span style=\"color: #ff0000;\"><strong>Ra\u00efssa, novembre 2011<\/strong><\/span><br \/>02 &#8211; <span style=\"color: #ff0000;\"><strong>La Main coup\u00e9e du dieu Tyr, novembre 2012<\/strong><\/span><br \/>03 &#8211; <span style=\"color: #ff0000;\"><strong>Le Royaume du chaos, avril 2013<\/strong><\/span><br \/>04 &#8211; <span style=\"color: #ff0000;\"><strong>Crow, avril 2014<\/strong><\/span><br \/>05 &#8211; <span style=\"color: #ff0000;\"><strong>Skald, janvier 2015<\/strong><\/span><\/p>\t\t\t\t\t\t<\/div>\n\t\t\t\t<\/div>\n\t\t\t\t\t<\/div>\n\t\t<\/div>\n\t\t\t\t\t<\/div>\n\t\t<\/section>\n\t\t\t\t<\/div>\n\t\t","protected":false},"excerpt":{"rendered":"<p>01 &#8211; La Magicienne trahie, janvier 198002 &#8211; L&rsquo;\u00cele des mers gel\u00e9es, octobre 198003 &#8211; Les Trois Vieillards du pays d&rsquo;Aran, octobre 198104 &#8211; La Gal\u00e8re noire, mai 198205 &#8211; Au-del\u00e0 des ombres, ao\u00fbt 198306 &#8211; La Chute de Brek Zarith, juin 198407 &#8211; L&rsquo;Enfant des \u00e9toiles, septembre 198408 &#8211; Alino\u00eb, f\u00e9vrier 198509 &#8211; Les [&hellip;]<\/p>\n","protected":false},"author":1,"featured_media":0,"parent":0,"menu_order":0,"comment_status":"closed","ping_status":"closed","template":"","meta":{"ocean_post_layout":"","ocean_both_sidebars_style":"","ocean_both_sidebars_content_width":0,"ocean_both_sidebars_sidebars_width":0,"ocean_sidebar":"0","ocean_second_sidebar":"0","ocean_disable_margins":"enable","ocean_add_body_class":"","ocean_shortcode_before_top_bar":"","ocean_shortcode_after_top_bar":"","ocean_shortcode_before_header":"","ocean_shortcode_after_header":"","ocean_has_shortcode":"","ocean_shortcode_after_title":"","ocean_shortcode_before_footer_widgets":"","ocean_shortcode_after_footer_widgets":"","ocean_shortcode_before_footer_bottom":"","ocean_shortcode_after_footer_bottom":"","ocean_display_top_bar":"default","ocean_display_header":"default","ocean_header_style":"","ocean_center_header_left_menu":"0","ocean_custom_header_template":"0","ocean_custom_logo":0,"ocean_custom_retina_logo":0,"ocean_custom_logo_max_width":0,"ocean_custom_logo_tablet_max_width":0,"ocean_custom_logo_mobile_max_width":0,"ocean_custom_logo_max_height":0,"ocean_custom_logo_tablet_max_height":0,"ocean_custom_logo_mobile_max_height":0,"ocean_header_custom_menu":"0","ocean_menu_typo_font_family":"0","ocean_menu_typo_font_subset":"","ocean_menu_typo_font_size":0,"ocean_menu_typo_font_size_tablet":0,"ocean_menu_typo_font_size_mobile":0,"ocean_menu_typo_font_size_unit":"px","ocean_menu_typo_font_weight":"","ocean_menu_typo_font_weight_tablet":"","ocean_menu_typo_font_weight_mobile":"","ocean_menu_typo_transform":"","ocean_menu_typo_transform_tablet":"","ocean_menu_typo_transform_mobile":"","ocean_menu_typo_line_height":0,"ocean_menu_typo_line_height_tablet":0,"ocean_menu_typo_line_height_mobile":0,"ocean_menu_typo_line_height_unit":"","ocean_menu_typo_spacing":0,"ocean_menu_typo_spacing_tablet":0,"ocean_menu_typo_spacing_mobile":0,"ocean_menu_typo_spacing_unit":"","ocean_menu_link_color":"","ocean_menu_link_color_hover":"","ocean_menu_link_color_active":"","ocean_menu_link_background":"","ocean_menu_link_hover_background":"","ocean_menu_link_active_background":"","ocean_menu_social_links_bg":"","ocean_menu_social_hover_links_bg":"","ocean_menu_social_links_color":"","ocean_menu_social_hover_links_color":"","ocean_disable_title":"default","ocean_disable_heading":"default","ocean_post_title":"","ocean_post_subheading":"","ocean_post_title_style":"","ocean_post_title_background_color":"","ocean_post_title_background":0,"ocean_post_title_bg_image_position":"","ocean_post_title_bg_image_attachment":"","ocean_post_title_bg_image_repeat":"","ocean_post_title_bg_image_size":"","ocean_post_title_height":0,"ocean_post_title_bg_overlay":0.5,"ocean_post_title_bg_overlay_color":"","ocean_disable_breadcrumbs":"default","ocean_breadcrumbs_color":"","ocean_breadcrumbs_separator_color":"","ocean_breadcrumbs_links_color":"","ocean_breadcrumbs_links_hover_color":"","ocean_display_footer_widgets":"default","ocean_display_footer_bottom":"default","ocean_custom_footer_template":"0","footnotes":""},"class_list":["post-733","page","type-page","status-publish","hentry","entry"],"_links":{"self":[{"href":"https:\/\/lesmrdtrucs.mataf35400.fr\/index.php\/wp-json\/wp\/v2\/pages\/733","targetHints":{"allow":["GET"]}}],"collection":[{"href":"https:\/\/lesmrdtrucs.mataf35400.fr\/index.php\/wp-json\/wp\/v2\/pages"}],"about":[{"href":"https:\/\/lesmrdtrucs.mataf35400.fr\/index.php\/wp-json\/wp\/v2\/types\/page"}],"author":[{"embeddable":true,"href":"https:\/\/lesmrdtrucs.mataf35400.fr\/index.php\/wp-json\/wp\/v2\/users\/1"}],"replies":[{"embeddable":true,"href":"https:\/\/lesmrdtrucs.mataf35400.fr\/index.php\/wp-json\/wp\/v2\/comments?post=733"}],"version-history":[{"count":4,"href":"https:\/\/lesmrdtrucs.mataf35400.fr\/index.php\/wp-json\/wp\/v2\/pages\/733\/revisions"}],"predecessor-version":[{"id":741,"href":"https:\/\/lesmrdtrucs.mataf35400.fr\/index.php\/wp-json\/wp\/v2\/pages\/733\/revisions\/741"}],"wp:attachment":[{"href":"https:\/\/lesmrdtrucs.mataf35400.fr\/index.php\/wp-json\/wp\/v2\/media?parent=733"}],"curies":[{"name":"wp","href":"https:\/\/api.w.org\/{rel}","templated":true}]}}