{"id":716,"date":"2022-12-07T17:13:27","date_gmt":"2022-12-07T16:13:27","guid":{"rendered":"http:\/\/lesmrdtrucs.mataf35400.fr\/?page_id=716"},"modified":"2022-12-07T17:19:02","modified_gmt":"2022-12-07T16:19:02","slug":"spirou","status":"publish","type":"page","link":"https:\/\/lesmrdtrucs.mataf35400.fr\/index.php\/spirou\/","title":{"rendered":"Spirou"},"content":{"rendered":"\t\t<div data-elementor-type=\"wp-page\" data-elementor-id=\"716\" class=\"elementor elementor-716\">\n\t\t\t\t\t\t<section class=\"elementor-section elementor-top-section elementor-element elementor-element-3b4dabe3 elementor-section-boxed elementor-section-height-default elementor-section-height-default\" data-id=\"3b4dabe3\" data-element_type=\"section\">\n\t\t\t\t\t\t<div class=\"elementor-container elementor-column-gap-default\">\n\t\t\t\t\t<div class=\"elementor-column elementor-col-100 elementor-top-column elementor-element elementor-element-75199553\" data-id=\"75199553\" data-element_type=\"column\">\n\t\t\t<div class=\"elementor-widget-wrap elementor-element-populated\">\n\t\t\t\t\t\t<div class=\"elementor-element elementor-element-5fabab52 elementor-widget elementor-widget-text-editor\" data-id=\"5fabab52\" data-element_type=\"widget\" data-widget_type=\"text-editor.default\">\n\t\t\t\t<div class=\"elementor-widget-container\">\n\t\t\t\t\t\t\t<p>01 &#8211; Quatre aventures de Spirou et Fantasio, 1950<br \/>02 &#8211; Il y a un sorcier \u00e0 Champignac, 1951<br \/>03 &#8211; Les Chapeaux noirs, 1952<br \/>04 &#8211; Spirou et les h\u00e9ritiers, 1952<br \/>05 &#8211; Les Voleurs du Marsupilami, 1954<br \/>06 &#8211; La Corne de rhinoc\u00e9ros, 1955<br \/>07 &#8211; Le Dictateur et le champignon, 1956<br \/>08 &#8211; La Mauvaise t\u00eate, 1956<br \/>09 &#8211; Le Repaire de la mur\u00e8ne, 1957<br \/>10 &#8211; Les Pirates du silence, 1959<br \/>11 &#8211; Le Gorille a bonne mine, 1959<br \/>12 &#8211; Le Nid des Marsupilamis, 1960<br \/>13 &#8211; Le Voyageur du m\u00e9sozo\u00efque, 1960<br \/>14 &#8211; Le Prisonnier du Bouddha, 1961<br \/>15 &#8211; Z comme Zorglub, 1961<br \/>16 &#8211; L&rsquo;Ombre du Z, 1962<br \/>17 &#8211; Spirou et les hommes-bulles, 1964<br \/>18 &#8211; QRN sur Bretzelburg, 1966<br \/>19 &#8211; Panade \u00e0 Champignac, 1969<br \/>20 &#8211; Le Faiseur d&rsquo;or, 1970<br \/>21 &#8211; Du glucose pour No\u00e9mie, 1971<br \/>22 &#8211; L&rsquo;Abbaye truqu\u00e9e, 1972<br \/>23 &#8211; Tora Torapa, 1973<br \/>24 &#8211; Tembo Tabou, 1974<br \/>25 &#8211; Le Gri-gri du Niokolo-Koba, 1974<br \/>26 &#8211; Du cidre pour les \u00e9toiles, 1976<br \/>27 &#8211; L&rsquo;Ankou, 1977<br \/>28 &#8211; Kodo le tyran, 1979<br \/>29 &#8211; Des haricots partout, 1980<br \/>30 &#8211; La Ceinture du grand froid, 1983<br \/>31 &#8211; La Bo\u00eete noire, 1983<br \/>32 &#8211; Les Faiseurs de silence, 1984<br \/>33 &#8211; Virus, 1984<br \/>34 &#8211; Aventure en Australie, 1985<br \/>35 &#8211; Qui arr\u00eatera Cyanure ?, 1985<br \/>36 &#8211; L&rsquo;Horloger de la com\u00e8te, 1986<br \/>37 &#8211; Le R\u00e9veil du Z, 1986<br \/>38 &#8211; <span style=\"color: #ff0000;\"><strong>La Jeunesse de Spirou, 1987<\/strong><\/span><br \/>39 &#8211; Spirou \u00e0 New York, 1987<br \/>40 &#8211; La Frousse aux trousses, 1988<br \/>41 &#8211; La Vall\u00e9e des bannis, 1989<br \/>42 &#8211; Spirou \u00e0 Moscou, 1990<br \/>43 &#8211; Vito la D\u00e9veine, 1991<br \/>44 &#8211; Le Rayon noir, 1993<br \/>45 &#8211; Luna fatale, 1995<br \/>46 &#8211; Machine qui r\u00eave, 1998<br \/>47 &#8211; <span style=\"color: #ff0000;\"><strong>Paris-sous-Seine, 2004<\/strong><\/span><br \/>48 &#8211; <span style=\"color: #ff0000;\"><strong>L&rsquo;Homme qui ne voulait pas mourir, 2005<\/strong><\/span><br \/>49 &#8211; <span style=\"color: #ff0000;\"><strong>Spirou et Fantasio \u00e0 Tokyo, 2006<\/strong><\/span><br \/>50 &#8211; <span style=\"color: #ff0000;\"><strong>Aux sources du Z, 2008<\/strong><\/span><br \/>51 &#8211; <span style=\"color: #ff0000;\"><strong>Alerte aux Zorkons, 2010<\/strong><\/span><\/p>\t\t\t\t\t\t<\/div>\n\t\t\t\t<\/div>\n\t\t\t\t\t<\/div>\n\t\t<\/div>\n\t\t\t\t\t<\/div>\n\t\t<\/section>\n\t\t\t\t<\/div>\n\t\t","protected":false},"excerpt":{"rendered":"<p>01 &#8211; Quatre aventures de Spirou et Fantasio, 195002 &#8211; Il y a un sorcier \u00e0 Champignac, 195103 &#8211; Les Chapeaux noirs, 195204 &#8211; Spirou et les h\u00e9ritiers, 195205 &#8211; Les Voleurs du Marsupilami, 195406 &#8211; La Corne de rhinoc\u00e9ros, 195507 &#8211; Le Dictateur et le champignon, 195608 &#8211; La Mauvaise t\u00eate, 195609 &#8211; Le [&hellip;]<\/p>\n","protected":false},"author":1,"featured_media":0,"parent":0,"menu_order":0,"comment_status":"closed","ping_status":"closed","template":"","meta":{"ocean_post_layout":"","ocean_both_sidebars_style":"","ocean_both_sidebars_content_width":0,"ocean_both_sidebars_sidebars_width":0,"ocean_sidebar":"0","ocean_second_sidebar":"0","ocean_disable_margins":"enable","ocean_add_body_class":"","ocean_shortcode_before_top_bar":"","ocean_shortcode_after_top_bar":"","ocean_shortcode_before_header":"","ocean_shortcode_after_header":"","ocean_has_shortcode":"","ocean_shortcode_after_title":"","ocean_shortcode_before_footer_widgets":"","ocean_shortcode_after_footer_widgets":"","ocean_shortcode_before_footer_bottom":"","ocean_shortcode_after_footer_bottom":"","ocean_display_top_bar":"default","ocean_display_header":"default","ocean_header_style":"","ocean_center_header_left_menu":"0","ocean_custom_header_template":"0","ocean_custom_logo":0,"ocean_custom_retina_logo":0,"ocean_custom_logo_max_width":0,"ocean_custom_logo_tablet_max_width":0,"ocean_custom_logo_mobile_max_width":0,"ocean_custom_logo_max_height":0,"ocean_custom_logo_tablet_max_height":0,"ocean_custom_logo_mobile_max_height":0,"ocean_header_custom_menu":"0","ocean_menu_typo_font_family":"0","ocean_menu_typo_font_subset":"","ocean_menu_typo_font_size":0,"ocean_menu_typo_font_size_tablet":0,"ocean_menu_typo_font_size_mobile":0,"ocean_menu_typo_font_size_unit":"px","ocean_menu_typo_font_weight":"","ocean_menu_typo_font_weight_tablet":"","ocean_menu_typo_font_weight_mobile":"","ocean_menu_typo_transform":"","ocean_menu_typo_transform_tablet":"","ocean_menu_typo_transform_mobile":"","ocean_menu_typo_line_height":0,"ocean_menu_typo_line_height_tablet":0,"ocean_menu_typo_line_height_mobile":0,"ocean_menu_typo_line_height_unit":"","ocean_menu_typo_spacing":0,"ocean_menu_typo_spacing_tablet":0,"ocean_menu_typo_spacing_mobile":0,"ocean_menu_typo_spacing_unit":"","ocean_menu_link_color":"","ocean_menu_link_color_hover":"","ocean_menu_link_color_active":"","ocean_menu_link_background":"","ocean_menu_link_hover_background":"","ocean_menu_link_active_background":"","ocean_menu_social_links_bg":"","ocean_menu_social_hover_links_bg":"","ocean_menu_social_links_color":"","ocean_menu_social_hover_links_color":"","ocean_disable_title":"default","ocean_disable_heading":"default","ocean_post_title":"","ocean_post_subheading":"","ocean_post_title_style":"","ocean_post_title_background_color":"","ocean_post_title_background":0,"ocean_post_title_bg_image_position":"","ocean_post_title_bg_image_attachment":"","ocean_post_title_bg_image_repeat":"","ocean_post_title_bg_image_size":"","ocean_post_title_height":0,"ocean_post_title_bg_overlay":0.5,"ocean_post_title_bg_overlay_color":"","ocean_disable_breadcrumbs":"default","ocean_breadcrumbs_color":"","ocean_breadcrumbs_separator_color":"","ocean_breadcrumbs_links_color":"","ocean_breadcrumbs_links_hover_color":"","ocean_display_footer_widgets":"default","ocean_display_footer_bottom":"default","ocean_custom_footer_template":"0","footnotes":""},"class_list":["post-716","page","type-page","status-publish","hentry","entry"],"_links":{"self":[{"href":"https:\/\/lesmrdtrucs.mataf35400.fr\/index.php\/wp-json\/wp\/v2\/pages\/716","targetHints":{"allow":["GET"]}}],"collection":[{"href":"https:\/\/lesmrdtrucs.mataf35400.fr\/index.php\/wp-json\/wp\/v2\/pages"}],"about":[{"href":"https:\/\/lesmrdtrucs.mataf35400.fr\/index.php\/wp-json\/wp\/v2\/types\/page"}],"author":[{"embeddable":true,"href":"https:\/\/lesmrdtrucs.mataf35400.fr\/index.php\/wp-json\/wp\/v2\/users\/1"}],"replies":[{"embeddable":true,"href":"https:\/\/lesmrdtrucs.mataf35400.fr\/index.php\/wp-json\/wp\/v2\/comments?post=716"}],"version-history":[{"count":4,"href":"https:\/\/lesmrdtrucs.mataf35400.fr\/index.php\/wp-json\/wp\/v2\/pages\/716\/revisions"}],"predecessor-version":[{"id":723,"href":"https:\/\/lesmrdtrucs.mataf35400.fr\/index.php\/wp-json\/wp\/v2\/pages\/716\/revisions\/723"}],"wp:attachment":[{"href":"https:\/\/lesmrdtrucs.mataf35400.fr\/index.php\/wp-json\/wp\/v2\/media?parent=716"}],"curies":[{"name":"wp","href":"https:\/\/api.w.org\/{rel}","templated":true}]}}