{"id":699,"date":"2022-12-07T16:57:03","date_gmt":"2022-12-07T15:57:03","guid":{"rendered":"http:\/\/lesmrdtrucs.mataf35400.fr\/?page_id=699"},"modified":"2022-12-07T17:00:43","modified_gmt":"2022-12-07T16:00:43","slug":"luc-orient","status":"publish","type":"page","link":"https:\/\/lesmrdtrucs.mataf35400.fr\/index.php\/luc-orient\/","title":{"rendered":"Luc Orient"},"content":{"rendered":"\t\t<div data-elementor-type=\"wp-page\" data-elementor-id=\"699\" class=\"elementor elementor-699\">\n\t\t\t\t\t\t<section class=\"elementor-section elementor-top-section elementor-element elementor-element-67b76982 elementor-section-boxed elementor-section-height-default elementor-section-height-default\" data-id=\"67b76982\" data-element_type=\"section\">\n\t\t\t\t\t\t<div class=\"elementor-container elementor-column-gap-default\">\n\t\t\t\t\t<div class=\"elementor-column elementor-col-100 elementor-top-column elementor-element elementor-element-53e0d7f0\" data-id=\"53e0d7f0\" data-element_type=\"column\">\n\t\t\t<div class=\"elementor-widget-wrap elementor-element-populated\">\n\t\t\t\t\t\t<div class=\"elementor-element elementor-element-5c8afda8 elementor-widget elementor-widget-text-editor\" data-id=\"5c8afda8\" data-element_type=\"widget\" data-widget_type=\"text-editor.default\">\n\t\t\t\t<div class=\"elementor-widget-container\">\n\t\t\t\t\t\t\t<p>01 &#8211; <span style=\"color: #ff0000;\"><strong>Les dragons de feu (01\/1969)<\/strong><\/span><br \/>02 &#8211; <span style=\"color: #ff0000;\"><strong>Les soleils de glace (01\/1970)<\/strong><\/span><br \/>03 &#8211; <span style=\"color: #ff0000;\"><strong>Le ma\u00eetre de Terango (01\/1971)<\/strong><\/span><br \/>04 &#8211; La plan\u00e8te de l&rsquo;angoisse (10\/1972)<br \/>05 &#8211; <span style=\"color: #ff0000;\"><strong>La for\u00eat d&rsquo;acier (01\/1973)<\/strong><\/span><br \/>06 &#8211; Le secret des 7 lumi\u00e8res (02\/1974)<br \/>07 &#8211; Le crat\u00e8re aux sortil\u00e8ges (10\/1974)<br \/>08 &#8211; La l\u00e9gion des anges maudits (01\/1975)<br \/>09 &#8211; <span style=\"color: #ff0000;\"><strong>24 heures pour la plan\u00e8te terre (01\/1975)<\/strong><\/span><br \/>10 &#8211; <span style=\"color: #ff0000;\"><strong>Le 6\u00e8me continent (01\/1976)<\/strong><\/span><br \/>11 &#8211; La vall\u00e9e des eaux troubles (01\/1976)<br \/>12 &#8211; <span style=\"color: #ff0000;\"><strong>La porte de cristal (01\/1977)<\/strong><\/span><br \/>13 &#8211; <span style=\"color: #ff0000;\"><strong>L&rsquo;enclume de la foudre (10\/1978)<\/strong><\/span><br \/>14 &#8211; <span style=\"color: #ff0000;\"><strong>Le rivage de la fureur (01\/1981)<\/strong><\/span><br \/>15 &#8211; <span style=\"color: #ff0000;\"><strong>Roubak &#8211; Ultime espoir (05\/1984)<\/strong><\/span><br \/>16 &#8211; <span style=\"color: #ff0000;\"><strong>Caragal (06\/1985)<\/strong><\/span><br \/>17 &#8211; <span style=\"color: #ff0000;\"><strong>Les spores de nulle part (recueil d&rsquo;histoires courtes) (02\/1990)<\/strong><\/span><br \/>18 &#8211; <span style=\"color: #ff0000;\"><strong>Rendez-vous \u00e0 20h en enfer\u2026 (10\/1994)<\/strong><\/span><br \/>19 &#8211; <span style=\"color: #ff0000;\"><strong>Le mur (album laiss\u00e9 inachev\u00e9 au d\u00e9c\u00e8s de greg &#8211; 6pl dessin\u00e9es 11 sc\u00e9naris\u00e9es)<\/strong><\/span><\/p>\t\t\t\t\t\t<\/div>\n\t\t\t\t<\/div>\n\t\t\t\t\t<\/div>\n\t\t<\/div>\n\t\t\t\t\t<\/div>\n\t\t<\/section>\n\t\t\t\t<\/div>\n\t\t","protected":false},"excerpt":{"rendered":"<p>01 &#8211; Les dragons de feu (01\/1969)02 &#8211; Les soleils de glace (01\/1970)03 &#8211; Le ma\u00eetre de Terango (01\/1971)04 &#8211; La plan\u00e8te de l&rsquo;angoisse (10\/1972)05 &#8211; La for\u00eat d&rsquo;acier (01\/1973)06 &#8211; Le secret des 7 lumi\u00e8res (02\/1974)07 &#8211; Le crat\u00e8re aux sortil\u00e8ges (10\/1974)08 &#8211; La l\u00e9gion des anges maudits (01\/1975)09 &#8211; 24 heures pour la [&hellip;]<\/p>\n","protected":false},"author":1,"featured_media":0,"parent":0,"menu_order":0,"comment_status":"closed","ping_status":"closed","template":"","meta":{"ocean_post_layout":"","ocean_both_sidebars_style":"","ocean_both_sidebars_content_width":0,"ocean_both_sidebars_sidebars_width":0,"ocean_sidebar":"0","ocean_second_sidebar":"0","ocean_disable_margins":"enable","ocean_add_body_class":"","ocean_shortcode_before_top_bar":"","ocean_shortcode_after_top_bar":"","ocean_shortcode_before_header":"","ocean_shortcode_after_header":"","ocean_has_shortcode":"","ocean_shortcode_after_title":"","ocean_shortcode_before_footer_widgets":"","ocean_shortcode_after_footer_widgets":"","ocean_shortcode_before_footer_bottom":"","ocean_shortcode_after_footer_bottom":"","ocean_display_top_bar":"default","ocean_display_header":"default","ocean_header_style":"","ocean_center_header_left_menu":"0","ocean_custom_header_template":"0","ocean_custom_logo":0,"ocean_custom_retina_logo":0,"ocean_custom_logo_max_width":0,"ocean_custom_logo_tablet_max_width":0,"ocean_custom_logo_mobile_max_width":0,"ocean_custom_logo_max_height":0,"ocean_custom_logo_tablet_max_height":0,"ocean_custom_logo_mobile_max_height":0,"ocean_header_custom_menu":"0","ocean_menu_typo_font_family":"0","ocean_menu_typo_font_subset":"","ocean_menu_typo_font_size":0,"ocean_menu_typo_font_size_tablet":0,"ocean_menu_typo_font_size_mobile":0,"ocean_menu_typo_font_size_unit":"px","ocean_menu_typo_font_weight":"","ocean_menu_typo_font_weight_tablet":"","ocean_menu_typo_font_weight_mobile":"","ocean_menu_typo_transform":"","ocean_menu_typo_transform_tablet":"","ocean_menu_typo_transform_mobile":"","ocean_menu_typo_line_height":0,"ocean_menu_typo_line_height_tablet":0,"ocean_menu_typo_line_height_mobile":0,"ocean_menu_typo_line_height_unit":"","ocean_menu_typo_spacing":0,"ocean_menu_typo_spacing_tablet":0,"ocean_menu_typo_spacing_mobile":0,"ocean_menu_typo_spacing_unit":"","ocean_menu_link_color":"","ocean_menu_link_color_hover":"","ocean_menu_link_color_active":"","ocean_menu_link_background":"","ocean_menu_link_hover_background":"","ocean_menu_link_active_background":"","ocean_menu_social_links_bg":"","ocean_menu_social_hover_links_bg":"","ocean_menu_social_links_color":"","ocean_menu_social_hover_links_color":"","ocean_disable_title":"default","ocean_disable_heading":"default","ocean_post_title":"","ocean_post_subheading":"","ocean_post_title_style":"","ocean_post_title_background_color":"","ocean_post_title_background":0,"ocean_post_title_bg_image_position":"","ocean_post_title_bg_image_attachment":"","ocean_post_title_bg_image_repeat":"","ocean_post_title_bg_image_size":"","ocean_post_title_height":0,"ocean_post_title_bg_overlay":0.5,"ocean_post_title_bg_overlay_color":"","ocean_disable_breadcrumbs":"default","ocean_breadcrumbs_color":"","ocean_breadcrumbs_separator_color":"","ocean_breadcrumbs_links_color":"","ocean_breadcrumbs_links_hover_color":"","ocean_display_footer_widgets":"default","ocean_display_footer_bottom":"default","ocean_custom_footer_template":"0","footnotes":""},"class_list":["post-699","page","type-page","status-publish","hentry","entry"],"_links":{"self":[{"href":"https:\/\/lesmrdtrucs.mataf35400.fr\/index.php\/wp-json\/wp\/v2\/pages\/699","targetHints":{"allow":["GET"]}}],"collection":[{"href":"https:\/\/lesmrdtrucs.mataf35400.fr\/index.php\/wp-json\/wp\/v2\/pages"}],"about":[{"href":"https:\/\/lesmrdtrucs.mataf35400.fr\/index.php\/wp-json\/wp\/v2\/types\/page"}],"author":[{"embeddable":true,"href":"https:\/\/lesmrdtrucs.mataf35400.fr\/index.php\/wp-json\/wp\/v2\/users\/1"}],"replies":[{"embeddable":true,"href":"https:\/\/lesmrdtrucs.mataf35400.fr\/index.php\/wp-json\/wp\/v2\/comments?post=699"}],"version-history":[{"count":4,"href":"https:\/\/lesmrdtrucs.mataf35400.fr\/index.php\/wp-json\/wp\/v2\/pages\/699\/revisions"}],"predecessor-version":[{"id":706,"href":"https:\/\/lesmrdtrucs.mataf35400.fr\/index.php\/wp-json\/wp\/v2\/pages\/699\/revisions\/706"}],"wp:attachment":[{"href":"https:\/\/lesmrdtrucs.mataf35400.fr\/index.php\/wp-json\/wp\/v2\/media?parent=699"}],"curies":[{"name":"wp","href":"https:\/\/api.w.org\/{rel}","templated":true}]}}