{"id":687,"date":"2022-12-07T16:49:53","date_gmt":"2022-12-07T15:49:53","guid":{"rendered":"http:\/\/lesmrdtrucs.mataf35400.fr\/?page_id=687"},"modified":"2022-12-07T16:54:41","modified_gmt":"2022-12-07T15:54:41","slug":"les-petits-hommes","status":"publish","type":"page","link":"https:\/\/lesmrdtrucs.mataf35400.fr\/index.php\/les-petits-hommes\/","title":{"rendered":"Les petits hommes"},"content":{"rendered":"\t\t<div data-elementor-type=\"wp-page\" data-elementor-id=\"687\" class=\"elementor elementor-687\">\n\t\t\t\t\t\t<section class=\"elementor-section elementor-top-section elementor-element elementor-element-7469917e elementor-section-boxed elementor-section-height-default elementor-section-height-default\" data-id=\"7469917e\" data-element_type=\"section\">\n\t\t\t\t\t\t<div class=\"elementor-container elementor-column-gap-default\">\n\t\t\t\t\t<div class=\"elementor-column elementor-col-100 elementor-top-column elementor-element elementor-element-2367de25\" data-id=\"2367de25\" data-element_type=\"column\">\n\t\t\t<div class=\"elementor-widget-wrap elementor-element-populated\">\n\t\t\t\t\t\t<div class=\"elementor-element elementor-element-6307bdae elementor-widget elementor-widget-text-editor\" data-id=\"6307bdae\" data-element_type=\"widget\" data-widget_type=\"text-editor.default\">\n\t\t\t\t<div class=\"elementor-widget-container\">\n\t\t\t\t\t\t\t<p>01 &#8211; <span style=\"color: #ff0000;\"><strong>Alerte \u00e0 Eslapion, 1972 (attention, il y a un autre album qui porte le m\u00eame nom !!!)<\/strong><\/span><br \/>02 &#8211; L\u2019Exode, 1974<br \/>03 &#8211; Des petits hommes au Brontoxique, 1974<br \/>04 &#8211; Les Guerriers du pass\u00e9, 1975<br \/>05 &#8211; Le Lac de l&rsquo;auto, 1975<br \/>06 &#8211; L&rsquo;\u0152il du Cyclope, 1976<br \/>07 &#8211; Le Vaisseau fant\u00f4me, 1977<br \/>08 &#8211; Les Ronces du Samoura\u00ef, 1978<br \/>09 &#8211; Du r\u00eave en poudre, 1978<br \/>10 &#8211; Le Triangle du diable, 1979<br \/>11 &#8211; Le Peuple des abysses, 1980<br \/>12 &#8211; Dans les griffes du Seigneur, 1981<br \/>13 &#8211; Le Gu\u00eapier, 1981<br \/>14 &#8211; Les Prisonniers du temps, 1982<br \/>15 &#8211; Petits hommes et hommes-singes, 1983<br \/>16 &#8211; Mosquito 417, 1984<br \/>17 &#8211; La Plan\u00e8te Ranx\u00e9rox, 1985<br \/>18 &#8211; Le Trou blanc, 1985<br \/>19 &#8211; Le Pickpocket, 1985<br \/>20 &#8211; Alerte \u00e0 Eslapion, 1986<br \/>21 &#8211; Rapt en sous-sol, 1986<br \/>22 &#8211; Les 6 Clones, 1987<br \/>23 &#8211; L&rsquo;Ermite de Rochafleur, 1987<br \/>24 &#8211; <span style=\"color: #ff0000;\"><strong>Le Dernier des petits hommes, 1988<\/strong><\/span><br \/>25 &#8211; Le Volcan d&rsquo;or, 1988<br \/>26 &#8211; <span style=\"color: #ff0000;\"><strong>Petits hommes et mini-gagagags, 1989<\/strong><\/span><br \/>27 &#8211; <span style=\"color: #ff0000;\"><strong>Voyage entre deux mondes, 1990<\/strong><\/span><br \/>28 &#8211; <span style=\"color: #ff0000;\"><strong>C + C = Boum, 1991<\/strong><\/span><br \/>29 &#8211; <span style=\"color: #ff0000;\"><strong>Les Petits Hommes et les catherinettes, 1992<\/strong><\/span><br \/>30 &#8211; <span style=\"color: #ff0000;\"><strong>Choucroute Melba, 1993<\/strong><\/span><br \/>31 &#8211; <span style=\"color: #ff0000;\"><strong>B\u00e9b\u00e9 Tango, 1994<\/strong><\/span><br \/>32 &#8211; <span style=\"color: #ff0000;\"><strong>Tchakakahn, 1995<\/strong><\/span><br \/>33 &#8211; <span style=\"color: #ff0000;\"><strong>Melting-pot, 1996<\/strong><\/span><br \/>34 &#8211; <span style=\"color: #ff0000;\"><strong>Vingt mille lieues sous les terres, 1997<\/strong><\/span><br \/>35 &#8211; <span style=\"color: #ff0000;\"><strong>Bonne f\u00eate, maman !, 1998<\/strong><\/span><br \/>36 &#8211; <span style=\"color: #ff0000;\"><strong>Duels, 1999<\/strong><\/span><br \/>37 &#8211; <span style=\"color: #ff0000;\"><strong>Fesses d&rsquo;Argile &amp; fils, 1999<\/strong><\/span><br \/>38 &#8211; <span style=\"color: #ff0000;\"><strong>Bingo, 2000<\/strong><\/span><br \/>39 &#8211; <span style=\"color: #ff0000;\"><strong>Miss Persil, 2001<\/strong><\/span><br \/>40 &#8211; <span style=\"color: #ff0000;\"><strong>Les Fourmicrabes, 2002<\/strong><\/span><br \/>41 &#8211; <span style=\"color: #ff0000;\"><strong>Chiche !, 2003<\/strong><\/span><br \/>42 &#8211; <span style=\"color: #ff0000;\"><strong>Op\u00e9ration Q.I., 2004<\/strong><\/span><br \/>43 &#8211; <span style=\"color: #ff0000;\"><strong>Au nom du fr\u00e8re, 2006<\/strong><\/span><br \/>44 &#8211; <span style=\"color: #ff0000;\"><strong>Castel Montrigu, 2007<\/strong><\/span><\/p>\t\t\t\t\t\t<\/div>\n\t\t\t\t<\/div>\n\t\t\t\t\t<\/div>\n\t\t<\/div>\n\t\t\t\t\t<\/div>\n\t\t<\/section>\n\t\t\t\t<\/div>\n\t\t","protected":false},"excerpt":{"rendered":"<p>01 &#8211; Alerte \u00e0 Eslapion, 1972 (attention, il y a un autre album qui porte le m\u00eame nom !!!)02 &#8211; L\u2019Exode, 197403 &#8211; Des petits hommes au Brontoxique, 197404 &#8211; Les Guerriers du pass\u00e9, 197505 &#8211; Le Lac de l&rsquo;auto, 197506 &#8211; L&rsquo;\u0152il du Cyclope, 197607 &#8211; Le Vaisseau fant\u00f4me, 197708 &#8211; Les Ronces du [&hellip;]<\/p>\n","protected":false},"author":1,"featured_media":0,"parent":0,"menu_order":0,"comment_status":"closed","ping_status":"closed","template":"","meta":{"ocean_post_layout":"","ocean_both_sidebars_style":"","ocean_both_sidebars_content_width":0,"ocean_both_sidebars_sidebars_width":0,"ocean_sidebar":"0","ocean_second_sidebar":"0","ocean_disable_margins":"enable","ocean_add_body_class":"","ocean_shortcode_before_top_bar":"","ocean_shortcode_after_top_bar":"","ocean_shortcode_before_header":"","ocean_shortcode_after_header":"","ocean_has_shortcode":"","ocean_shortcode_after_title":"","ocean_shortcode_before_footer_widgets":"","ocean_shortcode_after_footer_widgets":"","ocean_shortcode_before_footer_bottom":"","ocean_shortcode_after_footer_bottom":"","ocean_display_top_bar":"default","ocean_display_header":"default","ocean_header_style":"","ocean_center_header_left_menu":"0","ocean_custom_header_template":"0","ocean_custom_logo":0,"ocean_custom_retina_logo":0,"ocean_custom_logo_max_width":0,"ocean_custom_logo_tablet_max_width":0,"ocean_custom_logo_mobile_max_width":0,"ocean_custom_logo_max_height":0,"ocean_custom_logo_tablet_max_height":0,"ocean_custom_logo_mobile_max_height":0,"ocean_header_custom_menu":"0","ocean_menu_typo_font_family":"0","ocean_menu_typo_font_subset":"","ocean_menu_typo_font_size":0,"ocean_menu_typo_font_size_tablet":0,"ocean_menu_typo_font_size_mobile":0,"ocean_menu_typo_font_size_unit":"px","ocean_menu_typo_font_weight":"","ocean_menu_typo_font_weight_tablet":"","ocean_menu_typo_font_weight_mobile":"","ocean_menu_typo_transform":"","ocean_menu_typo_transform_tablet":"","ocean_menu_typo_transform_mobile":"","ocean_menu_typo_line_height":0,"ocean_menu_typo_line_height_tablet":0,"ocean_menu_typo_line_height_mobile":0,"ocean_menu_typo_line_height_unit":"","ocean_menu_typo_spacing":0,"ocean_menu_typo_spacing_tablet":0,"ocean_menu_typo_spacing_mobile":0,"ocean_menu_typo_spacing_unit":"","ocean_menu_link_color":"","ocean_menu_link_color_hover":"","ocean_menu_link_color_active":"","ocean_menu_link_background":"","ocean_menu_link_hover_background":"","ocean_menu_link_active_background":"","ocean_menu_social_links_bg":"","ocean_menu_social_hover_links_bg":"","ocean_menu_social_links_color":"","ocean_menu_social_hover_links_color":"","ocean_disable_title":"default","ocean_disable_heading":"default","ocean_post_title":"","ocean_post_subheading":"","ocean_post_title_style":"","ocean_post_title_background_color":"","ocean_post_title_background":0,"ocean_post_title_bg_image_position":"","ocean_post_title_bg_image_attachment":"","ocean_post_title_bg_image_repeat":"","ocean_post_title_bg_image_size":"","ocean_post_title_height":0,"ocean_post_title_bg_overlay":0.5,"ocean_post_title_bg_overlay_color":"","ocean_disable_breadcrumbs":"default","ocean_breadcrumbs_color":"","ocean_breadcrumbs_separator_color":"","ocean_breadcrumbs_links_color":"","ocean_breadcrumbs_links_hover_color":"","ocean_display_footer_widgets":"default","ocean_display_footer_bottom":"default","ocean_custom_footer_template":"0","footnotes":""},"class_list":["post-687","page","type-page","status-publish","hentry","entry"],"_links":{"self":[{"href":"https:\/\/lesmrdtrucs.mataf35400.fr\/index.php\/wp-json\/wp\/v2\/pages\/687","targetHints":{"allow":["GET"]}}],"collection":[{"href":"https:\/\/lesmrdtrucs.mataf35400.fr\/index.php\/wp-json\/wp\/v2\/pages"}],"about":[{"href":"https:\/\/lesmrdtrucs.mataf35400.fr\/index.php\/wp-json\/wp\/v2\/types\/page"}],"author":[{"embeddable":true,"href":"https:\/\/lesmrdtrucs.mataf35400.fr\/index.php\/wp-json\/wp\/v2\/users\/1"}],"replies":[{"embeddable":true,"href":"https:\/\/lesmrdtrucs.mataf35400.fr\/index.php\/wp-json\/wp\/v2\/comments?post=687"}],"version-history":[{"count":4,"href":"https:\/\/lesmrdtrucs.mataf35400.fr\/index.php\/wp-json\/wp\/v2\/pages\/687\/revisions"}],"predecessor-version":[{"id":694,"href":"https:\/\/lesmrdtrucs.mataf35400.fr\/index.php\/wp-json\/wp\/v2\/pages\/687\/revisions\/694"}],"wp:attachment":[{"href":"https:\/\/lesmrdtrucs.mataf35400.fr\/index.php\/wp-json\/wp\/v2\/media?parent=687"}],"curies":[{"name":"wp","href":"https:\/\/api.w.org\/{rel}","templated":true}]}}