{"id":626,"date":"2022-12-07T16:14:35","date_gmt":"2022-12-07T15:14:35","guid":{"rendered":"http:\/\/lesmrdtrucs.mataf35400.fr\/?page_id=626"},"modified":"2022-12-07T16:23:26","modified_gmt":"2022-12-07T15:23:26","slug":"gaston-lagaffe","status":"publish","type":"page","link":"https:\/\/lesmrdtrucs.mataf35400.fr\/index.php\/gaston-lagaffe\/","title":{"rendered":"Gaston Lagaffe"},"content":{"rendered":"\t\t<div data-elementor-type=\"wp-page\" data-elementor-id=\"626\" class=\"elementor elementor-626\">\n\t\t\t\t\t\t<section class=\"elementor-section elementor-top-section elementor-element elementor-element-7a8f91a elementor-section-boxed elementor-section-height-default elementor-section-height-default\" data-id=\"7a8f91a\" data-element_type=\"section\">\n\t\t\t\t\t\t<div class=\"elementor-container elementor-column-gap-default\">\n\t\t\t\t\t<div class=\"elementor-column elementor-col-100 elementor-top-column elementor-element elementor-element-3222816d\" data-id=\"3222816d\" data-element_type=\"column\">\n\t\t\t<div class=\"elementor-widget-wrap elementor-element-populated\">\n\t\t\t\t\t\t<div class=\"elementor-element elementor-element-10a87110 elementor-widget elementor-widget-heading\" data-id=\"10a87110\" data-element_type=\"widget\" data-widget_type=\"heading.default\">\n\t\t\t\t<div class=\"elementor-widget-container\">\n\t\t\t<h3 class=\"elementor-heading-title elementor-size-default\">Les anciens<\/h3>\t\t<\/div>\n\t\t\t\t<\/div>\n\t\t\t\t<div class=\"elementor-element elementor-element-2c70003f elementor-widget elementor-widget-text-editor\" data-id=\"2c70003f\" data-element_type=\"widget\" data-widget_type=\"text-editor.default\">\n\t\t\t\t<div class=\"elementor-widget-container\">\n\t\t\t\t\t\t\t<p>Les \u00ab\u00a0<strong><span style=\"color: #0000ff;\">bleus<\/span><\/strong>\u00a0\u00bb sont repris par les r\u00e9\u00e9ditions (donc inutiles).<\/p><p>01 &#8211; <span style=\"color: #0000ff;\"><strong>Gaston (1960)<\/strong><\/span><br \/>02 &#8211; <span style=\"color: #0000ff;\"><strong>Gare aux gaffes (1966)<\/strong><\/span><br \/>03 &#8211; <span style=\"color: #0000ff;\"><strong>Gala de gaffes (1963)<\/strong><\/span><br \/>04 &#8211; <span style=\"color: #0000ff;\"><strong>Gaffes \u00e0 gogo (1964)<\/strong><\/span><br \/>05 &#8211; <span style=\"color: #0000ff;\"><strong>Gaffes en gros (1965)<\/strong><\/span><br \/>06 &#8211; <span style=\"color: #0000ff;\"><strong>Les gaffes d&rsquo;un gars gonfl\u00e9 (1967)<\/strong><\/span><br \/>01 &#8211; Des gaffes et des d\u00e9g\u00e2ts (1968)<br \/>02 &#8211; Un gaffeur sachant gaffer (1969)<br \/>03 &#8211; Lagaffe nous g\u00e2te (1970)<br \/>04 &#8211; Le cas Lagaffe (1971)<br \/>05 &#8211; Le g\u00e9ant de la gaffe (1972)<br \/>06 &#8211; Gaffes, b\u00e9vues et boulettes (1973)<br \/>07 &#8211; Le gang des gaffeurs (1974)<br \/>08 &#8211; Lagaffe m\u00e9rite des baffes (1979)<br \/>09 &#8211; La saga des gaffes (1982)<br \/>10 &#8211; Gaffe \u00e0 Lagaffe ! (1996)<br \/>11 &#8211; Gaston (1999)<\/p>\t\t\t\t\t\t<\/div>\n\t\t\t\t<\/div>\n\t\t\t\t\t<\/div>\n\t\t<\/div>\n\t\t\t\t\t<\/div>\n\t\t<\/section>\n\t\t\t\t<section class=\"elementor-section elementor-top-section elementor-element elementor-element-92bb92f elementor-section-boxed elementor-section-height-default elementor-section-height-default\" data-id=\"92bb92f\" data-element_type=\"section\">\n\t\t\t\t\t\t<div class=\"elementor-container elementor-column-gap-default\">\n\t\t\t\t\t<div class=\"elementor-column elementor-col-100 elementor-top-column elementor-element elementor-element-cf9ca4a\" data-id=\"cf9ca4a\" data-element_type=\"column\">\n\t\t\t<div class=\"elementor-widget-wrap elementor-element-populated\">\n\t\t\t\t\t\t<div class=\"elementor-element elementor-element-e4d6e1e elementor-widget elementor-widget-heading\" data-id=\"e4d6e1e\" data-element_type=\"widget\" data-widget_type=\"heading.default\">\n\t\t\t\t<div class=\"elementor-widget-container\">\n\t\t\t<h3 class=\"elementor-heading-title elementor-size-default\">Les r\u00e9\u00e9ditions<\/h3>\t\t<\/div>\n\t\t\t\t<\/div>\n\t\t\t\t<div class=\"elementor-element elementor-element-6990e79 elementor-widget elementor-widget-text-editor\" data-id=\"6990e79\" data-element_type=\"widget\" data-widget_type=\"text-editor.default\">\n\t\t\t\t<div class=\"elementor-widget-container\">\n\t\t\t\t\t\t\t01 &#8211; Gaffes et gadgets (1985)<br>02 &#8211; Gala de gaffes \u00e0 gogo (1970)<br>03 &#8211; Le bureau des gaffes en gros (1972)<br>04 &#8211; Gare aux gaffes du gars gonfl\u00e9 (1973)<br>05 &#8211; En direct de la gaffe (1974)<br>06 &#8211; Le lourd pass\u00e9 de Lagaffe (1986)\t\t\t\t\t\t<\/div>\n\t\t\t\t<\/div>\n\t\t\t\t\t<\/div>\n\t\t<\/div>\n\t\t\t\t\t<\/div>\n\t\t<\/section>\n\t\t\t\t<\/div>\n\t\t","protected":false},"excerpt":{"rendered":"<p>Les anciens Les \u00ab\u00a0bleus\u00a0\u00bb sont repris par les r\u00e9\u00e9ditions (donc inutiles). 01 &#8211; Gaston (1960)02 &#8211; Gare aux gaffes (1966)03 &#8211; Gala de gaffes (1963)04 &#8211; Gaffes \u00e0 gogo (1964)05 &#8211; Gaffes en gros (1965)06 &#8211; Les gaffes d&rsquo;un gars gonfl\u00e9 (1967)01 &#8211; Des gaffes et des d\u00e9g\u00e2ts (1968)02 &#8211; Un gaffeur sachant gaffer (1969)03 [&hellip;]<\/p>\n","protected":false},"author":1,"featured_media":0,"parent":0,"menu_order":0,"comment_status":"closed","ping_status":"closed","template":"","meta":{"ocean_post_layout":"","ocean_both_sidebars_style":"","ocean_both_sidebars_content_width":0,"ocean_both_sidebars_sidebars_width":0,"ocean_sidebar":"0","ocean_second_sidebar":"0","ocean_disable_margins":"enable","ocean_add_body_class":"","ocean_shortcode_before_top_bar":"","ocean_shortcode_after_top_bar":"","ocean_shortcode_before_header":"","ocean_shortcode_after_header":"","ocean_has_shortcode":"","ocean_shortcode_after_title":"","ocean_shortcode_before_footer_widgets":"","ocean_shortcode_after_footer_widgets":"","ocean_shortcode_before_footer_bottom":"","ocean_shortcode_after_footer_bottom":"","ocean_display_top_bar":"default","ocean_display_header":"default","ocean_header_style":"","ocean_center_header_left_menu":"0","ocean_custom_header_template":"0","ocean_custom_logo":0,"ocean_custom_retina_logo":0,"ocean_custom_logo_max_width":0,"ocean_custom_logo_tablet_max_width":0,"ocean_custom_logo_mobile_max_width":0,"ocean_custom_logo_max_height":0,"ocean_custom_logo_tablet_max_height":0,"ocean_custom_logo_mobile_max_height":0,"ocean_header_custom_menu":"0","ocean_menu_typo_font_family":"0","ocean_menu_typo_font_subset":"","ocean_menu_typo_font_size":0,"ocean_menu_typo_font_size_tablet":0,"ocean_menu_typo_font_size_mobile":0,"ocean_menu_typo_font_size_unit":"px","ocean_menu_typo_font_weight":"","ocean_menu_typo_font_weight_tablet":"","ocean_menu_typo_font_weight_mobile":"","ocean_menu_typo_transform":"","ocean_menu_typo_transform_tablet":"","ocean_menu_typo_transform_mobile":"","ocean_menu_typo_line_height":0,"ocean_menu_typo_line_height_tablet":0,"ocean_menu_typo_line_height_mobile":0,"ocean_menu_typo_line_height_unit":"","ocean_menu_typo_spacing":0,"ocean_menu_typo_spacing_tablet":0,"ocean_menu_typo_spacing_mobile":0,"ocean_menu_typo_spacing_unit":"","ocean_menu_link_color":"","ocean_menu_link_color_hover":"","ocean_menu_link_color_active":"","ocean_menu_link_background":"","ocean_menu_link_hover_background":"","ocean_menu_link_active_background":"","ocean_menu_social_links_bg":"","ocean_menu_social_hover_links_bg":"","ocean_menu_social_links_color":"","ocean_menu_social_hover_links_color":"","ocean_disable_title":"default","ocean_disable_heading":"default","ocean_post_title":"","ocean_post_subheading":"","ocean_post_title_style":"","ocean_post_title_background_color":"","ocean_post_title_background":0,"ocean_post_title_bg_image_position":"","ocean_post_title_bg_image_attachment":"","ocean_post_title_bg_image_repeat":"","ocean_post_title_bg_image_size":"","ocean_post_title_height":0,"ocean_post_title_bg_overlay":0.5,"ocean_post_title_bg_overlay_color":"","ocean_disable_breadcrumbs":"default","ocean_breadcrumbs_color":"","ocean_breadcrumbs_separator_color":"","ocean_breadcrumbs_links_color":"","ocean_breadcrumbs_links_hover_color":"","ocean_display_footer_widgets":"default","ocean_display_footer_bottom":"default","ocean_custom_footer_template":"0","footnotes":""},"class_list":["post-626","page","type-page","status-publish","hentry","entry"],"_links":{"self":[{"href":"https:\/\/lesmrdtrucs.mataf35400.fr\/index.php\/wp-json\/wp\/v2\/pages\/626","targetHints":{"allow":["GET"]}}],"collection":[{"href":"https:\/\/lesmrdtrucs.mataf35400.fr\/index.php\/wp-json\/wp\/v2\/pages"}],"about":[{"href":"https:\/\/lesmrdtrucs.mataf35400.fr\/index.php\/wp-json\/wp\/v2\/types\/page"}],"author":[{"embeddable":true,"href":"https:\/\/lesmrdtrucs.mataf35400.fr\/index.php\/wp-json\/wp\/v2\/users\/1"}],"replies":[{"embeddable":true,"href":"https:\/\/lesmrdtrucs.mataf35400.fr\/index.php\/wp-json\/wp\/v2\/comments?post=626"}],"version-history":[{"count":4,"href":"https:\/\/lesmrdtrucs.mataf35400.fr\/index.php\/wp-json\/wp\/v2\/pages\/626\/revisions"}],"predecessor-version":[{"id":634,"href":"https:\/\/lesmrdtrucs.mataf35400.fr\/index.php\/wp-json\/wp\/v2\/pages\/626\/revisions\/634"}],"wp:attachment":[{"href":"https:\/\/lesmrdtrucs.mataf35400.fr\/index.php\/wp-json\/wp\/v2\/media?parent=626"}],"curies":[{"name":"wp","href":"https:\/\/api.w.org\/{rel}","templated":true}]}}