{"id":537,"date":"2022-12-07T14:58:36","date_gmt":"2022-12-07T13:58:36","guid":{"rendered":"http:\/\/lesmrdtrucs.mataf35400.fr\/?page_id=537"},"modified":"2026-01-09T18:36:25","modified_gmt":"2026-01-09T17:36:25","slug":"blake-et-mortimer","status":"publish","type":"page","link":"https:\/\/lesmrdtrucs.mataf35400.fr\/index.php\/blake-et-mortimer\/","title":{"rendered":"Blake et Mortimer"},"content":{"rendered":"\t\t<div data-elementor-type=\"wp-page\" data-elementor-id=\"537\" class=\"elementor elementor-537\">\n\t\t\t\t\t\t<section class=\"elementor-section elementor-top-section elementor-element elementor-element-313673c7 elementor-section-boxed elementor-section-height-default elementor-section-height-default\" data-id=\"313673c7\" data-element_type=\"section\">\n\t\t\t\t\t\t<div class=\"elementor-container elementor-column-gap-default\">\n\t\t\t\t\t<div class=\"elementor-column elementor-col-100 elementor-top-column elementor-element elementor-element-7459c166\" data-id=\"7459c166\" data-element_type=\"column\">\n\t\t\t<div class=\"elementor-widget-wrap elementor-element-populated\">\n\t\t\t\t\t\t<div class=\"elementor-element elementor-element-1669441a elementor-widget elementor-widget-text-editor\" data-id=\"1669441a\" data-element_type=\"widget\" data-widget_type=\"text-editor.default\">\n\t\t\t\t<div class=\"elementor-widget-container\">\n\t\t\t\t\t\t\t<p><span style=\"color: #333333;\">(01) &#8211; Le rayon U<\/span><br \/><span style=\"color: #333333;\">(02 &amp; 03) &#8211; Le Secret de l&rsquo;Espadon<\/span><br \/><span style=\"color: #333333;\">(04 &amp; 05) &#8211; Le Myst\u00e8re de la Grande Pyramide<\/span><br \/><span style=\"color: #333333;\">(06) &#8211; La Marque jaune<\/span><br \/><span style=\"color: #333333;\">(07) &#8211; L&rsquo;\u00c9nigme de l&rsquo;Atlantide<\/span><br \/><span style=\"color: #333333;\">(08) &#8211; S.O.S. M\u00e9t\u00e9ores<\/span><br \/><span style=\"color: #333333;\">(09) &#8211; Le Pi\u00e8ge diabolique<\/span><br \/><span style=\"color: #333333;\">(10) &#8211; L&rsquo;Affaire du collier<\/span><br \/><span style=\"color: #333333;\">(11 &amp; 12) &#8211; Les 3 Formules du professeur Sat\u014d<\/span><br \/><span style=\"color: #333333;\">(13) &#8211; L&rsquo;Affaire Francis Blake<\/span><br \/><span style=\"color: #333333;\">(14) &#8211; La Machination Voronov<\/span><br \/><span style=\"color: #333333;\">(15) &#8211; L&rsquo;\u00c9trange Rendez-vous<\/span><br \/><span style=\"color: #333333;\">(16 &amp; 17) &#8211; Les Sarcophages du 6e continent<\/span><br \/><span style=\"color: #333333;\">(18) &#8211; Le Sanctuaire du Gondwana<\/span><br \/><span style=\"color: #333333;\">(19 &amp; 20) &#8211; La Mal\u00e9diction des trente deniers<\/span><br \/><span style=\"color: #333333;\">(21) &#8211; Le Serment des cinq Lords<\/span><br \/><span style=\"color: #333333;\">(22) &#8211; L&rsquo;Onde Septimus<\/span><br \/><span style=\"color: #333333;\">(23) &#8211; Le b\u00e2ton de Plutarque<\/span><br \/><span style=\"color: #333333;\">(24) &#8211; Le testament de William S<\/span><br \/><span style=\"color: #333333;\">(25 &amp; 26) &#8211; La vall\u00e9e des immortels<\/span><br \/><span style=\"color: #333333;\">(27) &#8211; Le cri du moloch<\/span><br \/><span style=\"color: #333333;\">(28) &#8211; Le dernier Espadon<\/span><br \/><span style=\"color: #333333;\">(29) &#8211; Huit heures \u00e0 Berlin<br \/>(30) &#8211; Sign\u00e9 Olric<br \/>(31) &#8211; La menace atlante<\/span><\/p>\t\t\t\t\t\t<\/div>\n\t\t\t\t<\/div>\n\t\t\t\t\t<\/div>\n\t\t<\/div>\n\t\t\t\t\t<\/div>\n\t\t<\/section>\n\t\t\t\t<\/div>\n\t\t","protected":false},"excerpt":{"rendered":"<p>(01) &#8211; Le rayon U(02 &amp; 03) &#8211; Le Secret de l&rsquo;Espadon(04 &amp; 05) &#8211; Le Myst\u00e8re de la Grande Pyramide(06) &#8211; La Marque jaune(07) &#8211; L&rsquo;\u00c9nigme de l&rsquo;Atlantide(08) &#8211; S.O.S. M\u00e9t\u00e9ores(09) &#8211; Le Pi\u00e8ge diabolique(10) &#8211; L&rsquo;Affaire du collier(11 &amp; 12) &#8211; Les 3 Formules du professeur Sat\u014d(13) &#8211; L&rsquo;Affaire Francis Blake(14) &#8211; La [&hellip;]<\/p>\n","protected":false},"author":1,"featured_media":0,"parent":0,"menu_order":0,"comment_status":"closed","ping_status":"closed","template":"","meta":{"ocean_post_layout":"","ocean_both_sidebars_style":"","ocean_both_sidebars_content_width":0,"ocean_both_sidebars_sidebars_width":0,"ocean_sidebar":"0","ocean_second_sidebar":"0","ocean_disable_margins":"enable","ocean_add_body_class":"","ocean_shortcode_before_top_bar":"","ocean_shortcode_after_top_bar":"","ocean_shortcode_before_header":"","ocean_shortcode_after_header":"","ocean_has_shortcode":"","ocean_shortcode_after_title":"","ocean_shortcode_before_footer_widgets":"","ocean_shortcode_after_footer_widgets":"","ocean_shortcode_before_footer_bottom":"","ocean_shortcode_after_footer_bottom":"","ocean_display_top_bar":"default","ocean_display_header":"default","ocean_header_style":"","ocean_center_header_left_menu":"0","ocean_custom_header_template":"0","ocean_custom_logo":0,"ocean_custom_retina_logo":0,"ocean_custom_logo_max_width":0,"ocean_custom_logo_tablet_max_width":0,"ocean_custom_logo_mobile_max_width":0,"ocean_custom_logo_max_height":0,"ocean_custom_logo_tablet_max_height":0,"ocean_custom_logo_mobile_max_height":0,"ocean_header_custom_menu":"0","ocean_menu_typo_font_family":"0","ocean_menu_typo_font_subset":"","ocean_menu_typo_font_size":0,"ocean_menu_typo_font_size_tablet":0,"ocean_menu_typo_font_size_mobile":0,"ocean_menu_typo_font_size_unit":"px","ocean_menu_typo_font_weight":"","ocean_menu_typo_font_weight_tablet":"","ocean_menu_typo_font_weight_mobile":"","ocean_menu_typo_transform":"","ocean_menu_typo_transform_tablet":"","ocean_menu_typo_transform_mobile":"","ocean_menu_typo_line_height":0,"ocean_menu_typo_line_height_tablet":0,"ocean_menu_typo_line_height_mobile":0,"ocean_menu_typo_line_height_unit":"","ocean_menu_typo_spacing":0,"ocean_menu_typo_spacing_tablet":0,"ocean_menu_typo_spacing_mobile":0,"ocean_menu_typo_spacing_unit":"","ocean_menu_link_color":"","ocean_menu_link_color_hover":"","ocean_menu_link_color_active":"","ocean_menu_link_background":"","ocean_menu_link_hover_background":"","ocean_menu_link_active_background":"","ocean_menu_social_links_bg":"","ocean_menu_social_hover_links_bg":"","ocean_menu_social_links_color":"","ocean_menu_social_hover_links_color":"","ocean_disable_title":"default","ocean_disable_heading":"default","ocean_post_title":"","ocean_post_subheading":"","ocean_post_title_style":"","ocean_post_title_background_color":"","ocean_post_title_background":0,"ocean_post_title_bg_image_position":"","ocean_post_title_bg_image_attachment":"","ocean_post_title_bg_image_repeat":"","ocean_post_title_bg_image_size":"","ocean_post_title_height":0,"ocean_post_title_bg_overlay":0.5,"ocean_post_title_bg_overlay_color":"","ocean_disable_breadcrumbs":"default","ocean_breadcrumbs_color":"","ocean_breadcrumbs_separator_color":"","ocean_breadcrumbs_links_color":"","ocean_breadcrumbs_links_hover_color":"","ocean_display_footer_widgets":"default","ocean_display_footer_bottom":"default","ocean_custom_footer_template":"0","footnotes":""},"class_list":["post-537","page","type-page","status-publish","hentry","entry"],"_links":{"self":[{"href":"https:\/\/lesmrdtrucs.mataf35400.fr\/index.php\/wp-json\/wp\/v2\/pages\/537","targetHints":{"allow":["GET"]}}],"collection":[{"href":"https:\/\/lesmrdtrucs.mataf35400.fr\/index.php\/wp-json\/wp\/v2\/pages"}],"about":[{"href":"https:\/\/lesmrdtrucs.mataf35400.fr\/index.php\/wp-json\/wp\/v2\/types\/page"}],"author":[{"embeddable":true,"href":"https:\/\/lesmrdtrucs.mataf35400.fr\/index.php\/wp-json\/wp\/v2\/users\/1"}],"replies":[{"embeddable":true,"href":"https:\/\/lesmrdtrucs.mataf35400.fr\/index.php\/wp-json\/wp\/v2\/comments?post=537"}],"version-history":[{"count":19,"href":"https:\/\/lesmrdtrucs.mataf35400.fr\/index.php\/wp-json\/wp\/v2\/pages\/537\/revisions"}],"predecessor-version":[{"id":2638,"href":"https:\/\/lesmrdtrucs.mataf35400.fr\/index.php\/wp-json\/wp\/v2\/pages\/537\/revisions\/2638"}],"wp:attachment":[{"href":"https:\/\/lesmrdtrucs.mataf35400.fr\/index.php\/wp-json\/wp\/v2\/media?parent=537"}],"curies":[{"name":"wp","href":"https:\/\/api.w.org\/{rel}","templated":true}]}}