{"id":535,"date":"2022-12-07T14:57:06","date_gmt":"2022-12-07T13:57:06","guid":{"rendered":"http:\/\/lesmrdtrucs.mataf35400.fr\/?page_id=535"},"modified":"2022-12-07T16:43:35","modified_gmt":"2022-12-07T15:43:35","slug":"asterix-et-obelix","status":"publish","type":"page","link":"https:\/\/lesmrdtrucs.mataf35400.fr\/index.php\/asterix-et-obelix\/","title":{"rendered":"Ast\u00e9rix et Ob\u00e9lix"},"content":{"rendered":"\t\t<div data-elementor-type=\"wp-page\" data-elementor-id=\"535\" class=\"elementor elementor-535\">\n\t\t\t\t\t\t<section class=\"elementor-section elementor-top-section elementor-element elementor-element-4a064068 elementor-section-boxed elementor-section-height-default elementor-section-height-default\" data-id=\"4a064068\" data-element_type=\"section\">\n\t\t\t\t\t\t<div class=\"elementor-container elementor-column-gap-default\">\n\t\t\t\t\t<div class=\"elementor-column elementor-col-100 elementor-top-column elementor-element elementor-element-5293926e\" data-id=\"5293926e\" data-element_type=\"column\">\n\t\t\t<div class=\"elementor-widget-wrap elementor-element-populated\">\n\t\t\t\t\t\t<div class=\"elementor-element elementor-element-6a002fcf elementor-widget elementor-widget-text-editor\" data-id=\"6a002fcf\" data-element_type=\"widget\" data-widget_type=\"text-editor.default\">\n\t\t\t\t<div class=\"elementor-widget-container\">\n\t\t\t\t\t\t\t<p>01 &#8211; Ast\u00e9rix le Gaulois<br \/>02 &#8211; La Serpe d&rsquo;or<br \/>03 &#8211; Ast\u00e9rix et les Goths<br \/>04 &#8211; Ast\u00e9rix gladiateur<br \/>05 &#8211; Tour de Gaule d&rsquo;Ast\u00e9rix<br \/>06 &#8211; Ast\u00e9rix et Cl\u00e9op\u00e2tre<br \/>07 &#8211; Le combat des Chefs<br \/>08 &#8211; Ast\u00e9rix chez les Bretons<br \/>09 &#8211; Ast\u00e9rix et les Normands<br \/>10 &#8211; Ast\u00e9rix l\u00e9gionnaire<br \/>11 &#8211; Le bouclier arverne<br \/>12 &#8211; Ast\u00e9rix aux Jeux Olympiques<br \/>13 &#8211; Ast\u00e9rix et le chaudron<br \/>14 &#8211; Ast\u00e9rix en Hispanie<br \/>15 &#8211; La Zizanie<br \/>16 &#8211; Ast\u00e9rix chez les Helv\u00e8tes<br \/>17 &#8211; Le domaine des Dieux<br \/>18 &#8211; Les Lauriers de C\u00e9sar<br \/>19 &#8211; Le devin<br \/>20 &#8211; Ast\u00e9rix en Corse<br \/>21 &#8211; Le cadeau de C\u00e9sar<br \/>22 &#8211; La Grande Travers\u00e9e<br \/>23 &#8211; Ob\u00e9lix et compagnie<br \/>24 &#8211; Ast\u00e9rix chez les Belges<br \/>25 &#8211; Le grand Foss\u00e9<br \/>26 &#8211; L&rsquo;Odyss\u00e9e d&rsquo;Ast\u00e9rix<br \/>27 &#8211; Le fils d&rsquo;Ast\u00e9rix<br \/>28 &#8211; Ast\u00e9rix chez Rah\u00e0zade<br \/>29 &#8211; La Rose et le glaive<br \/>30 &#8211; <span style=\"color: #999999;\">La Gal\u00e8re d&rsquo;Ob\u00e9lix<\/span><br \/>31 &#8211; Ast\u00e9rix &amp; Latraviata<br \/>32 &#8211; <span style=\"color: #999999;\">Ast\u00e9rix &amp; la rentr\u00e9e gauloise<\/span><br \/>33 &#8211; Le ciel lui tombe sur la t\u00eate<br \/>34 &#8211; <span style=\"color: #999999;\">L&rsquo;anniversaire&#8230; Le livre d&rsquo;or<\/span><br \/>35 &#8211; Ast\u00e9rix chez les pictes<br \/>36 &#8211; Le papyrus de C\u00e9sar<br \/>37 &#8211; Ast\u00e9rix &amp; la transitalique<br \/>38 &#8211; Comment Ob\u00e9lix est tomb\u00e9 dans la marmite<\/p>\t\t\t\t\t\t<\/div>\n\t\t\t\t<\/div>\n\t\t\t\t\t<\/div>\n\t\t<\/div>\n\t\t\t\t\t<\/div>\n\t\t<\/section>\n\t\t\t\t<\/div>\n\t\t","protected":false},"excerpt":{"rendered":"<p>01 &#8211; Ast\u00e9rix le Gaulois02 &#8211; La Serpe d&rsquo;or03 &#8211; Ast\u00e9rix et les Goths04 &#8211; Ast\u00e9rix gladiateur05 &#8211; Tour de Gaule d&rsquo;Ast\u00e9rix06 &#8211; Ast\u00e9rix et Cl\u00e9op\u00e2tre07 &#8211; Le combat des Chefs08 &#8211; Ast\u00e9rix chez les Bretons09 &#8211; Ast\u00e9rix et les Normands10 &#8211; Ast\u00e9rix l\u00e9gionnaire11 &#8211; Le bouclier arverne12 &#8211; Ast\u00e9rix aux Jeux Olympiques13 &#8211; Ast\u00e9rix [&hellip;]<\/p>\n","protected":false},"author":1,"featured_media":0,"parent":0,"menu_order":0,"comment_status":"closed","ping_status":"closed","template":"","meta":{"ocean_post_layout":"","ocean_both_sidebars_style":"","ocean_both_sidebars_content_width":0,"ocean_both_sidebars_sidebars_width":0,"ocean_sidebar":"0","ocean_second_sidebar":"0","ocean_disable_margins":"enable","ocean_add_body_class":"","ocean_shortcode_before_top_bar":"","ocean_shortcode_after_top_bar":"","ocean_shortcode_before_header":"","ocean_shortcode_after_header":"","ocean_has_shortcode":"","ocean_shortcode_after_title":"","ocean_shortcode_before_footer_widgets":"","ocean_shortcode_after_footer_widgets":"","ocean_shortcode_before_footer_bottom":"","ocean_shortcode_after_footer_bottom":"","ocean_display_top_bar":"default","ocean_display_header":"default","ocean_header_style":"","ocean_center_header_left_menu":"0","ocean_custom_header_template":"0","ocean_custom_logo":0,"ocean_custom_retina_logo":0,"ocean_custom_logo_max_width":0,"ocean_custom_logo_tablet_max_width":0,"ocean_custom_logo_mobile_max_width":0,"ocean_custom_logo_max_height":0,"ocean_custom_logo_tablet_max_height":0,"ocean_custom_logo_mobile_max_height":0,"ocean_header_custom_menu":"0","ocean_menu_typo_font_family":"0","ocean_menu_typo_font_subset":"","ocean_menu_typo_font_size":0,"ocean_menu_typo_font_size_tablet":0,"ocean_menu_typo_font_size_mobile":0,"ocean_menu_typo_font_size_unit":"px","ocean_menu_typo_font_weight":"","ocean_menu_typo_font_weight_tablet":"","ocean_menu_typo_font_weight_mobile":"","ocean_menu_typo_transform":"","ocean_menu_typo_transform_tablet":"","ocean_menu_typo_transform_mobile":"","ocean_menu_typo_line_height":0,"ocean_menu_typo_line_height_tablet":0,"ocean_menu_typo_line_height_mobile":0,"ocean_menu_typo_line_height_unit":"","ocean_menu_typo_spacing":0,"ocean_menu_typo_spacing_tablet":0,"ocean_menu_typo_spacing_mobile":0,"ocean_menu_typo_spacing_unit":"","ocean_menu_link_color":"","ocean_menu_link_color_hover":"","ocean_menu_link_color_active":"","ocean_menu_link_background":"","ocean_menu_link_hover_background":"","ocean_menu_link_active_background":"","ocean_menu_social_links_bg":"","ocean_menu_social_hover_links_bg":"","ocean_menu_social_links_color":"","ocean_menu_social_hover_links_color":"","ocean_disable_title":"default","ocean_disable_heading":"default","ocean_post_title":"","ocean_post_subheading":"","ocean_post_title_style":"","ocean_post_title_background_color":"","ocean_post_title_background":0,"ocean_post_title_bg_image_position":"","ocean_post_title_bg_image_attachment":"","ocean_post_title_bg_image_repeat":"","ocean_post_title_bg_image_size":"","ocean_post_title_height":0,"ocean_post_title_bg_overlay":0.5,"ocean_post_title_bg_overlay_color":"","ocean_disable_breadcrumbs":"default","ocean_breadcrumbs_color":"","ocean_breadcrumbs_separator_color":"","ocean_breadcrumbs_links_color":"","ocean_breadcrumbs_links_hover_color":"","ocean_display_footer_widgets":"default","ocean_display_footer_bottom":"default","ocean_custom_footer_template":"0","footnotes":""},"class_list":["post-535","page","type-page","status-publish","hentry","entry"],"_links":{"self":[{"href":"https:\/\/lesmrdtrucs.mataf35400.fr\/index.php\/wp-json\/wp\/v2\/pages\/535","targetHints":{"allow":["GET"]}}],"collection":[{"href":"https:\/\/lesmrdtrucs.mataf35400.fr\/index.php\/wp-json\/wp\/v2\/pages"}],"about":[{"href":"https:\/\/lesmrdtrucs.mataf35400.fr\/index.php\/wp-json\/wp\/v2\/types\/page"}],"author":[{"embeddable":true,"href":"https:\/\/lesmrdtrucs.mataf35400.fr\/index.php\/wp-json\/wp\/v2\/users\/1"}],"replies":[{"embeddable":true,"href":"https:\/\/lesmrdtrucs.mataf35400.fr\/index.php\/wp-json\/wp\/v2\/comments?post=535"}],"version-history":[{"count":13,"href":"https:\/\/lesmrdtrucs.mataf35400.fr\/index.php\/wp-json\/wp\/v2\/pages\/535\/revisions"}],"predecessor-version":[{"id":672,"href":"https:\/\/lesmrdtrucs.mataf35400.fr\/index.php\/wp-json\/wp\/v2\/pages\/535\/revisions\/672"}],"wp:attachment":[{"href":"https:\/\/lesmrdtrucs.mataf35400.fr\/index.php\/wp-json\/wp\/v2\/media?parent=535"}],"curies":[{"name":"wp","href":"https:\/\/api.w.org\/{rel}","templated":true}]}}