{"id":322,"date":"2022-12-05T03:57:54","date_gmt":"2022-12-05T02:57:54","guid":{"rendered":"http:\/\/lesmrdtrucs.mataf35400.fr\/?page_id=322"},"modified":"2022-12-05T17:06:33","modified_gmt":"2022-12-05T16:06:33","slug":"dao-ado","status":"publish","type":"page","link":"https:\/\/lesmrdtrucs.mataf35400.fr\/index.php\/dao-ado\/","title":{"rendered":"DAO &amp; ADO"},"content":{"rendered":"\t\t<div data-elementor-type=\"wp-page\" data-elementor-id=\"322\" class=\"elementor elementor-322\">\n\t\t\t\t\t\t<section class=\"elementor-section elementor-top-section elementor-element elementor-element-28f3257e elementor-section-boxed elementor-section-height-default elementor-section-height-default\" data-id=\"28f3257e\" data-element_type=\"section\">\n\t\t\t\t\t\t<div class=\"elementor-container elementor-column-gap-default\">\n\t\t\t\t\t<div class=\"elementor-column elementor-col-100 elementor-top-column elementor-element elementor-element-8d6edb2\" data-id=\"8d6edb2\" data-element_type=\"column\">\n\t\t\t<div class=\"elementor-widget-wrap elementor-element-populated\">\n\t\t\t\t\t\t<div class=\"elementor-element elementor-element-791fc2f7 elementor-widget elementor-widget-heading\" data-id=\"791fc2f7\" data-element_type=\"widget\" data-settings=\"{&quot;_animation&quot;:&quot;none&quot;}\" data-widget_type=\"heading.default\">\n\t\t\t\t<div class=\"elementor-widget-container\">\n\t\t\t<h2 class=\"elementor-heading-title elementor-size-default\">Ouverture:<\/h2>\t\t<\/div>\n\t\t\t\t<\/div>\n\t\t\t\t<div class=\"elementor-element elementor-element-8dea194 elementor-widget elementor-widget-heading\" data-id=\"8dea194\" data-element_type=\"widget\" data-widget_type=\"heading.default\">\n\t\t\t\t<div class=\"elementor-widget-container\">\n\t\t\t<h3 class=\"elementor-heading-title elementor-size-default\">DAO<\/h3>\t\t<\/div>\n\t\t\t\t<\/div>\n\t\t\t\t<div class=\"elementor-element elementor-element-33c16c05 elementor-widget elementor-widget-text-editor\" data-id=\"33c16c05\" data-element_type=\"widget\" data-widget_type=\"text-editor.default\">\n\t\t\t\t<div class=\"elementor-widget-container\">\n\t\t\t\t\t\t\t<p><span style=\"color: #0000ff;\"><em>Data1.DatabaseName = FicBdd <\/em><\/span><br \/><span style=\"color: #0000ff;\"><em>Data1.RecordSource = \u00ab\u00a0[MonChamp]\u00a0\u00bb <\/em><\/span><br \/><span style=\"color: #0000ff;\"><em>Data1.Refresh<\/em><\/span><\/p>\t\t\t\t\t\t<\/div>\n\t\t\t\t<\/div>\n\t\t\t\t<div class=\"elementor-element elementor-element-29b1538 elementor-widget elementor-widget-heading\" data-id=\"29b1538\" data-element_type=\"widget\" data-widget_type=\"heading.default\">\n\t\t\t\t<div class=\"elementor-widget-container\">\n\t\t\t<h3 class=\"elementor-heading-title elementor-size-default\">ADO<\/h3>\t\t<\/div>\n\t\t\t\t<\/div>\n\t\t\t\t<div class=\"elementor-element elementor-element-c5d5efe elementor-widget elementor-widget-text-editor\" data-id=\"c5d5efe\" data-element_type=\"widget\" data-widget_type=\"text-editor.default\">\n\t\t\t\t<div class=\"elementor-widget-container\">\n\t\t\t\t\t\t\t<p><span style=\"color: #0000ff;\"><em>AdoData.ConnectionString = \u00ab\u00a0Provider=Microsoft.Jet.OLEDB.4.0<\/em><\/span><br \/><span style=\"color: #0000ff;\"><em>Data Source=\u00a0\u00bb &amp; FicBdd &amp; \u00ab\u00a0;Persist Security Info=False\u00a0\u00bb <\/em><\/span><br \/><span style=\"color: #0000ff;\"><em>AdoData.RecordSource = \u00ab\u00a0MonChamp\u00a0\u00bb <\/em><\/span><br \/><span style=\"color: #0000ff;\"><em>AdoData.Refresh<\/em><\/span><\/p>\t\t\t\t\t\t<\/div>\n\t\t\t\t<\/div>\n\t\t\t\t\t<\/div>\n\t\t<\/div>\n\t\t\t\t\t<\/div>\n\t\t<\/section>\n\t\t\t\t<section class=\"elementor-section elementor-top-section elementor-element elementor-element-55dce4e elementor-section-boxed elementor-section-height-default elementor-section-height-default\" data-id=\"55dce4e\" data-element_type=\"section\">\n\t\t\t\t\t\t<div class=\"elementor-container elementor-column-gap-default\">\n\t\t\t\t\t<div class=\"elementor-column elementor-col-100 elementor-top-column elementor-element elementor-element-d06ae18\" data-id=\"d06ae18\" data-element_type=\"column\">\n\t\t\t<div class=\"elementor-widget-wrap elementor-element-populated\">\n\t\t\t\t\t\t<div class=\"elementor-element elementor-element-e593343 elementor-widget elementor-widget-heading\" data-id=\"e593343\" data-element_type=\"widget\" data-settings=\"{&quot;_animation&quot;:&quot;none&quot;}\" data-widget_type=\"heading.default\">\n\t\t\t\t<div class=\"elementor-widget-container\">\n\t\t\t<h2 class=\"elementor-heading-title elementor-size-default\">RecordCount:<\/h2>\t\t<\/div>\n\t\t\t\t<\/div>\n\t\t\t\t<div class=\"elementor-element elementor-element-5725b16 elementor-widget elementor-widget-heading\" data-id=\"5725b16\" data-element_type=\"widget\" data-widget_type=\"heading.default\">\n\t\t\t\t<div class=\"elementor-widget-container\">\n\t\t\t<h3 class=\"elementor-heading-title elementor-size-default\">DAO<\/h3>\t\t<\/div>\n\t\t\t\t<\/div>\n\t\t\t\t<div class=\"elementor-element elementor-element-8634a24 elementor-widget elementor-widget-text-editor\" data-id=\"8634a24\" data-element_type=\"widget\" data-widget_type=\"text-editor.default\">\n\t\t\t\t<div class=\"elementor-widget-container\">\n\t\t\t\t\t\t\t<p>De 0 \u00e0 n-1<\/p>\t\t\t\t\t\t<\/div>\n\t\t\t\t<\/div>\n\t\t\t\t<div class=\"elementor-element elementor-element-5ba4651 elementor-widget elementor-widget-heading\" data-id=\"5ba4651\" data-element_type=\"widget\" data-widget_type=\"heading.default\">\n\t\t\t\t<div class=\"elementor-widget-container\">\n\t\t\t<h3 class=\"elementor-heading-title elementor-size-default\">ADO<\/h3>\t\t<\/div>\n\t\t\t\t<\/div>\n\t\t\t\t<div class=\"elementor-element elementor-element-e98c51d elementor-widget elementor-widget-text-editor\" data-id=\"e98c51d\" data-element_type=\"widget\" data-widget_type=\"text-editor.default\">\n\t\t\t\t<div class=\"elementor-widget-container\">\n\t\t\t\t\t\t\t<p>De 1 \u00e0 n<\/p>\t\t\t\t\t\t<\/div>\n\t\t\t\t<\/div>\n\t\t\t\t\t<\/div>\n\t\t<\/div>\n\t\t\t\t\t<\/div>\n\t\t<\/section>\n\t\t\t\t<section class=\"elementor-section elementor-top-section elementor-element elementor-element-fdcc965 elementor-section-boxed elementor-section-height-default elementor-section-height-default\" data-id=\"fdcc965\" data-element_type=\"section\">\n\t\t\t\t\t\t<div class=\"elementor-container elementor-column-gap-default\">\n\t\t\t\t\t<div class=\"elementor-column elementor-col-100 elementor-top-column elementor-element elementor-element-bdfb919\" data-id=\"bdfb919\" data-element_type=\"column\">\n\t\t\t<div class=\"elementor-widget-wrap elementor-element-populated\">\n\t\t\t\t\t\t<div class=\"elementor-element elementor-element-930de64 elementor-widget elementor-widget-heading\" data-id=\"930de64\" data-element_type=\"widget\" data-settings=\"{&quot;_animation&quot;:&quot;none&quot;}\" data-widget_type=\"heading.default\">\n\t\t\t\t<div class=\"elementor-widget-container\">\n\t\t\t<h2 class=\"elementor-heading-title elementor-size-default\">Find:<\/h2>\t\t<\/div>\n\t\t\t\t<\/div>\n\t\t\t\t<div class=\"elementor-element elementor-element-a2dd0b3 elementor-widget elementor-widget-heading\" data-id=\"a2dd0b3\" data-element_type=\"widget\" data-widget_type=\"heading.default\">\n\t\t\t\t<div class=\"elementor-widget-container\">\n\t\t\t<h3 class=\"elementor-heading-title elementor-size-default\">DAO<\/h3>\t\t<\/div>\n\t\t\t\t<\/div>\n\t\t\t\t<div class=\"elementor-element elementor-element-26d114d elementor-widget elementor-widget-text-editor\" data-id=\"26d114d\" data-element_type=\"widget\" data-widget_type=\"text-editor.default\">\n\t\t\t\t<div class=\"elementor-widget-container\">\n\t\t\t\t\t\t\t<p><span style=\"color: #0000ff;\"><em>Rec.FindFirst \u00ab\u00a0Criteria = \u00a0\u00bb &amp; toto<\/em><\/span><br \/><span style=\"color: #0000ff;\"><em>if Not Rep.NoMatch then<\/em><\/span><\/p>\t\t\t\t\t\t<\/div>\n\t\t\t\t<\/div>\n\t\t\t\t<div class=\"elementor-element elementor-element-2394765 elementor-widget elementor-widget-heading\" data-id=\"2394765\" data-element_type=\"widget\" data-widget_type=\"heading.default\">\n\t\t\t\t<div class=\"elementor-widget-container\">\n\t\t\t<h3 class=\"elementor-heading-title elementor-size-default\">ADO<\/h3>\t\t<\/div>\n\t\t\t\t<\/div>\n\t\t\t\t<div class=\"elementor-element elementor-element-6a340bd elementor-widget elementor-widget-text-editor\" data-id=\"6a340bd\" data-element_type=\"widget\" data-widget_type=\"text-editor.default\">\n\t\t\t\t<div class=\"elementor-widget-container\">\n\t\t\t\t\t\t\t<p><span style=\"color: #0000ff;\"><em>Rec.MoveFirst<\/em><\/span><br \/><span style=\"color: #0000ff;\"><em>Rec.Find \u00ab\u00a0Criteria = \u00a0\u00bb &amp; toto<\/em><\/span><br \/><span style=\"color: #0000ff;\"><em>if Rec.AbsolutePosition &gt; 0 then<\/em><\/span><\/p>\t\t\t\t\t\t<\/div>\n\t\t\t\t<\/div>\n\t\t\t\t\t<\/div>\n\t\t<\/div>\n\t\t\t\t\t<\/div>\n\t\t<\/section>\n\t\t\t\t<section class=\"elementor-section elementor-top-section elementor-element elementor-element-7797547 elementor-section-boxed elementor-section-height-default elementor-section-height-default\" data-id=\"7797547\" data-element_type=\"section\">\n\t\t\t\t\t\t<div class=\"elementor-container elementor-column-gap-default\">\n\t\t\t\t\t<div class=\"elementor-column elementor-col-100 elementor-top-column elementor-element elementor-element-856c019\" data-id=\"856c019\" data-element_type=\"column\">\n\t\t\t<div class=\"elementor-widget-wrap elementor-element-populated\">\n\t\t\t\t\t\t<div class=\"elementor-element elementor-element-e962046 elementor-widget elementor-widget-heading\" data-id=\"e962046\" data-element_type=\"widget\" data-settings=\"{&quot;_animation&quot;:&quot;none&quot;}\" data-widget_type=\"heading.default\">\n\t\t\t\t<div class=\"elementor-widget-container\">\n\t\t\t<h2 class=\"elementor-heading-title elementor-size-default\">Update:<\/h2>\t\t<\/div>\n\t\t\t\t<\/div>\n\t\t\t\t<div class=\"elementor-element elementor-element-29b234b elementor-widget elementor-widget-heading\" data-id=\"29b234b\" data-element_type=\"widget\" data-widget_type=\"heading.default\">\n\t\t\t\t<div class=\"elementor-widget-container\">\n\t\t\t<h3 class=\"elementor-heading-title elementor-size-default\">DAO<\/h3>\t\t<\/div>\n\t\t\t\t<\/div>\n\t\t\t\t<div class=\"elementor-element elementor-element-509e1dc elementor-widget elementor-widget-text-editor\" data-id=\"509e1dc\" data-element_type=\"widget\" data-widget_type=\"text-editor.default\">\n\t\t\t\t<div class=\"elementor-widget-container\">\n\t\t\t\t\t\t\t<p><span style=\"color: #0000ff;\"><em>Rec.edit<\/em><\/span><br \/><span style=\"color: #0000ff;\"><em>Rec.fields(\u00ab\u00a0Toto\u00a0\u00bb) = MaValeur<\/em><\/span><br \/><span style=\"color: #0000ff;\"><em>Rec.update<\/em><\/span><\/p>\t\t\t\t\t\t<\/div>\n\t\t\t\t<\/div>\n\t\t\t\t<div class=\"elementor-element elementor-element-8fb1c40 elementor-widget elementor-widget-heading\" data-id=\"8fb1c40\" data-element_type=\"widget\" data-widget_type=\"heading.default\">\n\t\t\t\t<div class=\"elementor-widget-container\">\n\t\t\t<h3 class=\"elementor-heading-title elementor-size-default\">ADO<\/h3>\t\t<\/div>\n\t\t\t\t<\/div>\n\t\t\t\t<div class=\"elementor-element elementor-element-38961f9 elementor-widget elementor-widget-text-editor\" data-id=\"38961f9\" data-element_type=\"widget\" data-widget_type=\"text-editor.default\">\n\t\t\t\t<div class=\"elementor-widget-container\">\n\t\t\t\t\t\t\t<p><span style=\"color: #0000ff;\"><em>Rec.update \u00ab\u00a0Toto\u00a0\u00bb,MaValeur<\/em><\/span><\/p>\t\t\t\t\t\t<\/div>\n\t\t\t\t<\/div>\n\t\t\t\t\t<\/div>\n\t\t<\/div>\n\t\t\t\t\t<\/div>\n\t\t<\/section>\n\t\t\t\t<section class=\"elementor-section elementor-top-section elementor-element elementor-element-39cc5cd elementor-section-boxed elementor-section-height-default elementor-section-height-default\" data-id=\"39cc5cd\" data-element_type=\"section\">\n\t\t\t\t\t\t<div class=\"elementor-container elementor-column-gap-default\">\n\t\t\t\t\t<div class=\"elementor-column elementor-col-100 elementor-top-column elementor-element elementor-element-db0b09e\" data-id=\"db0b09e\" data-element_type=\"column\">\n\t\t\t<div class=\"elementor-widget-wrap elementor-element-populated\">\n\t\t\t\t\t\t<div class=\"elementor-element elementor-element-2f5c511 elementor-widget elementor-widget-heading\" data-id=\"2f5c511\" data-element_type=\"widget\" data-settings=\"{&quot;_animation&quot;:&quot;none&quot;}\" data-widget_type=\"heading.default\">\n\t\t\t\t<div class=\"elementor-widget-container\">\n\t\t\t<h2 class=\"elementor-heading-title elementor-size-default\">Le data temporaire (sans contr\u00f4le):<\/h2>\t\t<\/div>\n\t\t\t\t<\/div>\n\t\t\t\t<div class=\"elementor-element elementor-element-443c6a7 elementor-widget elementor-widget-heading\" data-id=\"443c6a7\" data-element_type=\"widget\" data-widget_type=\"heading.default\">\n\t\t\t\t<div class=\"elementor-widget-container\">\n\t\t\t<h3 class=\"elementor-heading-title elementor-size-default\">DAO<\/h3>\t\t<\/div>\n\t\t\t\t<\/div>\n\t\t\t\t<div class=\"elementor-element elementor-element-7dd247d elementor-widget elementor-widget-text-editor\" data-id=\"7dd247d\" data-element_type=\"widget\" data-widget_type=\"text-editor.default\">\n\t\t\t\t<div class=\"elementor-widget-container\">\n\t\t\t\t\t\t\t<p><span style=\"color: #0000ff;\"><em>Global MaTmpBdd As Database<\/em><\/span><br \/><span style=\"color: #0000ff;\"><em>Global MonTmpRec As Recordset<\/em><\/span><br \/><span style=\"color: #0000ff;\"><em>Set MaTmpBdd = OpenDatabase(\u00ab\u00a0Mettre le nom de la base ici\u00a0\u00bb)<\/em><\/span><br \/><span style=\"color: #0000ff;\"><em>Set MonTmpRec = MaTmpBdd.OpenRecordset(\u00ab\u00a0Mettre le nom de la table ici\u00a0\u00bb, dbOpenDynaset)<\/em><\/span><\/p>\t\t\t\t\t\t<\/div>\n\t\t\t\t<\/div>\n\t\t\t\t<div class=\"elementor-element elementor-element-00a063f elementor-widget elementor-widget-heading\" data-id=\"00a063f\" data-element_type=\"widget\" data-widget_type=\"heading.default\">\n\t\t\t\t<div class=\"elementor-widget-container\">\n\t\t\t<h3 class=\"elementor-heading-title elementor-size-default\">ADO<\/h3>\t\t<\/div>\n\t\t\t\t<\/div>\n\t\t\t\t<div class=\"elementor-element elementor-element-969d00f elementor-widget elementor-widget-text-editor\" data-id=\"969d00f\" data-element_type=\"widget\" data-widget_type=\"text-editor.default\">\n\t\t\t\t<div class=\"elementor-widget-container\">\n\t\t\t\t\t\t\t<p><em><span style=\"color: #339966;\">&lsquo;Ouvre la BDD<\/span><br \/><span style=\"color: #0000ff;\">Dim MaBase As ADODB.Connection<\/span><br \/><span style=\"color: #0000ff;\">Set MaBase = New ADODB.Connection<\/span><br \/><span style=\"color: #0000ff;\">MaBase.Open MaConnString<\/span><\/em><\/p><p><span style=\"color: #339966;\">&lsquo;Ouvre la table<\/span><br \/><span style=\"color: #0000ff;\">Dim MonRec As ADODB.Recordset<\/span><br \/><span style=\"color: #0000ff;\">Set MonRec = New ADODB.Recordset<\/span><br \/><span style=\"color: #0000ff;\">MonRec.CursorType = adOpenKeyset<\/span><br \/><span style=\"color: #0000ff;\">MonRec.LockType = adLockOptimistic<\/span><br \/><span style=\"color: #0000ff;\">MonRec.Open MaTable, MaBase, , , adCmdUnknown<\/span><\/p><p><span style=\"color: #0000ff;\">MonCode<\/span><\/p><p><span style=\"color: #0000ff;\">MonRec.Close<\/span><\/p><p><span style=\"color: #0000ff;\">MaBase.Close<\/span><\/p><p>Attention: Pour ajouter un enregistrement, remplacer adCmdUnknown par adCmdTable.<br \/>Comme l&#8217;emploi est plus compliqu\u00e9, on peut aussi cr\u00e9er un contr\u00f4le \u00ab\u00a0fourre tout\u00a0\u00bb.<\/p><p><span style=\"color: #0000ff;\"><em>\u00a0\u00a0 \u00a0With AdoTmp<\/em><\/span><br \/><span style=\"color: #0000ff;\"><em>\u00a0\u00a0 \u00a0\u00a0\u00a0\u00a0 .ConnectionString = AdoData1.ConnectionString<\/em><\/span><br \/><span style=\"color: #0000ff;\"><em>\u00a0\u00a0 \u00a0\u00a0\u00a0\u00a0 .RecordSource = \u00ab\u00a0SELECT * FROM MaTable\u00a0\u00bb<\/em><\/span><br \/><span style=\"color: #0000ff;\"><em>\u00a0\u00a0 \u00a0\u00a0\u00a0\u00a0 .Refresh<\/em><\/span><br \/><span style=\"color: #0000ff;\"><em>\u00a0\u00a0 \u00a0End With<\/em><\/span><br \/><br \/><span style=\"color: #0000ff;\"><em>\u00a0\u00a0 \u00a0With AdoTmp.Recordset<\/em><\/span><br \/><span style=\"color: #0000ff;\"><em>\u00a0\u00a0 \u00a0\u00a0\u00a0\u00a0 .MoveLast<br \/><\/em><\/span><span style=\"color: #0000ff;\"><em>\u00a0\u00a0 \u00a0End With<\/em><\/span><\/p><ul><li>Si l&rsquo;on cr\u00e9e un nouvel enregistrement avec num\u00e9rotation automatique dans une clause With&#8230;. End With, on ne peut r\u00e9cup\u00e9rer le num auto cr\u00e9\u00e9 qu&rsquo;en sortant de cette clause, puis \u00e9ventuellement en en recr\u00e9ant une nouvelle.<\/li><li>La MsHFlexgrid ne s&rsquo;occupe pas du \u00ab\u00a0Screen.MousePointer\u00a0\u00bb. Il faut donc g\u00e9rer \u00ab\u00a0MaGrille.MousePointer\u00a0\u00bb.<\/li><\/ul>\t\t\t\t\t\t<\/div>\n\t\t\t\t<\/div>\n\t\t\t\t\t<\/div>\n\t\t<\/div>\n\t\t\t\t\t<\/div>\n\t\t<\/section>\n\t\t\t\t<\/div>\n\t\t","protected":false},"excerpt":{"rendered":"<p>Ouverture: DAO Data1.DatabaseName = FicBdd Data1.RecordSource = \u00ab\u00a0[MonChamp]\u00a0\u00bb Data1.Refresh ADO AdoData.ConnectionString = \u00ab\u00a0Provider=Microsoft.Jet.OLEDB.4.0Data Source=\u00a0\u00bb &amp; FicBdd &amp; \u00ab\u00a0;Persist Security Info=False\u00a0\u00bb AdoData.RecordSource = \u00ab\u00a0MonChamp\u00a0\u00bb AdoData.Refresh RecordCount: DAO De 0 \u00e0 n-1 ADO De 1 \u00e0 n Find: DAO Rec.FindFirst \u00ab\u00a0Criteria = \u00a0\u00bb &amp; totoif Not Rep.NoMatch then ADO Rec.MoveFirstRec.Find \u00ab\u00a0Criteria = \u00a0\u00bb &amp; totoif Rec.AbsolutePosition &gt; [&hellip;]<\/p>\n","protected":false},"author":1,"featured_media":0,"parent":0,"menu_order":0,"comment_status":"closed","ping_status":"closed","template":"","meta":{"ocean_post_layout":"","ocean_both_sidebars_style":"","ocean_both_sidebars_content_width":0,"ocean_both_sidebars_sidebars_width":0,"ocean_sidebar":"","ocean_second_sidebar":"","ocean_disable_margins":"enable","ocean_add_body_class":"","ocean_shortcode_before_top_bar":"","ocean_shortcode_after_top_bar":"","ocean_shortcode_before_header":"","ocean_shortcode_after_header":"","ocean_has_shortcode":"","ocean_shortcode_after_title":"","ocean_shortcode_before_footer_widgets":"","ocean_shortcode_after_footer_widgets":"","ocean_shortcode_before_footer_bottom":"","ocean_shortcode_after_footer_bottom":"","ocean_display_top_bar":"default","ocean_display_header":"default","ocean_header_style":"","ocean_center_header_left_menu":"","ocean_custom_header_template":"","ocean_custom_logo":0,"ocean_custom_retina_logo":0,"ocean_custom_logo_max_width":0,"ocean_custom_logo_tablet_max_width":0,"ocean_custom_logo_mobile_max_width":0,"ocean_custom_logo_max_height":0,"ocean_custom_logo_tablet_max_height":0,"ocean_custom_logo_mobile_max_height":0,"ocean_header_custom_menu":"","ocean_menu_typo_font_family":"","ocean_menu_typo_font_subset":"","ocean_menu_typo_font_size":0,"ocean_menu_typo_font_size_tablet":0,"ocean_menu_typo_font_size_mobile":0,"ocean_menu_typo_font_size_unit":"px","ocean_menu_typo_font_weight":"","ocean_menu_typo_font_weight_tablet":"","ocean_menu_typo_font_weight_mobile":"","ocean_menu_typo_transform":"","ocean_menu_typo_transform_tablet":"","ocean_menu_typo_transform_mobile":"","ocean_menu_typo_line_height":0,"ocean_menu_typo_line_height_tablet":0,"ocean_menu_typo_line_height_mobile":0,"ocean_menu_typo_line_height_unit":"","ocean_menu_typo_spacing":0,"ocean_menu_typo_spacing_tablet":0,"ocean_menu_typo_spacing_mobile":0,"ocean_menu_typo_spacing_unit":"","ocean_menu_link_color":"","ocean_menu_link_color_hover":"","ocean_menu_link_color_active":"","ocean_menu_link_background":"","ocean_menu_link_hover_background":"","ocean_menu_link_active_background":"","ocean_menu_social_links_bg":"","ocean_menu_social_hover_links_bg":"","ocean_menu_social_links_color":"","ocean_menu_social_hover_links_color":"","ocean_disable_title":"default","ocean_disable_heading":"default","ocean_post_title":"","ocean_post_subheading":"","ocean_post_title_style":"","ocean_post_title_background_color":"","ocean_post_title_background":0,"ocean_post_title_bg_image_position":"","ocean_post_title_bg_image_attachment":"","ocean_post_title_bg_image_repeat":"","ocean_post_title_bg_image_size":"","ocean_post_title_height":0,"ocean_post_title_bg_overlay":0.5,"ocean_post_title_bg_overlay_color":"","ocean_disable_breadcrumbs":"default","ocean_breadcrumbs_color":"","ocean_breadcrumbs_separator_color":"","ocean_breadcrumbs_links_color":"","ocean_breadcrumbs_links_hover_color":"","ocean_display_footer_widgets":"default","ocean_display_footer_bottom":"default","ocean_custom_footer_template":"","footnotes":""},"class_list":["post-322","page","type-page","status-publish","hentry","entry"],"_links":{"self":[{"href":"https:\/\/lesmrdtrucs.mataf35400.fr\/index.php\/wp-json\/wp\/v2\/pages\/322","targetHints":{"allow":["GET"]}}],"collection":[{"href":"https:\/\/lesmrdtrucs.mataf35400.fr\/index.php\/wp-json\/wp\/v2\/pages"}],"about":[{"href":"https:\/\/lesmrdtrucs.mataf35400.fr\/index.php\/wp-json\/wp\/v2\/types\/page"}],"author":[{"embeddable":true,"href":"https:\/\/lesmrdtrucs.mataf35400.fr\/index.php\/wp-json\/wp\/v2\/users\/1"}],"replies":[{"embeddable":true,"href":"https:\/\/lesmrdtrucs.mataf35400.fr\/index.php\/wp-json\/wp\/v2\/comments?post=322"}],"version-history":[{"count":10,"href":"https:\/\/lesmrdtrucs.mataf35400.fr\/index.php\/wp-json\/wp\/v2\/pages\/322\/revisions"}],"predecessor-version":[{"id":357,"href":"https:\/\/lesmrdtrucs.mataf35400.fr\/index.php\/wp-json\/wp\/v2\/pages\/322\/revisions\/357"}],"wp:attachment":[{"href":"https:\/\/lesmrdtrucs.mataf35400.fr\/index.php\/wp-json\/wp\/v2\/media?parent=322"}],"curies":[{"name":"wp","href":"https:\/\/api.w.org\/{rel}","templated":true}]}}