{"id":2498,"date":"2024-10-30T12:32:51","date_gmt":"2024-10-30T11:32:51","guid":{"rendered":"https:\/\/lesmrdtrucs.mataf35400.fr\/?page_id=2498"},"modified":"2024-11-06T07:15:42","modified_gmt":"2024-11-06T06:15:42","slug":"esp-01-esp-01s","status":"publish","type":"page","link":"https:\/\/lesmrdtrucs.mataf35400.fr\/index.php\/esp-01-esp-01s\/","title":{"rendered":"ESP-01 \/ ESP-01S"},"content":{"rendered":"\t\t<div data-elementor-type=\"wp-page\" data-elementor-id=\"2498\" class=\"elementor elementor-2498\">\n\t\t\t\t\t\t<section class=\"elementor-section elementor-top-section elementor-element elementor-element-511a1fa elementor-section-boxed elementor-section-height-default elementor-section-height-default\" data-id=\"511a1fa\" data-element_type=\"section\">\n\t\t\t\t\t\t<div class=\"elementor-container elementor-column-gap-default\">\n\t\t\t\t\t<div class=\"elementor-column elementor-col-100 elementor-top-column elementor-element elementor-element-067922e\" data-id=\"067922e\" data-element_type=\"column\">\n\t\t\t<div class=\"elementor-widget-wrap elementor-element-populated\">\n\t\t\t\t\t\t<div class=\"elementor-element elementor-element-fae2ff8 elementor-widget elementor-widget-heading\" data-id=\"fae2ff8\" data-element_type=\"widget\" data-widget_type=\"heading.default\">\n\t\t\t\t<div class=\"elementor-widget-container\">\n\t\t\t<h2 class=\"elementor-heading-title elementor-size-default\">Exemple d'un afficheur I2C et d'un thermom\u00e8tre<\/h2>\t\t<\/div>\n\t\t\t\t<\/div>\n\t\t\t\t\t<\/div>\n\t\t<\/div>\n\t\t\t\t\t<\/div>\n\t\t<\/section>\n\t\t\t\t<section class=\"elementor-section elementor-top-section elementor-element elementor-element-56a90f8 elementor-section-boxed elementor-section-height-default elementor-section-height-default\" data-id=\"56a90f8\" data-element_type=\"section\">\n\t\t\t\t\t\t<div class=\"elementor-container elementor-column-gap-default\">\n\t\t\t\t\t<div class=\"elementor-column elementor-col-100 elementor-top-column elementor-element elementor-element-b5cac4f\" data-id=\"b5cac4f\" data-element_type=\"column\">\n\t\t\t<div class=\"elementor-widget-wrap\">\n\t\t\t\t\t\t\t<\/div>\n\t\t<\/div>\n\t\t\t\t\t<\/div>\n\t\t<\/section>\n\t\t\t\t<section class=\"elementor-section elementor-top-section elementor-element elementor-element-c9144e9 elementor-section-boxed elementor-section-height-default elementor-section-height-default\" data-id=\"c9144e9\" data-element_type=\"section\">\n\t\t\t\t\t\t<div class=\"elementor-container elementor-column-gap-default\">\n\t\t\t\t\t<div class=\"elementor-column elementor-col-100 elementor-top-column elementor-element elementor-element-279c3e1\" data-id=\"279c3e1\" data-element_type=\"column\">\n\t\t\t<div class=\"elementor-widget-wrap elementor-element-populated\">\n\t\t\t\t\t\t<div class=\"elementor-element elementor-element-6a11a54 elementor-widget elementor-widget-heading\" data-id=\"6a11a54\" data-element_type=\"widget\" data-widget_type=\"heading.default\">\n\t\t\t\t<div class=\"elementor-widget-container\">\n\t\t\t<h2 class=\"elementor-heading-title elementor-size-default\">C\u00e2blage pour l'utilisation<\/h2>\t\t<\/div>\n\t\t\t\t<\/div>\n\t\t\t\t<section class=\"elementor-section elementor-inner-section elementor-element elementor-element-57d76a7 elementor-section-boxed elementor-section-height-default elementor-section-height-default\" data-id=\"57d76a7\" data-element_type=\"section\">\n\t\t\t\t\t\t<div class=\"elementor-container elementor-column-gap-default\">\n\t\t\t\t\t<div class=\"elementor-column elementor-col-50 elementor-inner-column elementor-element elementor-element-f5cc1e8\" data-id=\"f5cc1e8\" data-element_type=\"column\">\n\t\t\t<div class=\"elementor-widget-wrap elementor-element-populated\">\n\t\t\t\t\t\t<div class=\"elementor-element elementor-element-a7179e7 e-transform elementor-widget elementor-widget-image\" data-id=\"a7179e7\" data-element_type=\"widget\" data-settings=\"{&quot;_transform_rotateZ_effect&quot;:{&quot;unit&quot;:&quot;px&quot;,&quot;size&quot;:90,&quot;sizes&quot;:[]},&quot;_transform_rotateZ_effect_tablet&quot;:{&quot;unit&quot;:&quot;deg&quot;,&quot;size&quot;:&quot;&quot;,&quot;sizes&quot;:[]},&quot;_transform_rotateZ_effect_mobile&quot;:{&quot;unit&quot;:&quot;deg&quot;,&quot;size&quot;:&quot;&quot;,&quot;sizes&quot;:[]}}\" data-widget_type=\"image.default\">\n\t\t\t\t<div class=\"elementor-widget-container\">\n\t\t\t\t\t\t\t\t\t\t\t\t\t<img fetchpriority=\"high\" decoding=\"async\" width=\"619\" height=\"587\" src=\"https:\/\/lesmrdtrucs.mataf35400.fr\/wp-content\/uploads\/2024\/10\/Image8.png\" class=\"attachment-large size-large wp-image-2520\" alt=\"\" srcset=\"https:\/\/lesmrdtrucs.mataf35400.fr\/wp-content\/uploads\/2024\/10\/Image8.png 619w, https:\/\/lesmrdtrucs.mataf35400.fr\/wp-content\/uploads\/2024\/10\/Image8-300x284.png 300w\" sizes=\"(max-width: 619px) 100vw, 619px\" \/>\t\t\t\t\t\t\t\t\t\t\t\t\t<\/div>\n\t\t\t\t<\/div>\n\t\t\t\t\t<\/div>\n\t\t<\/div>\n\t\t\t\t<div class=\"elementor-column elementor-col-50 elementor-inner-column elementor-element elementor-element-23bde77\" data-id=\"23bde77\" data-element_type=\"column\">\n\t\t\t<div class=\"elementor-widget-wrap elementor-element-populated\">\n\t\t\t\t\t\t<div class=\"elementor-element elementor-element-d50d933 elementor-widget elementor-widget-image\" data-id=\"d50d933\" data-element_type=\"widget\" data-widget_type=\"image.default\">\n\t\t\t\t<div class=\"elementor-widget-container\">\n\t\t\t\t\t\t\t\t\t\t\t\t\t<img decoding=\"async\" width=\"421\" height=\"344\" src=\"https:\/\/lesmrdtrucs.mataf35400.fr\/wp-content\/uploads\/2024\/11\/Image7.png\" class=\"attachment-large size-large wp-image-2526\" alt=\"\" srcset=\"https:\/\/lesmrdtrucs.mataf35400.fr\/wp-content\/uploads\/2024\/11\/Image7.png 421w, https:\/\/lesmrdtrucs.mataf35400.fr\/wp-content\/uploads\/2024\/11\/Image7-300x245.png 300w\" sizes=\"(max-width: 421px) 100vw, 421px\" \/>\t\t\t\t\t\t\t\t\t\t\t\t\t<\/div>\n\t\t\t\t<\/div>\n\t\t\t\t\t<\/div>\n\t\t<\/div>\n\t\t\t\t\t<\/div>\n\t\t<\/section>\n\t\t\t\t\t<\/div>\n\t\t<\/div>\n\t\t\t\t\t<\/div>\n\t\t<\/section>\n\t\t\t\t<section class=\"elementor-section elementor-top-section elementor-element elementor-element-b74b79c elementor-section-boxed elementor-section-height-default elementor-section-height-default\" data-id=\"b74b79c\" data-element_type=\"section\">\n\t\t\t\t\t\t<div class=\"elementor-container elementor-column-gap-default\">\n\t\t\t\t\t<div class=\"elementor-column elementor-col-100 elementor-top-column elementor-element elementor-element-88c8886\" data-id=\"88c8886\" data-element_type=\"column\">\n\t\t\t<div class=\"elementor-widget-wrap elementor-element-populated\">\n\t\t\t\t\t\t<div class=\"elementor-element elementor-element-f1ab5d0 elementor-widget elementor-widget-heading\" data-id=\"f1ab5d0\" data-element_type=\"widget\" data-widget_type=\"heading.default\">\n\t\t\t\t<div class=\"elementor-widget-container\">\n\t\t\t<h2 class=\"elementor-heading-title elementor-size-default\">Installation dans Home Assistant<\/h2>\t\t<\/div>\n\t\t\t\t<\/div>\n\t\t\t\t<div class=\"elementor-element elementor-element-9473ca7 elementor-widget elementor-widget-text-editor\" data-id=\"9473ca7\" data-element_type=\"widget\" data-widget_type=\"text-editor.default\">\n\t\t\t\t<div class=\"elementor-widget-container\">\n\t\t\t\t\t\t\t<p>(Celle que j&rsquo;ai faite le 03\/11\/2024)<\/p>\t\t\t\t\t\t<\/div>\n\t\t\t\t<\/div>\n\t\t\t\t<div class=\"elementor-element elementor-element-a326a36 elementor-widget elementor-widget-text-editor\" data-id=\"a326a36\" data-element_type=\"widget\" data-widget_type=\"text-editor.default\">\n\t\t\t\t<div class=\"elementor-widget-container\">\n\t\t\t\t\t\t\t<ul><li>Tout d&rsquo;abord, copier la police \u00ab\u00a0<strong>BebasNeue-Regular.ttf<\/strong>\u00a0\u00bb dans le r\u00e9pertoire \u00ab\u00a0CONFIG\/esphome\/\u00a0\u00bb.<\/li><li>Ouvrir l\u2019onglet <b>ESPHome<\/b> dans Home Assistant.<\/li><li>Dans le cadre de l&rsquo;entit\u00e9 choisie, cliquer sur \u00ab\u00a0<strong>EDIT<\/strong>\u00ab\u00a0.<\/li><li>Ajouter le programme suivant \u00e0 la fin du \u00ab\u00a0de base\u00a0\u00bb (apr\u00e8s \u00ab\u00a0<strong>captive_portal:<\/strong>\u00ab\u00a0).<\/li><li>Cliquer sur \u00ab\u00a0SAVE\u00a0\u00bb, puis sur \u00ab\u00a0INSTALL\u00a0\u00bb.<\/li><li>Dans la fen\u00eatre qui s&rsquo;ouvre, choisir \u00ab\u00a0Wirelessly\u00a0\u00bb.<\/li><li>Si tout va bien, cela doit fonctionner !!!<\/li><\/ul>\t\t\t\t\t\t<\/div>\n\t\t\t\t<\/div>\n\t\t\t\t<div class=\"elementor-element elementor-element-be06ca9 elementor-widget elementor-widget-heading\" data-id=\"be06ca9\" data-element_type=\"widget\" data-widget_type=\"heading.default\">\n\t\t\t\t<div class=\"elementor-widget-container\">\n\t\t\t<h2 class=\"elementor-heading-title elementor-size-default\">Le programme final apr\u00e8s ajout de la partie sp\u00e9cifique<\/h2>\t\t<\/div>\n\t\t\t\t<\/div>\n\t\t\t\t<div class=\"elementor-element elementor-element-6f49bf1 elementor-widget elementor-widget-text-editor\" data-id=\"6f49bf1\" data-element_type=\"widget\" data-widget_type=\"text-editor.default\">\n\t\t\t\t<div class=\"elementor-widget-container\">\n\t\t\t\t\t\t\t<p>esphome:<br \/>\u00a0 name: esp-01-dht22<br \/>\u00a0 friendly_name: Esp-01_Dht22<br \/><br \/>esp8266:<br \/>\u00a0 board: esp01_1m<br \/><br \/># Enable logging<br \/>logger:<br \/><br \/># Enable Home Assistant API<br \/>api:<br \/>\u00a0 encryption:<br \/>\u00a0\u00a0\u00a0 key: \u00ab\u00a0+MgWcN6CCTxWjF\/S+ZqnvhBvI1YXmJEQozwxhrWjRTU=\u00a0\u00bb<br \/><br \/>ota:<br \/>\u00a0 &#8211; platform: esphome<br \/>\u00a0\u00a0\u00a0 password: \u00ab\u00a05e79aae36c960d26308f6f4f12408e6a\u00a0\u00bb<br \/><br \/>wifi:<br \/>\u00a0 ssid: !secret wifi_ssid<br \/>\u00a0 password: !secret wifi_password<br \/><br \/>\u00a0 # Enable fallback hotspot (captive portal) in case wifi connection fails<br \/>\u00a0 ap:<br \/>\u00a0\u00a0\u00a0 ssid: \u00ab\u00a0Esp-01-Dht22 Fallback Hotspot\u00a0\u00bb<br \/>\u00a0\u00a0\u00a0 password: \u00ab\u00a0cjj2niQBVtiG\u00a0\u00bb<br \/><br \/>captive_portal:<br \/><br \/><br \/>i2c:<br \/>\u00a0 sda: GPIO0<br \/>\u00a0 scl: GPIO2<br \/><br \/>font:<br \/>\u00a0 &#8211; file: \u00ab\u00a0BebasNeue-Regular.ttf\u00a0\u00bb<br \/>\u00a0\u00a0\u00a0 id: BebasNeue_20<br \/>\u00a0\u00a0\u00a0 size: 20<br \/>\u00a0 &#8211; file: \u00ab\u00a0BebasNeue-Regular.ttf\u00a0\u00bb<br \/>\u00a0\u00a0\u00a0 id: BebasNeue_25<br \/>\u00a0\u00a0\u00a0 size: 25<br \/>\u00a0 &#8211; file: \u00ab\u00a0BebasNeue-Regular.ttf\u00a0\u00bb<br \/>\u00a0\u00a0\u00a0 id: BebasNeue_30<br \/>\u00a0\u00a0\u00a0 size: 30<br \/>\u00a0 &#8211; file: \u00ab\u00a0BebasNeue-Regular.ttf\u00a0\u00bb<br \/>\u00a0\u00a0\u00a0 id: BebasNeue_45<br \/>\u00a0\u00a0\u00a0 size: 45<br \/>\u00a0 &#8211; file: \u00ab\u00a0gfonts:\/\/Roboto\u00a0\u00bb<br \/>\u00a0\u00a0\u00a0 id: roboto_15<br \/>\u00a0\u00a0\u00a0 size: 15<br \/>\u00a0\u00a0\u00a0 extras:<br \/>\u00a0\u00a0\u00a0\u00a0\u00a0 &#8211; file: \u00ab\u00a0gfonts:\/\/Roboto\u00a0\u00bb<br \/>\u00a0\u00a0\u00a0\u00a0\u00a0\u00a0\u00a0 glyphs: [\u00e0,\u00e9,\u00e8,\u00e7,\u00f4,\u00ee,\u00f6,\u00ef,\u00f9,\u00b5,]<br \/>\u00a0 &#8211; file: \u00ab\u00a0gfonts:\/\/Roboto\u00a0\u00bb<br \/>\u00a0\u00a0\u00a0 id: roboto_20<br \/>\u00a0\u00a0\u00a0 size: 20<br \/>\u00a0 &#8211; file: \u00ab\u00a0gfonts:\/\/Roboto\u00a0\u00bb<br \/>\u00a0\u00a0\u00a0 id: roboto_25<br \/>\u00a0\u00a0\u00a0 size: 25<br \/>\u00a0 &#8211; file: \u00ab\u00a0gfonts:\/\/Roboto\u00a0\u00bb<br \/>\u00a0\u00a0\u00a0 id: roboto_30<br \/>\u00a0\u00a0\u00a0 size: 30<br \/><br \/>sensor:<br \/>\u00a0 &#8211; platform: dht<br \/>\u00a0\u00a0\u00a0 pin: GPIO1<br \/>\u00a0\u00a0\u00a0 temperature:<br \/>\u00a0\u00a0\u00a0\u00a0\u00a0 id: \u00ab\u00a0temp\u00a0\u00bb<br \/>\u00a0\u00a0\u00a0\u00a0\u00a0 name: \u00ab\u00a0T\u00b0 Buffet\u00a0\u00bb<br \/>\u00a0\u00a0\u00a0 humidity:<br \/>\u00a0\u00a0\u00a0\u00a0\u00a0 id: \u00ab\u00a0Humid\u00a0\u00bb<br \/>\u00a0\u00a0\u00a0\u00a0\u00a0 name: \u00ab\u00a0H% Buffet\u00a0\u00bb<br \/>\u00a0\u00a0\u00a0 update_interval: 30s<br \/><br \/>\u00a0 &#8211; platform: wifi_signal<br \/>\u00a0\u00a0\u00a0 name: Signal WiFi<br \/>\u00a0\u00a0\u00a0 update_interval: 300s<br \/>\u00a0\u00a0\u00a0 filters:<br \/>\u00a0\u00a0\u00a0\u00a0\u00a0 &#8211; delta: 10%<br \/><br \/>\u00a0 &#8211; platform: homeassistant<br \/>\u00a0\u00a0\u00a0 id: Dht<br \/>\u00a0\u00a0\u00a0 entity_id: sensor.esp_mini_d1_t_buffet_mini_d1<br \/><br \/>\u00a0 &#8211; platform: homeassistant<br \/>\u00a0\u00a0\u00a0 id: _5A_T_Salon<br \/>\u00a0\u00a0\u00a0 entity_id: sensor.ha_5a_t_salon_temperature<br \/><br \/>\u00a0 &#8211; platform: homeassistant<br \/>\u00a0\u00a0\u00a0 id: _5A_T_Palier<br \/>\u00a0\u00a0\u00a0 entity_id: sensor.ha_5a_t_palier_temperature<br \/><br \/>\u00a0 &#8211; platform: homeassistant<br \/>\u00a0\u00a0\u00a0 id: Elevation<br \/>\u00a0\u00a0\u00a0 entity_id: sun.sun<br \/>\u00a0\u00a0\u00a0 attribute: elevation<br \/><br \/>\u00a0 &#8211; platform: homeassistant<br \/>\u00a0\u00a0\u00a0 id: Azimuth<br \/>\u00a0\u00a0\u00a0 entity_id: sun.sun<br \/>\u00a0\u00a0\u00a0 attribute: azimuth<br \/><br \/>time:<br \/>\u00a0 &#8211; platform: homeassistant<br \/>\u00a0\u00a0\u00a0 id: esptime<br \/><br \/>text_sensor:<br \/>\u00a0 # Expose WiFi information as sensors<br \/>\u00a0 &#8211; platform: wifi_info<br \/>\u00a0\u00a0\u00a0 ip_address:<br \/>\u00a0\u00a0\u00a0\u00a0\u00a0 name: Adresse IP<br \/>\u00a0\u00a0\u00a0 mac_address:<br \/>\u00a0\u00a0\u00a0\u00a0\u00a0 name: Adresse MAC<br \/>\u00a0\u00a0 \u00a0<br \/>display:<br \/>\u00a0 &#8211; platform: ssd1306_i2c<br \/>\u00a0\u00a0\u00a0 model: \u00ab\u00a0SSD1306 128&#215;64\u00a0\u00bb<br \/>\u00a0\u00a0\u00a0 #rotation: 270\u00b0<br \/>\u00a0\u00a0\u00a0 address: 0x3C<br \/>\u00a0\u00a0\u00a0 contrast: 10%<br \/><br \/>\u00a0\u00a0\u00a0 id: my_display<br \/>\u00a0\u00a0\u00a0 pages:<br \/>\u00a0\u00a0\u00a0\u00a0\u00a0 &#8211; id: page1<br \/>\u00a0\u00a0\u00a0\u00a0\u00a0\u00a0\u00a0 lambda: |-<br \/>\u00a0\u00a0\u00a0\u00a0\u00a0\u00a0\u00a0\u00a0\u00a0 it.print(63, 7, id(roboto_15), TextAlign::CENTER, \u00ab\u00a0&#8211; Horo -\u00ab\u00a0);<br \/>\u00a0\u00a0\u00a0\u00a0\u00a0\u00a0\u00a0\u00a0\u00a0 it.strftime(63, 31, id(BebasNeue_20), TextAlign::CENTER, \u00ab\u00a0%d\/%m\u00a0\u00bb, id(esptime).now());<br \/>\u00a0\u00a0\u00a0\u00a0\u00a0\u00a0\u00a0\u00a0\u00a0 it.strftime(63, 55, id(BebasNeue_30), TextAlign::CENTER, \u00ab\u00a0%H:%M\u00a0\u00bb, id(esptime).now());<br \/>\u00a0\u00a0\u00a0\u00a0\u00a0 &#8211; id: page2<br \/>\u00a0\u00a0\u00a0\u00a0\u00a0\u00a0\u00a0 lambda: |-<br \/>\u00a0\u00a0\u00a0\u00a0\u00a0\u00a0\u00a0\u00a0\u00a0 it.print(63, 7, id(roboto_15), TextAlign::CENTER, \u00ab\u00a0&#8211; Soleil -\u00ab\u00a0);<br \/>\u00a0\u00a0\u00a0\u00a0\u00a0\u00a0\u00a0\u00a0\u00a0 it.printf(63, 31, id(BebasNeue_25), TextAlign::CENTER, \u00ab\u00a0%.0f\u00b0\u00a0\u00bb, id(Elevation).state);<br \/>\u00a0\u00a0\u00a0\u00a0\u00a0\u00a0\u00a0\u00a0\u00a0 it.printf(63, 55, id(BebasNeue_25), TextAlign::CENTER, \u00ab\u00a0%.0f\u00b0\u00a0\u00bb, id(Azimuth).state);<br \/>\u00a0\u00a0\u00a0\u00a0\u00a0 &#8211; id: page3<br \/>\u00a0\u00a0\u00a0\u00a0\u00a0\u00a0\u00a0 lambda: |-<br \/>\u00a0\u00a0\u00a0\u00a0\u00a0\u00a0\u00a0\u00a0\u00a0 it.print(63, 7, id(roboto_15), TextAlign::CENTER, \u00ab\u00a0&#8211; VdR -\u00ab\u00a0);<br \/>\u00a0\u00a0\u00a0\u00a0\u00a0\u00a0\u00a0\u00a0\u00a0 it.print(0, 25, id(roboto_15), \u00ab\u00a0Buffet\u00a0\u00bb);<br \/>\u00a0\u00a0\u00a0\u00a0\u00a0\u00a0\u00a0\u00a0\u00a0 it.print(0, 49, id(roboto_15), \u00ab\u00a0V\u00e9randa\u00a0\u00bb);<br \/>\u00a0\u00a0\u00a0\u00a0\u00a0\u00a0\u00a0\u00a0\u00a0 it.printf(it.get_width(), 17, id(BebasNeue_25), TextAlign::TOP_RIGHT, \u00ab\u00a0%.1f\u00b0\u00a0\u00bb, id(temp).state);<br \/>\u00a0\u00a0\u00a0\u00a0\u00a0\u00a0\u00a0\u00a0\u00a0 it.printf(it.get_width(), 41, id(BebasNeue_25), TextAlign::TOP_RIGHT, \u00ab\u00a0%.1f\u00b0\u00a0\u00bb, id(Dht).state);<br \/>\u00a0\u00a0\u00a0\u00a0\u00a0 &#8211; id: page4<br \/>\u00a0\u00a0\u00a0\u00a0\u00a0\u00a0\u00a0 lambda: |-<br \/>\u00a0\u00a0\u00a0\u00a0\u00a0\u00a0\u00a0\u00a0\u00a0 it.print(63, 7, id(roboto_15), TextAlign::CENTER, \u00ab\u00a0&#8211; 5A -\u00ab\u00a0);<br \/>\u00a0\u00a0\u00a0\u00a0\u00a0\u00a0\u00a0\u00a0\u00a0 it.print(0, 25, id(roboto_15), \u00ab\u00a0Buffet\u00a0\u00bb);<br \/>\u00a0\u00a0\u00a0\u00a0\u00a0\u00a0\u00a0\u00a0\u00a0 it.print(0, 49, id(roboto_15), \u00ab\u00a0Palier\u00a0\u00bb);<br \/>\u00a0\u00a0\u00a0\u00a0\u00a0\u00a0\u00a0\u00a0\u00a0 it.printf(it.get_width(), 17, id(BebasNeue_25), TextAlign::TOP_RIGHT, \u00ab\u00a0%.1f\u00b0\u00a0\u00bb, id(_5A_T_Salon).state);<br \/>\u00a0\u00a0\u00a0\u00a0\u00a0\u00a0\u00a0\u00a0\u00a0 it.printf(it.get_width(), 41, id(BebasNeue_25), TextAlign::TOP_RIGHT, \u00ab\u00a0%.1f\u00b0\u00a0\u00bb, id(_5A_T_Palier).state);<br \/><br \/># For example cycle through pages on a timer<br \/>interval:<br \/>\u00a0 &#8211; interval: 3s<br \/>\u00a0\u00a0\u00a0 then:<br \/>\u00a0\u00a0\u00a0\u00a0\u00a0 &#8211; display.page.show_next: my_display<br \/>\u00a0\u00a0\u00a0\u00a0\u00a0 &#8211; component.update: my_display<\/p>\t\t\t\t\t\t<\/div>\n\t\t\t\t<\/div>\n\t\t\t\t\t<\/div>\n\t\t<\/div>\n\t\t\t\t\t<\/div>\n\t\t<\/section>\n\t\t\t\t<\/div>\n\t\t","protected":false},"excerpt":{"rendered":"<p>Exemple d&rsquo;un afficheur I2C et d&rsquo;un thermom\u00e8tre C\u00e2blage pour l&rsquo;utilisation Installation dans Home Assistant (Celle que j&rsquo;ai faite le 03\/11\/2024) Tout d&rsquo;abord, copier la police \u00ab\u00a0BebasNeue-Regular.ttf\u00a0\u00bb dans le r\u00e9pertoire \u00ab\u00a0CONFIG\/esphome\/\u00a0\u00bb. Ouvrir l\u2019onglet ESPHome dans Home Assistant. Dans le cadre de l&rsquo;entit\u00e9 choisie, cliquer sur \u00ab\u00a0EDIT\u00ab\u00a0. Ajouter le programme suivant \u00e0 la fin du \u00ab\u00a0de base\u00a0\u00bb [&hellip;]<\/p>\n","protected":false},"author":1,"featured_media":0,"parent":0,"menu_order":0,"comment_status":"closed","ping_status":"closed","template":"","meta":{"ocean_post_layout":"","ocean_both_sidebars_style":"","ocean_both_sidebars_content_width":0,"ocean_both_sidebars_sidebars_width":0,"ocean_sidebar":"","ocean_second_sidebar":"","ocean_disable_margins":"enable","ocean_add_body_class":"","ocean_shortcode_before_top_bar":"","ocean_shortcode_after_top_bar":"","ocean_shortcode_before_header":"","ocean_shortcode_after_header":"","ocean_has_shortcode":"","ocean_shortcode_after_title":"","ocean_shortcode_before_footer_widgets":"","ocean_shortcode_after_footer_widgets":"","ocean_shortcode_before_footer_bottom":"","ocean_shortcode_after_footer_bottom":"","ocean_display_top_bar":"default","ocean_display_header":"default","ocean_header_style":"","ocean_center_header_left_menu":"","ocean_custom_header_template":"","ocean_custom_logo":0,"ocean_custom_retina_logo":0,"ocean_custom_logo_max_width":0,"ocean_custom_logo_tablet_max_width":0,"ocean_custom_logo_mobile_max_width":0,"ocean_custom_logo_max_height":0,"ocean_custom_logo_tablet_max_height":0,"ocean_custom_logo_mobile_max_height":0,"ocean_header_custom_menu":"","ocean_menu_typo_font_family":"","ocean_menu_typo_font_subset":"","ocean_menu_typo_font_size":0,"ocean_menu_typo_font_size_tablet":0,"ocean_menu_typo_font_size_mobile":0,"ocean_menu_typo_font_size_unit":"px","ocean_menu_typo_font_weight":"","ocean_menu_typo_font_weight_tablet":"","ocean_menu_typo_font_weight_mobile":"","ocean_menu_typo_transform":"","ocean_menu_typo_transform_tablet":"","ocean_menu_typo_transform_mobile":"","ocean_menu_typo_line_height":0,"ocean_menu_typo_line_height_tablet":0,"ocean_menu_typo_line_height_mobile":0,"ocean_menu_typo_line_height_unit":"","ocean_menu_typo_spacing":0,"ocean_menu_typo_spacing_tablet":0,"ocean_menu_typo_spacing_mobile":0,"ocean_menu_typo_spacing_unit":"","ocean_menu_link_color":"","ocean_menu_link_color_hover":"","ocean_menu_link_color_active":"","ocean_menu_link_background":"","ocean_menu_link_hover_background":"","ocean_menu_link_active_background":"","ocean_menu_social_links_bg":"","ocean_menu_social_hover_links_bg":"","ocean_menu_social_links_color":"","ocean_menu_social_hover_links_color":"","ocean_disable_title":"default","ocean_disable_heading":"default","ocean_post_title":"","ocean_post_subheading":"","ocean_post_title_style":"","ocean_post_title_background_color":"","ocean_post_title_background":0,"ocean_post_title_bg_image_position":"","ocean_post_title_bg_image_attachment":"","ocean_post_title_bg_image_repeat":"","ocean_post_title_bg_image_size":"","ocean_post_title_height":0,"ocean_post_title_bg_overlay":0.5,"ocean_post_title_bg_overlay_color":"","ocean_disable_breadcrumbs":"default","ocean_breadcrumbs_color":"","ocean_breadcrumbs_separator_color":"","ocean_breadcrumbs_links_color":"","ocean_breadcrumbs_links_hover_color":"","ocean_display_footer_widgets":"default","ocean_display_footer_bottom":"default","ocean_custom_footer_template":"","footnotes":""},"class_list":["post-2498","page","type-page","status-publish","hentry","entry"],"_links":{"self":[{"href":"https:\/\/lesmrdtrucs.mataf35400.fr\/index.php\/wp-json\/wp\/v2\/pages\/2498","targetHints":{"allow":["GET"]}}],"collection":[{"href":"https:\/\/lesmrdtrucs.mataf35400.fr\/index.php\/wp-json\/wp\/v2\/pages"}],"about":[{"href":"https:\/\/lesmrdtrucs.mataf35400.fr\/index.php\/wp-json\/wp\/v2\/types\/page"}],"author":[{"embeddable":true,"href":"https:\/\/lesmrdtrucs.mataf35400.fr\/index.php\/wp-json\/wp\/v2\/users\/1"}],"replies":[{"embeddable":true,"href":"https:\/\/lesmrdtrucs.mataf35400.fr\/index.php\/wp-json\/wp\/v2\/comments?post=2498"}],"version-history":[{"count":19,"href":"https:\/\/lesmrdtrucs.mataf35400.fr\/index.php\/wp-json\/wp\/v2\/pages\/2498\/revisions"}],"predecessor-version":[{"id":2583,"href":"https:\/\/lesmrdtrucs.mataf35400.fr\/index.php\/wp-json\/wp\/v2\/pages\/2498\/revisions\/2583"}],"wp:attachment":[{"href":"https:\/\/lesmrdtrucs.mataf35400.fr\/index.php\/wp-json\/wp\/v2\/media?parent=2498"}],"curies":[{"name":"wp","href":"https:\/\/api.w.org\/{rel}","templated":true}]}}