{"id":237,"date":"2022-12-01T19:33:56","date_gmt":"2022-12-01T18:33:56","guid":{"rendered":"http:\/\/lesmrdtrucs.mataf35400.fr\/?page_id=237"},"modified":"2022-12-05T17:09:04","modified_gmt":"2022-12-05T16:09:04","slug":"mscomctl-bibliotheque-dobjets-non-enregistree","status":"publish","type":"page","link":"https:\/\/lesmrdtrucs.mataf35400.fr\/index.php\/mscomctl-bibliotheque-dobjets-non-enregistree\/","title":{"rendered":"MsComCtl. \u00ab\u00a0Biblioth\u00e8que d&rsquo;objets non enregistr\u00e9e\u00a0\u00bb"},"content":{"rendered":"\t\t<div data-elementor-type=\"wp-page\" data-elementor-id=\"237\" class=\"elementor elementor-237\">\n\t\t\t\t\t\t<section class=\"elementor-section elementor-top-section elementor-element elementor-element-468fcfa6 elementor-section-boxed elementor-section-height-default elementor-section-height-default\" data-id=\"468fcfa6\" data-element_type=\"section\">\n\t\t\t\t\t\t<div class=\"elementor-container elementor-column-gap-default\">\n\t\t\t\t\t<div class=\"elementor-column elementor-col-100 elementor-top-column elementor-element elementor-element-1457e268\" data-id=\"1457e268\" data-element_type=\"column\">\n\t\t\t<div class=\"elementor-widget-wrap elementor-element-populated\">\n\t\t\t\t\t\t<div class=\"elementor-element elementor-element-1368de2e elementor-widget elementor-widget-text-editor\" data-id=\"1368de2e\" data-element_type=\"widget\" data-widget_type=\"text-editor.default\">\n\t\t\t\t<div class=\"elementor-widget-container\">\n\t\t\t\t\t\t\t<p>Bonjour,<\/p><p>j&rsquo;ai rencontr\u00e9 r\u00e9cemment ce probl\u00e8me de biblioth\u00e8que d&rsquo;objet non enregistr\u00e9e. J&rsquo;utilise Windows 7 en 64 bits. J&rsquo;avais ce soucis pour tout programme utilisant l&rsquo;OCX mscomctl.ocx (Microsoft Windows Common Control 6.0)<\/p><p>Je crois que le probl\u00e8me est apparu apr\u00e8s une mise \u00e0 jour d&rsquo;internet Explorer mais je n&rsquo;en suis pas certain.<\/p><p>J&rsquo;ai bien s\u00fbr essay\u00e9 d&rsquo;enregistrer cet OCX via regsvr32 sans trop y croire puisque le probl\u00e8me n&rsquo;apparaissait qu&rsquo;en mode \u00e9dition sous VB6 mais pas en utilisant le programme compil\u00e9. Effectivement, \u00e7a n&rsquo;a rien chang\u00e9.<\/p><p>En continuant \u00e0 farfouiller, j&rsquo;ai fini par trouver cette astuce qui a r\u00e9solu mon probl\u00e8me. Il faut utiliser le programme regtlib32.exe que l&rsquo;on peut trouver sur son disque dur \u00e0 cette adresse (en fonction de la derni\u00e8re version de framework) :<\/p><p>C:\\Windows\\Microsoft.NET\\Framework\\v4.0.30319<\/p><p>Il faut alors venir en mode console DOS en tant qu&rsquo;administrateur, venir dans ce r\u00e9pertoire et taper enfin :<\/p><p>regtlibv12 msdatsrc.tlb<\/p><p>C&rsquo;est peut \u00eatre un peu tordu, mais \u00e7a a parfaitement fonctionn\u00e9 sur ma machine.<\/p><p>Pris sur <a href=\"https:\/\/www.developpez.net\/forums\/d1310403\/autres-langages\/general-visual-basic-6-vbscript\/vb-6-anterieur\/probleme-compatibilite-vb6\/\">https:\/\/www.developpez.net\/forums\/d1310403\/autres-langages\/general-visual-basic-6-vbscript\/vb-6-anterieur\/probleme-compatibilite-vb6\/ <\/a><\/p>\t\t\t\t\t\t<\/div>\n\t\t\t\t<\/div>\n\t\t\t\t\t<\/div>\n\t\t<\/div>\n\t\t\t\t\t<\/div>\n\t\t<\/section>\n\t\t\t\t<\/div>\n\t\t","protected":false},"excerpt":{"rendered":"<p>Bonjour, j&rsquo;ai rencontr\u00e9 r\u00e9cemment ce probl\u00e8me de biblioth\u00e8que d&rsquo;objet non enregistr\u00e9e. J&rsquo;utilise Windows 7 en 64 bits. J&rsquo;avais ce soucis pour tout programme utilisant l&rsquo;OCX mscomctl.ocx (Microsoft Windows Common Control 6.0) Je crois que le probl\u00e8me est apparu apr\u00e8s une mise \u00e0 jour d&rsquo;internet Explorer mais je n&rsquo;en suis pas certain. J&rsquo;ai bien s\u00fbr essay\u00e9 [&hellip;]<\/p>\n","protected":false},"author":1,"featured_media":0,"parent":0,"menu_order":0,"comment_status":"closed","ping_status":"closed","template":"","meta":{"ocean_post_layout":"","ocean_both_sidebars_style":"","ocean_both_sidebars_content_width":0,"ocean_both_sidebars_sidebars_width":0,"ocean_sidebar":"","ocean_second_sidebar":"","ocean_disable_margins":"enable","ocean_add_body_class":"","ocean_shortcode_before_top_bar":"","ocean_shortcode_after_top_bar":"","ocean_shortcode_before_header":"","ocean_shortcode_after_header":"","ocean_has_shortcode":"","ocean_shortcode_after_title":"","ocean_shortcode_before_footer_widgets":"","ocean_shortcode_after_footer_widgets":"","ocean_shortcode_before_footer_bottom":"","ocean_shortcode_after_footer_bottom":"","ocean_display_top_bar":"default","ocean_display_header":"default","ocean_header_style":"","ocean_center_header_left_menu":"","ocean_custom_header_template":"","ocean_custom_logo":0,"ocean_custom_retina_logo":0,"ocean_custom_logo_max_width":0,"ocean_custom_logo_tablet_max_width":0,"ocean_custom_logo_mobile_max_width":0,"ocean_custom_logo_max_height":0,"ocean_custom_logo_tablet_max_height":0,"ocean_custom_logo_mobile_max_height":0,"ocean_header_custom_menu":"","ocean_menu_typo_font_family":"","ocean_menu_typo_font_subset":"","ocean_menu_typo_font_size":0,"ocean_menu_typo_font_size_tablet":0,"ocean_menu_typo_font_size_mobile":0,"ocean_menu_typo_font_size_unit":"px","ocean_menu_typo_font_weight":"","ocean_menu_typo_font_weight_tablet":"","ocean_menu_typo_font_weight_mobile":"","ocean_menu_typo_transform":"","ocean_menu_typo_transform_tablet":"","ocean_menu_typo_transform_mobile":"","ocean_menu_typo_line_height":0,"ocean_menu_typo_line_height_tablet":0,"ocean_menu_typo_line_height_mobile":0,"ocean_menu_typo_line_height_unit":"","ocean_menu_typo_spacing":0,"ocean_menu_typo_spacing_tablet":0,"ocean_menu_typo_spacing_mobile":0,"ocean_menu_typo_spacing_unit":"","ocean_menu_link_color":"","ocean_menu_link_color_hover":"","ocean_menu_link_color_active":"","ocean_menu_link_background":"","ocean_menu_link_hover_background":"","ocean_menu_link_active_background":"","ocean_menu_social_links_bg":"","ocean_menu_social_hover_links_bg":"","ocean_menu_social_links_color":"","ocean_menu_social_hover_links_color":"","ocean_disable_title":"default","ocean_disable_heading":"default","ocean_post_title":"","ocean_post_subheading":"","ocean_post_title_style":"","ocean_post_title_background_color":"","ocean_post_title_background":0,"ocean_post_title_bg_image_position":"","ocean_post_title_bg_image_attachment":"","ocean_post_title_bg_image_repeat":"","ocean_post_title_bg_image_size":"","ocean_post_title_height":0,"ocean_post_title_bg_overlay":0.5,"ocean_post_title_bg_overlay_color":"","ocean_disable_breadcrumbs":"default","ocean_breadcrumbs_color":"","ocean_breadcrumbs_separator_color":"","ocean_breadcrumbs_links_color":"","ocean_breadcrumbs_links_hover_color":"","ocean_display_footer_widgets":"default","ocean_display_footer_bottom":"default","ocean_custom_footer_template":"","footnotes":""},"class_list":["post-237","page","type-page","status-publish","hentry","entry"],"_links":{"self":[{"href":"https:\/\/lesmrdtrucs.mataf35400.fr\/index.php\/wp-json\/wp\/v2\/pages\/237","targetHints":{"allow":["GET"]}}],"collection":[{"href":"https:\/\/lesmrdtrucs.mataf35400.fr\/index.php\/wp-json\/wp\/v2\/pages"}],"about":[{"href":"https:\/\/lesmrdtrucs.mataf35400.fr\/index.php\/wp-json\/wp\/v2\/types\/page"}],"author":[{"embeddable":true,"href":"https:\/\/lesmrdtrucs.mataf35400.fr\/index.php\/wp-json\/wp\/v2\/users\/1"}],"replies":[{"embeddable":true,"href":"https:\/\/lesmrdtrucs.mataf35400.fr\/index.php\/wp-json\/wp\/v2\/comments?post=237"}],"version-history":[{"count":7,"href":"https:\/\/lesmrdtrucs.mataf35400.fr\/index.php\/wp-json\/wp\/v2\/pages\/237\/revisions"}],"predecessor-version":[{"id":363,"href":"https:\/\/lesmrdtrucs.mataf35400.fr\/index.php\/wp-json\/wp\/v2\/pages\/237\/revisions\/363"}],"wp:attachment":[{"href":"https:\/\/lesmrdtrucs.mataf35400.fr\/index.php\/wp-json\/wp\/v2\/media?parent=237"}],"curies":[{"name":"wp","href":"https:\/\/api.w.org\/{rel}","templated":true}]}}