{"id":2309,"date":"2023-09-16T11:11:08","date_gmt":"2023-09-16T10:11:08","guid":{"rendered":"https:\/\/lesmrdtrucs.mataf35400.fr\/?page_id=2309"},"modified":"2023-09-16T11:36:33","modified_gmt":"2023-09-16T10:36:33","slug":"volets-somfy-io","status":"publish","type":"page","link":"https:\/\/lesmrdtrucs.mataf35400.fr\/index.php\/volets-somfy-io\/","title":{"rendered":"Volets Somfy IO"},"content":{"rendered":"\t\t<div data-elementor-type=\"wp-page\" data-elementor-id=\"2309\" class=\"elementor elementor-2309\">\n\t\t\t\t\t\t<section class=\"elementor-section elementor-top-section elementor-element elementor-element-fe6ed82 elementor-section-boxed elementor-section-height-default elementor-section-height-default\" data-id=\"fe6ed82\" data-element_type=\"section\">\n\t\t\t\t\t\t<div class=\"elementor-container elementor-column-gap-default\">\n\t\t\t\t\t<div class=\"elementor-column elementor-col-100 elementor-top-column elementor-element elementor-element-294b254\" data-id=\"294b254\" data-element_type=\"column\">\n\t\t\t<div class=\"elementor-widget-wrap elementor-element-populated\">\n\t\t\t\t\t\t<div class=\"elementor-element elementor-element-70bf5c3 elementor-widget elementor-widget-text-editor\" data-id=\"70bf5c3\" data-element_type=\"widget\" data-widget_type=\"text-editor.default\">\n\t\t\t\t<div class=\"elementor-widget-container\">\n\t\t\t\t\t\t\t<p>Discussion sur le net pour pouvoir les commander gr\u00e2ce \u00e0 Home Assistant:<br \/><a href=\"https:\/\/forum.hacf.fr\/t\/somfy-io-cloudless\/16558\/6\" target=\"_blank\" rel=\"noopener\">https:\/\/forum.hacf.fr\/t\/somfy-io-cloudless\/16558\/6<\/a><\/p><p>Notamment:<\/p><p><em><span style=\"color: #339966;\">Uniquement en IO chez moi.<\/span><\/em><br \/><em><span style=\"color: #339966;\">Il y a ce <a style=\"color: #339966;\" href=\"https:\/\/boutique.somfy.fr\/kit-de-connectivite.html\" target=\"_blank\" rel=\"noopener nofollow ugc\">module<\/a> qui fait IO\/RTS et qui est plus accessible que l\u2019autre mais jamais utilis\u00e9, il n\u2019existait pas \u00e0 l\u2019\u00e9poque de mon choix.<br \/><\/span><\/em><\/p><p><em>&#8230;&#8230;<\/em><\/p><div class=\"cooked\"><p><em><span style=\"color: #339966;\">Merci pour tes r\u00e9ponses.<\/span><\/em><\/p><p><em><span style=\"color: #339966;\">Si j\u2019ai bien compris, tu peux utiliser le module de somfy (le kit de connectivit\u00e9 \u00e0 69\u20ac) en cloudless gr\u00e2ce \u00e0 homekit de la m\u00eame mani\u00e8re que tu le fais avec le module velux ( KIG 300 EU)<\/span><\/em><\/p><p><em><span style=\"color: #339966;\">Par contre, HomeKit fait parti de l\u2019\u00e9cosyst\u00e8me Apple et cela ajoute une couche middleware suppl\u00e9mentaire (entre le module IO et home assistant).<\/span><\/em><\/p><p><em>&#8230;&#8230;<\/em><\/p><div class=\"cooked\"><p><em><span style=\"color: #339966;\">Ce n\u2019est pas HomeBridge mais bien <a style=\"color: #339966;\" href=\"https:\/\/www.home-assistant.io\/integrations\/homekit_controller\/\" target=\"_blank\" rel=\"noopener nofollow ugc\">HomeKit Controller <\/a> dans le cas des modules Somfy\/Velux.<\/span><\/em><\/p><p><em>&#8230;&#8230;<\/em><\/p><div class=\"cooked\"><p><em><span style=\"color: #339966;\">A mon avis, Jean-Michel propose de \u00ab\u00a0by-passer\u00a0\u00bb Apple grace \u00e0 Homebridge qui \u00e9mule une API homekit.<\/span><\/em><br \/><em><span style=\"color: #339966;\">Il doit tout de m\u00eame falloir le HomeKit Controlleur dans Hass pour s\u2019y connecter.<\/span><\/em><\/p><\/div><\/div><\/div>\t\t\t\t\t\t<\/div>\n\t\t\t\t<\/div>\n\t\t\t\t\t<\/div>\n\t\t<\/div>\n\t\t\t\t\t<\/div>\n\t\t<\/section>\n\t\t\t\t<\/div>\n\t\t","protected":false},"excerpt":{"rendered":"<p>Discussion sur le net pour pouvoir les commander gr\u00e2ce \u00e0 Home Assistant:https:\/\/forum.hacf.fr\/t\/somfy-io-cloudless\/16558\/6 Notamment: Uniquement en IO chez moi.Il y a ce module qui fait IO\/RTS et qui est plus accessible que l\u2019autre mais jamais utilis\u00e9, il n\u2019existait pas \u00e0 l\u2019\u00e9poque de mon choix. &#8230;&#8230; Merci pour tes r\u00e9ponses. Si j\u2019ai bien compris, tu peux utiliser [&hellip;]<\/p>\n","protected":false},"author":1,"featured_media":0,"parent":0,"menu_order":0,"comment_status":"closed","ping_status":"closed","template":"","meta":{"ocean_post_layout":"","ocean_both_sidebars_style":"","ocean_both_sidebars_content_width":0,"ocean_both_sidebars_sidebars_width":0,"ocean_sidebar":"0","ocean_second_sidebar":"0","ocean_disable_margins":"enable","ocean_add_body_class":"","ocean_shortcode_before_top_bar":"","ocean_shortcode_after_top_bar":"","ocean_shortcode_before_header":"","ocean_shortcode_after_header":"","ocean_has_shortcode":"","ocean_shortcode_after_title":"","ocean_shortcode_before_footer_widgets":"","ocean_shortcode_after_footer_widgets":"","ocean_shortcode_before_footer_bottom":"","ocean_shortcode_after_footer_bottom":"","ocean_display_top_bar":"default","ocean_display_header":"default","ocean_header_style":"","ocean_center_header_left_menu":"0","ocean_custom_header_template":"0","ocean_custom_logo":0,"ocean_custom_retina_logo":0,"ocean_custom_logo_max_width":0,"ocean_custom_logo_tablet_max_width":0,"ocean_custom_logo_mobile_max_width":0,"ocean_custom_logo_max_height":0,"ocean_custom_logo_tablet_max_height":0,"ocean_custom_logo_mobile_max_height":0,"ocean_header_custom_menu":"0","ocean_menu_typo_font_family":"0","ocean_menu_typo_font_subset":"","ocean_menu_typo_font_size":0,"ocean_menu_typo_font_size_tablet":0,"ocean_menu_typo_font_size_mobile":0,"ocean_menu_typo_font_size_unit":"px","ocean_menu_typo_font_weight":"","ocean_menu_typo_font_weight_tablet":"","ocean_menu_typo_font_weight_mobile":"","ocean_menu_typo_transform":"","ocean_menu_typo_transform_tablet":"","ocean_menu_typo_transform_mobile":"","ocean_menu_typo_line_height":0,"ocean_menu_typo_line_height_tablet":0,"ocean_menu_typo_line_height_mobile":0,"ocean_menu_typo_line_height_unit":"","ocean_menu_typo_spacing":0,"ocean_menu_typo_spacing_tablet":0,"ocean_menu_typo_spacing_mobile":0,"ocean_menu_typo_spacing_unit":"","ocean_menu_link_color":"","ocean_menu_link_color_hover":"","ocean_menu_link_color_active":"","ocean_menu_link_background":"","ocean_menu_link_hover_background":"","ocean_menu_link_active_background":"","ocean_menu_social_links_bg":"","ocean_menu_social_hover_links_bg":"","ocean_menu_social_links_color":"","ocean_menu_social_hover_links_color":"","ocean_disable_title":"default","ocean_disable_heading":"default","ocean_post_title":"","ocean_post_subheading":"","ocean_post_title_style":"","ocean_post_title_background_color":"","ocean_post_title_background":0,"ocean_post_title_bg_image_position":"","ocean_post_title_bg_image_attachment":"","ocean_post_title_bg_image_repeat":"","ocean_post_title_bg_image_size":"","ocean_post_title_height":0,"ocean_post_title_bg_overlay":0.5,"ocean_post_title_bg_overlay_color":"","ocean_disable_breadcrumbs":"default","ocean_breadcrumbs_color":"","ocean_breadcrumbs_separator_color":"","ocean_breadcrumbs_links_color":"","ocean_breadcrumbs_links_hover_color":"","ocean_display_footer_widgets":"default","ocean_display_footer_bottom":"default","ocean_custom_footer_template":"0","footnotes":""},"class_list":["post-2309","page","type-page","status-publish","hentry","entry"],"_links":{"self":[{"href":"https:\/\/lesmrdtrucs.mataf35400.fr\/index.php\/wp-json\/wp\/v2\/pages\/2309","targetHints":{"allow":["GET"]}}],"collection":[{"href":"https:\/\/lesmrdtrucs.mataf35400.fr\/index.php\/wp-json\/wp\/v2\/pages"}],"about":[{"href":"https:\/\/lesmrdtrucs.mataf35400.fr\/index.php\/wp-json\/wp\/v2\/types\/page"}],"author":[{"embeddable":true,"href":"https:\/\/lesmrdtrucs.mataf35400.fr\/index.php\/wp-json\/wp\/v2\/users\/1"}],"replies":[{"embeddable":true,"href":"https:\/\/lesmrdtrucs.mataf35400.fr\/index.php\/wp-json\/wp\/v2\/comments?post=2309"}],"version-history":[{"count":4,"href":"https:\/\/lesmrdtrucs.mataf35400.fr\/index.php\/wp-json\/wp\/v2\/pages\/2309\/revisions"}],"predecessor-version":[{"id":2317,"href":"https:\/\/lesmrdtrucs.mataf35400.fr\/index.php\/wp-json\/wp\/v2\/pages\/2309\/revisions\/2317"}],"wp:attachment":[{"href":"https:\/\/lesmrdtrucs.mataf35400.fr\/index.php\/wp-json\/wp\/v2\/media?parent=2309"}],"curies":[{"name":"wp","href":"https:\/\/api.w.org\/{rel}","templated":true}]}}