{"id":1896,"date":"2022-12-23T13:24:04","date_gmt":"2022-12-23T12:24:04","guid":{"rendered":"http:\/\/lesmrdtrucs.mataf35400.fr\/?page_id=1896"},"modified":"2022-12-23T13:49:04","modified_gmt":"2022-12-23T12:49:04","slug":"comment-reinitialiser-un-mot-de-passe-raspberry-pi-oublie","status":"publish","type":"page","link":"https:\/\/lesmrdtrucs.mataf35400.fr\/index.php\/comment-reinitialiser-un-mot-de-passe-raspberry-pi-oublie\/","title":{"rendered":"Comment r\u00e9initialiser un mot de passe Raspberry Pi oubli\u00e9"},"content":{"rendered":"\t\t<div data-elementor-type=\"wp-page\" data-elementor-id=\"1896\" class=\"elementor elementor-1896\">\n\t\t\t\t\t\t<section class=\"elementor-section elementor-top-section elementor-element elementor-element-423033d6 elementor-section-boxed elementor-section-height-default elementor-section-height-default\" data-id=\"423033d6\" data-element_type=\"section\">\n\t\t\t\t\t\t<div class=\"elementor-container elementor-column-gap-default\">\n\t\t\t\t\t<div class=\"elementor-column elementor-col-100 elementor-top-column elementor-element elementor-element-7db83c53\" data-id=\"7db83c53\" data-element_type=\"column\">\n\t\t\t<div class=\"elementor-widget-wrap elementor-element-populated\">\n\t\t\t\t\t\t<div class=\"elementor-element elementor-element-69756d48 elementor-widget elementor-widget-text-editor\" data-id=\"69756d48\" data-element_type=\"widget\" data-widget_type=\"text-editor.default\">\n\t\t\t\t<div class=\"elementor-widget-container\">\n\t\t\t\t\t\t\t<p>Pris l\u00e0: <a href=\"https:\/\/www.raspberryme.com\/comment-reinitialiser-un-mot-de-passe-raspberry-pi-oublie\/\" target=\"_blank\" rel=\"noopener\">https:\/\/www.raspberryme.com\/comment-reinitialiser-un-mot-de-passe-raspberry-pi-oublie\/<\/a><\/p><p>MRD: pas encore essay\u00e9 (23\/12\/2022) !<\/p>\t\t\t\t\t\t<\/div>\n\t\t\t\t<\/div>\n\t\t\t\t\t<\/div>\n\t\t<\/div>\n\t\t\t\t\t<\/div>\n\t\t<\/section>\n\t\t\t\t<section class=\"elementor-section elementor-top-section elementor-element elementor-element-7596bb91 elementor-section-boxed elementor-section-height-default elementor-section-height-default\" data-id=\"7596bb91\" data-element_type=\"section\">\n\t\t\t\t\t\t<div class=\"elementor-container elementor-column-gap-default\">\n\t\t\t\t\t<div class=\"elementor-column elementor-col-100 elementor-top-column elementor-element elementor-element-5414f385\" data-id=\"5414f385\" data-element_type=\"column\">\n\t\t\t<div class=\"elementor-widget-wrap elementor-element-populated\">\n\t\t\t\t\t\t<div class=\"elementor-element elementor-element-2692bf44 elementor-widget elementor-widget-text-editor\" data-id=\"2692bf44\" data-element_type=\"widget\" data-widget_type=\"text-editor.default\">\n\t\t\t\t<div class=\"elementor-widget-container\">\n\t\t\t\t\t\t\t<h3>\u00c9tape 1 \u2013 Exigences de r\u00e9cup\u00e9ration de mot de passe Pi<\/h3>\n<ul>\n<li style=\"list-style-type: none;\">\n<ul>\n<li>Pour utiliser cette technique, vous devez avoir :\n<ul>\n<li>Un acc\u00e8s physique au Pi et \u00e0 sa carte SD<\/li>\n<li>Un clavier et un moniteur sur le Pi<\/li>\n<li>Des adaptateurs appropri\u00e9s si vous utilisez un Pi Zero<\/li>\n<li>Un PC\/ordinateur portable avec un lecteur de carte microSD<\/li>\n<\/ul>\n<\/li>\n<\/ul>\n<\/li>\n<\/ul>\n<h3>\u00c9tape 2 \u2013 Prenez la carte SD<\/h3>\n<ul>\n<li style=\"list-style-type: none;\">\n<ul>\n<li>\u00c9teignez le Pi et retirez la carte SD. Ins\u00e9rez-le dans votre PC.<\/li>\n<\/ul>\n<\/li>\n<\/ul>\n<h3>\u00c9tape 3 \u2013 Modifier cmdline.txt<\/h3>\n<ul>\n<li style=\"list-style-type: none;\">\n<ul>\n<li>La partition de d\u00e9marrage doit \u00eatre visible et contenir un fichier nomm\u00e9 <span style=\"color: #0000ff;\"><em>cmdline.txt<\/em><\/span>. Modifiez ce fichier dans un \u00e9diteur de texte et ajoutez ce qui suit \u00e0 la fin du texte existant :\n<ul>\n<li><span style=\"color: #0000ff;\"><em>init=\/bin\/sh<\/em><\/span><\/li>\n<\/ul>\n<\/li>\n<\/ul>\n<\/li>\n<\/ul>\n<p style=\"padding-left: 80px;\">Si le contenu original \u00e9tait :<br><span style=\"color: #0000ff;\"><em>dwc_otg.lpm_enable=0 console=serial0,115200 console=tty1 root=PARTUUID=04ceb741-02 rootfstype=ext4 elevator=deadline fsck.repair=yes rootwait<\/em><\/span><\/p>\n<p style=\"padding-left: 80px;\">il devrait maintenant ressembler \u00e0 :<br><span style=\"color: #0000ff;\"><em>dwc_otg.lpm_enable=0 console=serial0,115200 console=tty1 root=PARTUUID=04ceb741-02 rootfstype=ext4 elevator=deadline fsck.repair=yes rootwait init=\/bin\/sh<\/em><\/span><\/p>\n<p style=\"padding-left: 80px;\">Assurez-vous que tout est sur une seule ligne&nbsp;!<\/p>\n<ul>\n<li style=\"list-style-type: none;\">\n<ul>\n<li style=\"list-style-type: none;\">\n<ul>\n<li>Enregistrez le fichier texte et \u00e9jectez la carte SD du PC.<\/li>\n<\/ul>\n<\/li>\n<\/ul>\n<\/li>\n<\/ul>\n<h3>\u00c9tape 4 \u2013 R\u00e9initialiser le mot de passe Pi<\/h3>\n<ul>\n<li style=\"list-style-type: none;\">\n<ul>\n<li>Ins\u00e9rez la carte dans le Pi avec un moniteur et un clavier connect\u00e9s.<\/li>\n<li>Mettez le Pi sous tension. Il peut y avoir un d\u00e9lai, mais un curseur devrait vous \u00eatre pr\u00e9sent\u00e9.<\/li>\n<li>\u00c0 l\u2019invite, tapez la commande suivante&nbsp;:\n<ul>\n<li><span style=\"color: #0000ff;\"><em>mount -o remount, rw \/<\/em><\/span><\/li>\n<\/ul>\n<\/li>\n<\/ul>\n<\/li>\n<\/ul>\n<p style=\"padding-left: 80px;\">Si cela se traduit par un message d\u2019erreur tel que :<br><span style=\"color: #0000ff;\"><em>\/bin\/sh: 0: can\u2019t access tty; job control turned off&nbsp;[ 21.366191] random: crng init done<\/em><\/span><\/p>\n<p style=\"padding-left: 80px;\">essayez simplement \u00e0 nouveau la commande mount :<br><span style=\"color: #0000ff;\"><em>mount -o remount, rw \/<\/em><\/span><\/p>\n<ul>\n<li style=\"list-style-type: none;\">\n<ul>\n<li>Enfin vous pouvez maintenant tenter de changer le mot de passe :\n<ul>\n<li><span style=\"color: #0000ff;\"><em>passwd pi<\/em><\/span><\/li>\n<\/ul>\n<\/li>\n<\/ul>\n<\/li>\n<\/ul>\n<p style=\"padding-left: 80px;\">Vous serez alors invit\u00e9 \u00e0 entrer un nouveau mot de passe. Entrez-le soigneusement et appuyez sur la touche [<span style=\"color: #0000ff;\"><em>Entr\u00e9e<\/em><\/span>]. Il vous demandera maintenant de retaper le mot de passe.<\/p>\t\t\t\t\t\t<\/div>\n\t\t\t\t<\/div>\n\t\t\t\t<div class=\"elementor-element elementor-element-0f81267 elementor-widget elementor-widget-image\" data-id=\"0f81267\" data-element_type=\"widget\" data-widget_type=\"image.default\">\n\t\t\t\t<div class=\"elementor-widget-container\">\n\t\t\t\t\t\t\t\t\t\t\t\t\t<img decoding=\"async\" width=\"400\" height=\"100\" src=\"https:\/\/lesmrdtrucs.mataf35400.fr\/wp-content\/uploads\/2022\/12\/Image45.png\" class=\"elementor-animation-grow attachment-full size-full wp-image-1902\" alt=\"\" srcset=\"https:\/\/lesmrdtrucs.mataf35400.fr\/wp-content\/uploads\/2022\/12\/Image45.png 400w, https:\/\/lesmrdtrucs.mataf35400.fr\/wp-content\/uploads\/2022\/12\/Image45-300x75.png 300w\" sizes=\"(max-width: 400px) 100vw, 400px\" \/>\t\t\t\t\t\t\t\t\t\t\t\t\t<\/div>\n\t\t\t\t<\/div>\n\t\t\t\t<div class=\"elementor-element elementor-element-3de8b54c elementor-widget elementor-widget-text-editor\" data-id=\"3de8b54c\" data-element_type=\"widget\" data-widget_type=\"text-editor.default\">\n\t\t\t\t<div class=\"elementor-widget-container\">\n\t\t\t\t\t\t\t<p style=\"padding-left: 80px;\">Le mot de passe a \u00e9t\u00e9 modifi\u00e9.<\/p><ul><li style=\"list-style-type: none;\"><ul><li>Tapez maintenant les commandes suivantes :<ul><li><span style=\"color: #0000ff;\"><em>sync<\/em><\/span><\/li><li><span style=\"color: #0000ff;\"><em>exec \/sbin\/init<\/em><\/span><\/li><\/ul><\/li><\/ul><\/li><\/ul><p style=\"padding-left: 80px;\">Le Pi continuera \u00e0 d\u00e9marrer et vous ram\u00e8nera \u00e0 l\u2019invite de ligne de commande normale.<\/p><ul><li style=\"list-style-type: none;\"><ul><li>Arr\u00eatez le Pi et \u00e9teignez-le.<ul><li><span style=\"color: #0000ff;\"><em>sudo halt<\/em><\/span><\/li><\/ul><\/li><\/ul><\/li><\/ul><h3>\u00c9tape 5 \u2013 Modifier cmdline.txt<\/h3><ul><li style=\"list-style-type: none;\"><ul><li>Retirez la carte SD du Pi et \u00e0 l\u2019aide du PC, modifiez \u00e0 nouveau le fichier <span style=\"color: #0000ff;\"><em>cmdline.txt<\/em><\/span> et supprimez le texte <span style=\"color: #0000ff;\"><em>init=\/bin\/sh<\/em><\/span> que vous avez ajout\u00e9 \u00e0 l\u2019\u00e9tape 2.<\/li><li>\u00c9jectez en toute s\u00e9curit\u00e9 la carte SD du PC et r\u00e9ins\u00e9rez-la dans le Pi.<\/li><li>Allumez le Pi et votre nouveau mot de passe devrait maintenant \u00eatre actif.<\/li><\/ul><\/li><\/ul>\t\t\t\t\t\t<\/div>\n\t\t\t\t<\/div>\n\t\t\t\t\t<\/div>\n\t\t<\/div>\n\t\t\t\t\t<\/div>\n\t\t<\/section>\n\t\t\t\t<section class=\"elementor-section elementor-top-section elementor-element elementor-element-b9a2243 elementor-section-boxed elementor-section-height-default elementor-section-height-default\" data-id=\"b9a2243\" data-element_type=\"section\">\n\t\t\t\t\t\t<div class=\"elementor-container elementor-column-gap-default\">\n\t\t\t\t\t<div class=\"elementor-column elementor-col-100 elementor-top-column elementor-element elementor-element-4d9f9d32\" data-id=\"4d9f9d32\" data-element_type=\"column\">\n\t\t\t<div class=\"elementor-widget-wrap\">\n\t\t\t\t\t\t\t<\/div>\n\t\t<\/div>\n\t\t\t\t\t<\/div>\n\t\t<\/section>\n\t\t\t\t<\/div>\n\t\t","protected":false},"excerpt":{"rendered":"<p>Pris l\u00e0: https:\/\/www.raspberryme.com\/comment-reinitialiser-un-mot-de-passe-raspberry-pi-oublie\/ MRD: pas encore essay\u00e9 (23\/12\/2022) ! \u00c9tape 1 \u2013 Exigences de r\u00e9cup\u00e9ration de mot de passe Pi Pour utiliser cette technique, vous devez avoir : Un acc\u00e8s physique au Pi et \u00e0 sa carte SD Un clavier et un moniteur sur le Pi Des adaptateurs appropri\u00e9s si vous utilisez un Pi Zero [&hellip;]<\/p>\n","protected":false},"author":1,"featured_media":0,"parent":0,"menu_order":0,"comment_status":"closed","ping_status":"closed","template":"","meta":{"ocean_post_layout":"","ocean_both_sidebars_style":"","ocean_both_sidebars_content_width":0,"ocean_both_sidebars_sidebars_width":0,"ocean_sidebar":"0","ocean_second_sidebar":"0","ocean_disable_margins":"enable","ocean_add_body_class":"","ocean_shortcode_before_top_bar":"","ocean_shortcode_after_top_bar":"","ocean_shortcode_before_header":"","ocean_shortcode_after_header":"","ocean_has_shortcode":"","ocean_shortcode_after_title":"","ocean_shortcode_before_footer_widgets":"","ocean_shortcode_after_footer_widgets":"","ocean_shortcode_before_footer_bottom":"","ocean_shortcode_after_footer_bottom":"","ocean_display_top_bar":"default","ocean_display_header":"default","ocean_header_style":"","ocean_center_header_left_menu":"0","ocean_custom_header_template":"0","ocean_custom_logo":0,"ocean_custom_retina_logo":0,"ocean_custom_logo_max_width":0,"ocean_custom_logo_tablet_max_width":0,"ocean_custom_logo_mobile_max_width":0,"ocean_custom_logo_max_height":0,"ocean_custom_logo_tablet_max_height":0,"ocean_custom_logo_mobile_max_height":0,"ocean_header_custom_menu":"0","ocean_menu_typo_font_family":"0","ocean_menu_typo_font_subset":"","ocean_menu_typo_font_size":0,"ocean_menu_typo_font_size_tablet":0,"ocean_menu_typo_font_size_mobile":0,"ocean_menu_typo_font_size_unit":"px","ocean_menu_typo_font_weight":"","ocean_menu_typo_font_weight_tablet":"","ocean_menu_typo_font_weight_mobile":"","ocean_menu_typo_transform":"","ocean_menu_typo_transform_tablet":"","ocean_menu_typo_transform_mobile":"","ocean_menu_typo_line_height":0,"ocean_menu_typo_line_height_tablet":0,"ocean_menu_typo_line_height_mobile":0,"ocean_menu_typo_line_height_unit":"","ocean_menu_typo_spacing":0,"ocean_menu_typo_spacing_tablet":0,"ocean_menu_typo_spacing_mobile":0,"ocean_menu_typo_spacing_unit":"","ocean_menu_link_color":"","ocean_menu_link_color_hover":"","ocean_menu_link_color_active":"","ocean_menu_link_background":"","ocean_menu_link_hover_background":"","ocean_menu_link_active_background":"","ocean_menu_social_links_bg":"","ocean_menu_social_hover_links_bg":"","ocean_menu_social_links_color":"","ocean_menu_social_hover_links_color":"","ocean_disable_title":"default","ocean_disable_heading":"default","ocean_post_title":"","ocean_post_subheading":"","ocean_post_title_style":"","ocean_post_title_background_color":"","ocean_post_title_background":0,"ocean_post_title_bg_image_position":"","ocean_post_title_bg_image_attachment":"","ocean_post_title_bg_image_repeat":"","ocean_post_title_bg_image_size":"","ocean_post_title_height":0,"ocean_post_title_bg_overlay":0.5,"ocean_post_title_bg_overlay_color":"","ocean_disable_breadcrumbs":"default","ocean_breadcrumbs_color":"","ocean_breadcrumbs_separator_color":"","ocean_breadcrumbs_links_color":"","ocean_breadcrumbs_links_hover_color":"","ocean_display_footer_widgets":"default","ocean_display_footer_bottom":"default","ocean_custom_footer_template":"0","footnotes":""},"class_list":["post-1896","page","type-page","status-publish","hentry","entry"],"_links":{"self":[{"href":"https:\/\/lesmrdtrucs.mataf35400.fr\/index.php\/wp-json\/wp\/v2\/pages\/1896","targetHints":{"allow":["GET"]}}],"collection":[{"href":"https:\/\/lesmrdtrucs.mataf35400.fr\/index.php\/wp-json\/wp\/v2\/pages"}],"about":[{"href":"https:\/\/lesmrdtrucs.mataf35400.fr\/index.php\/wp-json\/wp\/v2\/types\/page"}],"author":[{"embeddable":true,"href":"https:\/\/lesmrdtrucs.mataf35400.fr\/index.php\/wp-json\/wp\/v2\/users\/1"}],"replies":[{"embeddable":true,"href":"https:\/\/lesmrdtrucs.mataf35400.fr\/index.php\/wp-json\/wp\/v2\/comments?post=1896"}],"version-history":[{"count":7,"href":"https:\/\/lesmrdtrucs.mataf35400.fr\/index.php\/wp-json\/wp\/v2\/pages\/1896\/revisions"}],"predecessor-version":[{"id":1908,"href":"https:\/\/lesmrdtrucs.mataf35400.fr\/index.php\/wp-json\/wp\/v2\/pages\/1896\/revisions\/1908"}],"wp:attachment":[{"href":"https:\/\/lesmrdtrucs.mataf35400.fr\/index.php\/wp-json\/wp\/v2\/media?parent=1896"}],"curies":[{"name":"wp","href":"https:\/\/api.w.org\/{rel}","templated":true}]}}