{"id":1881,"date":"2022-12-22T06:58:51","date_gmt":"2022-12-22T05:58:51","guid":{"rendered":"http:\/\/lesmrdtrucs.mataf35400.fr\/?page_id=1881"},"modified":"2022-12-22T07:23:15","modified_gmt":"2022-12-22T06:23:15","slug":"opencpn","status":"publish","type":"page","link":"https:\/\/lesmrdtrucs.mataf35400.fr\/index.php\/opencpn\/","title":{"rendered":"OpenCpn"},"content":{"rendered":"\t\t<div data-elementor-type=\"wp-page\" data-elementor-id=\"1881\" class=\"elementor elementor-1881\">\n\t\t\t\t\t\t<section class=\"elementor-section elementor-top-section elementor-element elementor-element-5a138452 elementor-section-boxed elementor-section-height-default elementor-section-height-default\" data-id=\"5a138452\" data-element_type=\"section\">\n\t\t\t\t\t\t<div class=\"elementor-container elementor-column-gap-default\">\n\t\t\t\t\t<div class=\"elementor-column elementor-col-100 elementor-top-column elementor-element elementor-element-714339cc\" data-id=\"714339cc\" data-element_type=\"column\">\n\t\t\t<div class=\"elementor-widget-wrap elementor-element-populated\">\n\t\t\t\t\t\t<div class=\"elementor-element elementor-element-59cd8529 elementor-widget elementor-widget-text-editor\" data-id=\"59cd8529\" data-element_type=\"widget\" data-widget_type=\"text-editor.default\">\n\t\t\t\t<div class=\"elementor-widget-container\">\n\t\t\t\t\t\t\t<h2>Les Couches<\/h2>\n<div>\n<h3>Couches &#8230; Layers &#8230;. C&rsquo;est quoi ?<\/h3>\n<p>\u00ab\u00a0Layers\u00a0\u00bb en Anglais, ou \u00ab\u00a0Couches\u00a0\u00bb en Fran\u00e7ais.<br>Pour OpenCPN, c&rsquo;est un ensemble de routes, traces, marques ou waypoint.<\/p>\n<p>Les objets qui constituent une couche :<\/p>\n<ul>\n<li>ne peuvent \u00eatre que des traces, des routes, des marques ou des waypoint<\/li>\n<li>ne peuvent \u00eatre modifi\u00e9s ni objet par objet ni collectivement<\/li>\n<\/ul>\n<p>La notion de couche ne correspond pas \u00e0 un type particulier d&rsquo;objet, contrairement aux routes, aux traces et aux waypoint..<br>Une couche est une solution pour :<\/p>\n<ul>\n<li>ajouter, de fa\u00e7on permanente, des informations sur une carte<\/li>\n<li>prot\u00e9ger ces informations des erreurs de manipulation<\/li>\n<\/ul>\n<h3>Comment se pr\u00e9sente une couche<\/h3>\n<p>N&rsquo;importe quel fichier gpx peut \u00eatre charg\u00e9 dans l&rsquo;onglet \u00ab\u00a0Couches\u00a0\u00bb<br>Il peut contenir :<\/p>\n<ul>\n<li>soit une ou des routes<\/li>\n<li>soit une ou des traces<\/li>\n<li>soit un ou des waypoint<\/li>\n<li>soit un assemblage de routes , de traces et de waypoint<\/li>\n<\/ul>\n<p>On trouve diverses couches pr\u00eates \u00e0 l&#8217;emploi sur ce lien :&nbsp; <a href=\"https:\/\/opencpn.org\/OpenCPN\/info\/layerslibrary.html\" target=\"_blank\" rel=\"noopener\">https:\/\/opencpn.org\/OpenCPN\/info\/layerslibrary.html<\/a><\/p>\n<\/div>\n<div>\n<h3>Le gestionnaire de couches<\/h3>\n<p>Pour l&rsquo;ouvrir, il faut :<\/p>\n<\/div>\n<ul>\n<li>Cliquer, dans la barre d&rsquo;ic\u00f4nes, sur l&rsquo;ic\u00f4ne \u00ab\u00a0Fichiers\u00a0\u00bb<\/li>\n<li>Choisir l&rsquo;onglet \u00ab\u00a0Couches\u00a0\u00bb<\/li>\n<\/ul>\n<p>Les commandes de cet onglet sont nettement diff\u00e9rentes de celles des trois autres onglets.<br>Les couches permanentes sont automatiquement charg\u00e9es, s&rsquo;il y en a dans le dossier ad-hoc du dossier d&rsquo;initialisation.<br>Certaines d&rsquo;entre elles sont affich\u00e9es, d&rsquo;autres cach\u00e9es.<\/p>\n<p>En cliquant sur un oeil barr\u00e9 ou un oeil ouvert :<\/p>\n<ul>\n<li>On change ce statut sans risque, m\u00eame pour les couches permanentes<\/li>\n<\/ul>\n<h3>Les couches permanentes<\/h3>\n<p>Rien, ni dans les options, ni dans aucun menu contextuel, ne rappelle aux utilisateurs d&rsquo;OpenCPN qu&rsquo;il y a deux types de couches :<\/p>\n<ul>\n<li>Des couches permanentes ou initiales<\/li>\n<li>Des couches temporaires<\/li>\n<\/ul>\n<p>Il faut lire l&rsquo;aide d&rsquo;OpenCPN (en Anglais) ou ce tutoriel pour le savoir.<\/p>\n<p>Pour \u00eatre charg\u00e9es au lancement d&rsquo;OpenCPN, les couches permanentes doivent avoir \u00e9t\u00e9 plac\u00e9es, au pr\u00e9alable, dans un dossier nomm\u00e9 \u00ab\u00a0Layers\u00a0\u00bb situ\u00e9s dans le dossier de configuration d&rsquo;OpenCPN.<\/p>\n<p>Voir ci-dessous comment fabriquer des couches.<\/p>\n<p>Sous Windows, l&#8217;emplacement du dossier de configuration d&rsquo;OpenCPN est lisible en bas de l&rsquo;onglet \u00ab\u00a0A propos\u00a0\u00bb, atteint en cliquant sur le bouton bleu \u00ab\u00a0?\u00a0\u00bb, dans la barre d&rsquo;ic\u00f4nes d&rsquo;OpenCPN.<\/p>\n<p>Ci-dessous un exemple d&rsquo;organisation du dossier Layers sous windows XP.<\/p>\n<ul>\n<li>Dans cet exemple, des fichiers ZIP et gpx sont pr\u00e9sents dans le dossier sans cr\u00e9er de probl\u00e8me.<\/li>\n<li>Seuls les fichiers gpx sont pris en compte par OpenCPN.<\/li>\n<\/ul>\n<h3>Fabriquer ou modifier une couche<\/h3>\n<ol>\n<li>Ouvrir le gestionnaire de \u00ab\u00a0Traces, Routes, Marques et Waypoint\u00a0\u00bb.<\/li>\n<li>Dans les onglets routes, traces, waypoint et couches, cacher tous les objets qui ne doivent pas faire partie de la couche.<\/li>\n<li>Dans les onglets \u00ab\u00a0Routes\u00a0\u00bb et\/ou \u00ab\u00a0Traces\u00a0\u00bb et\/ou \u00ab\u00a0Waypoint\u00a0\u00bb, importer toutes les routes, traces, marques et waypoint que vous voulez placer dans la couche.<\/li>\n<li>Utilisez la commande \u00ab\u00a0Exporter tout ce qui est visible\u00a0\u00bb.\n<ul>\n<li>Pour fabriquer une couche non permanente, le fichier gpx r\u00e9sultant pourra \u00eatre plac\u00e9 dans un dossier, qui pourra \u00eatre nomm\u00e9 \u00ab\u00a0Couches\u00a0\u00bb, o\u00f9 seront stock\u00e9es vos couches.<\/li>\n<li>Pour fabriquer une couche permanente, le fichier gpx devra \u00eatre plac\u00e9 dans le dossier \u00ab\u00a0Layers\u00a0\u00bb dans le dossier de configuration d&rsquo;OpenCPN (MRD: normalement dans C:\\ProgramData\\opencpn\\layers).<\/li>\n<\/ul>\n<\/li>\n<li>Le fichier gpx, cr\u00e9\u00e9 \u00e0 l&rsquo;\u00e9tape 4, peut \u00eatre :\n<ul>\n<li>soit import\u00e9 dans le gestionnaire de couches en utilisant la commande \u00ab\u00a0Couche temporaire\u00a0\u00bb.<\/li>\n<li>soit plac\u00e9 dans le dossier \u00ab\u00a0layers\u00a0\u00bb des couches permanentes (voir ci-dessus).<\/li>\n<\/ul>\n<\/li>\n<\/ol>\t\t\t\t\t\t<\/div>\n\t\t\t\t<\/div>\n\t\t\t\t\t<\/div>\n\t\t<\/div>\n\t\t\t\t\t<\/div>\n\t\t<\/section>\n\t\t\t\t<\/div>\n\t\t","protected":false},"excerpt":{"rendered":"<p>Les Couches Couches &#8230; Layers &#8230;. C&rsquo;est quoi ? \u00ab\u00a0Layers\u00a0\u00bb en Anglais, ou \u00ab\u00a0Couches\u00a0\u00bb en Fran\u00e7ais.Pour OpenCPN, c&rsquo;est un ensemble de routes, traces, marques ou waypoint. Les objets qui constituent une couche : ne peuvent \u00eatre que des traces, des routes, des marques ou des waypoint ne peuvent \u00eatre modifi\u00e9s ni objet par objet ni [&hellip;]<\/p>\n","protected":false},"author":1,"featured_media":0,"parent":0,"menu_order":0,"comment_status":"closed","ping_status":"closed","template":"","meta":{"ocean_post_layout":"","ocean_both_sidebars_style":"","ocean_both_sidebars_content_width":0,"ocean_both_sidebars_sidebars_width":0,"ocean_sidebar":"0","ocean_second_sidebar":"0","ocean_disable_margins":"enable","ocean_add_body_class":"","ocean_shortcode_before_top_bar":"","ocean_shortcode_after_top_bar":"","ocean_shortcode_before_header":"","ocean_shortcode_after_header":"","ocean_has_shortcode":"","ocean_shortcode_after_title":"","ocean_shortcode_before_footer_widgets":"","ocean_shortcode_after_footer_widgets":"","ocean_shortcode_before_footer_bottom":"","ocean_shortcode_after_footer_bottom":"","ocean_display_top_bar":"default","ocean_display_header":"default","ocean_header_style":"","ocean_center_header_left_menu":"0","ocean_custom_header_template":"0","ocean_custom_logo":0,"ocean_custom_retina_logo":0,"ocean_custom_logo_max_width":0,"ocean_custom_logo_tablet_max_width":0,"ocean_custom_logo_mobile_max_width":0,"ocean_custom_logo_max_height":0,"ocean_custom_logo_tablet_max_height":0,"ocean_custom_logo_mobile_max_height":0,"ocean_header_custom_menu":"0","ocean_menu_typo_font_family":"0","ocean_menu_typo_font_subset":"","ocean_menu_typo_font_size":0,"ocean_menu_typo_font_size_tablet":0,"ocean_menu_typo_font_size_mobile":0,"ocean_menu_typo_font_size_unit":"px","ocean_menu_typo_font_weight":"","ocean_menu_typo_font_weight_tablet":"","ocean_menu_typo_font_weight_mobile":"","ocean_menu_typo_transform":"","ocean_menu_typo_transform_tablet":"","ocean_menu_typo_transform_mobile":"","ocean_menu_typo_line_height":0,"ocean_menu_typo_line_height_tablet":0,"ocean_menu_typo_line_height_mobile":0,"ocean_menu_typo_line_height_unit":"","ocean_menu_typo_spacing":0,"ocean_menu_typo_spacing_tablet":0,"ocean_menu_typo_spacing_mobile":0,"ocean_menu_typo_spacing_unit":"","ocean_menu_link_color":"","ocean_menu_link_color_hover":"","ocean_menu_link_color_active":"","ocean_menu_link_background":"","ocean_menu_link_hover_background":"","ocean_menu_link_active_background":"","ocean_menu_social_links_bg":"","ocean_menu_social_hover_links_bg":"","ocean_menu_social_links_color":"","ocean_menu_social_hover_links_color":"","ocean_disable_title":"default","ocean_disable_heading":"default","ocean_post_title":"","ocean_post_subheading":"","ocean_post_title_style":"","ocean_post_title_background_color":"","ocean_post_title_background":0,"ocean_post_title_bg_image_position":"","ocean_post_title_bg_image_attachment":"","ocean_post_title_bg_image_repeat":"","ocean_post_title_bg_image_size":"","ocean_post_title_height":0,"ocean_post_title_bg_overlay":0.5,"ocean_post_title_bg_overlay_color":"","ocean_disable_breadcrumbs":"default","ocean_breadcrumbs_color":"","ocean_breadcrumbs_separator_color":"","ocean_breadcrumbs_links_color":"","ocean_breadcrumbs_links_hover_color":"","ocean_display_footer_widgets":"default","ocean_display_footer_bottom":"default","ocean_custom_footer_template":"0","footnotes":""},"class_list":["post-1881","page","type-page","status-publish","hentry","entry"],"_links":{"self":[{"href":"https:\/\/lesmrdtrucs.mataf35400.fr\/index.php\/wp-json\/wp\/v2\/pages\/1881","targetHints":{"allow":["GET"]}}],"collection":[{"href":"https:\/\/lesmrdtrucs.mataf35400.fr\/index.php\/wp-json\/wp\/v2\/pages"}],"about":[{"href":"https:\/\/lesmrdtrucs.mataf35400.fr\/index.php\/wp-json\/wp\/v2\/types\/page"}],"author":[{"embeddable":true,"href":"https:\/\/lesmrdtrucs.mataf35400.fr\/index.php\/wp-json\/wp\/v2\/users\/1"}],"replies":[{"embeddable":true,"href":"https:\/\/lesmrdtrucs.mataf35400.fr\/index.php\/wp-json\/wp\/v2\/comments?post=1881"}],"version-history":[{"count":4,"href":"https:\/\/lesmrdtrucs.mataf35400.fr\/index.php\/wp-json\/wp\/v2\/pages\/1881\/revisions"}],"predecessor-version":[{"id":1889,"href":"https:\/\/lesmrdtrucs.mataf35400.fr\/index.php\/wp-json\/wp\/v2\/pages\/1881\/revisions\/1889"}],"wp:attachment":[{"href":"https:\/\/lesmrdtrucs.mataf35400.fr\/index.php\/wp-json\/wp\/v2\/media?parent=1881"}],"curies":[{"name":"wp","href":"https:\/\/api.w.org\/{rel}","templated":true}]}}