{"id":1802,"date":"2022-12-20T11:52:43","date_gmt":"2022-12-20T10:52:43","guid":{"rendered":"http:\/\/lesmrdtrucs.mataf35400.fr\/?page_id=1802"},"modified":"2022-12-22T06:32:21","modified_gmt":"2022-12-22T05:32:21","slug":"requete-saildocs-pour-recevoir-un-fichier-grib","status":"publish","type":"page","link":"https:\/\/lesmrdtrucs.mataf35400.fr\/index.php\/requete-saildocs-pour-recevoir-un-fichier-grib\/","title":{"rendered":"Requ\u00eate Saildocs pour recevoir un fichier Grib\u200b"},"content":{"rendered":"\t\t<div data-elementor-type=\"wp-page\" data-elementor-id=\"1802\" class=\"elementor elementor-1802\">\n\t\t\t\t\t\t<section class=\"elementor-section elementor-top-section elementor-element elementor-element-4a284d17 elementor-section-boxed elementor-section-height-default elementor-section-height-default\" data-id=\"4a284d17\" data-element_type=\"section\">\n\t\t\t\t\t\t<div class=\"elementor-container elementor-column-gap-default\">\n\t\t\t\t\t<div class=\"elementor-column elementor-col-100 elementor-top-column elementor-element elementor-element-5dfcdd53\" data-id=\"5dfcdd53\" data-element_type=\"column\">\n\t\t\t<div class=\"elementor-widget-wrap elementor-element-populated\">\n\t\t\t\t\t\t<div class=\"elementor-element elementor-element-964dfc5 elementor-widget elementor-widget-text-editor\" data-id=\"964dfc5\" data-element_type=\"widget\" data-widget_type=\"text-editor.default\">\n\t\t\t\t<div class=\"elementor-widget-container\">\n\t\t\t\t\t\t\t<p>Pour r\u00e9cup\u00e9rer un fichier Grib (jusqu&rsquo;\u00e0 16 jours) sans passer par un programme (comme ZyGrib), il faut envoyer un mail \u00e0 Saildocs<br \/>Un fichier.<\/p>\t\t\t\t\t\t<\/div>\n\t\t\t\t<\/div>\n\t\t\t\t\t<\/div>\n\t\t<\/div>\n\t\t\t\t\t<\/div>\n\t\t<\/section>\n\t\t\t\t<section class=\"elementor-section elementor-top-section elementor-element elementor-element-bc39333 elementor-section-boxed elementor-section-height-default elementor-section-height-default\" data-id=\"bc39333\" data-element_type=\"section\">\n\t\t\t\t\t\t<div class=\"elementor-container elementor-column-gap-default\">\n\t\t\t\t\t<div class=\"elementor-column elementor-col-100 elementor-top-column elementor-element elementor-element-755321c\" data-id=\"755321c\" data-element_type=\"column\">\n\t\t\t<div class=\"elementor-widget-wrap elementor-element-populated\">\n\t\t\t\t\t\t<div class=\"elementor-element elementor-element-4451cc6 elementor-widget elementor-widget-text-editor\" data-id=\"4451cc6\" data-element_type=\"widget\" data-widget_type=\"text-editor.default\">\n\t\t\t\t<div class=\"elementor-widget-container\">\n\t\t\t\t\t\t\t<h2>Un fichier Grib<\/h2><ul><li style=\"list-style-type: none;\"><ul><li>Adresse du site Saildocs: <span style=\"color: #0000ff;\"><em>query@saildocs.com<\/em><\/span><\/li><li>Objet du mail: <span style=\"color: #0000ff;\"><em>N&rsquo;importe quoi<\/em><\/span> (par ex: Zone VR Clipper)<\/li><li>Texte: <span style=\"color: #0000ff;\"><em>send gfs:22N,60S,160E,100E|2.5,2.5|0,12..384|wind<\/em><\/span><\/li><\/ul><\/li><\/ul><p style=\"padding-left: 80px;\">avec:<\/p><ul><li style=\"list-style-type: none;\"><ul><li style=\"list-style-type: none;\"><ul><li style=\"list-style-type: none;\"><ul><li><span style=\"color: #0000ff;\"><em>22N,60S<\/em><\/span>: les latitudes extr\u00eames de la zone (en commen\u00e7ant par la plus nord)<\/li><li><span style=\"color: #0000ff;\"><em>160E,100E<\/em><\/span>: les longitudes extr\u00eames de la zone (en commen\u00e7ant par la plus est)<\/li><li><span style=\"color: #0000ff;\"><em>2.5,2.5<\/em><\/span>: la taille de la maille (0.5,0.5 pour une dur\u00e9e max de 180h, 2.5,2.5 au del\u00e0).<\/li><li><span style=\"color: #0000ff;\"><em>0,12..384<\/em><\/span>:<ul><li><span style=\"color: #0000ff;\"><em>0<\/em><\/span>: \u00e0 partir de l&rsquo;heure 0<\/li><li><span style=\"color: #0000ff;\"><em>12<\/em><\/span>: avec un intervalle de 12h<\/li><li><span style=\"color: #0000ff;\"><em>..384<\/em><\/span>: jusque dans 384 heures (16 jours, c&rsquo;est le max)<\/li><\/ul><\/li><li><span style=\"color: #0000ff;\"><em>wind<\/em><\/span>: on veut le vent<\/li><\/ul><\/li><\/ul><\/li><\/ul><\/li><\/ul><p><strong>Attention<\/strong>: la r\u00e9ponse peut \u00eatre class\u00e9e en spam. Dans ce cas, la d\u00e9placer dans la bo\u00eete de r\u00e9ception avant de t\u00e9l\u00e9charger le grib en pi\u00e8ce jointe.<\/p>\t\t\t\t\t\t<\/div>\n\t\t\t\t<\/div>\n\t\t\t\t\t<\/div>\n\t\t<\/div>\n\t\t\t\t\t<\/div>\n\t\t<\/section>\n\t\t\t\t<section class=\"elementor-section elementor-top-section elementor-element elementor-element-7b690cd elementor-section-boxed elementor-section-height-default elementor-section-height-default\" data-id=\"7b690cd\" data-element_type=\"section\">\n\t\t\t\t\t\t<div class=\"elementor-container elementor-column-gap-default\">\n\t\t\t\t\t<div class=\"elementor-column elementor-col-100 elementor-top-column elementor-element elementor-element-8124fdf\" data-id=\"8124fdf\" data-element_type=\"column\">\n\t\t\t<div class=\"elementor-widget-wrap elementor-element-populated\">\n\t\t\t\t\t\t<div class=\"elementor-element elementor-element-9d079e2 elementor-widget elementor-widget-text-editor\" data-id=\"9d079e2\" data-element_type=\"widget\" data-widget_type=\"text-editor.default\">\n\t\t\t\t<div class=\"elementor-widget-container\">\n\t\t\t\t\t\t\t<h2>Abonnement<\/h2><ul><li style=\"list-style-type: none;\"><ul><li>Remplacer <span style=\"color: #0000ff;\"><em>send grib<\/em><\/span> par <span style=\"color: #0000ff;\"><em>sub grib<\/em><\/span> (sub pour subscription).<ul><li>Ex: <span style=\"color: #0000ff;\"><em>sub grib:9N,60S,18W,99W|2.5,2.5|0,3..384|WIND time=00:00 interval=3<\/em><\/span><br \/>Un mail sera envoy\u00e9 toutes les 3 heures (pendant 14 jours) \u00e0 partir de minuit.<\/li><\/ul><\/li><li>Pour d\u00e9sabonner, envoyer la requ\u00eate <span style=\"color: #0000ff;\"><em>cancel<\/em><\/span>.<ul><li>Ex: <span style=\"color: #0000ff;\"><em>cancel grib:9N,60S,18W,99W<\/em><\/span><\/li><\/ul><\/li><\/ul><\/li><\/ul>\t\t\t\t\t\t<\/div>\n\t\t\t\t<\/div>\n\t\t\t\t\t<\/div>\n\t\t<\/div>\n\t\t\t\t\t<\/div>\n\t\t<\/section>\n\t\t\t\t<section class=\"elementor-section elementor-top-section elementor-element elementor-element-b6d0513 elementor-section-boxed elementor-section-height-default elementor-section-height-default\" data-id=\"b6d0513\" data-element_type=\"section\">\n\t\t\t\t\t\t<div class=\"elementor-container elementor-column-gap-default\">\n\t\t\t\t\t<div class=\"elementor-column elementor-col-100 elementor-top-column elementor-element elementor-element-e35b2cc\" data-id=\"e35b2cc\" data-element_type=\"column\">\n\t\t\t<div class=\"elementor-widget-wrap elementor-element-populated\">\n\t\t\t\t\t\t<div class=\"elementor-element elementor-element-c999878 elementor-widget elementor-widget-text-editor\" data-id=\"c999878\" data-element_type=\"widget\" data-widget_type=\"text-editor.default\">\n\t\t\t\t<div class=\"elementor-widget-container\">\n\t\t\t\t\t\t\t<h2>Infos renvoy\u00e9es par le site Saildocs<\/h2><p>(En r\u00e9ponse \u00e0 la requ\u00eate send info)<\/p><p style=\"padding-left: 40px;\">Saildocs Info File<br \/>======================<br \/>(revised July 16, 2006)<br \/>Thank you for your interest in Saildocs, an Internet service for the bandwidth-impaired. Saildocs offers text-based document retrieval and subscription services for offshore sailors, adventurers, missionaries and others who somehow live their lives without broadband connections. There are currently two services offered, a document retrieval service which will return documents from the Internet or our own files, and a subscription service which will send Internet documents (for example weather reports) at scheduled intervals. Saildocs is supported by Sailmail (www.sailmail.com) but can be used by anyone who agrees to the terms and conditions (below).<\/p><p style=\"padding-left: 40px;\">Document retrieval:<br \/>===================<br \/>Saildocs can either retreive documents from its own library, internet documents which are in its index (primarily text weather information), web pages, or grib data (specialized weather data files).<\/p><p style=\"padding-left: 40px;\">Documents are requested by sending an email to: query@saildocs.com. The subject line can be anything, and the body of the message contains requests of the form \u00ab\u00a0send xxx\u00a0\u00bb where \u00ab\u00a0xxx\u00a0\u00bb is the name of the document. The word \u00ab\u00a0index\u00a0\u00bb has a special meaning and sends the current library index, and a document called \u00ab\u00a0info\u00a0\u00bb (this document) is always available. For example, to request the index and help documents, send the following message:<\/p><p style=\"padding-left: 40px;\">To: query@saildocs.com<br \/>Subject: (anything)<\/p><p style=\"padding-left: 80px;\">send info<br \/>send index<\/p><p style=\"padding-left: 40px;\">You can follow this with the command command \u00ab\u00a0quit\u00a0\u00bb, a line of dashes, or just end the message. Note that extra text at the end, such as an email-footer, may cause Saildocs to not respond. This is an anti-spam measure (and does not apply to messages sent from Sailmail).<\/p><p style=\"padding-left: 40px;\">Requesting weather bulletins:<br \/>&#8212;&#8212;&#8212;&#8212;&#8212;&#8212;&#8212;&#8212;&#8212;&#8211;<br \/>Once the index is received, request one or more weather catalogs (for example \u00ab\u00a0send epac\u00a0\u00bb for the available Eastern Pacific bulletins). Then request the bulletin by using the code from the catalog:<\/p><p style=\"padding-left: 80px;\">send FZPN02.KWBC<\/p><p style=\"padding-left: 40px;\">Other weather data:<br \/>&#8212;&#8212;&#8212;&#8212;&#8212;&#8212;-<br \/>Saildocs also downloads weather data from global computer models and makes this available as \u00ab\u00a0grib\u00a0\u00bb files or \u00ab\u00a0spot\u00a0\u00bb text forecasts. For information on requesting grib files, send a (blank) email to gribinfo@saildocs.com and for spot-forecasts send a (blank) email to: spotforecasts@saildocs.com.<\/p><p style=\"padding-left: 40px;\">Requesting web pages:<br \/>&#8212;&#8212;&#8212;&#8212;&#8212;&#8212;&#8212;<br \/>Saildocs can also fetch documents from the web and convert them to plain text. Send a message to query@saildocs.com, with \u00ab\u00a0Send\u00a0\u00bb followed by the URL (web address) as follows:<\/p><p style=\"padding-left: 80px;\">To: query@saildocs.com<br \/>Subject: (anything)<\/p><p style=\"padding-left: 120px;\">send http:\/\/www.sailmail.com<br \/>This will fetch the Sailmail home page.<\/p><p style=\"padding-left: 40px;\">Subscriptions:<br \/>==============<br \/>Saildocs will send requested documents on a periodic basis. To enter a subscription you need the same code that is used for a request, above. Any request can be turned into a subscription by changing the \u00ab\u00a0send\u00a0\u00bb command to \u00ab\u00a0sub\u00a0\u00bb (or \u00ab\u00a0subscribe\u00a0\u00bb). Once you determine which forecast(s) you want to subscribe to, send a subscription :<\/p><p style=\"padding-left: 80px;\">To: query@saildocs.com<br \/>Subject: (anything)<\/p><p style=\"padding-left: 120px;\">sub FZNT23.KWNM<br \/>sub FZNT24.KWNM<\/p><p style=\"padding-left: 40px;\">This enters a subscription for the Boston and Chesapeake Coastal forecasts (see the \u00ab\u00a0nws-atl\u00a0\u00bb index). By default these are fetched once per day. The period and time can be overriden by adding commands as follows:<\/p><p style=\"padding-left: 80px;\">FZNT23.KWNM time=00:00 interval=6<\/p><p style=\"padding-left: 40px;\">This will fetch the document every 6 hours beginning at 00:00z. Subscriptions are normally entered for 14 days, a different period can be specificed as follows:<\/p><p style=\"padding-left: 80px;\">FZNT23.KWNM days=7<\/p><p style=\"padding-left: 40px;\">A confirmation will be sent for any changes to a subscription. In addition, a full status listing can be requested by including the command \u00ab\u00a0status\u00a0\u00bb, e.g.<\/p><p style=\"padding-left: 80px;\">FZNT23.KWNM days=10 time=12:00<br \/>status<\/p><p style=\"padding-left: 40px;\">Un-subscribing<br \/>==============<br \/>To cancel a subscription, again send a message to query@saildocs.com with the \u00ab\u00a0cancel\u00a0\u00bb (or \u00ab\u00a0unsub\u00a0\u00bb or \u00ab\u00a0unsubscribe\u00a0\u00bb) command and the document codes as above. For example:<\/p><p style=\"padding-left: 80px;\">To: query@saildocs.com<br \/>Subject: (anything)<\/p><p style=\"padding-left: 120px;\">cancel FZNT23.KWNM<\/p><p style=\"padding-left: 40px;\">Some things to remember:<br \/>========================<br \/>By requestiong a document or subscription from Saildocs, you are acknowledging that you have read and agree to the following terms and conditions: The Saildocs is an automated service which is offered without charge on an as-is basis, without any warranty or assurances that it will work, be useful, or that the information delivered will be correct. Saildocs is an automated computer system which is subject to a variety of hardware problems and software errors, and also depends on internet communications with other computers which themselves may or may not work. Saildocs has no control over the content of the information from other sources, and in particular, weather forecasts may be missing, incorrect or out of date.<\/p><p style=\"padding-left: 40px;\">Known limitations:<br \/>==================<br \/>Long URL&rsquo;s require properly formatted Mime-encoded messages and may not work with all email systems;<\/p><p style=\"padding-left: 40px;\">Web pages translate to text with varying degrees of success. The fancier the page, the worse the results. There are also other web-to-text services that may produce a more useful output for some pages.<br \/>===================<\/p><p style=\"padding-left: 40px;\">For more information or to report a problem, please send email to support@saildocs.com.<\/p><p style=\"padding-left: 40px;\">Enjoy the system, and be careful not to overload your email channel!<\/p><p style=\"padding-left: 40px;\">=====<br \/>Thanks for using Saildocs, an Internet document retrieval service for the bandwidth-impaired.\u00a0 By using this service you agree to the Saildocs terms and conditions (send a blank email to: terms@saildocs.com for a copy).<\/p><p style=\"padding-left: 40px;\">Saildocs is a service of Sailmail, a membership-owned email service built by cruising sailors for cruising sailors.<br \/>Sailmail provides world-wide email via marine-band radio, internet and satellite including support for the Iridium GO!<\/p><p style=\"padding-left: 40px;\">For more information on SailMail see the web page at www.sailmail.com or send a query to the office at sysop@sailmail.com.<\/p><p style=\"padding-left: 40px;\">More information on Saildocs is available by sending an email to info@saildocs.com, this will return the how-to document (about 5K).<\/p>\t\t\t\t\t\t<\/div>\n\t\t\t\t<\/div>\n\t\t\t\t\t<\/div>\n\t\t<\/div>\n\t\t\t\t\t<\/div>\n\t\t<\/section>\n\t\t\t\t<\/div>\n\t\t","protected":false},"excerpt":{"rendered":"<p>Pour r\u00e9cup\u00e9rer un fichier Grib (jusqu&rsquo;\u00e0 16 jours) sans passer par un programme (comme ZyGrib), il faut envoyer un mail \u00e0 SaildocsUn fichier. Un fichier Grib Adresse du site Saildocs: query@saildocs.com Objet du mail: N&rsquo;importe quoi (par ex: Zone VR Clipper) Texte: send gfs:22N,60S,160E,100E|2.5,2.5|0,12..384|wind avec: 22N,60S: les latitudes extr\u00eames de la zone (en commen\u00e7ant par [&hellip;]<\/p>\n","protected":false},"author":1,"featured_media":0,"parent":0,"menu_order":0,"comment_status":"closed","ping_status":"closed","template":"","meta":{"ocean_post_layout":"","ocean_both_sidebars_style":"","ocean_both_sidebars_content_width":0,"ocean_both_sidebars_sidebars_width":0,"ocean_sidebar":"0","ocean_second_sidebar":"0","ocean_disable_margins":"enable","ocean_add_body_class":"","ocean_shortcode_before_top_bar":"","ocean_shortcode_after_top_bar":"","ocean_shortcode_before_header":"","ocean_shortcode_after_header":"","ocean_has_shortcode":"","ocean_shortcode_after_title":"","ocean_shortcode_before_footer_widgets":"","ocean_shortcode_after_footer_widgets":"","ocean_shortcode_before_footer_bottom":"","ocean_shortcode_after_footer_bottom":"","ocean_display_top_bar":"default","ocean_display_header":"default","ocean_header_style":"","ocean_center_header_left_menu":"0","ocean_custom_header_template":"0","ocean_custom_logo":0,"ocean_custom_retina_logo":0,"ocean_custom_logo_max_width":0,"ocean_custom_logo_tablet_max_width":0,"ocean_custom_logo_mobile_max_width":0,"ocean_custom_logo_max_height":0,"ocean_custom_logo_tablet_max_height":0,"ocean_custom_logo_mobile_max_height":0,"ocean_header_custom_menu":"0","ocean_menu_typo_font_family":"0","ocean_menu_typo_font_subset":"","ocean_menu_typo_font_size":0,"ocean_menu_typo_font_size_tablet":0,"ocean_menu_typo_font_size_mobile":0,"ocean_menu_typo_font_size_unit":"px","ocean_menu_typo_font_weight":"","ocean_menu_typo_font_weight_tablet":"","ocean_menu_typo_font_weight_mobile":"","ocean_menu_typo_transform":"","ocean_menu_typo_transform_tablet":"","ocean_menu_typo_transform_mobile":"","ocean_menu_typo_line_height":0,"ocean_menu_typo_line_height_tablet":0,"ocean_menu_typo_line_height_mobile":0,"ocean_menu_typo_line_height_unit":"","ocean_menu_typo_spacing":0,"ocean_menu_typo_spacing_tablet":0,"ocean_menu_typo_spacing_mobile":0,"ocean_menu_typo_spacing_unit":"","ocean_menu_link_color":"","ocean_menu_link_color_hover":"","ocean_menu_link_color_active":"","ocean_menu_link_background":"","ocean_menu_link_hover_background":"","ocean_menu_link_active_background":"","ocean_menu_social_links_bg":"","ocean_menu_social_hover_links_bg":"","ocean_menu_social_links_color":"","ocean_menu_social_hover_links_color":"","ocean_disable_title":"default","ocean_disable_heading":"default","ocean_post_title":"","ocean_post_subheading":"","ocean_post_title_style":"","ocean_post_title_background_color":"","ocean_post_title_background":0,"ocean_post_title_bg_image_position":"","ocean_post_title_bg_image_attachment":"","ocean_post_title_bg_image_repeat":"","ocean_post_title_bg_image_size":"","ocean_post_title_height":0,"ocean_post_title_bg_overlay":0.5,"ocean_post_title_bg_overlay_color":"","ocean_disable_breadcrumbs":"default","ocean_breadcrumbs_color":"","ocean_breadcrumbs_separator_color":"","ocean_breadcrumbs_links_color":"","ocean_breadcrumbs_links_hover_color":"","ocean_display_footer_widgets":"default","ocean_display_footer_bottom":"default","ocean_custom_footer_template":"0","footnotes":""},"class_list":["post-1802","page","type-page","status-publish","hentry","entry"],"_links":{"self":[{"href":"https:\/\/lesmrdtrucs.mataf35400.fr\/index.php\/wp-json\/wp\/v2\/pages\/1802","targetHints":{"allow":["GET"]}}],"collection":[{"href":"https:\/\/lesmrdtrucs.mataf35400.fr\/index.php\/wp-json\/wp\/v2\/pages"}],"about":[{"href":"https:\/\/lesmrdtrucs.mataf35400.fr\/index.php\/wp-json\/wp\/v2\/types\/page"}],"author":[{"embeddable":true,"href":"https:\/\/lesmrdtrucs.mataf35400.fr\/index.php\/wp-json\/wp\/v2\/users\/1"}],"replies":[{"embeddable":true,"href":"https:\/\/lesmrdtrucs.mataf35400.fr\/index.php\/wp-json\/wp\/v2\/comments?post=1802"}],"version-history":[{"count":7,"href":"https:\/\/lesmrdtrucs.mataf35400.fr\/index.php\/wp-json\/wp\/v2\/pages\/1802\/revisions"}],"predecessor-version":[{"id":1871,"href":"https:\/\/lesmrdtrucs.mataf35400.fr\/index.php\/wp-json\/wp\/v2\/pages\/1802\/revisions\/1871"}],"wp:attachment":[{"href":"https:\/\/lesmrdtrucs.mataf35400.fr\/index.php\/wp-json\/wp\/v2\/media?parent=1802"}],"curies":[{"name":"wp","href":"https:\/\/api.w.org\/{rel}","templated":true}]}}