{"id":1797,"date":"2022-12-20T11:51:58","date_gmt":"2022-12-20T10:51:58","guid":{"rendered":"http:\/\/lesmrdtrucs.mataf35400.fr\/?page_id=1797"},"modified":"2023-05-25T17:30:06","modified_gmt":"2023-05-25T16:30:06","slug":"sail-on-line-sol","status":"publish","type":"page","link":"https:\/\/lesmrdtrucs.mataf35400.fr\/index.php\/sail-on-line-sol\/","title":{"rendered":"Sail On Line (SOL)\u200b"},"content":{"rendered":"\t\t<div data-elementor-type=\"wp-page\" data-elementor-id=\"1797\" class=\"elementor elementor-1797\">\n\t\t\t\t\t\t<section class=\"elementor-section elementor-top-section elementor-element elementor-element-4828873e elementor-section-boxed elementor-section-height-default elementor-section-height-default\" data-id=\"4828873e\" data-element_type=\"section\">\n\t\t\t\t\t\t<div class=\"elementor-container elementor-column-gap-default\">\n\t\t\t\t\t<div class=\"elementor-column elementor-col-100 elementor-top-column elementor-element elementor-element-28815442\" data-id=\"28815442\" data-element_type=\"column\">\n\t\t\t<div class=\"elementor-widget-wrap elementor-element-populated\">\n\t\t\t\t\t\t<div class=\"elementor-element elementor-element-1ccbb8ac elementor-widget elementor-widget-text-editor\" data-id=\"1ccbb8ac\" data-element_type=\"widget\" data-widget_type=\"text-editor.default\">\n\t\t\t\t<div class=\"elementor-widget-container\">\n\t\t\t\t\t\t\t<h2>IDENTIFICATION<\/h2><ul><li style=\"list-style-type: none;\"><ul><li>Adresse mail: <span style=\"color: #0000ff;\"><em>mataf35400-mdp@yahoo.fr<\/em><\/span><\/li><li>ID pour MRD: <span style=\"color: #0000ff;\"><em>Mataf35400<\/em><\/span><\/li><li>MDP pour MRD: <span style=\"color: #0000ff;\"><em>SOL<\/em><\/span><\/li><\/ul><\/li><\/ul>\t\t\t\t\t\t<\/div>\n\t\t\t\t<\/div>\n\t\t\t\t\t<\/div>\n\t\t<\/div>\n\t\t\t\t\t<\/div>\n\t\t<\/section>\n\t\t\t\t<section class=\"elementor-section elementor-top-section elementor-element elementor-element-c912817 elementor-section-boxed elementor-section-height-default elementor-section-height-default\" data-id=\"c912817\" data-element_type=\"section\">\n\t\t\t\t\t\t<div class=\"elementor-container elementor-column-gap-default\">\n\t\t\t\t\t<div class=\"elementor-column elementor-col-100 elementor-top-column elementor-element elementor-element-3835f74\" data-id=\"3835f74\" data-element_type=\"column\">\n\t\t\t<div class=\"elementor-widget-wrap elementor-element-populated\">\n\t\t\t\t\t\t<div class=\"elementor-element elementor-element-3362e15 elementor-widget elementor-widget-text-editor\" data-id=\"3362e15\" data-element_type=\"widget\" data-widget_type=\"text-editor.default\">\n\t\t\t\t<div class=\"elementor-widget-container\">\n\t\t\t\t\t\t\t<h2>ROUTAGE<\/h2><h3>Les programmes utilis\u00e9s:<\/h3><ul><li style=\"list-style-type: none;\"><ul><li><span style=\"color: #0000ff;\"><em>QtVlm<\/em><\/span>: C&rsquo;est le routeur.<\/li><li><span style=\"color: #0000ff;\"><em>Kropper&rsquo;s converter<\/em><\/span>: Permet de convertir une route QtVlm en commandes d\u00e9cal\u00e9es de SOL.<\/li><li>La suite\u00a0 <span style=\"color: #0000ff;\"><em>BrainAid<\/em><\/span>: C&rsquo;est un pack cr\u00e9\u00e9 par un joueur qui, entre autres, g\u00e9n\u00e8re un serveur NMEA permettant \u00e0 QtVlm de recevoir la position du bateau.<ul><li>Jusqu&rsquo;en 2023, on pouvait laisser BrainAid utiliser JAVA \u00ab\u00a0normalement\u00a0\u00bb. Depuis 2023 et la version 8 de JAVA, il y a un probl\u00e8me de certificat qui emp\u00eache le serveur NMEA de s&rsquo;ouvrir.<\/li><li>Une alternative \u00e0 JAVA est <em><span style=\"color: #0000ff;\">OpenWebStart<\/span><\/em>. Il suffit de le t\u00e9l\u00e9charger et le lancer. Le Forum SOL d\u00e9taille la manip l\u00e0: <a href=\"https:\/\/www.sailonline.org\/board\/thread\/17712\/login-problems-at-brainaid-nmea-proxy\/?page=2#post-17746\" target=\"_blank\" rel=\"noopener\">https:\/\/www.sailonline.org\/board\/thread\/17712\/login-problems-at-brainaid-nmea-proxy\/?page=2#post-17746<\/a><\/li><\/ul><\/li><li>Le programme <span style=\"color: #0000ff;\"><em>Java14<\/em><\/span>: Une alternative \u00e0 BrainAid.<\/li><\/ul><\/li><\/ul><ul><li style=\"list-style-type: none;\"><div><strong>NOTA<\/strong>: <\/div><ul><li>Apparemment, Java14 ne fonctionne qu&rsquo;en 64bits.<\/li><\/ul><\/li><\/ul>\t\t\t\t\t\t<\/div>\n\t\t\t\t<\/div>\n\t\t\t\t\t<\/div>\n\t\t<\/div>\n\t\t\t\t\t<\/div>\n\t\t<\/section>\n\t\t\t\t<section class=\"elementor-section elementor-top-section elementor-element elementor-element-f8d69c2 elementor-section-boxed elementor-section-height-default elementor-section-height-default\" data-id=\"f8d69c2\" data-element_type=\"section\">\n\t\t\t\t\t\t<div class=\"elementor-container elementor-column-gap-default\">\n\t\t\t\t\t<div class=\"elementor-column elementor-col-100 elementor-top-column elementor-element elementor-element-2ee2fb11\" data-id=\"2ee2fb11\" data-element_type=\"column\">\n\t\t\t<div class=\"elementor-widget-wrap elementor-element-populated\">\n\t\t\t\t\t\t<div class=\"elementor-element elementor-element-59906ac4 elementor-widget elementor-widget-heading\" data-id=\"59906ac4\" data-element_type=\"widget\" data-settings=\"{&quot;_animation&quot;:&quot;none&quot;}\" data-widget_type=\"heading.default\">\n\t\t\t\t<div class=\"elementor-widget-container\">\n\t\t\t<h2 class=\"elementor-heading-title elementor-size-default\">Configuration de QtVlm<\/h2>\t\t<\/div>\n\t\t\t\t<\/div>\n\t\t\t\t<div class=\"elementor-element elementor-element-c7608f8 elementor-widget elementor-widget-image\" data-id=\"c7608f8\" data-element_type=\"widget\" data-widget_type=\"image.default\">\n\t\t\t\t<div class=\"elementor-widget-container\">\n\t\t\t\t\t\t\t\t\t\t\t\t\t<img fetchpriority=\"high\" decoding=\"async\" width=\"657\" height=\"233\" src=\"https:\/\/lesmrdtrucs.mataf35400.fr\/wp-content\/uploads\/2022\/12\/Image1-1.png\" class=\"elementor-animation-grow attachment-full size-full wp-image-1853\" alt=\"\" srcset=\"https:\/\/lesmrdtrucs.mataf35400.fr\/wp-content\/uploads\/2022\/12\/Image1-1.png 657w, https:\/\/lesmrdtrucs.mataf35400.fr\/wp-content\/uploads\/2022\/12\/Image1-1-300x106.png 300w\" sizes=\"(max-width: 657px) 100vw, 657px\" \/>\t\t\t\t\t\t\t\t\t\t\t\t\t<\/div>\n\t\t\t\t<\/div>\n\t\t\t\t<div class=\"elementor-element elementor-element-815c996 elementor-widget elementor-widget-image\" data-id=\"815c996\" data-element_type=\"widget\" data-widget_type=\"image.default\">\n\t\t\t\t<div class=\"elementor-widget-container\">\n\t\t\t\t\t\t\t\t\t\t\t\t\t<img decoding=\"async\" width=\"657\" height=\"225\" src=\"https:\/\/lesmrdtrucs.mataf35400.fr\/wp-content\/uploads\/2022\/12\/Image2.png\" class=\"elementor-animation-grow attachment-full size-full wp-image-1854\" alt=\"\" srcset=\"https:\/\/lesmrdtrucs.mataf35400.fr\/wp-content\/uploads\/2022\/12\/Image2.png 657w, https:\/\/lesmrdtrucs.mataf35400.fr\/wp-content\/uploads\/2022\/12\/Image2-300x103.png 300w\" sizes=\"(max-width: 657px) 100vw, 657px\" \/>\t\t\t\t\t\t\t\t\t\t\t\t\t<\/div>\n\t\t\t\t<\/div>\n\t\t\t\t<div class=\"elementor-element elementor-element-570cbcbb elementor-widget elementor-widget-text-editor\" data-id=\"570cbcbb\" data-element_type=\"widget\" data-widget_type=\"text-editor.default\">\n\t\t\t\t<div class=\"elementor-widget-container\">\n\t\t\t\t\t\t\t<p>L&rsquo;adresse IP \u00e0 saisir est celle du PC<\/p>\t\t\t\t\t\t<\/div>\n\t\t\t\t<\/div>\n\t\t\t\t<div class=\"elementor-element elementor-element-03f666d elementor-widget elementor-widget-image\" data-id=\"03f666d\" data-element_type=\"widget\" data-widget_type=\"image.default\">\n\t\t\t\t<div class=\"elementor-widget-container\">\n\t\t\t\t\t\t\t\t\t\t\t\t\t<img decoding=\"async\" width=\"640\" height=\"222\" src=\"https:\/\/lesmrdtrucs.mataf35400.fr\/wp-content\/uploads\/2022\/12\/Image3-1.png\" class=\"elementor-animation-grow attachment-full size-full wp-image-1855\" alt=\"\" srcset=\"https:\/\/lesmrdtrucs.mataf35400.fr\/wp-content\/uploads\/2022\/12\/Image3-1.png 640w, https:\/\/lesmrdtrucs.mataf35400.fr\/wp-content\/uploads\/2022\/12\/Image3-1-300x104.png 300w\" sizes=\"(max-width: 640px) 100vw, 640px\" \/>\t\t\t\t\t\t\t\t\t\t\t\t\t<\/div>\n\t\t\t\t<\/div>\n\t\t\t\t\t<\/div>\n\t\t<\/div>\n\t\t\t\t\t<\/div>\n\t\t<\/section>\n\t\t\t\t<section class=\"elementor-section elementor-top-section elementor-element elementor-element-139d969 elementor-section-boxed elementor-section-height-default elementor-section-height-default\" data-id=\"139d969\" data-element_type=\"section\">\n\t\t\t\t\t\t<div class=\"elementor-container elementor-column-gap-default\">\n\t\t\t\t\t<div class=\"elementor-column elementor-col-100 elementor-top-column elementor-element elementor-element-32c3bca\" data-id=\"32c3bca\" data-element_type=\"column\">\n\t\t\t<div class=\"elementor-widget-wrap elementor-element-populated\">\n\t\t\t\t\t\t<div class=\"elementor-element elementor-element-7250aca elementor-widget elementor-widget-text-editor\" data-id=\"7250aca\" data-element_type=\"widget\" data-widget_type=\"text-editor.default\">\n\t\t\t\t<div class=\"elementor-widget-container\">\n\t\t\t\t\t\t\t<h2>Le serveur proxy NMEA<\/h2><p><span style=\"color: #ff0000;\"><strong>(ne fonctionne plus depuis 2023)<\/strong><\/span><\/p><h3>Pour envoyer les donn\u00e9es SOL (comme un vrai instrument):<\/h3><ul><li style=\"list-style-type: none;\"><ul><li>Sur BrainAid:<ul><li>Sur la page de garde, saisir le nom du bateau, le mot de passe SOL, la course \u00e0 router &amp; valider par \u00ab\u00a0Login\u00a0\u00bb.<\/li><li>Cliquer sur le bouton \u00ab\u00a0Navigation\u00a0\u00bb de la page de garde. La page du serveur NMEA s&rsquo;ouvre.<ul><li>Cliquer sur le lien se terminant par le nom du bateau, et ouvrir le script JAVA (ou l&rsquo;enregistrer).<\/li><\/ul><\/li><\/ul><\/li><\/ul><\/li><\/ul>\t\t\t\t\t\t<\/div>\n\t\t\t\t<\/div>\n\t\t\t\t<div class=\"elementor-element elementor-element-9a969f0 elementor-widget elementor-widget-image\" data-id=\"9a969f0\" data-element_type=\"widget\" data-widget_type=\"image.default\">\n\t\t\t\t<div class=\"elementor-widget-container\">\n\t\t\t\t\t\t\t\t\t\t\t\t\t<img loading=\"lazy\" decoding=\"async\" width=\"624\" height=\"343\" src=\"https:\/\/lesmrdtrucs.mataf35400.fr\/wp-content\/uploads\/2022\/12\/Image4-1.png\" class=\"elementor-animation-grow attachment-full size-full wp-image-1856\" alt=\"\" srcset=\"https:\/\/lesmrdtrucs.mataf35400.fr\/wp-content\/uploads\/2022\/12\/Image4-1.png 624w, https:\/\/lesmrdtrucs.mataf35400.fr\/wp-content\/uploads\/2022\/12\/Image4-1-300x165.png 300w\" sizes=\"(max-width: 624px) 100vw, 624px\" \/>\t\t\t\t\t\t\t\t\t\t\t\t\t<\/div>\n\t\t\t\t<\/div>\n\t\t\t\t<div class=\"elementor-element elementor-element-f930707 elementor-widget elementor-widget-text-editor\" data-id=\"f930707\" data-element_type=\"widget\" data-widget_type=\"text-editor.default\">\n\t\t\t\t<div class=\"elementor-widget-container\">\n\t\t\t\t\t\t\t<ul><li style=\"list-style-type: none;\"><ul><li style=\"list-style-type: none;\"><ul><li style=\"list-style-type: none;\"><ul><li>Saisir le mot de passe SOL, l&rsquo;adresse IP du PC et le port (les m\u00eames que dans le param\u00e9trage QtVlm).<\/li><li>Si besoin, affiner les param\u00e8tres avec le bouton \u00ab\u00a0Filter\u00a0\u00bb.<\/li><li>D\u00e9marrer le serveur en cliquant sur le bouton \u00ab\u00a0Start\u00a0\u00bb, et minimiser la fen\u00eatre.<\/li><\/ul><\/li><li>Sur QtVlm, connecter le serveur NMEA<\/li><\/ul><\/li><\/ul><\/li><\/ul>\t\t\t\t\t\t<\/div>\n\t\t\t\t<\/div>\n\t\t\t\t<div class=\"elementor-element elementor-element-f68806c elementor-widget__width-auto elementor-widget elementor-widget-image\" data-id=\"f68806c\" data-element_type=\"widget\" data-widget_type=\"image.default\">\n\t\t\t\t<div class=\"elementor-widget-container\">\n\t\t\t\t\t\t\t\t\t\t\t\t\t<img loading=\"lazy\" decoding=\"async\" width=\"138\" height=\"203\" src=\"https:\/\/lesmrdtrucs.mataf35400.fr\/wp-content\/uploads\/2022\/12\/Image5-1.png\" class=\"elementor-animation-grow attachment-full size-full wp-image-1857\" alt=\"\" \/>\t\t\t\t\t\t\t\t\t\t\t\t\t<\/div>\n\t\t\t\t<\/div>\n\t\t\t\t<div class=\"elementor-element elementor-element-1c48b7e elementor-widget elementor-widget-text-editor\" data-id=\"1c48b7e\" data-element_type=\"widget\" data-widget_type=\"text-editor.default\">\n\t\t\t\t<div class=\"elementor-widget-container\">\n\t\t\t\t\t\t\t<p style=\"padding-left: 80px;\">Les donn\u00e9es du bateau s&rsquo;affichent au bas de la page.<\/p>\t\t\t\t\t\t<\/div>\n\t\t\t\t<\/div>\n\t\t\t\t\t<\/div>\n\t\t<\/div>\n\t\t\t\t\t<\/div>\n\t\t<\/section>\n\t\t\t\t<section class=\"elementor-section elementor-top-section elementor-element elementor-element-eed3d40 elementor-section-boxed elementor-section-height-default elementor-section-height-default\" data-id=\"eed3d40\" data-element_type=\"section\">\n\t\t\t\t\t\t<div class=\"elementor-container elementor-column-gap-default\">\n\t\t\t\t\t<div class=\"elementor-column elementor-col-100 elementor-top-column elementor-element elementor-element-90c488c\" data-id=\"90c488c\" data-element_type=\"column\">\n\t\t\t<div class=\"elementor-widget-wrap elementor-element-populated\">\n\t\t\t\t\t\t<div class=\"elementor-element elementor-element-b65b068 elementor-widget elementor-widget-text-editor\" data-id=\"b65b068\" data-element_type=\"widget\" data-widget_type=\"text-editor.default\">\n\t\t\t\t<div class=\"elementor-widget-container\">\n\t\t\t\t\t\t\t<h2 style=\"padding-left: 40px;\">Java14<\/h2><p><span style=\"color: #ff0000;\"><strong>(depuis 2023, pour remplacer le proxy de BrainAid)<\/strong><\/span><\/p><p>Tous les fichiers n\u00e9cessaires sont (sur le MrdTosh2017) dans le r\u00e9pertoire <span style=\"color: #0000ff;\"><em>C:\\SOL<\/em><\/span>.<span style=\"color: #ff0000;\"><strong><br \/><\/strong><\/span><\/p><h3>Pour envoyer les donn\u00e9es SOL (comme un vrai instrument):<\/h3><ul><li style=\"list-style-type: none;\"><ul><li>Dans C:\\SOL:<ul><li>Cr\u00e9er le r\u00e9pertoire qui servira pour la r\u00e9gate \u00e0 courir.<\/li><li>Y copier les 2 fichiers (qui se trouvent dans <span style=\"color: #0000ff;\"><em>C:\\SOL\\Java14\\windows_bat\\<\/em><\/span>):<ul><li>\u00a0<span style=\"color: #0000ff;\"><em>AG14.bat<\/em><\/span><\/li><li><em><span style=\"color: #0000ff;\">AG14_pause.bat<\/span><\/em><\/li><\/ul><\/li><li>Lancer le programme <span style=\"color: #0000ff;\"><em>AG14.bat<\/em><\/span>. Une fen\u00eatre CMD s&rsquo;ouvre, puis celle ci-dessous (exemple d&rsquo;une r\u00e9gate courue)<\/li><\/ul><\/li><\/ul><\/li><\/ul>\t\t\t\t\t\t<\/div>\n\t\t\t\t<\/div>\n\t\t\t\t<div class=\"elementor-element elementor-element-8cb3d2b elementor-widget elementor-widget-image\" data-id=\"8cb3d2b\" data-element_type=\"widget\" data-widget_type=\"image.default\">\n\t\t\t\t<div class=\"elementor-widget-container\">\n\t\t\t\t\t\t\t\t\t\t\t\t\t<img loading=\"lazy\" decoding=\"async\" width=\"1366\" height=\"768\" src=\"https:\/\/lesmrdtrucs.mataf35400.fr\/wp-content\/uploads\/2023\/02\/Java14_1.png\" class=\"elementor-animation-grow attachment-full size-full wp-image-1934\" alt=\"\" srcset=\"https:\/\/lesmrdtrucs.mataf35400.fr\/wp-content\/uploads\/2023\/02\/Java14_1.png 1366w, https:\/\/lesmrdtrucs.mataf35400.fr\/wp-content\/uploads\/2023\/02\/Java14_1-300x169.png 300w, https:\/\/lesmrdtrucs.mataf35400.fr\/wp-content\/uploads\/2023\/02\/Java14_1-1024x576.png 1024w, https:\/\/lesmrdtrucs.mataf35400.fr\/wp-content\/uploads\/2023\/02\/Java14_1-768x432.png 768w, https:\/\/lesmrdtrucs.mataf35400.fr\/wp-content\/uploads\/2023\/02\/Java14_1-800x450.png 800w\" sizes=\"(max-width: 1366px) 100vw, 1366px\" \/>\t\t\t\t\t\t\t\t\t\t\t\t\t<\/div>\n\t\t\t\t<\/div>\n\t\t\t\t<div class=\"elementor-element elementor-element-b19b41c elementor-widget elementor-widget-text-editor\" data-id=\"b19b41c\" data-element_type=\"widget\" data-widget_type=\"text-editor.default\">\n\t\t\t\t<div class=\"elementor-widget-container\">\n\t\t\t\t\t\t\t<ul><li style=\"list-style-type: none;\"><ul><li style=\"list-style-type: none;\"><ul><li style=\"list-style-type: none;\"><ul><li>V\u00e9rifier que:<ul><li><span style=\"color: #0000ff;\"><em>Use SOL ?<\/em><\/span> ne soit pas coch\u00e9<\/li><li>\u00a0les champs <span style=\"color: #0000ff;\"><em>User Name<\/em><\/span> &amp; <span style=\"color: #0000ff;\"><em>Password<\/em><\/span> soient correctement remplis. Autrement, les donn\u00e9es SOG &amp; COG seraient erron\u00e9es.<\/li><\/ul><\/li><li>Renseigner la r\u00e9gate \u00e0 courir.<\/li><li>Grosso modo, remplir les champs comme l&rsquo;exemple ci-dessus.<\/li><li>Sauvegarder les param\u00e8tres pour les prochaines utilisations gr\u00e2ce au bouton <span style=\"color: #0000ff;\"><em>Save<\/em><\/span>.<\/li><\/ul><\/li><li style=\"list-style-type: none;\"><ul><li>D\u00e9marrer le serveur en cliquant sur le bouton <span style=\"color: #0000ff;\"><em>New<\/em><\/span>.<\/li><\/ul><\/li><li>Sur QtVlm, connecter le serveur NMEA.<\/li><\/ul><\/li><\/ul><\/li><\/ul>\t\t\t\t\t\t<\/div>\n\t\t\t\t<\/div>\n\t\t\t\t<div class=\"elementor-element elementor-element-812c96a elementor-widget__width-auto elementor-widget elementor-widget-image\" data-id=\"812c96a\" data-element_type=\"widget\" data-widget_type=\"image.default\">\n\t\t\t\t<div class=\"elementor-widget-container\">\n\t\t\t\t\t\t\t\t\t\t\t\t\t<img loading=\"lazy\" decoding=\"async\" width=\"138\" height=\"203\" src=\"https:\/\/lesmrdtrucs.mataf35400.fr\/wp-content\/uploads\/2022\/12\/Image5-1.png\" class=\"elementor-animation-grow attachment-full size-full wp-image-1857\" alt=\"\" \/>\t\t\t\t\t\t\t\t\t\t\t\t\t<\/div>\n\t\t\t\t<\/div>\n\t\t\t\t<div class=\"elementor-element elementor-element-f0df44f elementor-widget elementor-widget-text-editor\" data-id=\"f0df44f\" data-element_type=\"widget\" data-widget_type=\"text-editor.default\">\n\t\t\t\t<div class=\"elementor-widget-container\">\n\t\t\t\t\t\t\t<p style=\"padding-left: 80px;\"><a href=\"https:\/\/lesmrdtrucs.mataf35400.fr\/wp-content\/uploads\/2023\/02\/AGL14_User_Manual.pdf\">AGL14_User_Manual<\/a>Les donn\u00e9es du bateau s&rsquo;affichent au bas de la page.<\/p><ul><li>Il y a 2 fichiers de mode d&#8217;emploi dans le r\u00e9pertoire <span style=\"color: #0000ff;\"><em>C:\\SOL\\Java14<\/em>\\<\/span>.<ul><li><a href=\"https:\/\/lesmrdtrucs.mataf35400.fr\/wp-content\/uploads\/2023\/02\/How_to_Install_AGL_14_for_Windows.pdf\">How_to_Install_AGL_14_for_Windows<\/a><\/li><li><a href=\"https:\/\/lesmrdtrucs.mataf35400.fr\/wp-content\/uploads\/2023\/02\/AGL14_User_Manual.pdf\">AGL14_User_Manual<\/a><\/li><\/ul><\/li><\/ul>\t\t\t\t\t\t<\/div>\n\t\t\t\t<\/div>\n\t\t\t\t\t<\/div>\n\t\t<\/div>\n\t\t\t\t\t<\/div>\n\t\t<\/section>\n\t\t\t\t<section class=\"elementor-section elementor-top-section elementor-element elementor-element-6182cfc1 elementor-section-boxed elementor-section-height-default elementor-section-height-default\" data-id=\"6182cfc1\" data-element_type=\"section\">\n\t\t\t\t\t\t<div class=\"elementor-container elementor-column-gap-default\">\n\t\t\t\t\t<div class=\"elementor-column elementor-col-100 elementor-top-column elementor-element elementor-element-7d264fcd\" data-id=\"7d264fcd\" data-element_type=\"column\">\n\t\t\t<div class=\"elementor-widget-wrap elementor-element-populated\">\n\t\t\t\t\t\t<div class=\"elementor-element elementor-element-d79100d elementor-widget elementor-widget-text-editor\" data-id=\"d79100d\" data-element_type=\"widget\" data-widget_type=\"text-editor.default\">\n\t\t\t\t<div class=\"elementor-widget-container\">\n\t\t\t\t\t\t\t<h2>Les fichiers Grib<\/h2><ul><li style=\"list-style-type: none;\"><ul><li><b>Sur BrainAid: <\/b><ul><li>Cliquer sur le bouton <span style=\"color: #0000ff;\"><em>Weather<\/em><\/span> de la page de garde. La pr\u00e9vision couvre 7 jours. Pour avoir 16 jours, utiliser <span style=\"color: #0000ff;\"><em>Zezo<\/em><\/span>, mais ce ne sont pas les grib utilis\u00e9s pas SOL (<a href=\"http:\/\/zezo.org\/grib\/gribv1\/all.grib\" target=\"_blank\" rel=\"noopener\">http:\/\/zezo.org\/grib\/gribv1\/all.grib<\/a>).<\/li><li>T\u00e9l\u00e9charger le dernier fichier &amp; le sauvegarder.<\/li><\/ul><\/li><\/ul><\/li><\/ul><h4>L&rsquo;envoi des commandes d\u00e9cal\u00e9es \u00e0 SOL<\/h4><ul><li style=\"list-style-type: none;\"><ul><li><b>Sur QtVlm: <\/b><ul><li>r\u00e9cup\u00e9rer le fichier Grib (Ctrl+o).<\/li><li>Cr\u00e9er la route optimale.<\/li><li>L&rsquo;exporter en CSV.<\/li><li>Si besoin, \u00e0 l&rsquo;aide d&rsquo;un \u00e9diteur de texte, remplacer la d\u00e9cimale fran\u00e7aise (,) par l&rsquo;anglaise (.)<\/li><\/ul><\/li><li><b>Sur Kropper&rsquo;s converter: <\/b><ul><li>Ouvrir la route (bouton <span style=\"color: #0000ff;\"><em>Parcourir&#8230;<\/em><\/span>).<\/li><li>La convertir (bouton <span style=\"color: #0000ff;\"><em>Convert to Brainaid DC format<\/em><\/span>).<\/li><li>Copier la liste des commandes d\u00e9cal\u00e9es (TWA ou CC).<\/li><\/ul><\/li><li><b>Sur BrainAid: <\/b><ul><li>Cliquer sur le bouton <span style=\"color: #0000ff;\"><em>DC editor<\/em><\/span> de la page de garde.<\/li><li>Vider la liste des anciennes commandes.<\/li><li>Coller la nouvelle liste des commandes (copi\u00e9e pr\u00e9c\u00e9demment).<\/li><li>Modifier l&rsquo;heure de la premi\u00e8re commande afin qu&rsquo;elle soit \u00ab\u00a0dans le futur\u00a0\u00bb. Quelques secondes suffisent.<\/li><li>Cliquer sur le bouton <span style=\"color: #0000ff;\"><em>Apply<\/em><\/span>. Les commandes sont envoy\u00e9es au serveur de SOL en remplacement des anciennes.<\/li><\/ul><\/li><li><b>Sur SOL: <\/b><ul><li>Faire un rafra\u00eechissement de la liste (inutile mais permet de v\u00e9rifier que tout s&rsquo;est bien pass\u00e9).<\/li><\/ul><\/li><\/ul><\/li><\/ul><p>Site qui parle de cr\u00e9ation de routes gr\u00e2ce \u00e0 QtVlm: <a href=\"http:\/\/voilevirtuelle.free.fr\/SailOnLine\/\" target=\"_blank\" rel=\"noopener\">http:\/\/voilevirtuelle.free.fr\/SailOnLine\/<\/a><\/p>\t\t\t\t\t\t<\/div>\n\t\t\t\t<\/div>\n\t\t\t\t\t<\/div>\n\t\t<\/div>\n\t\t\t\t\t<\/div>\n\t\t<\/section>\n\t\t\t\t<\/div>\n\t\t","protected":false},"excerpt":{"rendered":"<p>IDENTIFICATION Adresse mail: mataf35400-mdp@yahoo.fr ID pour MRD: Mataf35400 MDP pour MRD: SOL ROUTAGE Les programmes utilis\u00e9s: QtVlm: C&rsquo;est le routeur. Kropper&rsquo;s converter: Permet de convertir une route QtVlm en commandes d\u00e9cal\u00e9es de SOL. La suite\u00a0 BrainAid: C&rsquo;est un pack cr\u00e9\u00e9 par un joueur qui, entre autres, g\u00e9n\u00e8re un serveur NMEA permettant \u00e0 QtVlm de recevoir [&hellip;]<\/p>\n","protected":false},"author":1,"featured_media":0,"parent":0,"menu_order":0,"comment_status":"closed","ping_status":"closed","template":"","meta":{"ocean_post_layout":"","ocean_both_sidebars_style":"","ocean_both_sidebars_content_width":0,"ocean_both_sidebars_sidebars_width":0,"ocean_sidebar":"0","ocean_second_sidebar":"0","ocean_disable_margins":"enable","ocean_add_body_class":"","ocean_shortcode_before_top_bar":"","ocean_shortcode_after_top_bar":"","ocean_shortcode_before_header":"","ocean_shortcode_after_header":"","ocean_has_shortcode":"","ocean_shortcode_after_title":"","ocean_shortcode_before_footer_widgets":"","ocean_shortcode_after_footer_widgets":"","ocean_shortcode_before_footer_bottom":"","ocean_shortcode_after_footer_bottom":"","ocean_display_top_bar":"default","ocean_display_header":"default","ocean_header_style":"","ocean_center_header_left_menu":"0","ocean_custom_header_template":"0","ocean_custom_logo":0,"ocean_custom_retina_logo":0,"ocean_custom_logo_max_width":0,"ocean_custom_logo_tablet_max_width":0,"ocean_custom_logo_mobile_max_width":0,"ocean_custom_logo_max_height":0,"ocean_custom_logo_tablet_max_height":0,"ocean_custom_logo_mobile_max_height":0,"ocean_header_custom_menu":"0","ocean_menu_typo_font_family":"0","ocean_menu_typo_font_subset":"","ocean_menu_typo_font_size":0,"ocean_menu_typo_font_size_tablet":0,"ocean_menu_typo_font_size_mobile":0,"ocean_menu_typo_font_size_unit":"px","ocean_menu_typo_font_weight":"","ocean_menu_typo_font_weight_tablet":"","ocean_menu_typo_font_weight_mobile":"","ocean_menu_typo_transform":"","ocean_menu_typo_transform_tablet":"","ocean_menu_typo_transform_mobile":"","ocean_menu_typo_line_height":0,"ocean_menu_typo_line_height_tablet":0,"ocean_menu_typo_line_height_mobile":0,"ocean_menu_typo_line_height_unit":"","ocean_menu_typo_spacing":0,"ocean_menu_typo_spacing_tablet":0,"ocean_menu_typo_spacing_mobile":0,"ocean_menu_typo_spacing_unit":"","ocean_menu_link_color":"","ocean_menu_link_color_hover":"","ocean_menu_link_color_active":"","ocean_menu_link_background":"","ocean_menu_link_hover_background":"","ocean_menu_link_active_background":"","ocean_menu_social_links_bg":"","ocean_menu_social_hover_links_bg":"","ocean_menu_social_links_color":"","ocean_menu_social_hover_links_color":"","ocean_disable_title":"default","ocean_disable_heading":"default","ocean_post_title":"","ocean_post_subheading":"","ocean_post_title_style":"","ocean_post_title_background_color":"","ocean_post_title_background":0,"ocean_post_title_bg_image_position":"","ocean_post_title_bg_image_attachment":"","ocean_post_title_bg_image_repeat":"","ocean_post_title_bg_image_size":"","ocean_post_title_height":0,"ocean_post_title_bg_overlay":0.5,"ocean_post_title_bg_overlay_color":"","ocean_disable_breadcrumbs":"default","ocean_breadcrumbs_color":"","ocean_breadcrumbs_separator_color":"","ocean_breadcrumbs_links_color":"","ocean_breadcrumbs_links_hover_color":"","ocean_display_footer_widgets":"default","ocean_display_footer_bottom":"default","ocean_custom_footer_template":"0","footnotes":""},"class_list":["post-1797","page","type-page","status-publish","hentry","entry"],"_links":{"self":[{"href":"https:\/\/lesmrdtrucs.mataf35400.fr\/index.php\/wp-json\/wp\/v2\/pages\/1797","targetHints":{"allow":["GET"]}}],"collection":[{"href":"https:\/\/lesmrdtrucs.mataf35400.fr\/index.php\/wp-json\/wp\/v2\/pages"}],"about":[{"href":"https:\/\/lesmrdtrucs.mataf35400.fr\/index.php\/wp-json\/wp\/v2\/types\/page"}],"author":[{"embeddable":true,"href":"https:\/\/lesmrdtrucs.mataf35400.fr\/index.php\/wp-json\/wp\/v2\/users\/1"}],"replies":[{"embeddable":true,"href":"https:\/\/lesmrdtrucs.mataf35400.fr\/index.php\/wp-json\/wp\/v2\/comments?post=1797"}],"version-history":[{"count":22,"href":"https:\/\/lesmrdtrucs.mataf35400.fr\/index.php\/wp-json\/wp\/v2\/pages\/1797\/revisions"}],"predecessor-version":[{"id":2011,"href":"https:\/\/lesmrdtrucs.mataf35400.fr\/index.php\/wp-json\/wp\/v2\/pages\/1797\/revisions\/2011"}],"wp:attachment":[{"href":"https:\/\/lesmrdtrucs.mataf35400.fr\/index.php\/wp-json\/wp\/v2\/media?parent=1797"}],"curies":[{"name":"wp","href":"https:\/\/api.w.org\/{rel}","templated":true}]}}