{"id":1663,"date":"2022-12-19T06:00:03","date_gmt":"2022-12-19T05:00:03","guid":{"rendered":"http:\/\/lesmrdtrucs.mataf35400.fr\/?page_id=1663"},"modified":"2022-12-19T06:04:08","modified_gmt":"2022-12-19T05:04:08","slug":"rs232-droit","status":"publish","type":"page","link":"https:\/\/lesmrdtrucs.mataf35400.fr\/index.php\/rs232-droit\/","title":{"rendered":"RS232 droit\u200b"},"content":{"rendered":"\t\t<div data-elementor-type=\"wp-page\" data-elementor-id=\"1663\" class=\"elementor elementor-1663\">\n\t\t\t\t\t\t<section class=\"elementor-section elementor-top-section elementor-element elementor-element-16492573 elementor-section-boxed elementor-section-height-default elementor-section-height-default\" data-id=\"16492573\" data-element_type=\"section\">\n\t\t\t\t\t\t<div class=\"elementor-container elementor-column-gap-default\">\n\t\t\t\t\t<div class=\"elementor-column elementor-col-100 elementor-top-column elementor-element elementor-element-410ced3b\" data-id=\"410ced3b\" data-element_type=\"column\">\n\t\t\t<div class=\"elementor-widget-wrap elementor-element-populated\">\n\t\t\t\t\t\t<div class=\"elementor-element elementor-element-3549032e elementor-widget elementor-widget-text-editor\" data-id=\"3549032e\" data-element_type=\"widget\" data-widget_type=\"text-editor.default\">\n\t\t\t\t<div class=\"elementor-widget-container\">\n\t\t\t\t\t\t\t<div class=\"mYVXT\"><div class=\"LS81yb VICjCf j5pSsc db35Fc\" tabindex=\"-1\"><div class=\"hJDwNd-AhqUyc-uQSCkd Ft7HRd-AhqUyc-uQSCkd purZT-AhqUyc-II5mzb ZcASvf-AhqUyc-II5mzb pSzOP-AhqUyc-qWD73c Ktthjf-AhqUyc-qWD73c JNdkSc SQVYQc\"><div class=\"JNdkSc-SmKAyb LkDMRd\"><div class=\"\"><div class=\"oKdM2c ZZyype Kzv0Me\"><div id=\"h.716b59896702debc_38\" class=\"hJDwNd-AhqUyc-uQSCkd Ft7HRd-AhqUyc-uQSCkd jXK9ad D2fZ2 zu5uec OjCsFc dmUFtb wHaque g5GTcb JYTMs\"><div class=\"jXK9ad-SmKAyb\"><div class=\"tyJCtd mGzaTb Depvyb baZpAe\"><p class=\"CDt4Ke zfr3Q\" dir=\"ltr\" style=\"background-color: transparent; line-height: 1.38; text-align: left; text-indent: 0; border: none; padding: 0; margin: 12pt 0 12pt 0;\"><span style=\"background-color: transparent; color: #000000; font-family: 'Trebuchet MS'; font-size: 11pt; font-style: normal; font-variant: normal; font-weight: normal; text-decoration: normal; vertical-align: baseline;\">Un c\u00e2ble droit est utilis\u00e9 pour raccorder un mat\u00e9riel DTE \u00e0 un mat\u00e9riel DCE. Dans ce cas, les broches TXD-RXD et RTS-CTS ne sont pas crois\u00e9es, d&rsquo;o\u00f9 le terme c\u00e2ble droit.<\/span><\/p><p class=\"CDt4Ke zfr3Q\" dir=\"ltr\" style=\"background-color: transparent; line-height: 1.38; text-align: left; text-indent: 0; border: none; padding: 0; margin: 0;\"><span style=\"background-color: transparent; color: #000000; font-family: 'Trebuchet MS'; font-size: 11pt; font-style: normal; font-variant: normal; font-weight: normal; text-decoration: normal; vertical-align: baseline;\">Le port s\u00e9rie int\u00e9gr\u00e9 \u00e0 un ordinateur de bureau est un mat\u00e9riel DTE. Les modems et les imprimantes sont des exemples de mat\u00e9riel DCE. Remarquez qu&rsquo;un instrument dot\u00e9 d&rsquo;une interface s\u00e9rie pourrait \u00eatre un mat\u00e9riel DTE ou DCE.<\/span><\/p><p dir=\"ltr\">\u00a0<\/p><p class=\"CDt4Ke zfr3Q\" dir=\"ltr\" style=\"background-color: transparent; line-height: 1.38; text-align: left; text-indent: 0; border: none; padding: 0; margin: 0;\"><span style=\"background-color: transparent; color: #000000; font-family: 'Trebuchet MS'; font-size: 11pt; font-style: normal; font-variant: normal; text-decoration: normal; vertical-align: baseline;\"><strong>C\u00e2ble pour imprimante CAB<\/strong><\/span><span style=\"background-color: transparent; color: #000000; font-family: 'Trebuchet MS'; font-size: 11pt; font-style: normal; font-variant: normal; font-weight: normal; text-decoration: normal; vertical-align: baseline;\">:<\/span><\/p><\/div><\/div><\/div><\/div><\/div><\/div><\/div><\/div><\/div>\t\t\t\t\t\t<\/div>\n\t\t\t\t<\/div>\n\t\t\t\t<div class=\"elementor-element elementor-element-78844c14 elementor-widget elementor-widget-image\" data-id=\"78844c14\" data-element_type=\"widget\" data-widget_type=\"image.default\">\n\t\t\t\t<div class=\"elementor-widget-container\">\n\t\t\t\t\t\t\t\t\t\t\t\t\t<img fetchpriority=\"high\" decoding=\"async\" width=\"388\" height=\"131\" src=\"https:\/\/lesmrdtrucs.mataf35400.fr\/wp-content\/uploads\/2022\/12\/Image33.png\" class=\"elementor-animation-grow attachment-full size-full wp-image-1670\" alt=\"\" srcset=\"https:\/\/lesmrdtrucs.mataf35400.fr\/wp-content\/uploads\/2022\/12\/Image33.png 388w, https:\/\/lesmrdtrucs.mataf35400.fr\/wp-content\/uploads\/2022\/12\/Image33-300x101.png 300w\" sizes=\"(max-width: 388px) 100vw, 388px\" \/>\t\t\t\t\t\t\t\t\t\t\t\t\t<\/div>\n\t\t\t\t<\/div>\n\t\t\t\t\t<\/div>\n\t\t<\/div>\n\t\t\t\t\t<\/div>\n\t\t<\/section>\n\t\t\t\t<\/div>\n\t\t","protected":false},"excerpt":{"rendered":"<p>Un c\u00e2ble droit est utilis\u00e9 pour raccorder un mat\u00e9riel DTE \u00e0 un mat\u00e9riel DCE. Dans ce cas, les broches TXD-RXD et RTS-CTS ne sont pas crois\u00e9es, d&rsquo;o\u00f9 le terme c\u00e2ble droit. Le port s\u00e9rie int\u00e9gr\u00e9 \u00e0 un ordinateur de bureau est un mat\u00e9riel DTE. Les modems et les imprimantes sont des exemples de mat\u00e9riel DCE. [&hellip;]<\/p>\n","protected":false},"author":1,"featured_media":0,"parent":0,"menu_order":0,"comment_status":"closed","ping_status":"closed","template":"","meta":{"ocean_post_layout":"","ocean_both_sidebars_style":"","ocean_both_sidebars_content_width":0,"ocean_both_sidebars_sidebars_width":0,"ocean_sidebar":"0","ocean_second_sidebar":"0","ocean_disable_margins":"enable","ocean_add_body_class":"","ocean_shortcode_before_top_bar":"","ocean_shortcode_after_top_bar":"","ocean_shortcode_before_header":"","ocean_shortcode_after_header":"","ocean_has_shortcode":"","ocean_shortcode_after_title":"","ocean_shortcode_before_footer_widgets":"","ocean_shortcode_after_footer_widgets":"","ocean_shortcode_before_footer_bottom":"","ocean_shortcode_after_footer_bottom":"","ocean_display_top_bar":"default","ocean_display_header":"default","ocean_header_style":"","ocean_center_header_left_menu":"0","ocean_custom_header_template":"0","ocean_custom_logo":0,"ocean_custom_retina_logo":0,"ocean_custom_logo_max_width":0,"ocean_custom_logo_tablet_max_width":0,"ocean_custom_logo_mobile_max_width":0,"ocean_custom_logo_max_height":0,"ocean_custom_logo_tablet_max_height":0,"ocean_custom_logo_mobile_max_height":0,"ocean_header_custom_menu":"0","ocean_menu_typo_font_family":"0","ocean_menu_typo_font_subset":"","ocean_menu_typo_font_size":0,"ocean_menu_typo_font_size_tablet":0,"ocean_menu_typo_font_size_mobile":0,"ocean_menu_typo_font_size_unit":"px","ocean_menu_typo_font_weight":"","ocean_menu_typo_font_weight_tablet":"","ocean_menu_typo_font_weight_mobile":"","ocean_menu_typo_transform":"","ocean_menu_typo_transform_tablet":"","ocean_menu_typo_transform_mobile":"","ocean_menu_typo_line_height":0,"ocean_menu_typo_line_height_tablet":0,"ocean_menu_typo_line_height_mobile":0,"ocean_menu_typo_line_height_unit":"","ocean_menu_typo_spacing":0,"ocean_menu_typo_spacing_tablet":0,"ocean_menu_typo_spacing_mobile":0,"ocean_menu_typo_spacing_unit":"","ocean_menu_link_color":"","ocean_menu_link_color_hover":"","ocean_menu_link_color_active":"","ocean_menu_link_background":"","ocean_menu_link_hover_background":"","ocean_menu_link_active_background":"","ocean_menu_social_links_bg":"","ocean_menu_social_hover_links_bg":"","ocean_menu_social_links_color":"","ocean_menu_social_hover_links_color":"","ocean_disable_title":"default","ocean_disable_heading":"default","ocean_post_title":"","ocean_post_subheading":"","ocean_post_title_style":"","ocean_post_title_background_color":"","ocean_post_title_background":0,"ocean_post_title_bg_image_position":"","ocean_post_title_bg_image_attachment":"","ocean_post_title_bg_image_repeat":"","ocean_post_title_bg_image_size":"","ocean_post_title_height":0,"ocean_post_title_bg_overlay":0.5,"ocean_post_title_bg_overlay_color":"","ocean_disable_breadcrumbs":"default","ocean_breadcrumbs_color":"","ocean_breadcrumbs_separator_color":"","ocean_breadcrumbs_links_color":"","ocean_breadcrumbs_links_hover_color":"","ocean_display_footer_widgets":"default","ocean_display_footer_bottom":"default","ocean_custom_footer_template":"0","footnotes":""},"class_list":["post-1663","page","type-page","status-publish","hentry","entry"],"_links":{"self":[{"href":"https:\/\/lesmrdtrucs.mataf35400.fr\/index.php\/wp-json\/wp\/v2\/pages\/1663","targetHints":{"allow":["GET"]}}],"collection":[{"href":"https:\/\/lesmrdtrucs.mataf35400.fr\/index.php\/wp-json\/wp\/v2\/pages"}],"about":[{"href":"https:\/\/lesmrdtrucs.mataf35400.fr\/index.php\/wp-json\/wp\/v2\/types\/page"}],"author":[{"embeddable":true,"href":"https:\/\/lesmrdtrucs.mataf35400.fr\/index.php\/wp-json\/wp\/v2\/users\/1"}],"replies":[{"embeddable":true,"href":"https:\/\/lesmrdtrucs.mataf35400.fr\/index.php\/wp-json\/wp\/v2\/comments?post=1663"}],"version-history":[{"count":4,"href":"https:\/\/lesmrdtrucs.mataf35400.fr\/index.php\/wp-json\/wp\/v2\/pages\/1663\/revisions"}],"predecessor-version":[{"id":1673,"href":"https:\/\/lesmrdtrucs.mataf35400.fr\/index.php\/wp-json\/wp\/v2\/pages\/1663\/revisions\/1673"}],"wp:attachment":[{"href":"https:\/\/lesmrdtrucs.mataf35400.fr\/index.php\/wp-json\/wp\/v2\/media?parent=1663"}],"curies":[{"name":"wp","href":"https:\/\/api.w.org\/{rel}","templated":true}]}}