{"id":1519,"date":"2022-12-12T16:48:12","date_gmt":"2022-12-12T15:48:12","guid":{"rendered":"http:\/\/lesmrdtrucs.mataf35400.fr\/?page_id=1519"},"modified":"2022-12-12T18:03:02","modified_gmt":"2022-12-12T17:03:02","slug":"edition-depubs","status":"publish","type":"page","link":"https:\/\/lesmrdtrucs.mataf35400.fr\/index.php\/edition-depubs\/","title":{"rendered":"Edition d&rsquo;ePubs\u200b"},"content":{"rendered":"\t\t<div data-elementor-type=\"wp-page\" data-elementor-id=\"1519\" class=\"elementor elementor-1519\">\n\t\t\t\t\t\t<section class=\"elementor-section elementor-top-section elementor-element elementor-element-7f2569d8 elementor-section-boxed elementor-section-height-default elementor-section-height-default\" data-id=\"7f2569d8\" data-element_type=\"section\">\n\t\t\t\t\t\t<div class=\"elementor-container elementor-column-gap-default\">\n\t\t\t\t\t<div class=\"elementor-column elementor-col-100 elementor-top-column elementor-element elementor-element-5bdb027a\" data-id=\"5bdb027a\" data-element_type=\"column\">\n\t\t\t<div class=\"elementor-widget-wrap elementor-element-populated\">\n\t\t\t\t\t\t<div class=\"elementor-element elementor-element-234b4fbd elementor-widget elementor-widget-text-editor\" data-id=\"234b4fbd\" data-element_type=\"widget\" data-widget_type=\"text-editor.default\">\n\t\t\t\t<div class=\"elementor-widget-container\">\n\t\t\t\t\t\t\t<p>Les \u00e9diteurs de texte ne modifient pas ais\u00e9ment les ePubs.<br \/>La meilleure solution que j&rsquo;ai trouv\u00e9e, c&rsquo;est:<\/p><ul><li style=\"list-style-type: none;\"><ul><li>Retouche ePub (tweak_epub_fr.exe) pour \u00ab\u00a0\u00e9clater\u00a0\u00bb la structure du livre.<\/li><li>Kompozer pour l&rsquo;\u00e9dition proprement dite.<\/li><\/ul><\/li><\/ul><p>Chez MRD, ces 2 logiciels se trouvent dans mon DropBox (dossier eBooks)<\/p><h3>Retouche ePub<\/h3><p>A l&rsquo;ouverture du programme, une fen\u00eatre s&rsquo;ouvre, qui permet la s\u00e9lection du livre \u00e0 modifier.<br \/>Une fois le fichier renseign\u00e9, sa structure est affich\u00e9e:<\/p>\t\t\t\t\t\t<\/div>\n\t\t\t\t<\/div>\n\t\t\t\t<div class=\"elementor-element elementor-element-4e6d206c elementor-widget elementor-widget-image\" data-id=\"4e6d206c\" data-element_type=\"widget\" data-widget_type=\"image.default\">\n\t\t\t\t<div class=\"elementor-widget-container\">\n\t\t\t\t\t\t\t\t\t\t\t\t\t<img fetchpriority=\"high\" decoding=\"async\" width=\"428\" height=\"299\" src=\"https:\/\/lesmrdtrucs.mataf35400.fr\/wp-content\/uploads\/2022\/12\/Image26.png\" class=\"elementor-animation-grow attachment-large size-large wp-image-1525\" alt=\"\" srcset=\"https:\/\/lesmrdtrucs.mataf35400.fr\/wp-content\/uploads\/2022\/12\/Image26.png 428w, https:\/\/lesmrdtrucs.mataf35400.fr\/wp-content\/uploads\/2022\/12\/Image26-300x210.png 300w\" sizes=\"(max-width: 428px) 100vw, 428px\" \/>\t\t\t\t\t\t\t\t\t\t\t\t\t<\/div>\n\t\t\t\t<\/div>\n\t\t\t\t<div class=\"elementor-element elementor-element-c2c6822 elementor-widget elementor-widget-text-editor\" data-id=\"c2c6822\" data-element_type=\"widget\" data-widget_type=\"text-editor.default\">\n\t\t\t\t<div class=\"elementor-widget-container\">\n\t\t\t\t\t\t\t<p>Ouvrir le fichier .html voulu avec Kompozer.<br \/>Kompozer<\/p><p>Ex\u00e9cuter les modifications souhait\u00e9es, enregistrer, et repasser \u00e0 Retouche ePub.<br \/>Cliquer sur \u00ab\u00a0Aper\u00e7u&#8230;\u00a0\u00bb\u00a0\u00a0 pour v\u00e9rifier le r\u00e9sultat. Le livre s&rsquo;ouvre avec la liseuse par d\u00e9faut sur le PC (pour MRD, Calibre).<br \/>Cliquer sur \u00ab\u00a0Enregistrer les changements\u00a0\u00bb pour finaliser les modifications.<\/p>\t\t\t\t\t\t<\/div>\n\t\t\t\t<\/div>\n\t\t\t\t\t<\/div>\n\t\t<\/div>\n\t\t\t\t\t<\/div>\n\t\t<\/section>\n\t\t\t\t<\/div>\n\t\t","protected":false},"excerpt":{"rendered":"<p>Les \u00e9diteurs de texte ne modifient pas ais\u00e9ment les ePubs.La meilleure solution que j&rsquo;ai trouv\u00e9e, c&rsquo;est: Retouche ePub (tweak_epub_fr.exe) pour \u00ab\u00a0\u00e9clater\u00a0\u00bb la structure du livre. Kompozer pour l&rsquo;\u00e9dition proprement dite. Chez MRD, ces 2 logiciels se trouvent dans mon DropBox (dossier eBooks) Retouche ePub A l&rsquo;ouverture du programme, une fen\u00eatre s&rsquo;ouvre, qui permet la s\u00e9lection [&hellip;]<\/p>\n","protected":false},"author":1,"featured_media":0,"parent":0,"menu_order":0,"comment_status":"closed","ping_status":"closed","template":"","meta":{"ocean_post_layout":"","ocean_both_sidebars_style":"","ocean_both_sidebars_content_width":0,"ocean_both_sidebars_sidebars_width":0,"ocean_sidebar":"0","ocean_second_sidebar":"0","ocean_disable_margins":"enable","ocean_add_body_class":"","ocean_shortcode_before_top_bar":"","ocean_shortcode_after_top_bar":"","ocean_shortcode_before_header":"","ocean_shortcode_after_header":"","ocean_has_shortcode":"","ocean_shortcode_after_title":"","ocean_shortcode_before_footer_widgets":"","ocean_shortcode_after_footer_widgets":"","ocean_shortcode_before_footer_bottom":"","ocean_shortcode_after_footer_bottom":"","ocean_display_top_bar":"default","ocean_display_header":"default","ocean_header_style":"","ocean_center_header_left_menu":"0","ocean_custom_header_template":"0","ocean_custom_logo":0,"ocean_custom_retina_logo":0,"ocean_custom_logo_max_width":0,"ocean_custom_logo_tablet_max_width":0,"ocean_custom_logo_mobile_max_width":0,"ocean_custom_logo_max_height":0,"ocean_custom_logo_tablet_max_height":0,"ocean_custom_logo_mobile_max_height":0,"ocean_header_custom_menu":"0","ocean_menu_typo_font_family":"0","ocean_menu_typo_font_subset":"","ocean_menu_typo_font_size":0,"ocean_menu_typo_font_size_tablet":0,"ocean_menu_typo_font_size_mobile":0,"ocean_menu_typo_font_size_unit":"px","ocean_menu_typo_font_weight":"","ocean_menu_typo_font_weight_tablet":"","ocean_menu_typo_font_weight_mobile":"","ocean_menu_typo_transform":"","ocean_menu_typo_transform_tablet":"","ocean_menu_typo_transform_mobile":"","ocean_menu_typo_line_height":0,"ocean_menu_typo_line_height_tablet":0,"ocean_menu_typo_line_height_mobile":0,"ocean_menu_typo_line_height_unit":"","ocean_menu_typo_spacing":0,"ocean_menu_typo_spacing_tablet":0,"ocean_menu_typo_spacing_mobile":0,"ocean_menu_typo_spacing_unit":"","ocean_menu_link_color":"","ocean_menu_link_color_hover":"","ocean_menu_link_color_active":"","ocean_menu_link_background":"","ocean_menu_link_hover_background":"","ocean_menu_link_active_background":"","ocean_menu_social_links_bg":"","ocean_menu_social_hover_links_bg":"","ocean_menu_social_links_color":"","ocean_menu_social_hover_links_color":"","ocean_disable_title":"default","ocean_disable_heading":"default","ocean_post_title":"","ocean_post_subheading":"","ocean_post_title_style":"","ocean_post_title_background_color":"","ocean_post_title_background":0,"ocean_post_title_bg_image_position":"","ocean_post_title_bg_image_attachment":"","ocean_post_title_bg_image_repeat":"","ocean_post_title_bg_image_size":"","ocean_post_title_height":0,"ocean_post_title_bg_overlay":0.5,"ocean_post_title_bg_overlay_color":"","ocean_disable_breadcrumbs":"default","ocean_breadcrumbs_color":"","ocean_breadcrumbs_separator_color":"","ocean_breadcrumbs_links_color":"","ocean_breadcrumbs_links_hover_color":"","ocean_display_footer_widgets":"default","ocean_display_footer_bottom":"default","ocean_custom_footer_template":"0","footnotes":""},"class_list":["post-1519","page","type-page","status-publish","hentry","entry"],"_links":{"self":[{"href":"https:\/\/lesmrdtrucs.mataf35400.fr\/index.php\/wp-json\/wp\/v2\/pages\/1519","targetHints":{"allow":["GET"]}}],"collection":[{"href":"https:\/\/lesmrdtrucs.mataf35400.fr\/index.php\/wp-json\/wp\/v2\/pages"}],"about":[{"href":"https:\/\/lesmrdtrucs.mataf35400.fr\/index.php\/wp-json\/wp\/v2\/types\/page"}],"author":[{"embeddable":true,"href":"https:\/\/lesmrdtrucs.mataf35400.fr\/index.php\/wp-json\/wp\/v2\/users\/1"}],"replies":[{"embeddable":true,"href":"https:\/\/lesmrdtrucs.mataf35400.fr\/index.php\/wp-json\/wp\/v2\/comments?post=1519"}],"version-history":[{"count":4,"href":"https:\/\/lesmrdtrucs.mataf35400.fr\/index.php\/wp-json\/wp\/v2\/pages\/1519\/revisions"}],"predecessor-version":[{"id":1529,"href":"https:\/\/lesmrdtrucs.mataf35400.fr\/index.php\/wp-json\/wp\/v2\/pages\/1519\/revisions\/1529"}],"wp:attachment":[{"href":"https:\/\/lesmrdtrucs.mataf35400.fr\/index.php\/wp-json\/wp\/v2\/media?parent=1519"}],"curies":[{"name":"wp","href":"https:\/\/api.w.org\/{rel}","templated":true}]}}