{"id":1406,"date":"2022-12-11T12:57:36","date_gmt":"2022-12-11T11:57:36","guid":{"rendered":"http:\/\/lesmrdtrucs.mataf35400.fr\/?page_id=1406"},"modified":"2022-12-11T14:03:05","modified_gmt":"2022-12-11T13:03:05","slug":"la-carte-sd","status":"publish","type":"page","link":"https:\/\/lesmrdtrucs.mataf35400.fr\/index.php\/la-carte-sd\/","title":{"rendered":"La carte SD\u200b"},"content":{"rendered":"\t\t<div data-elementor-type=\"wp-page\" data-elementor-id=\"1406\" class=\"elementor elementor-1406\">\n\t\t\t\t\t\t<section class=\"elementor-section elementor-top-section elementor-element elementor-element-27f9527c elementor-section-boxed elementor-section-height-default elementor-section-height-default\" data-id=\"27f9527c\" data-element_type=\"section\">\n\t\t\t\t\t\t<div class=\"elementor-container elementor-column-gap-default\">\n\t\t\t\t\t<div class=\"elementor-column elementor-col-100 elementor-top-column elementor-element elementor-element-4b68bab4\" data-id=\"4b68bab4\" data-element_type=\"column\">\n\t\t\t<div class=\"elementor-widget-wrap elementor-element-populated\">\n\t\t\t\t\t\t<div class=\"elementor-element elementor-element-6fa1802f elementor-widget elementor-widget-text-editor\" data-id=\"6fa1802f\" data-element_type=\"widget\" data-widget_type=\"text-editor.default\">\n\t\t\t\t<div class=\"elementor-widget-container\">\n\t\t\t\t\t\t\t<h3>Sauvegarder la carte SD (sur PC Windows)<\/h3><p>Cela se fait directement sur le PC, en utilisant \u00ab\u00a0Win32 Disk Imager.exe\u00a0\u00bb:<\/p><ul><li style=\"list-style-type: none;\"><ul><li>Introduire la carte SD.<\/li><li>Ouvrir Win32 Disk Imager.<\/li><li>Choisir les chemin &amp; nom du fichier de sauvegarde (.img).<\/li><li>Indiquer le chemin de la carte SD.<\/li><li>Cliquer sur read.<\/li><\/ul><\/li><\/ul>\t\t\t\t\t\t<\/div>\n\t\t\t\t<\/div>\n\t\t\t\t\t<\/div>\n\t\t<\/div>\n\t\t\t\t\t<\/div>\n\t\t<\/section>\n\t\t\t\t<section class=\"elementor-section elementor-top-section elementor-element elementor-element-10a41349 elementor-section-boxed elementor-section-height-default elementor-section-height-default\" data-id=\"10a41349\" data-element_type=\"section\">\n\t\t\t\t\t\t<div class=\"elementor-container elementor-column-gap-default\">\n\t\t\t\t\t<div class=\"elementor-column elementor-col-100 elementor-top-column elementor-element elementor-element-301711d2\" data-id=\"301711d2\" data-element_type=\"column\">\n\t\t\t<div class=\"elementor-widget-wrap elementor-element-populated\">\n\t\t\t\t\t\t<div class=\"elementor-element elementor-element-7424f1d6 elementor-widget elementor-widget-text-editor\" data-id=\"7424f1d6\" data-element_type=\"widget\" data-widget_type=\"text-editor.default\">\n\t\t\t\t<div class=\"elementor-widget-container\">\n\t\t\t\t\t\t\t<h3>Recharger la carte SD (sur PC Windows)<\/h3><p>Cela se fait directement sur le PC, en utilisant \u00ab\u00a0Win32 Disk Imager.exe\u00a0\u00bb:<\/p><ul><li style=\"list-style-type: none;\"><ul><li>Introduire la carte SD.<\/li><li>Ouvrir Win32 Disk Imager.<\/li><li>Choisir les chemin &amp; nom du fichier de sauvegarde (.img).<\/li><li>Indiquer le chemin de la carte SD.<\/li><li>Cliquer sur write.<\/li><\/ul><\/li><\/ul>\t\t\t\t\t\t<\/div>\n\t\t\t\t<\/div>\n\t\t\t\t\t<\/div>\n\t\t<\/div>\n\t\t\t\t\t<\/div>\n\t\t<\/section>\n\t\t\t\t<section class=\"elementor-section elementor-top-section elementor-element elementor-element-1b7f410c elementor-section-boxed elementor-section-height-default elementor-section-height-default\" data-id=\"1b7f410c\" data-element_type=\"section\">\n\t\t\t\t\t\t<div class=\"elementor-container elementor-column-gap-default\">\n\t\t\t\t\t<div class=\"elementor-column elementor-col-100 elementor-top-column elementor-element elementor-element-19c012f9\" data-id=\"19c012f9\" data-element_type=\"column\">\n\t\t\t<div class=\"elementor-widget-wrap elementor-element-populated\">\n\t\t\t\t\t\t<div class=\"elementor-element elementor-element-4f674aa2 elementor-widget elementor-widget-text-editor\" data-id=\"4f674aa2\" data-element_type=\"widget\" data-widget_type=\"text-editor.default\">\n\t\t\t\t<div class=\"elementor-widget-container\">\n\t\t\t\t\t\t\t<h3>Cloner la carte SD vers un autre support, m\u00eame de taille diff\u00e9rente (sur Raspberry directement)<\/h3>\n<p>pris ici: <a href=\"https:\/\/www.jeedom.com\/forum\/viewtopic.php?t=31252\" target=\"_blank\" rel=\"noopener\">https:\/\/www.jeedom.com\/forum\/viewtopic.php?t=31252<\/a><\/p>\n<p><b>Installation:<\/b><\/p>\n<ul>\n<li>On lance une console SSH<\/li>\n<li>On r\u00e9cup\u00e8re le script et on le copie dans \/usr\/local\/sbin :\n<ul>\n<li><span style=\"color: #0000ff;\"><em>git clone https:\/\/github.com\/billw2\/rpi-clone.git<\/em><\/span><\/li>\n<li><span style=\"color: #0000ff;\"><em>cd rpi-clone<\/em><\/span><\/li>\n<li><span style=\"color: #0000ff;\"><em>sudo cp rpi-clone rpi-clone-setup \/usr\/local\/sbin<\/em><\/span><\/li>\n<\/ul>\n<\/li>\n<\/ul>\n<p><b>Utilisation:<\/b><\/p>\n<p>On stoppe les services !<\/p>\n<p>il est imp\u00e9ratif de stopper les services suivants avant de lancer un clonage ou une synchro de ce clonage.<br>Si vous ne faites pas, vous risquez de corrompre votre installation !!!! (\u00e9criture en base pendant la copie)<\/p>\n<ul>\n<li style=\"list-style-type: none;\">\n<ul>\n<li><span style=\"color: #0000ff;\"><em>sudo service mysql stop<\/em><\/span><\/li>\n<li><span style=\"color: #0000ff;\"><em>sudo service cron stop<\/em><\/span><\/li>\n<li><span style=\"color: #0000ff;\"><em>sudo service apache2 stop<\/em><\/span><\/li>\n<\/ul>\n<\/li>\n<\/ul>\n<p>Lors de la premi\u00e8re utilisation, et si vos deux supports ont des tailles diff\u00e9rentes, il faudra utiliser le param\u00e8tre -f.<br>C&rsquo;est lui qui se chargera de redimensionner vos partitions.<br>Ensuite, vous pouvez l&rsquo;enlever. Si vous le conservez, ce n&rsquo;est pas grave mais vous resterez en mode clone et vous ne passerez pas en mode synchronisation. (un clone dure 20 minutes pour 4Go, une synchro 1 minute&#8230;)<\/p>\n<p>Premi\u00e8re utilisation (initialisation compl\u00e8te de votre support qui contient le clone) on lance donc simplement :<\/p>\n<ul>\n<li style=\"list-style-type: none;\">\n<ul>\n<li>Pour une copie SD vers USB (clone vers sda)&nbsp;&nbsp;&nbsp; &nbsp;&nbsp;&nbsp; &nbsp;<span style=\"color: #0000ff;\"><em>sudo rpi-clone sda -f<\/em><\/span><\/li>\n<li>Pour une copie SSD vers autre SSD (clone vers sdb)&nbsp;&nbsp; &nbsp;<span style=\"color: #0000ff;\"><em>rpi-clone sdb -f<\/em><\/span><\/li>\n<li>Pour une copie SSD vers SD (clone vers mmcblk0)&nbsp;&nbsp;&nbsp;&nbsp; <span style=\"color: #0000ff;\"><em>rpi-clone mmcblk0 -f<\/em><\/span><\/li>\n<\/ul>\n<\/li>\n<\/ul>\n<p>Etc&#8230; vous avez compris le principe.<\/p>\n<p>On red\u00e9marre les services<\/p>\n<ul>\n<li style=\"list-style-type: none;\">\n<ul>\n<li><span style=\"color: #0000ff;\"><em>sudo service mysql start<\/em><\/span><\/li>\n<li><span style=\"color: #0000ff;\"><em>sudo service cron start<\/em><\/span><\/li>\n<li><span style=\"color: #0000ff;\"><em>sudo service apache2 start<\/em><\/span><\/li>\n<\/ul>\n<\/li>\n<\/ul>\n<p>Il y a plein d&rsquo;options a d\u00e9couvrir sur le github de Billw2<\/p>\n<p><b>Quelques infos :<\/b><\/p>\n<p>Le param\u00e8tre -f force la r\u00e9\u00e9criture des partitions et force le mode clone. Sur une cl\u00e9 vierge, il sera lanc\u00e9 m\u00eame sans ce param\u00e8tre. <br>Pour passer d&rsquo;un clonage \u00e0 une synchronisation plus rapide, supprimer le -f.<br>Par exemple :&nbsp;&nbsp; <span style=\"color: #0000ff;\"><em>rpi-clone sdb<\/em><\/span><\/p>\n<p>Le param\u00e8tre -v affichera tout le travail du script. Sympa et p\u00e9dagogique:&nbsp;&nbsp; <span style=\"color: #0000ff;\"><em>rpi-clone sdb -v<\/em><\/span><br>Il faut compter 10 minutes pour une copie de 4GO + redimensionnement. 1 minute pour une synchro.<\/p>\t\t\t\t\t\t<\/div>\n\t\t\t\t<\/div>\n\t\t\t\t\t<\/div>\n\t\t<\/div>\n\t\t\t\t\t<\/div>\n\t\t<\/section>\n\t\t\t\t<\/div>\n\t\t","protected":false},"excerpt":{"rendered":"<p>Sauvegarder la carte SD (sur PC Windows) Cela se fait directement sur le PC, en utilisant \u00ab\u00a0Win32 Disk Imager.exe\u00a0\u00bb: Introduire la carte SD. Ouvrir Win32 Disk Imager. Choisir les chemin &amp; nom du fichier de sauvegarde (.img). Indiquer le chemin de la carte SD. Cliquer sur read. Recharger la carte SD (sur PC Windows) Cela [&hellip;]<\/p>\n","protected":false},"author":1,"featured_media":0,"parent":0,"menu_order":0,"comment_status":"closed","ping_status":"closed","template":"","meta":{"ocean_post_layout":"","ocean_both_sidebars_style":"","ocean_both_sidebars_content_width":0,"ocean_both_sidebars_sidebars_width":0,"ocean_sidebar":"0","ocean_second_sidebar":"0","ocean_disable_margins":"enable","ocean_add_body_class":"","ocean_shortcode_before_top_bar":"","ocean_shortcode_after_top_bar":"","ocean_shortcode_before_header":"","ocean_shortcode_after_header":"","ocean_has_shortcode":"","ocean_shortcode_after_title":"","ocean_shortcode_before_footer_widgets":"","ocean_shortcode_after_footer_widgets":"","ocean_shortcode_before_footer_bottom":"","ocean_shortcode_after_footer_bottom":"","ocean_display_top_bar":"default","ocean_display_header":"default","ocean_header_style":"","ocean_center_header_left_menu":"0","ocean_custom_header_template":"0","ocean_custom_logo":0,"ocean_custom_retina_logo":0,"ocean_custom_logo_max_width":0,"ocean_custom_logo_tablet_max_width":0,"ocean_custom_logo_mobile_max_width":0,"ocean_custom_logo_max_height":0,"ocean_custom_logo_tablet_max_height":0,"ocean_custom_logo_mobile_max_height":0,"ocean_header_custom_menu":"0","ocean_menu_typo_font_family":"0","ocean_menu_typo_font_subset":"","ocean_menu_typo_font_size":0,"ocean_menu_typo_font_size_tablet":0,"ocean_menu_typo_font_size_mobile":0,"ocean_menu_typo_font_size_unit":"px","ocean_menu_typo_font_weight":"","ocean_menu_typo_font_weight_tablet":"","ocean_menu_typo_font_weight_mobile":"","ocean_menu_typo_transform":"","ocean_menu_typo_transform_tablet":"","ocean_menu_typo_transform_mobile":"","ocean_menu_typo_line_height":0,"ocean_menu_typo_line_height_tablet":0,"ocean_menu_typo_line_height_mobile":0,"ocean_menu_typo_line_height_unit":"","ocean_menu_typo_spacing":0,"ocean_menu_typo_spacing_tablet":0,"ocean_menu_typo_spacing_mobile":0,"ocean_menu_typo_spacing_unit":"","ocean_menu_link_color":"","ocean_menu_link_color_hover":"","ocean_menu_link_color_active":"","ocean_menu_link_background":"","ocean_menu_link_hover_background":"","ocean_menu_link_active_background":"","ocean_menu_social_links_bg":"","ocean_menu_social_hover_links_bg":"","ocean_menu_social_links_color":"","ocean_menu_social_hover_links_color":"","ocean_disable_title":"default","ocean_disable_heading":"default","ocean_post_title":"","ocean_post_subheading":"","ocean_post_title_style":"","ocean_post_title_background_color":"","ocean_post_title_background":0,"ocean_post_title_bg_image_position":"","ocean_post_title_bg_image_attachment":"","ocean_post_title_bg_image_repeat":"","ocean_post_title_bg_image_size":"","ocean_post_title_height":0,"ocean_post_title_bg_overlay":0.5,"ocean_post_title_bg_overlay_color":"","ocean_disable_breadcrumbs":"default","ocean_breadcrumbs_color":"","ocean_breadcrumbs_separator_color":"","ocean_breadcrumbs_links_color":"","ocean_breadcrumbs_links_hover_color":"","ocean_display_footer_widgets":"default","ocean_display_footer_bottom":"default","ocean_custom_footer_template":"0","footnotes":""},"class_list":["post-1406","page","type-page","status-publish","hentry","entry"],"_links":{"self":[{"href":"https:\/\/lesmrdtrucs.mataf35400.fr\/index.php\/wp-json\/wp\/v2\/pages\/1406","targetHints":{"allow":["GET"]}}],"collection":[{"href":"https:\/\/lesmrdtrucs.mataf35400.fr\/index.php\/wp-json\/wp\/v2\/pages"}],"about":[{"href":"https:\/\/lesmrdtrucs.mataf35400.fr\/index.php\/wp-json\/wp\/v2\/types\/page"}],"author":[{"embeddable":true,"href":"https:\/\/lesmrdtrucs.mataf35400.fr\/index.php\/wp-json\/wp\/v2\/users\/1"}],"replies":[{"embeddable":true,"href":"https:\/\/lesmrdtrucs.mataf35400.fr\/index.php\/wp-json\/wp\/v2\/comments?post=1406"}],"version-history":[{"count":4,"href":"https:\/\/lesmrdtrucs.mataf35400.fr\/index.php\/wp-json\/wp\/v2\/pages\/1406\/revisions"}],"predecessor-version":[{"id":1414,"href":"https:\/\/lesmrdtrucs.mataf35400.fr\/index.php\/wp-json\/wp\/v2\/pages\/1406\/revisions\/1414"}],"wp:attachment":[{"href":"https:\/\/lesmrdtrucs.mataf35400.fr\/index.php\/wp-json\/wp\/v2\/media?parent=1406"}],"curies":[{"name":"wp","href":"https:\/\/api.w.org\/{rel}","templated":true}]}}