{"id":1386,"date":"2022-12-11T09:07:11","date_gmt":"2022-12-11T08:07:11","guid":{"rendered":"http:\/\/lesmrdtrucs.mataf35400.fr\/?page_id=1386"},"modified":"2022-12-11T12:14:45","modified_gmt":"2022-12-11T11:14:45","slug":"windows-10","status":"publish","type":"page","link":"https:\/\/lesmrdtrucs.mataf35400.fr\/index.php\/windows-10\/","title":{"rendered":"Windows 10\u200b"},"content":{"rendered":"\t\t<div data-elementor-type=\"wp-page\" data-elementor-id=\"1386\" class=\"elementor elementor-1386\">\n\t\t\t\t\t\t<section class=\"elementor-section elementor-top-section elementor-element elementor-element-4b6e40e8 elementor-section-boxed elementor-section-height-default elementor-section-height-default\" data-id=\"4b6e40e8\" data-element_type=\"section\">\n\t\t\t\t\t\t<div class=\"elementor-container elementor-column-gap-default\">\n\t\t\t\t\t<div class=\"elementor-column elementor-col-100 elementor-top-column elementor-element elementor-element-1b61ca23\" data-id=\"1b61ca23\" data-element_type=\"column\">\n\t\t\t<div class=\"elementor-widget-wrap elementor-element-populated\">\n\t\t\t\t\t\t<div class=\"elementor-element elementor-element-120e75f0 elementor-widget elementor-widget-text-editor\" data-id=\"120e75f0\" data-element_type=\"widget\" data-widget_type=\"text-editor.default\">\n\t\t\t\t<div class=\"elementor-widget-container\">\n\t\t\t\t\t\t\t<h3>Installer Windows 10 Iot<\/h3><p>pris sur le site: <a href=\"http:\/\/www.radio.cc\/post\/installing-windows-10-on-my-raspberry-pi-2\" target=\"_blank\" rel=\"noopener\">http:\/\/www.radio.cc\/post\/installing-windows-10-on-my-raspberry-pi-2<\/a> (Merci \u00e0 Georges)<\/p><ol><li>R\u00e9cup\u00e9rer le flash.ffu distribu\u00e9 par Windows<\/li><li>Le monter sur un disque virtuel gr\u00e2ce \u00e0 <a href=\"http:\/\/www.google.com\/url?q=http%3A%2F%2Fforum.xda-developers.com%2Fshowthread.php%3Ft%3D2066903&amp;sa=D&amp;sntz=1&amp;usg=AOvVaw1u8shq5RwwF3RKxsbZ_CRI\" target=\"_blank\" rel=\"noopener\">ImgMount.exe<\/a><ul><li>Mettre les deux fichiers (flash.ffu &amp; imgmount.exe) dans le m\u00eame r\u00e9pertoire<\/li><li>Ouvrir CMD en mode Administrateur<\/li><li>Se positionner dans le r\u00e9pertoire contenant les fichiers<\/li><li>Taper imgmount flash.ffu<\/li><\/ul><\/li><li>En faire une image gr\u00e2ce \u00e0 <a href=\"http:\/\/www.google.com\/url?q=http%3A%2F%2Fwww.diskinternals.com%2Fdownload%2FLinux_Reader.exe&amp;sa=D&amp;sntz=1&amp;usg=AOvVaw0ojD_XoEO6-XzWQSzcDNYO\" target=\"_blank\" rel=\"noopener\">LinuxReader for Windows<\/a><ul><li>Par exemple C:\\MonImage.dsk<\/li><\/ul><\/li><li>La copier sur une carte SD gr\u00e2ce \u00e0 <a href=\"http:\/\/www.google.com\/url?q=http%3A%2F%2Fsourceforge.net%2Fprojects%2Fwin32diskimager%2F&amp;sa=D&amp;sntz=1&amp;usg=AOvVaw3l7vpmr8g8en591LZL-oK4\" target=\"_blank\" rel=\"noopener\">Win32 Disk Image<\/a><\/li><\/ol>\t\t\t\t\t\t<\/div>\n\t\t\t\t<\/div>\n\t\t\t\t\t<\/div>\n\t\t<\/div>\n\t\t\t\t\t<\/div>\n\t\t<\/section>\n\t\t\t\t<section class=\"elementor-section elementor-top-section elementor-element elementor-element-66259634 elementor-section-boxed elementor-section-height-default elementor-section-height-default\" data-id=\"66259634\" data-element_type=\"section\">\n\t\t\t\t\t\t<div class=\"elementor-container elementor-column-gap-default\">\n\t\t\t\t\t<div class=\"elementor-column elementor-col-100 elementor-top-column elementor-element elementor-element-6480cf54\" data-id=\"6480cf54\" data-element_type=\"column\">\n\t\t\t<div class=\"elementor-widget-wrap elementor-element-populated\">\n\t\t\t\t\t\t<div class=\"elementor-element elementor-element-2d789f59 elementor-widget elementor-widget-text-editor\" data-id=\"2d789f59\" data-element_type=\"widget\" data-widget_type=\"text-editor.default\">\n\t\t\t\t<div class=\"elementor-widget-container\">\n\t\t\t\t\t\t\t<h3>Formater un disque GPT en MBR<\/h3><p>Lors de l&rsquo;installation de Win10 (au moment o\u00f9 on choisit la partition sur laquelle installer):<\/p><ul><li>SHIFT+F10<\/li><li>DISKPART<\/li><li>LIST DISK &#8211;&gt; pour avoir la liste des disques<\/li><li>SELECT DISK # &#8211;&gt; o\u00f9 # = num\u00e9ro du disque \u00e0 s\u00e9lectionner, probablement 0 s&rsquo;il n&rsquo;y a qu&rsquo;un disque dur<\/li><li>CLEAN &#8211;&gt; permet d&rsquo;effacer toutes les donn\u00e9es et les infos du disque<\/li><li>CONVERT MBR &#8211;&gt; et l\u00e0, \u00e7a devrait \u00eatre OK.<\/li><\/ul><p><b>Attention<\/b>, il faut aussi param\u00e9trer le BIOS pour un boot MBR et non UEFI.<br \/>Voir ici : <a href=\"http:\/\/lecrabeinfo.net\/installer-windows-xp-vista-7-ou-8-32-bits-sur-un-bios-uefi.html\" target=\"_blank\" rel=\"noopener\">http:\/\/lecrabeinfo.net\/installer-windows-xp-vista-7-ou-8-32-bits-sur-un-bios-uefi.html<\/a><\/p>\t\t\t\t\t\t<\/div>\n\t\t\t\t<\/div>\n\t\t\t\t\t<\/div>\n\t\t<\/div>\n\t\t\t\t\t<\/div>\n\t\t<\/section>\n\t\t\t\t<section class=\"elementor-section elementor-top-section elementor-element elementor-element-4b82bc3b elementor-section-boxed elementor-section-height-default elementor-section-height-default\" data-id=\"4b82bc3b\" data-element_type=\"section\">\n\t\t\t\t\t\t<div class=\"elementor-container elementor-column-gap-default\">\n\t\t\t\t\t<div class=\"elementor-column elementor-col-100 elementor-top-column elementor-element elementor-element-5b68d0a\" data-id=\"5b68d0a\" data-element_type=\"column\">\n\t\t\t<div class=\"elementor-widget-wrap elementor-element-populated\">\n\t\t\t\t\t\t<div class=\"elementor-element elementor-element-5c92d3e7 elementor-widget elementor-widget-text-editor\" data-id=\"5c92d3e7\" data-element_type=\"widget\" data-widget_type=\"text-editor.default\">\n\t\t\t\t<div class=\"elementor-widget-container\">\n\t\t\t\t\t\t\t<h3>Se connecter au Raspberry (avec PowerShell)<\/h3><ul><li>Ouvrir PowerShell en mode administrateurSaisir net start WinRM<\/li><li>Saisir Set-Item WSMan:\\localhost\\Client\\TrustedHosts -Value mrdrasp\u00a0\u00a0 \u00a0(Le nom du Raspberry est actuellement \u00ab\u00a0MrdRasp\u00a0\u00bb)<\/li><li>Saisir Enter-PSSession -ComputerName mrdrasp -Credential mrdrasp\\Administrator\u00a0\u00a0 \u00a0(Le nom du Raspberry est actuellement \u00ab\u00a0MrdRasp\u00a0\u00bb)<\/li><li>Le mot de passe actuel est: \u00ab\u00a0MrdRasp\u00a0\u00bb<\/li><\/ul><p>Pour changer le mot de passe, saisir: \u00ab\u00a0<span style=\"color: #0000ff;\"><em>net user Administrator [new password]<\/em><\/span>\u00ab\u00a0<\/p><p>Pour \u00e9teindre le RaspBerry, saisir: <span style=\"color: #0000ff;\"><em>shutdown \/s \/t 0<\/em><\/span><\/p><p>Pour v\u00e9rifier qu&rsquo;une appli est bien d\u00e9ploy\u00e9e: <span style=\"color: #0000ff;\"><em>iotstartup list <span style=\"color: #ff0000;\">MonAppli<\/span><\/em><\/span>\u00a0\u00a0 (R\u00e9ponse Ex: Headed\u00a0\u00a0 : MonAppli_n2pe7ts0w7wey!App)<\/p><p>Pour mettre une appli en auto-\u00e9x\u00e9cution: <span style=\"color: #0000ff;\"><em>iotstartup add headed <span style=\"color: #ff0000;\">MonAppli<\/span><\/em><\/span>\u00a0\u00a0 (R\u00e9ponse Ex: AppId changed to MonAppli_n2pe7ts0w7wey!App)<\/p><p>Pour remettre l&rsquo;appli par d\u00e9faut en auto-\u00e9x\u00e9cution: <span style=\"color: #0000ff;\"><em>iotstartup add headed DefaultApp<\/em><\/span>\u00a0\u00a0 (R\u00e9ponse Ex: DefaultApp_cw5n1h2txyewy!App)<\/p><p>Tout cela vient de: \u00ab\u00a0<a href=\"http:\/\/ms-iot.github.io\/content\/en-US\/win10\/samples\/PowerShell.htm\" target=\"_blank\" rel=\"noopener\">http:\/\/ms-iot.github.io\/content\/en-US\/win10\/samples\/PowerShell.htm<\/a>\u00ab\u00a0<\/p>\t\t\t\t\t\t<\/div>\n\t\t\t\t<\/div>\n\t\t\t\t\t<\/div>\n\t\t<\/div>\n\t\t\t\t\t<\/div>\n\t\t<\/section>\n\t\t\t\t<section class=\"elementor-section elementor-top-section elementor-element elementor-element-7221c067 elementor-section-boxed elementor-section-height-default elementor-section-height-default\" data-id=\"7221c067\" data-element_type=\"section\">\n\t\t\t\t\t\t<div class=\"elementor-container elementor-column-gap-default\">\n\t\t\t\t\t<div class=\"elementor-column elementor-col-100 elementor-top-column elementor-element elementor-element-50d17a89\" data-id=\"50d17a89\" data-element_type=\"column\">\n\t\t\t<div class=\"elementor-widget-wrap elementor-element-populated\">\n\t\t\t\t\t\t<div class=\"elementor-element elementor-element-b097c67 elementor-widget elementor-widget-text-editor\" data-id=\"b097c67\" data-element_type=\"widget\" data-widget_type=\"text-editor.default\">\n\t\t\t\t<div class=\"elementor-widget-container\">\n\t\t\t\t\t\t\t<h3>Visual Studio 15<\/h3><p>Erreur de package \u00e0 la cr\u00e9ation d&rsquo;un projet Windows Universal<\/p><ol><li>Can you please try running \u00ab\u00a0devenv.exe \/resetsettings general\u00a0\u00bb? That should ideally revert your settings back to defaults, in case there is some corruption in your profile. Also, are you running any 3rd party packages\/addins on top of your VS install?<\/li><li>Can you also try running devenv \/safemode? This will disable third party addins which might be causing the issue.<\/li><li>Can you also try running devenv \/resetuserdata?<\/li><\/ol><p>Refer: <a href=\"https:\/\/social.msdn.microsoft.com\/Forums\/en-US\/858ed562-f563-4b64-838d-4b6870986e4b\/universal-apps-windows-10-error?forum=visualstudiogeneral\" target=\"_blank\" rel=\"noopener\">https:\/\/social.msdn.microsoft.com\/Forums\/en-US\/858ed562-f563-4b64-838d-4b6870986e4b\/universal-apps-windows-10-error?forum=visualstudiogeneral<\/a><\/p><p>In Visual Studio:<br \/>Project (pulldown)&#8211;&gt; Manage NuGet Packages<br \/>Search box, type Microsoft.NetCore<br \/>Seventh entry will be Microsoft.NETCore.UniversalWindowsPlatform<br \/>Click on this. On the right side select Install.<br \/>A dialog box might come up, hit OK.<\/p><p>Once installed, recompile your app and there should be no errors.<\/p>\t\t\t\t\t\t<\/div>\n\t\t\t\t<\/div>\n\t\t\t\t\t<\/div>\n\t\t<\/div>\n\t\t\t\t\t<\/div>\n\t\t<\/section>\n\t\t\t\t<\/div>\n\t\t","protected":false},"excerpt":{"rendered":"<p>Installer Windows 10 Iot pris sur le site: http:\/\/www.radio.cc\/post\/installing-windows-10-on-my-raspberry-pi-2 (Merci \u00e0 Georges) R\u00e9cup\u00e9rer le flash.ffu distribu\u00e9 par Windows Le monter sur un disque virtuel gr\u00e2ce \u00e0 ImgMount.exe Mettre les deux fichiers (flash.ffu &amp; imgmount.exe) dans le m\u00eame r\u00e9pertoire Ouvrir CMD en mode Administrateur Se positionner dans le r\u00e9pertoire contenant les fichiers Taper imgmount flash.ffu En [&hellip;]<\/p>\n","protected":false},"author":1,"featured_media":0,"parent":0,"menu_order":0,"comment_status":"closed","ping_status":"closed","template":"","meta":{"ocean_post_layout":"","ocean_both_sidebars_style":"","ocean_both_sidebars_content_width":0,"ocean_both_sidebars_sidebars_width":0,"ocean_sidebar":"0","ocean_second_sidebar":"0","ocean_disable_margins":"enable","ocean_add_body_class":"","ocean_shortcode_before_top_bar":"","ocean_shortcode_after_top_bar":"","ocean_shortcode_before_header":"","ocean_shortcode_after_header":"","ocean_has_shortcode":"","ocean_shortcode_after_title":"","ocean_shortcode_before_footer_widgets":"","ocean_shortcode_after_footer_widgets":"","ocean_shortcode_before_footer_bottom":"","ocean_shortcode_after_footer_bottom":"","ocean_display_top_bar":"default","ocean_display_header":"default","ocean_header_style":"","ocean_center_header_left_menu":"0","ocean_custom_header_template":"0","ocean_custom_logo":0,"ocean_custom_retina_logo":0,"ocean_custom_logo_max_width":0,"ocean_custom_logo_tablet_max_width":0,"ocean_custom_logo_mobile_max_width":0,"ocean_custom_logo_max_height":0,"ocean_custom_logo_tablet_max_height":0,"ocean_custom_logo_mobile_max_height":0,"ocean_header_custom_menu":"0","ocean_menu_typo_font_family":"0","ocean_menu_typo_font_subset":"","ocean_menu_typo_font_size":0,"ocean_menu_typo_font_size_tablet":0,"ocean_menu_typo_font_size_mobile":0,"ocean_menu_typo_font_size_unit":"px","ocean_menu_typo_font_weight":"","ocean_menu_typo_font_weight_tablet":"","ocean_menu_typo_font_weight_mobile":"","ocean_menu_typo_transform":"","ocean_menu_typo_transform_tablet":"","ocean_menu_typo_transform_mobile":"","ocean_menu_typo_line_height":0,"ocean_menu_typo_line_height_tablet":0,"ocean_menu_typo_line_height_mobile":0,"ocean_menu_typo_line_height_unit":"","ocean_menu_typo_spacing":0,"ocean_menu_typo_spacing_tablet":0,"ocean_menu_typo_spacing_mobile":0,"ocean_menu_typo_spacing_unit":"","ocean_menu_link_color":"","ocean_menu_link_color_hover":"","ocean_menu_link_color_active":"","ocean_menu_link_background":"","ocean_menu_link_hover_background":"","ocean_menu_link_active_background":"","ocean_menu_social_links_bg":"","ocean_menu_social_hover_links_bg":"","ocean_menu_social_links_color":"","ocean_menu_social_hover_links_color":"","ocean_disable_title":"default","ocean_disable_heading":"default","ocean_post_title":"","ocean_post_subheading":"","ocean_post_title_style":"","ocean_post_title_background_color":"","ocean_post_title_background":0,"ocean_post_title_bg_image_position":"","ocean_post_title_bg_image_attachment":"","ocean_post_title_bg_image_repeat":"","ocean_post_title_bg_image_size":"","ocean_post_title_height":0,"ocean_post_title_bg_overlay":0.5,"ocean_post_title_bg_overlay_color":"","ocean_disable_breadcrumbs":"default","ocean_breadcrumbs_color":"","ocean_breadcrumbs_separator_color":"","ocean_breadcrumbs_links_color":"","ocean_breadcrumbs_links_hover_color":"","ocean_display_footer_widgets":"default","ocean_display_footer_bottom":"default","ocean_custom_footer_template":"0","footnotes":""},"class_list":["post-1386","page","type-page","status-publish","hentry","entry"],"_links":{"self":[{"href":"https:\/\/lesmrdtrucs.mataf35400.fr\/index.php\/wp-json\/wp\/v2\/pages\/1386","targetHints":{"allow":["GET"]}}],"collection":[{"href":"https:\/\/lesmrdtrucs.mataf35400.fr\/index.php\/wp-json\/wp\/v2\/pages"}],"about":[{"href":"https:\/\/lesmrdtrucs.mataf35400.fr\/index.php\/wp-json\/wp\/v2\/types\/page"}],"author":[{"embeddable":true,"href":"https:\/\/lesmrdtrucs.mataf35400.fr\/index.php\/wp-json\/wp\/v2\/users\/1"}],"replies":[{"embeddable":true,"href":"https:\/\/lesmrdtrucs.mataf35400.fr\/index.php\/wp-json\/wp\/v2\/comments?post=1386"}],"version-history":[{"count":13,"href":"https:\/\/lesmrdtrucs.mataf35400.fr\/index.php\/wp-json\/wp\/v2\/pages\/1386\/revisions"}],"predecessor-version":[{"id":1404,"href":"https:\/\/lesmrdtrucs.mataf35400.fr\/index.php\/wp-json\/wp\/v2\/pages\/1386\/revisions\/1404"}],"wp:attachment":[{"href":"https:\/\/lesmrdtrucs.mataf35400.fr\/index.php\/wp-json\/wp\/v2\/media?parent=1386"}],"curies":[{"name":"wp","href":"https:\/\/api.w.org\/{rel}","templated":true}]}}