{"id":1354,"date":"2022-12-11T07:50:28","date_gmt":"2022-12-11T06:50:28","guid":{"rendered":"http:\/\/lesmrdtrucs.mataf35400.fr\/?page_id=1354"},"modified":"2022-12-17T07:18:12","modified_gmt":"2022-12-17T06:18:12","slug":"arreter-un-programme-processus-grace-a-la-console","status":"publish","type":"page","link":"https:\/\/lesmrdtrucs.mataf35400.fr\/index.php\/arreter-un-programme-processus-grace-a-la-console\/","title":{"rendered":"Arr\u00eater un programme (processus) gr\u00e2ce \u00e0 la console\u200b"},"content":{"rendered":"\t\t<div data-elementor-type=\"wp-page\" data-elementor-id=\"1354\" class=\"elementor elementor-1354\">\n\t\t\t\t\t\t<section class=\"elementor-section elementor-top-section elementor-element elementor-element-774f25fb elementor-section-boxed elementor-section-height-default elementor-section-height-default\" data-id=\"774f25fb\" data-element_type=\"section\">\n\t\t\t\t\t\t<div class=\"elementor-container elementor-column-gap-default\">\n\t\t\t\t\t<div class=\"elementor-column elementor-col-100 elementor-top-column elementor-element elementor-element-15f3599f\" data-id=\"15f3599f\" data-element_type=\"column\">\n\t\t\t<div class=\"elementor-widget-wrap elementor-element-populated\">\n\t\t\t\t\t\t<div class=\"elementor-element elementor-element-56de2481 elementor-widget elementor-widget-text-editor\" data-id=\"56de2481\" data-element_type=\"widget\" data-widget_type=\"text-editor.default\">\n\t\t\t\t<div class=\"elementor-widget-container\">\n\t\t\t\t\t\t\t<p>Pris ici: <a href=\"https:\/\/openclassrooms.com\/courses\/reprenez-le-controle-a-l-aide-de-linux\/surveiller-l-activite-du-systeme\" target=\"_blank\" rel=\"noopener\">https:\/\/openclassrooms.com\/courses\/reprenez-le-controle-a-l-aide-de-linux\/surveiller-l-activite-du-systeme<br><\/a>mais surtout ici: <a href=\"https:\/\/forums.framboise314.fr\/viewtopic.php?t=4003\" target=\"_blank\" rel=\"noopener\">https:\/\/forums.framboise314.fr\/viewtopic.php?t=4003<\/a><\/p>\n<p>Ouvrir la console<\/p>\n<ol>\n<li style=\"list-style-type: none;\">\n<ol>\n<li>Lancer la commande <span style=\"color: #0000ff;\"><em>ps -ef | grep blink01.py<\/em><\/span> pour r\u00e9cup\u00e9rer le PID du programme \u00e0 arr\u00eater (ici blink01.py)<\/li>\n<li>Le PID recherch\u00e9 est le premier de la ligne (ici 482)\n<ul>\n<li><em><strong>root&nbsp;&nbsp;&nbsp;&nbsp;&nbsp;&nbsp; 482&nbsp;&nbsp;&nbsp;&nbsp; 1&nbsp; 0 06:45 ?&nbsp;&nbsp;&nbsp;&nbsp;&nbsp;&nbsp;&nbsp; 00:00:02 python3 blink01.py<\/strong><\/em><\/li>\n<\/ul>\n<\/li>\n<li>Lancer la commande <span style=\"color: #0000ff;\"><em>sudo kill 482<\/em><\/span>. (482 \u00e9tant ici le PID)<\/li>\n<\/ol>\n<\/li>\n<\/ol>\t\t\t\t\t\t<\/div>\n\t\t\t\t<\/div>\n\t\t\t\t\t<\/div>\n\t\t<\/div>\n\t\t\t\t\t<\/div>\n\t\t<\/section>\n\t\t\t\t<\/div>\n\t\t","protected":false},"excerpt":{"rendered":"<p>Pris ici: https:\/\/openclassrooms.com\/courses\/reprenez-le-controle-a-l-aide-de-linux\/surveiller-l-activite-du-systememais surtout ici: https:\/\/forums.framboise314.fr\/viewtopic.php?t=4003 Ouvrir la console Lancer la commande ps -ef | grep blink01.py pour r\u00e9cup\u00e9rer le PID du programme \u00e0 arr\u00eater (ici blink01.py) Le PID recherch\u00e9 est le premier de la ligne (ici 482) root&nbsp;&nbsp;&nbsp;&nbsp;&nbsp;&nbsp; 482&nbsp;&nbsp;&nbsp;&nbsp; 1&nbsp; 0 06:45 ?&nbsp;&nbsp;&nbsp;&nbsp;&nbsp;&nbsp;&nbsp; 00:00:02 python3 blink01.py Lancer la commande sudo kill 482. (482 \u00e9tant [&hellip;]<\/p>\n","protected":false},"author":1,"featured_media":0,"parent":0,"menu_order":0,"comment_status":"closed","ping_status":"closed","template":"","meta":{"ocean_post_layout":"","ocean_both_sidebars_style":"","ocean_both_sidebars_content_width":0,"ocean_both_sidebars_sidebars_width":0,"ocean_sidebar":"0","ocean_second_sidebar":"0","ocean_disable_margins":"enable","ocean_add_body_class":"","ocean_shortcode_before_top_bar":"","ocean_shortcode_after_top_bar":"","ocean_shortcode_before_header":"","ocean_shortcode_after_header":"","ocean_has_shortcode":"","ocean_shortcode_after_title":"","ocean_shortcode_before_footer_widgets":"","ocean_shortcode_after_footer_widgets":"","ocean_shortcode_before_footer_bottom":"","ocean_shortcode_after_footer_bottom":"","ocean_display_top_bar":"default","ocean_display_header":"default","ocean_header_style":"","ocean_center_header_left_menu":"0","ocean_custom_header_template":"0","ocean_custom_logo":0,"ocean_custom_retina_logo":0,"ocean_custom_logo_max_width":0,"ocean_custom_logo_tablet_max_width":0,"ocean_custom_logo_mobile_max_width":0,"ocean_custom_logo_max_height":0,"ocean_custom_logo_tablet_max_height":0,"ocean_custom_logo_mobile_max_height":0,"ocean_header_custom_menu":"0","ocean_menu_typo_font_family":"0","ocean_menu_typo_font_subset":"","ocean_menu_typo_font_size":0,"ocean_menu_typo_font_size_tablet":0,"ocean_menu_typo_font_size_mobile":0,"ocean_menu_typo_font_size_unit":"px","ocean_menu_typo_font_weight":"","ocean_menu_typo_font_weight_tablet":"","ocean_menu_typo_font_weight_mobile":"","ocean_menu_typo_transform":"","ocean_menu_typo_transform_tablet":"","ocean_menu_typo_transform_mobile":"","ocean_menu_typo_line_height":0,"ocean_menu_typo_line_height_tablet":0,"ocean_menu_typo_line_height_mobile":0,"ocean_menu_typo_line_height_unit":"","ocean_menu_typo_spacing":0,"ocean_menu_typo_spacing_tablet":0,"ocean_menu_typo_spacing_mobile":0,"ocean_menu_typo_spacing_unit":"","ocean_menu_link_color":"","ocean_menu_link_color_hover":"","ocean_menu_link_color_active":"","ocean_menu_link_background":"","ocean_menu_link_hover_background":"","ocean_menu_link_active_background":"","ocean_menu_social_links_bg":"","ocean_menu_social_hover_links_bg":"","ocean_menu_social_links_color":"","ocean_menu_social_hover_links_color":"","ocean_disable_title":"default","ocean_disable_heading":"default","ocean_post_title":"","ocean_post_subheading":"","ocean_post_title_style":"","ocean_post_title_background_color":"","ocean_post_title_background":0,"ocean_post_title_bg_image_position":"","ocean_post_title_bg_image_attachment":"","ocean_post_title_bg_image_repeat":"","ocean_post_title_bg_image_size":"","ocean_post_title_height":0,"ocean_post_title_bg_overlay":0.5,"ocean_post_title_bg_overlay_color":"","ocean_disable_breadcrumbs":"default","ocean_breadcrumbs_color":"","ocean_breadcrumbs_separator_color":"","ocean_breadcrumbs_links_color":"","ocean_breadcrumbs_links_hover_color":"","ocean_display_footer_widgets":"default","ocean_display_footer_bottom":"default","ocean_custom_footer_template":"0","footnotes":""},"class_list":["post-1354","page","type-page","status-publish","hentry","entry"],"_links":{"self":[{"href":"https:\/\/lesmrdtrucs.mataf35400.fr\/index.php\/wp-json\/wp\/v2\/pages\/1354","targetHints":{"allow":["GET"]}}],"collection":[{"href":"https:\/\/lesmrdtrucs.mataf35400.fr\/index.php\/wp-json\/wp\/v2\/pages"}],"about":[{"href":"https:\/\/lesmrdtrucs.mataf35400.fr\/index.php\/wp-json\/wp\/v2\/types\/page"}],"author":[{"embeddable":true,"href":"https:\/\/lesmrdtrucs.mataf35400.fr\/index.php\/wp-json\/wp\/v2\/users\/1"}],"replies":[{"embeddable":true,"href":"https:\/\/lesmrdtrucs.mataf35400.fr\/index.php\/wp-json\/wp\/v2\/comments?post=1354"}],"version-history":[{"count":13,"href":"https:\/\/lesmrdtrucs.mataf35400.fr\/index.php\/wp-json\/wp\/v2\/pages\/1354\/revisions"}],"predecessor-version":[{"id":1623,"href":"https:\/\/lesmrdtrucs.mataf35400.fr\/index.php\/wp-json\/wp\/v2\/pages\/1354\/revisions\/1623"}],"wp:attachment":[{"href":"https:\/\/lesmrdtrucs.mataf35400.fr\/index.php\/wp-json\/wp\/v2\/media?parent=1354"}],"curies":[{"name":"wp","href":"https:\/\/api.w.org\/{rel}","templated":true}]}}