{"id":1083,"date":"2022-12-10T06:51:54","date_gmt":"2022-12-10T05:51:54","guid":{"rendered":"http:\/\/lesmrdtrucs.mataf35400.fr\/?page_id=1083"},"modified":"2022-12-10T07:42:36","modified_gmt":"2022-12-10T06:42:36","slug":"domotique-de-raf","status":"publish","type":"page","link":"https:\/\/lesmrdtrucs.mataf35400.fr\/index.php\/domotique-de-raf\/","title":{"rendered":"Domotique de Raf"},"content":{"rendered":"\t\t<div data-elementor-type=\"wp-page\" data-elementor-id=\"1083\" class=\"elementor elementor-1083\">\n\t\t\t\t\t\t<section class=\"elementor-section elementor-top-section elementor-element elementor-element-34718cae elementor-section-boxed elementor-section-height-default elementor-section-height-default\" data-id=\"34718cae\" data-element_type=\"section\">\n\t\t\t\t\t\t<div class=\"elementor-container elementor-column-gap-default\">\n\t\t\t\t\t<div class=\"elementor-column elementor-col-100 elementor-top-column elementor-element elementor-element-13a29585\" data-id=\"13a29585\" data-element_type=\"column\">\n\t\t\t<div class=\"elementor-widget-wrap elementor-element-populated\">\n\t\t\t\t\t\t<div class=\"elementor-element elementor-element-50c45d95 elementor-widget elementor-widget-text-editor\" data-id=\"50c45d95\" data-element_type=\"widget\" data-widget_type=\"text-editor.default\">\n\t\t\t\t<div class=\"elementor-widget-container\">\n\t\t\t\t\t\t\t<h3>Fichiers LUA<\/h3><p>\u00a0\u00a0 \u00a0<a href=\"https:\/\/lesmrdtrucs.mataf35400.fr\/index.php\/lua-device-script_device_time_blinds_openclosed-txt\/\">LUA Device script_device_time_blinds_openclosed.txt<\/a><br \/>\u00a0\u00a0 \u00a0<a href=\"https:\/\/lesmrdtrucs.mataf35400.fr\/index.php\/lua-time-script_time_sunset_sunrise-txt\/\">LUA Time script_time_sunset_sunrise.txt<\/a><br \/>\u00a0\u00a0 \u00a0<a href=\"https:\/\/lesmrdtrucs.mataf35400.fr\/index.php\/lua-time-script_time_volets-txt\/\">LUA Time script_time_volets.txt<\/a><\/p><p><a href=\"https:\/\/home.by.me\/fr\/project\/cyberaf76\/maison\" target=\"_blank\" rel=\"noopener\">Maison &#8211; Homebyme<\/a><\/p><p><a href=\"https:\/\/fr.geoipview.com\/?q=66.249.93.221&amp;x=10&amp;y=12\" target=\"_blank\" rel=\"noopener\">Localiser une adresse IP &#8211; Voir les informationsg\u00e9ographiques d&rsquo;une adresse IP et la situer sur une carte<\/a><br \/><a href=\"https:\/\/www.wunderground.com\/?membervalidated=1\" target=\"_blank\" rel=\"noopener\">Weather Forecast&amp; Reports &#8211; Long Range &amp; Local | Wunderground | Weather Underground<\/a><\/p><p><a href=\"https:\/\/blog.domadoo.fr\/guides\/appairer-volet-roulant-somfy-rfxcom-rfxtrx433e\/\" target=\"_blank\" rel=\"noopener\">Appairer son volet roulant Somfy avec le RFXCOM RFXtrx433E- News Domotiques by Domadoo<\/a><br \/><a href=\"https:\/\/wxlua.developpez.com\/tutoriels\/lua\/general\/cours-complet\/\" target=\"_blank\" rel=\"noopener\">Tutoriel Lua<\/a><br \/><a href=\"https:\/\/easydomoticz.com\/forum\/viewtopic.php?f=17&amp;t=331\" target=\"_blank\" rel=\"noopener\">Monitor &#8211; Le TUTO &#8211; Forum Domoticz en fran\u00e7ais<\/a><br \/><a href=\"https:\/\/easydomoticz.com\/les-custom-pages-domoticz\/\" target=\"_blank\" rel=\"noopener\">Les \u00ab\u00a0Custom Pages\u00a0\u00bb Domoticz &#8211;<\/a><br \/><a href=\"https:\/\/htmlcolorcodes.com\/fr\/selecteur-de-couleur\/\" target=\"_blank\" rel=\"noopener\">S\u00e9lecteur de Couleur \u2014 Codes Couleur HTML<\/a><br \/><a href=\"https:\/\/raspberry-pi.fr\/vnc-raspberry-pi\/\" target=\"_blank\" rel=\"noopener\">Contr\u00f4ler votre Raspberry Pi depuis votre PC avec VNC!<\/a><br \/><a href=\"https:\/\/www.digital-dynamics.fr\/FR\/tutos\/ajouter-exception-site-certificat-non-fiable-google-chrome.html\" target=\"_blank\" rel=\"noopener\">Autoriser un site HTTPS\/SSL dont le certificat des\u00e9curit\u00e9 n&rsquo;est pas consid\u00e9r\u00e9 comme fiable sur Google ChromeNET::ERR_CERT_AUTHORITY_INVALID<\/a><br \/><a href=\"https:\/\/easydomoticz.com\/forum\/viewtopic.php?t=4702\" target=\"_blank\" rel=\"noopener\">[Tuto] Obtenir un certificat valide pour Domoticz sousLinux ou Mac &#8211; Forum Domoticz en fran\u00e7ais<\/a><br \/><a href=\"https:\/\/easydomoticz.com\/2490-2\/\" target=\"_blank\" rel=\"noopener\">Domoticz, premiers pas : l\u2019interface web \u2013Easydomoticz, la r\u00e9f\u00e9rence Domoticz Fran\u00e7aise<\/a><br \/><a href=\"https:\/\/easydomoticz.com\/domotique-comment-debuter\/installation-de-domoticz-sur-raspberrylinux-debian\/\" target=\"_blank\" rel=\"noopener\">Domoticz premiers pas : Installation de Domoticz surRaspberry\/Linux Debian \u2013 Easydomoticz, la r\u00e9f\u00e9rence Domoticz Fran\u00e7aise<\/a><br \/><a href=\"https:\/\/www.robot-maker.com\/shop\/blog\/51_config-raspbian-raspberri-pi-wifi.html\" target=\"_blank\" rel=\"noopener\">Raspberry Pi 3 : Configuration et connexion WiFi<\/a><br \/><a href=\"https:\/\/www.raspberrypi-france.fr\/guide\/installer-raspbian-raspberry-pi\/\" target=\"_blank\" rel=\"noopener\">Installer Raspbian sur son Raspberry Pi &#8211; Raspberry PiFrance<\/a><br \/><a href=\"https:\/\/www.domo-blog.fr\/installation-de-lecran-officiel-raspberry-7\/\" target=\"_blank\" rel=\"noopener\">Installation de l\u2019\u00e9cran officiel Raspberry 7&Prime; &#8211;<\/a><br \/><a href=\"https:\/\/nodered.org\/\" target=\"_blank\" rel=\"noopener\">Node-RED<\/a><br \/><a href=\"http:\/\/domo-attitude.fr\/montage-et-la-programmation-de-votre-rflink\/\" target=\"_blank\" rel=\"noopener\">http:\/\/domo-attitude.fr\/montage-et-la-programmation-de-votre-rflink\/<\/a><\/p>\t\t\t\t\t\t<\/div>\n\t\t\t\t<\/div>\n\t\t\t\t\t<\/div>\n\t\t<\/div>\n\t\t\t\t\t<\/div>\n\t\t<\/section>\n\t\t\t\t<\/div>\n\t\t","protected":false},"excerpt":{"rendered":"<p>Fichiers LUA \u00a0\u00a0 \u00a0LUA Device script_device_time_blinds_openclosed.txt\u00a0\u00a0 \u00a0LUA Time script_time_sunset_sunrise.txt\u00a0\u00a0 \u00a0LUA Time script_time_volets.txt Maison &#8211; Homebyme Localiser une adresse IP &#8211; Voir les informationsg\u00e9ographiques d&rsquo;une adresse IP et la situer sur une carteWeather Forecast&amp; Reports &#8211; Long Range &amp; Local | Wunderground | Weather Underground Appairer son volet roulant Somfy avec le RFXCOM RFXtrx433E- News Domotiques [&hellip;]<\/p>\n","protected":false},"author":1,"featured_media":0,"parent":0,"menu_order":0,"comment_status":"closed","ping_status":"closed","template":"","meta":{"ocean_post_layout":"","ocean_both_sidebars_style":"","ocean_both_sidebars_content_width":0,"ocean_both_sidebars_sidebars_width":0,"ocean_sidebar":"0","ocean_second_sidebar":"0","ocean_disable_margins":"enable","ocean_add_body_class":"","ocean_shortcode_before_top_bar":"","ocean_shortcode_after_top_bar":"","ocean_shortcode_before_header":"","ocean_shortcode_after_header":"","ocean_has_shortcode":"","ocean_shortcode_after_title":"","ocean_shortcode_before_footer_widgets":"","ocean_shortcode_after_footer_widgets":"","ocean_shortcode_before_footer_bottom":"","ocean_shortcode_after_footer_bottom":"","ocean_display_top_bar":"default","ocean_display_header":"default","ocean_header_style":"","ocean_center_header_left_menu":"0","ocean_custom_header_template":"0","ocean_custom_logo":0,"ocean_custom_retina_logo":0,"ocean_custom_logo_max_width":0,"ocean_custom_logo_tablet_max_width":0,"ocean_custom_logo_mobile_max_width":0,"ocean_custom_logo_max_height":0,"ocean_custom_logo_tablet_max_height":0,"ocean_custom_logo_mobile_max_height":0,"ocean_header_custom_menu":"0","ocean_menu_typo_font_family":"0","ocean_menu_typo_font_subset":"","ocean_menu_typo_font_size":0,"ocean_menu_typo_font_size_tablet":0,"ocean_menu_typo_font_size_mobile":0,"ocean_menu_typo_font_size_unit":"px","ocean_menu_typo_font_weight":"","ocean_menu_typo_font_weight_tablet":"","ocean_menu_typo_font_weight_mobile":"","ocean_menu_typo_transform":"","ocean_menu_typo_transform_tablet":"","ocean_menu_typo_transform_mobile":"","ocean_menu_typo_line_height":0,"ocean_menu_typo_line_height_tablet":0,"ocean_menu_typo_line_height_mobile":0,"ocean_menu_typo_line_height_unit":"","ocean_menu_typo_spacing":0,"ocean_menu_typo_spacing_tablet":0,"ocean_menu_typo_spacing_mobile":0,"ocean_menu_typo_spacing_unit":"","ocean_menu_link_color":"","ocean_menu_link_color_hover":"","ocean_menu_link_color_active":"","ocean_menu_link_background":"","ocean_menu_link_hover_background":"","ocean_menu_link_active_background":"","ocean_menu_social_links_bg":"","ocean_menu_social_hover_links_bg":"","ocean_menu_social_links_color":"","ocean_menu_social_hover_links_color":"","ocean_disable_title":"default","ocean_disable_heading":"default","ocean_post_title":"","ocean_post_subheading":"","ocean_post_title_style":"","ocean_post_title_background_color":"","ocean_post_title_background":0,"ocean_post_title_bg_image_position":"","ocean_post_title_bg_image_attachment":"","ocean_post_title_bg_image_repeat":"","ocean_post_title_bg_image_size":"","ocean_post_title_height":0,"ocean_post_title_bg_overlay":0.5,"ocean_post_title_bg_overlay_color":"","ocean_disable_breadcrumbs":"default","ocean_breadcrumbs_color":"","ocean_breadcrumbs_separator_color":"","ocean_breadcrumbs_links_color":"","ocean_breadcrumbs_links_hover_color":"","ocean_display_footer_widgets":"default","ocean_display_footer_bottom":"default","ocean_custom_footer_template":"0","footnotes":""},"class_list":["post-1083","page","type-page","status-publish","hentry","entry"],"_links":{"self":[{"href":"https:\/\/lesmrdtrucs.mataf35400.fr\/index.php\/wp-json\/wp\/v2\/pages\/1083","targetHints":{"allow":["GET"]}}],"collection":[{"href":"https:\/\/lesmrdtrucs.mataf35400.fr\/index.php\/wp-json\/wp\/v2\/pages"}],"about":[{"href":"https:\/\/lesmrdtrucs.mataf35400.fr\/index.php\/wp-json\/wp\/v2\/types\/page"}],"author":[{"embeddable":true,"href":"https:\/\/lesmrdtrucs.mataf35400.fr\/index.php\/wp-json\/wp\/v2\/users\/1"}],"replies":[{"embeddable":true,"href":"https:\/\/lesmrdtrucs.mataf35400.fr\/index.php\/wp-json\/wp\/v2\/comments?post=1083"}],"version-history":[{"count":13,"href":"https:\/\/lesmrdtrucs.mataf35400.fr\/index.php\/wp-json\/wp\/v2\/pages\/1083\/revisions"}],"predecessor-version":[{"id":1114,"href":"https:\/\/lesmrdtrucs.mataf35400.fr\/index.php\/wp-json\/wp\/v2\/pages\/1083\/revisions\/1114"}],"wp:attachment":[{"href":"https:\/\/lesmrdtrucs.mataf35400.fr\/index.php\/wp-json\/wp\/v2\/media?parent=1083"}],"curies":[{"name":"wp","href":"https:\/\/api.w.org\/{rel}","templated":true}]}}