{"id":1003,"date":"2022-12-09T07:47:02","date_gmt":"2022-12-09T06:47:02","guid":{"rendered":"http:\/\/lesmrdtrucs.mataf35400.fr\/?page_id=1003"},"modified":"2022-12-09T07:50:20","modified_gmt":"2022-12-09T06:50:20","slug":"envoi-de-mails-grace-a-gmail","status":"publish","type":"page","link":"https:\/\/lesmrdtrucs.mataf35400.fr\/index.php\/envoi-de-mails-grace-a-gmail\/","title":{"rendered":"Envoi de mails gr\u00e2ce \u00e0 Gmail\u200b"},"content":{"rendered":"\t\t<div data-elementor-type=\"wp-page\" data-elementor-id=\"1003\" class=\"elementor elementor-1003\">\n\t\t\t\t\t\t<section class=\"elementor-section elementor-top-section elementor-element elementor-element-4bd43de9 elementor-section-boxed elementor-section-height-default elementor-section-height-default\" data-id=\"4bd43de9\" data-element_type=\"section\">\n\t\t\t\t\t\t<div class=\"elementor-container elementor-column-gap-default\">\n\t\t\t\t\t<div class=\"elementor-column elementor-col-100 elementor-top-column elementor-element elementor-element-1ba7149d\" data-id=\"1ba7149d\" data-element_type=\"column\">\n\t\t\t<div class=\"elementor-widget-wrap elementor-element-populated\">\n\t\t\t\t\t\t<div class=\"elementor-element elementor-element-33054e2d elementor-widget elementor-widget-text-editor\" data-id=\"33054e2d\" data-element_type=\"widget\" data-widget_type=\"text-editor.default\">\n\t\t\t\t<div class=\"elementor-widget-container\">\n\t\t\t\t\t\t\t<p>Exemple d&rsquo;envoi d&rsquo;une demande de fichier GRIB. (Fonctionne le 30\/10\/2018)<\/p><p><b>Attention<\/b>: il faut modifier les param\u00e8tres de gmail pour qu&rsquo;il accepte les programmes hors Google.<\/p><p><span style=\"color: #0000ff;\"><em>Imports System.Net.Mail<\/em><\/span><br \/><span style=\"color: #0000ff;\"><em>Public Class FrmDepart<\/em><\/span><br \/><span style=\"color: #0000ff;\"><em>\u00a0\u00a0 Private Sub BtnSend_Click(sender As Object, e As EventArgs) Handles BtnSend.Click<\/em><\/span><br \/><span style=\"color: #0000ff;\"><em>\u00a0\u00a0 \u00a0\u00a0\u00a0 \u00a0Try<\/em><\/span><br \/><span style=\"color: #0000ff;\"><em>\u00a0\u00a0\u00a0\u00a0\u00a0\u00a0 \u00a0\u00a0\u00a0 \u00a0Dim Smtp_Server As New SmtpClient(\u00ab\u00a0smtp.gmail.com\u00a0\u00bb, 587)<\/em><\/span><br \/><span style=\"color: #0000ff;\"><em>\u00a0\u00a0\u00a0\u00a0\u00a0\u00a0 \u00a0\u00a0\u00a0 \u00a0Dim e_mail As New MailMessage()<\/em><\/span><\/p><p><span style=\"color: #0000ff;\"><em>\u00a0\u00a0\u00a0\u00a0\u00a0\u00a0 \u00a0\u00a0\u00a0\u00a0 Smtp_Server.UseDefaultCredentials = False<\/em><\/span><br \/><span style=\"color: #0000ff;\"><em>\u00a0\u00a0\u00a0\u00a0\u00a0\u00a0 \u00a0\u00a0\u00a0 \u00a0Smtp_Server.Credentials = New Net.NetworkCredential(\u00ab\u00a0mrd.patrick.morand@gmail.com\u00a0\u00bb, \u00ab\u00a0MonMotDePasse\u00a0\u00bb)<\/em><\/span><br \/><span style=\"color: #0000ff;\"><em>\u00a0\u00a0\u00a0\u00a0\u00a0\u00a0 \u00a0\u00a0\u00a0 \u00a0Smtp_Server.EnableSsl = True<\/em><\/span><\/p><p><span style=\"color: #0000ff;\"><em>\u00a0\u00a0\u00a0\u00a0\u00a0\u00a0 \u00a0\u00a0\u00a0\u00a0 e_mail = New MailMessage()<\/em><\/span><br \/><span style=\"color: #0000ff;\"><em>\u00a0\u00a0\u00a0\u00a0\u00a0\u00a0 \u00a0\u00a0\u00a0 \u00a0e_mail.From = New MailAddress(\u00ab\u00a0mrd.patrick.morand@gmail.com\u00a0\u00bb)<\/em><\/span><br \/><span style=\"color: #0000ff;\"><em>\u00a0\u00a0\u00a0\u00a0\u00a0\u00a0 \u00a0\u00a0\u00a0 \u00a0e_mail.To.Add(\u00ab\u00a0query@saildocs.com\u00a0\u00bb)<\/em><\/span><br \/><span style=\"color: #0000ff;\"><em>\u00a0\u00a0\u00a0\u00a0\u00a0\u00a0 \u00a0\u00a0\u00a0 \u00a0e_mail.Subject = \u00ab\u00a0rdr\u00a0\u00bb<\/em><\/span><br \/><span style=\"color: #0000ff;\"><em>\u00a0\u00a0\u00a0\u00a0\u00a0\u00a0 \u00a0\u00a0\u00a0 \u00a0e_mail.IsBodyHtml = False<\/em><\/span><br \/><span style=\"color: #0000ff;\"><em>\u00a0\u00a0\u00a0\u00a0\u00a0\u00a0 \u00a0\u00a0\u00a0 \u00a0e_mail.Body = TxtBody.Text <\/em><\/span><\/p><p><span style=\"color: #0000ff;\"><em>\u00a0\u00a0\u00a0\u00a0\u00a0\u00a0 \u00a0\u00a0\u00a0\u00a0 Smtp_Server.Send(e_mail)<\/em><\/span><br \/><span style=\"color: #0000ff;\"><em>\u00a0\u00a0\u00a0\u00a0\u00a0\u00a0 \u00a0\u00a0\u00a0 \u00a0MsgBox(\u00ab\u00a0L&rsquo;envoi du mail a \u00e9t\u00e9 effectu\u00e9&#8230;\u00a0\u00bb)<\/em><\/span><br \/><span style=\"color: #0000ff;\"><em>\u00a0\u00a0\u00a0\u00a0\u00a0\u00a0 \u00a0\u00a0\u00a0 \u00a0End<\/em><\/span><br \/><span style=\"color: #0000ff;\"><em>\u00a0\u00a0 \u00a0\u00a0\u00a0 \u00a0Catch error_t As Exception<\/em><\/span><br \/><span style=\"color: #0000ff;\"><em>\u00a0\u00a0\u00a0\u00a0\u00a0\u00a0 \u00a0\u00a0\u00a0 \u00a0MsgBox(error_t.ToString)<\/em><\/span><br \/><span style=\"color: #0000ff;\"><em>\u00a0\u00a0 \u00a0\u00a0\u00a0 \u00a0End Try<\/em><\/span><br \/><span style=\"color: #0000ff;\"><em>\u00a0\u00a0 \u00a0End Sub<\/em><\/span><br \/><span style=\"color: #0000ff;\"><em>End Class<\/em><\/span><\/p>\t\t\t\t\t\t<\/div>\n\t\t\t\t<\/div>\n\t\t\t\t\t<\/div>\n\t\t<\/div>\n\t\t\t\t\t<\/div>\n\t\t<\/section>\n\t\t\t\t<\/div>\n\t\t","protected":false},"excerpt":{"rendered":"<p>Exemple d&rsquo;envoi d&rsquo;une demande de fichier GRIB. (Fonctionne le 30\/10\/2018) Attention: il faut modifier les param\u00e8tres de gmail pour qu&rsquo;il accepte les programmes hors Google. Imports System.Net.MailPublic Class FrmDepart\u00a0\u00a0 Private Sub BtnSend_Click(sender As Object, e As EventArgs) Handles BtnSend.Click\u00a0\u00a0 \u00a0\u00a0\u00a0 \u00a0Try\u00a0\u00a0\u00a0\u00a0\u00a0\u00a0 \u00a0\u00a0\u00a0 \u00a0Dim Smtp_Server As New SmtpClient(\u00ab\u00a0smtp.gmail.com\u00a0\u00bb, 587)\u00a0\u00a0\u00a0\u00a0\u00a0\u00a0 \u00a0\u00a0\u00a0 \u00a0Dim e_mail As New MailMessage() \u00a0\u00a0\u00a0\u00a0\u00a0\u00a0 [&hellip;]<\/p>\n","protected":false},"author":1,"featured_media":0,"parent":0,"menu_order":0,"comment_status":"closed","ping_status":"closed","template":"","meta":{"ocean_post_layout":"","ocean_both_sidebars_style":"","ocean_both_sidebars_content_width":0,"ocean_both_sidebars_sidebars_width":0,"ocean_sidebar":"0","ocean_second_sidebar":"0","ocean_disable_margins":"enable","ocean_add_body_class":"","ocean_shortcode_before_top_bar":"","ocean_shortcode_after_top_bar":"","ocean_shortcode_before_header":"","ocean_shortcode_after_header":"","ocean_has_shortcode":"","ocean_shortcode_after_title":"","ocean_shortcode_before_footer_widgets":"","ocean_shortcode_after_footer_widgets":"","ocean_shortcode_before_footer_bottom":"","ocean_shortcode_after_footer_bottom":"","ocean_display_top_bar":"default","ocean_display_header":"default","ocean_header_style":"","ocean_center_header_left_menu":"0","ocean_custom_header_template":"0","ocean_custom_logo":0,"ocean_custom_retina_logo":0,"ocean_custom_logo_max_width":0,"ocean_custom_logo_tablet_max_width":0,"ocean_custom_logo_mobile_max_width":0,"ocean_custom_logo_max_height":0,"ocean_custom_logo_tablet_max_height":0,"ocean_custom_logo_mobile_max_height":0,"ocean_header_custom_menu":"0","ocean_menu_typo_font_family":"0","ocean_menu_typo_font_subset":"","ocean_menu_typo_font_size":0,"ocean_menu_typo_font_size_tablet":0,"ocean_menu_typo_font_size_mobile":0,"ocean_menu_typo_font_size_unit":"px","ocean_menu_typo_font_weight":"","ocean_menu_typo_font_weight_tablet":"","ocean_menu_typo_font_weight_mobile":"","ocean_menu_typo_transform":"","ocean_menu_typo_transform_tablet":"","ocean_menu_typo_transform_mobile":"","ocean_menu_typo_line_height":0,"ocean_menu_typo_line_height_tablet":0,"ocean_menu_typo_line_height_mobile":0,"ocean_menu_typo_line_height_unit":"","ocean_menu_typo_spacing":0,"ocean_menu_typo_spacing_tablet":0,"ocean_menu_typo_spacing_mobile":0,"ocean_menu_typo_spacing_unit":"","ocean_menu_link_color":"","ocean_menu_link_color_hover":"","ocean_menu_link_color_active":"","ocean_menu_link_background":"","ocean_menu_link_hover_background":"","ocean_menu_link_active_background":"","ocean_menu_social_links_bg":"","ocean_menu_social_hover_links_bg":"","ocean_menu_social_links_color":"","ocean_menu_social_hover_links_color":"","ocean_disable_title":"default","ocean_disable_heading":"default","ocean_post_title":"","ocean_post_subheading":"","ocean_post_title_style":"","ocean_post_title_background_color":"","ocean_post_title_background":0,"ocean_post_title_bg_image_position":"","ocean_post_title_bg_image_attachment":"","ocean_post_title_bg_image_repeat":"","ocean_post_title_bg_image_size":"","ocean_post_title_height":0,"ocean_post_title_bg_overlay":0.5,"ocean_post_title_bg_overlay_color":"","ocean_disable_breadcrumbs":"default","ocean_breadcrumbs_color":"","ocean_breadcrumbs_separator_color":"","ocean_breadcrumbs_links_color":"","ocean_breadcrumbs_links_hover_color":"","ocean_display_footer_widgets":"default","ocean_display_footer_bottom":"default","ocean_custom_footer_template":"0","footnotes":""},"class_list":["post-1003","page","type-page","status-publish","hentry","entry"],"_links":{"self":[{"href":"https:\/\/lesmrdtrucs.mataf35400.fr\/index.php\/wp-json\/wp\/v2\/pages\/1003","targetHints":{"allow":["GET"]}}],"collection":[{"href":"https:\/\/lesmrdtrucs.mataf35400.fr\/index.php\/wp-json\/wp\/v2\/pages"}],"about":[{"href":"https:\/\/lesmrdtrucs.mataf35400.fr\/index.php\/wp-json\/wp\/v2\/types\/page"}],"author":[{"embeddable":true,"href":"https:\/\/lesmrdtrucs.mataf35400.fr\/index.php\/wp-json\/wp\/v2\/users\/1"}],"replies":[{"embeddable":true,"href":"https:\/\/lesmrdtrucs.mataf35400.fr\/index.php\/wp-json\/wp\/v2\/comments?post=1003"}],"version-history":[{"count":4,"href":"https:\/\/lesmrdtrucs.mataf35400.fr\/index.php\/wp-json\/wp\/v2\/pages\/1003\/revisions"}],"predecessor-version":[{"id":1010,"href":"https:\/\/lesmrdtrucs.mataf35400.fr\/index.php\/wp-json\/wp\/v2\/pages\/1003\/revisions\/1010"}],"wp:attachment":[{"href":"https:\/\/lesmrdtrucs.mataf35400.fr\/index.php\/wp-json\/wp\/v2\/media?parent=1003"}],"curies":[{"name":"wp","href":"https:\/\/api.w.org\/{rel}","templated":true}]}}